{"id":2274,"date":"2017-12-19T15:35:27","date_gmt":"2017-12-19T14:35:27","guid":{"rendered":"http:\/\/scubanosybe.com\/?page_id=2274"},"modified":"2023-02-07T14:11:54","modified_gmt":"2023-02-07T11:11:54","slug":"plongee-ssi","status":"publish","type":"page","link":"https:\/\/scubanosybe.com\/en\/plongee-ssi\/","title":{"rendered":"SSI  diver training"},"content":{"rendered":"<p>[vc_row css_animation=&#8221;fadeIn&#8221;][vc_column 0=&#8221;&#8221;][vc_row_inner 0=&#8221;&#8221;][vc_column_inner 0=&#8221;&#8221;][vc_empty_space height=&#8221;15px&#8221;][vc_custom_heading text=&#8221;Les formations SSI propos\u00e9 au centre de plong\u00e9e sous-marine.&#8221; font_container=&#8221;tag:h2|text_align:center&#8221; use_theme_fonts=&#8221;yes&#8221;][vc_empty_space height=&#8221;15px&#8221;][\/vc_column_inner][\/vc_row_inner][vc_row_inner 0=&#8221;&#8221;][vc_column_inner width=&#8221;1\/3&#8243;][swimmingpool_icon_text_left 1=&#8221;scuba&#8221; 2=&#8221;diving&#8221; textnoborder_left=&#8221;noborder&#8221; iconsmall_left=&#8221;small&#8221; icon_text_left=&#8221;fa-minus&#8221;]<b>Bapt\u00eame de plong\u00e9e \u00e0 Scuba Nosy Be\u00a0 :<\/b><\/p>\n<p>Bapt\u00eame effectu\u00e9 au parc national de tanikely\u00a0 ( 35 minutes en bateau du centre de plong\u00e9e sous-marine), un briefing de 15 minutes et\u00a0 ensuite\u00a0 une promenade avec le moniteur pendant 50 \u00e0 60 minutes .<\/p>\n<p>[\/swimmingpool_icon_text_left][\/vc_column_inner][vc_column_inner width=&#8221;1\/3&#8243;][swimmingpool_icon_text_left textnoborder_left=&#8221;noborder&#8221; iconsmall_left=&#8221;small&#8221; firstline_left=&#8221;Scuba diver : &#8221; icon_text_left=&#8221;fa-minus&#8221;]Plongeur pouvant descendre jusqu\u2019\u00e0 12 m maximum sous la supervision directe d\u2019un\u00a0 moniteur de plong\u00e9e. Formation sur 2 jours minimum ( 10 ans minimum).[\/swimmingpool_icon_text_left][\/vc_column_inner][vc_column_inner width=&#8221;1\/3&#8243;][swimmingpool_icon_text_left textnoborder_left=&#8221;noborder&#8221; iconsmall_left=&#8221;small&#8221; firstline_left=&#8221;Open water diver :&#8221; icon_text_left=&#8221;fa-minus&#8221;]Premier niveau de plongeur &#8220;autonome&#8221; , plongeur pouvant descendre jusqu\u2019\u00e0 18 m. Formation sur 3 jours minimum ( 10 ans minimum).[\/swimmingpool_icon_text_left][\/vc_column_inner][\/vc_row_inner][vc_empty_space height=&#8221;15px&#8221;][vc_row_inner 0=&#8221;&#8221;][vc_column_inner width=&#8221;1\/3&#8243;][swimmingpool_icon_text_left textnoborder_left=&#8221;noborder&#8221; iconsmall_left=&#8221;small&#8221; firstline_left=&#8221;Sp\u00e9cialties : &#8221; icon_text_left=&#8221;fa-minus&#8221;]Le club de plong\u00e9e propose plus de 19 sp\u00e9cialit\u00e9s possibles \u00e0 Scuba nosy be : \u00e9pave, profonde,stress and rescue,premiers secours,flottabilit\u00e9,photo-vid\u00e9o, navigation , plong\u00e9e depuis un bateau,nitrox , recherche sous l\u2019eau, marine \u00e9cologie,\u00e9quipement, identification de poisson,corail identification, ordinateur de plong\u00e9e, requin, courant-mar\u00e9e-vague,th\u00e9orie de la plong\u00e9e. Dur\u00e9e : voir tableau des tarifs.[\/swimmingpool_icon_text_left][\/vc_column_inner][vc_column_inner width=&#8221;1\/3&#8243;][swimmingpool_icon_text_left textnoborder_left=&#8221;noborder&#8221; iconsmall_left=&#8221;small&#8221; firstline_left=&#8221;Advanced Adventurer &#8221; icon_text_left=&#8221;fa-minus&#8221;]Pour les personnes ne sachant pas du tout ce qu\u2019ils veulent faire comme sp\u00e9cialit\u00e9s. 5 plong\u00e9es ( initiation aux sp\u00e9cialit\u00e9s).[\/swimmingpool_icon_text_left][swimmingpool_icon_text_left textnoborder_left=&#8221;noborder&#8221; iconsmall_left=&#8221;small&#8221; firstline_left=&#8221;Master diver :&#8221; icon_text_left=&#8221;fa-minus&#8221;]Il faut avoir r\u00e9alis\u00e9 4 sp\u00e9cialit\u00e9s + stress and rescue\u00a0 et avoir au moins 50 plong\u00e9es enregistr\u00e9s.[\/swimmingpool_icon_text_left][\/vc_column_inner][vc_column_inner width=&#8221;1\/3&#8243;][swimmingpool_icon_text_left textnoborder_left=&#8221;noborder&#8221; iconsmall_left=&#8221;small&#8221; firstline_left=&#8221;Advanced open water diver :&#8221; icon_text_left=&#8221;fa-minus&#8221;]Il faut avoir valid\u00e9\u00a0 4 Sp\u00e9cialit\u00e9s et\u00a0 avoir au moins 24 plong\u00e9es enregistr\u00e9s .[\/swimmingpool_icon_text_left][\/vc_column_inner][\/vc_row_inner][vc_empty_space height=&#8221;15px&#8221;][\/vc_column][\/vc_row][vc_row 0=&#8221;&#8221;][vc_column 0=&#8221;&#8221;][vc_column_text 0=&#8221;&#8221;]<\/p>\n<table width=\"834\">\n<tbody>\n<tr>\n<td width=\"143\">advanced wreck diving<\/td>\n<td width=\"162\">m\u00e9lange nitrox et trimix<\/td>\n<td width=\"170\">extended range nitrox diving<\/td>\n<td width=\"94\">sidemount<\/td>\n<td width=\"68\">tortue<\/td>\n<td width=\"197\">package : profonde , d\u00e9co, nitrox<\/td>\n<\/tr>\n<tr>\n<td>3 plong\u00e9es<\/td>\n<td>pas de plong\u00e9es<\/td>\n<td>6 plong\u00e9es<\/td>\n<td>2 plong\u00e9es<\/td>\n<td>2 plong\u00e9es<\/td>\n<td>6 plong\u00e9es<\/td>\n<\/tr>\n<tr>\n<td>2 jours<\/td>\n<td>3 apr\u00e8s midi<\/td>\n<td>3 jours<\/td>\n<td>2 jours<\/td>\n<td>1 jour<\/td>\n<td>3 jours<\/td>\n<\/tr>\n<tr>\n<td>205 \u20ac<\/td>\n<td>150 \u20ac<\/td>\n<td>400 \u20ac<\/td>\n<td>205 \u20ac<\/td>\n<td>150 \u20ac<\/td>\n<td>450 \u20ac<\/td>\n<\/tr>\n<\/tbody>\n<\/table>\n<p>[\/vc_column_text][\/vc_column][\/vc_row][vc_row 0=&#8221;&#8221;][vc_column 0=&#8221;&#8221;][vc_column_text 0=&#8221;&#8221;][\/vc_column_text][\/vc_column][\/vc_row][vc_row css_animation=&#8221;fadeIn&#8221;][vc_column 0=&#8221;&#8221;][vc_row_inner 0=&#8221;&#8221;][vc_column_inner 0=&#8221;&#8221;][vc_empty_space height=&#8221;15px&#8221;][\/vc_column_inner][\/vc_row_inner][vc_empty_space height=&#8221;15px&#8221;][\/vc_column][\/vc_row][vc_row 0=&#8221;&#8221;][vc_column 0=&#8221;&#8221;][vc_column_text 0=&#8221;&#8221;]<\/p>\n<h1 style=\"font: 0.5px Verdana; color: #000000;\">croisi\u00e8re plong\u00e9e Nosy Be<\/h1>\n<p>[\/vc_column_text][\/vc_column][\/vc_row]<\/p>","protected":false},"excerpt":{"rendered":"<p>[vc_row css_animation=&#8221;fadeIn&#8221;][vc_column 0=&#8221;&#8221;][vc_row_inner 0=&#8221;&#8221;][vc_column_inner 0=&#8221;&#8221;][vc_empty_space height=&#8221;15px&#8221;][vc_custom_heading text=&#8221;Les formations SSI propos\u00e9 au centre de plong\u00e9e sous-marine.&#8221; font_container=&#8221;tag:h2|text_align:center&#8221; use_theme_fonts=&#8221;yes&#8221;][vc_empty_space height=&#8221;15px&#8221;][\/vc_column_inner][\/vc_row_inner][vc_row_inner 0=&#8221;&#8221;][vc_column_inner width=&#8221;1\/3&#8243;][swimmingpool_icon_text_left 1=&#8221;scuba&#8221; 2=&#8221;diving&#8221; textnoborder_left=&#8221;noborder&#8221; iconsmall_left=&#8221;small&#8221; icon_text_left=&#8221;fa-minus&#8221;]Bapt\u00eame de plong\u00e9e \u00e0 Scuba Nosy Be\u00a0 : Bapt\u00eame effectu\u00e9 au parc national de tanikely\u00a0 ( 35 minutes en bateau du centre de plong\u00e9e sous-marine), un briefing de 15 minutes et\u00a0 ensuite\u00a0 une promenade avec le moniteur pendant 50 \u00e0 60 minutes . [\/swimmingpool_icon_text_left][\/vc_column_inner][vc_column_inner width=&#8221;1\/3&#8243;][swimmingpool_icon_text_left textnoborder_left=&#8221;noborder&#8221; iconsmall_left=&#8221;small&#8221; firstline_left=&#8221;Scuba diver : &#8221; icon_text_left=&#8221;fa-minus&#8221;]Plongeur pouvant descendre jusqu\u2019\u00e0 12 m maximum sous la supervision directe d\u2019un\u00a0 moniteur de plong\u00e9e. Formation sur 2 jours minimum ( 10 ans minimum).[\/swimmingpool_icon_text_left][\/vc_column_inner][vc_column_inner width=&#8221;1\/3&#8243;][swimmingpool_icon_text_left &hellip; <a href=\"https:\/\/scubanosybe.com\/en\/plongee-ssi\/\">Continued<\/a><\/p>\n","protected":false},"author":4,"featured_media":0,"parent":0,"menu_order":0,"comment_status":"closed","ping_status":"closed","template":"","meta":[],"_links":{"self":[{"href":"https:\/\/scubanosybe.com\/en\/wp-json\/wp\/v2\/pages\/2274"}],"collection":[{"href":"https:\/\/scubanosybe.com\/en\/wp-json\/wp\/v2\/pages"}],"about":[{"href":"https:\/\/scubanosybe.com\/en\/wp-json\/wp\/v2\/types\/page"}],"author":[{"embeddable":true,"href":"https:\/\/scubanosybe.com\/en\/wp-json\/wp\/v2\/users\/4"}],"replies":[{"embeddable":true,"href":"https:\/\/scubanosybe.com\/en\/wp-json\/wp\/v2\/comments?post=2274"}],"version-history":[{"count":84,"href":"https:\/\/scubanosybe.com\/en\/wp-json\/wp\/v2\/pages\/2274\/revisions"}],"predecessor-version":[{"id":5104,"href":"https:\/\/scubanosybe.com\/en\/wp-json\/wp\/v2\/pages\/2274\/revisions\/5104"}],"wp:attachment":[{"href":"https:\/\/scubanosybe.com\/en\/wp-json\/wp\/v2\/media?parent=2274"}],"curies":[{"name":"wp","href":"https:\/\/api.w.org\/{rel}","templated":true}]}}