{"id":1603,"date":"2017-05-16T10:01:33","date_gmt":"2017-05-16T08:01:33","guid":{"rendered":"http:\/\/192.168.100.252\/scubanosybe.com\/?page_id=1603"},"modified":"2022-01-16T11:33:08","modified_gmt":"2022-01-16T08:33:08","slug":"formations-plongeur-padi","status":"publish","type":"page","link":"https:\/\/scubanosybe.com\/it\/formations-plongeur-padi\/","title":{"rendered":"Scuola de immersione PADI"},"content":{"rendered":"<p>[\/vc_column_text][\/vc_column][\/vc_row][vc_row][vc_column][vc_empty_space height=&#8221;15px&#8221;][vc_custom_heading text=&#8221;Scuola de immersione PADI&#8221; font_container=&#8221;tag:h2|text_align:center&#8221; use_theme_fonts=&#8221;yes&#8221;][vc_empty_space height=&#8221;15px&#8221;][vc_row_inner][vc_column_inner width=&#8221;1\/3&#8243;][swimmingpool_icon_text_left textnoborder_left=&#8221;noborder&#8221; iconsmall_left=&#8221;small&#8221; firstline_left=&#8221;Scuba diver&#8221; icon_text_left=&#8221;fa-minus&#8221;]immersione fino a 18 Mt con un istruttore, livello intermedio tra il debuttante e il primo livello (open water diver), dipl\u00f4ma internazionale a vita.[\/swimmingpool_icon_text_left][\/vc_column_inner][vc_column_inner width=&#8221;1\/3&#8243;][swimmingpool_icon_text_left textnoborder_left=&#8221;noborder&#8221; iconsmall_left=&#8221;small&#8221; firstline_left=&#8221;Rescue diver&#8221; icon_text_left=&#8221;fa-minus&#8221;]Sommozzatore di salvataggio (dipl\u00f4ma internazionale a vita).[\/swimmingpool_icon_text_left][\/vc_column_inner][vc_column_inner width=&#8221;1\/3&#8243;][swimmingpool_icon_text_left textnoborder_left=&#8221;noborder&#8221; iconsmall_left=&#8221;small&#8221; firstline_left=&#8221;Dive master&#8221; icon_text_left=&#8221;fa-minus&#8221;]Sommozzatore che pu\u00f2 formare gli allievi e assistere gli istruttore durante i corsi (dipl\u00f4ma internazionale a vita )[\/swimmingpool_icon_text_left][\/vc_column_inner][\/vc_row_inner][vc_empty_space height=&#8221;15px&#8221;][vc_row_inner][vc_column_inner width=&#8221;1\/3&#8243;][swimmingpool_icon_text_left textnoborder_left=&#8221;noborder&#8221; iconsmall_left=&#8221;small&#8221; firstline_left=&#8221;Open Water Diver&#8221; icon_text_left=&#8221;fa-minus&#8221;]primo livello ; permette di immergersi fino a 18 Mt, (dipl\u00f4ma internazionale a vita).[\/swimmingpool_icon_text_left][\/vc_column_inner][vc_column_inner width=&#8221;1\/3&#8243;][swimmingpool_icon_text_left textnoborder_left=&#8221;noborder&#8221; iconsmall_left=&#8221;small&#8221; firstline_left=&#8221;Advanture dive&#8221; icon_text_left=&#8221;fa-minus&#8221;]Livello intermedio tra l\u2019open water diver e l\u2019 Advanced open water (dipl\u00f4ma internazionale a vita).[\/swimmingpool_icon_text_left][\/vc_column_inner][vc_column_inner width=&#8221;1\/3&#8243;][swimmingpool_icon_text_left textnoborder_left=&#8221;noborder&#8221; iconsmall_left=&#8221;small&#8221; firstline_left=&#8221;EFR&#8221; icon_text_left=&#8221;fa-minus&#8221;]Corso di formazione di primo soccorso (dipl\u00f4ma internazionale a vita).[\/swimmingpool_icon_text_left][\/vc_column_inner][\/vc_row_inner][vc_empty_space height=&#8221;15px&#8221;][vc_row_inner][vc_column_inner width=&#8221;1\/3&#8243;][swimmingpool_icon_text_left textnoborder_left=&#8221;noborder&#8221; iconsmall_left=&#8221;small&#8221; firstline_left=&#8221;Sp\u00e9cialit\u00e0&#8221; icon_text_left=&#8221;fa-minus&#8221;]Corsi di perfezionamento (dipl\u00f4ma internazionale a vita ). ex : fotografia, video , nitrox, immersioni in profondit\u00e0 , immersioni notturne[\/swimmingpool_icon_text_left][\/vc_column_inner][vc_column_inner width=&#8221;1\/3&#8243;][swimmingpool_icon_text_left textnoborder_left=&#8221;noborder&#8221; iconsmall_left=&#8221;small&#8221; firstline_left=&#8221;Master scuba diver&#8221; icon_text_left=&#8221;fa-minus&#8221;]rescue diver + 5 sp\u00e9cialit\u00e0 ( dipl\u00f4ma internazionale a vita )[\/swimmingpool_icon_text_left][\/vc_column_inner][vc_column_inner width=&#8221;1\/3&#8243;][swimmingpool_icon_text_left textnoborder_left=&#8221;noborder&#8221; iconsmall_left=&#8221;small&#8221; firstline_left=&#8221;Assistente Istruttore&#8221; icon_text_left=&#8221;fa-minus&#8221;]Prima tappa prima di diventare istruttore Padi (dipl\u00f4ma internazionale a vita )[\/swimmingpool_icon_text_left][\/vc_column_inner][\/vc_row_inner][vc_empty_space height=&#8221;15px&#8221;][vc_row_inner][vc_column_inner width=&#8221;1\/3&#8243;][swimmingpool_icon_text_left textnoborder_left=&#8221;noborder&#8221; iconsmall_left=&#8221;small&#8221; firstline_left=&#8221;Discover scuba&#8221; icon_text_left=&#8221;fa-minus&#8221;]Battesimo.[\/swimmingpool_icon_text_left][\/vc_column_inner][vc_column_inner width=&#8221;1\/3&#8243;][\/vc_column_inner][vc_column_inner width=&#8221;1\/3&#8243;][\/vc_column_inner][\/vc_row_inner][vc_empty_space height=&#8221;200px&#8221;][\/vc_column][\/vc_row][vc_row][vc_column][vc_column_text]<\/p>\n<h1 style=\"font: 0.5px Verdana; color: #000000;\">Club de plong\u00e9e Madagascar<\/h1>\n<p>[\/vc_column_text][\/vc_column][\/vc_row][vc_row][vc_column][vc_column_text][\/vc_column_text][\/vc_column][\/vc_row][vc_row][vc_column][vc_empty_space height=&#8221;15px&#8221;][vc_custom_heading text=&#8221;Scuola de immersione PADI&#8221; font_container=&#8221;tag:h2|text_align:center&#8221; use_theme_fonts=&#8221;yes&#8221;][vc_empty_space height=&#8221;15px&#8221;][vc_row_inner][vc_column_inner width=&#8221;1\/3&#8243;][swimmingpool_icon_text_left textnoborder_left=&#8221;noborder&#8221; iconsmall_left=&#8221;small&#8221; firstline_left=&#8221;Scuba diver&#8221; icon_text_left=&#8221;fa-minus&#8221;]immersione fino a 18 Mt con un istruttore, livello intermedio tra il debuttante e il primo livello (open water diver), dipl\u00f4ma internazionale a vita.[\/swimmingpool_icon_text_left][\/vc_column_inner][vc_column_inner width=&#8221;1\/3&#8243;][swimmingpool_icon_text_left textnoborder_left=&#8221;noborder&#8221; iconsmall_left=&#8221;small&#8221; firstline_left=&#8221;Rescue diver&#8221; icon_text_left=&#8221;fa-minus&#8221;]Sommozzatore di salvataggio (dipl\u00f4ma internazionale a vita).[\/swimmingpool_icon_text_left][\/vc_column_inner][vc_column_inner width=&#8221;1\/3&#8243;][swimmingpool_icon_text_left textnoborder_left=&#8221;noborder&#8221; iconsmall_left=&#8221;small&#8221; firstline_left=&#8221;Dive master&#8221; icon_text_left=&#8221;fa-minus&#8221;]Sommozzatore che pu\u00f2 formare gli allievi e assistere gli istruttore durante i corsi (dipl\u00f4ma internazionale a vita )[\/swimmingpool_icon_text_left][\/vc_column_inner][\/vc_row_inner][vc_empty_space height=&#8221;15px&#8221;][vc_row_inner][vc_column_inner width=&#8221;1\/3&#8243;][swimmingpool_icon_text_left textnoborder_left=&#8221;noborder&#8221; iconsmall_left=&#8221;small&#8221; firstline_left=&#8221;Open Water Diver&#8221; icon_text_left=&#8221;fa-minus&#8221;]primo livello ; permette di immergersi fino a 18 Mt, (dipl\u00f4ma internazionale a vita).[\/swimmingpool_icon_text_left][\/vc_column_inner][vc_column_inner width=&#8221;1\/3&#8243;][swimmingpool_icon_text_left textnoborder_left=&#8221;noborder&#8221; iconsmall_left=&#8221;small&#8221; firstline_left=&#8221;Advanture dive&#8221; icon_text_left=&#8221;fa-minus&#8221;]Livello intermedio tra l\u2019open water diver e l\u2019 Advanced open water (dipl\u00f4ma internazionale a vita).[\/swimmingpool_icon_text_left][\/vc_column_inner][vc_column_inner width=&#8221;1\/3&#8243;][swimmingpool_icon_text_left textnoborder_left=&#8221;noborder&#8221; iconsmall_left=&#8221;small&#8221; firstline_left=&#8221;EFR&#8221; icon_text_left=&#8221;fa-minus&#8221;]Corso di formazione di primo soccorso (dipl\u00f4ma internazionale a vita).[\/swimmingpool_icon_text_left][\/vc_column_inner][\/vc_row_inner][vc_empty_space height=&#8221;15px&#8221;][vc_row_inner][vc_column_inner width=&#8221;1\/3&#8243;][swimmingpool_icon_text_left textnoborder_left=&#8221;noborder&#8221; iconsmall_left=&#8221;small&#8221; firstline_left=&#8221;Sp\u00e9cialit\u00e0&#8221; icon_text_left=&#8221;fa-minus&#8221;]Corsi di perfezionamento (dipl\u00f4ma internazionale a vita ). ex : fotografia, video , nitrox, immersioni in profondit\u00e0 , immersioni notturne[\/swimmingpool_icon_text_left][\/vc_column_inner][vc_column_inner width=&#8221;1\/3&#8243;][swimmingpool_icon_text_left textnoborder_left=&#8221;noborder&#8221; iconsmall_left=&#8221;small&#8221; firstline_left=&#8221;Master scuba diver&#8221; icon_text_left=&#8221;fa-minus&#8221;]rescue diver + 5 sp\u00e9cialit\u00e0 ( dipl\u00f4ma internazionale a vita )[\/swimmingpool_icon_text_left][\/vc_column_inner][vc_column_inner width=&#8221;1\/3&#8243;][swimmingpool_icon_text_left textnoborder_left=&#8221;noborder&#8221; iconsmall_left=&#8221;small&#8221; firstline_left=&#8221;Assistente Istruttore&#8221; icon_text_left=&#8221;fa-minus&#8221;]Prima tappa prima di diventare istruttore Padi (dipl\u00f4ma internazionale a vita )[\/swimmingpool_icon_text_left][\/vc_column_inner][\/vc_row_inner][vc_empty_space height=&#8221;15px&#8221;][vc_row_inner][vc_column_inner width=&#8221;1\/3&#8243;][swimmingpool_icon_text_left textnoborder_left=&#8221;noborder&#8221; iconsmall_left=&#8221;small&#8221; firstline_left=&#8221;Discover scuba&#8221; icon_text_left=&#8221;fa-minus&#8221;]Battesimo.[\/swimmingpool_icon_text_left][\/vc_column_inner][vc_column_inner width=&#8221;1\/3&#8243;][\/vc_column_inner][vc_column_inner width=&#8221;1\/3&#8243;][\/vc_column_inner][\/vc_row_inner][vc_empty_space height=&#8221;200px&#8221;][\/vc_column][\/vc_row][vc_row][vc_column][vc_column_text]<\/p>\n<h1 style=\"font: 0.5px Verdana; color: #000000;\">Club de plong\u00e9e Madagascar<\/h1>\n<p>[\/vc_column_text][\/vc_column][\/vc_row]<\/p>","protected":false},"excerpt":{"rendered":"<p>[\/vc_column_text][\/vc_column][\/vc_row][vc_row][vc_column][vc_empty_space height=&#8221;15px&#8221;][vc_custom_heading text=&#8221;Scuola de immersione PADI&#8221; font_container=&#8221;tag:h2|text_align:center&#8221; use_theme_fonts=&#8221;yes&#8221;][vc_empty_space height=&#8221;15px&#8221;][vc_row_inner][vc_column_inner width=&#8221;1\/3&#8243;][swimmingpool_icon_text_left textnoborder_left=&#8221;noborder&#8221; iconsmall_left=&#8221;small&#8221; firstline_left=&#8221;Scuba diver&#8221; icon_text_left=&#8221;fa-minus&#8221;]immersione fino a 18 Mt con un istruttore, livello intermedio tra il debuttante e il primo livello (open water diver), dipl\u00f4ma internazionale a vita.[\/swimmingpool_icon_text_left][\/vc_column_inner][vc_column_inner width=&#8221;1\/3&#8243;][swimmingpool_icon_text_left textnoborder_left=&#8221;noborder&#8221; iconsmall_left=&#8221;small&#8221; firstline_left=&#8221;Rescue diver&#8221; icon_text_left=&#8221;fa-minus&#8221;]Sommozzatore di salvataggio (dipl\u00f4ma internazionale a vita).[\/swimmingpool_icon_text_left][\/vc_column_inner][vc_column_inner width=&#8221;1\/3&#8243;][swimmingpool_icon_text_left textnoborder_left=&#8221;noborder&#8221; iconsmall_left=&#8221;small&#8221; firstline_left=&#8221;Dive master&#8221; icon_text_left=&#8221;fa-minus&#8221;]Sommozzatore che pu\u00f2 formare gli allievi e assistere gli istruttore durante i corsi (dipl\u00f4ma internazionale a vita )[\/swimmingpool_icon_text_left][\/vc_column_inner][\/vc_row_inner][vc_empty_space height=&#8221;15px&#8221;][vc_row_inner][vc_column_inner width=&#8221;1\/3&#8243;][swimmingpool_icon_text_left textnoborder_left=&#8221;noborder&#8221; iconsmall_left=&#8221;small&#8221; firstline_left=&#8221;Open Water Diver&#8221; icon_text_left=&#8221;fa-minus&#8221;]primo livello ; permette di immergersi fino a 18 Mt, (dipl\u00f4ma internazionale a vita).[\/swimmingpool_icon_text_left][\/vc_column_inner][vc_column_inner width=&#8221;1\/3&#8243;][swimmingpool_icon_text_left textnoborder_left=&#8221;noborder&#8221; iconsmall_left=&#8221;small&#8221; firstline_left=&#8221;Advanture dive&#8221; icon_text_left=&#8221;fa-minus&#8221;]Livello &hellip; <a href=\"https:\/\/scubanosybe.com\/it\/formations-plongeur-padi\/\">Continued<\/a><\/p>\n","protected":false},"author":4,"featured_media":0,"parent":0,"menu_order":0,"comment_status":"closed","ping_status":"closed","template":"page-fullwidth.php","meta":[],"_links":{"self":[{"href":"https:\/\/scubanosybe.com\/it\/wp-json\/wp\/v2\/pages\/1603"}],"collection":[{"href":"https:\/\/scubanosybe.com\/it\/wp-json\/wp\/v2\/pages"}],"about":[{"href":"https:\/\/scubanosybe.com\/it\/wp-json\/wp\/v2\/types\/page"}],"author":[{"embeddable":true,"href":"https:\/\/scubanosybe.com\/it\/wp-json\/wp\/v2\/users\/4"}],"replies":[{"embeddable":true,"href":"https:\/\/scubanosybe.com\/it\/wp-json\/wp\/v2\/comments?post=1603"}],"version-history":[{"count":64,"href":"https:\/\/scubanosybe.com\/it\/wp-json\/wp\/v2\/pages\/1603\/revisions"}],"predecessor-version":[{"id":4056,"href":"https:\/\/scubanosybe.com\/it\/wp-json\/wp\/v2\/pages\/1603\/revisions\/4056"}],"wp:attachment":[{"href":"https:\/\/scubanosybe.com\/it\/wp-json\/wp\/v2\/media?parent=1603"}],"curies":[{"name":"wp","href":"https:\/\/api.w.org\/{rel}","templated":true}]}}