{"id":1764,"date":"2017-05-17T14:35:44","date_gmt":"2017-05-17T12:35:44","guid":{"rendered":"http:\/\/192.168.100.252\/scubanosybe.com\/?page_id=1764"},"modified":"2020-09-04T08:36:31","modified_gmt":"2020-09-04T06:36:31","slug":"sites-de-plongee-nosy-komba","status":"publish","type":"page","link":"https:\/\/scubanosybe.com\/it\/sites-de-plongee-nosy-komba\/","title":{"rendered":"Nosy Komba e Tanikely"},"content":{"rendered":"<p>[vc_row][vc_column][vc_custom_heading source=&#8221;post_title&#8221; font_container=&#8221;tag:h2|text_align:center|line_height:50px&#8221; use_theme_fonts=&#8221;yes&#8221;][\/vc_column][\/vc_row][vc_row][vc_column width=&#8221;2\/3&#8243;][vc_custom_heading text=&#8221;Bancs des lutjans&#8221;][vc_column_text]sito un po\u2019 lontano da Nosy Be, visibilit\u00e0 media, ma molto bello ! infinit\u00e0 de pesci ! superbi coralli di una variet\u00e0 e di una intensit\u00e0 incredibile, spugne marine , coralli morbidi enormi, sito coloratissimo , unico problema \u00e8 che spesso ci sono tanti di quei pesci che si fa fatica ad ammirare i coralli ( bellissimo imbuto rosso vivo !)[\/vc_column_text][vc_custom_heading text=&#8221;Riserva marina de Nosy Tanihely&#8221;][vc_column_text]1M -23M (entrata a pagamento 3-4 \u20ac) 3 siti molto belli , coralli molto belli, tantissimi pesci colorati, \u00e8 vietata alla pesca su ogni forma, delfini, cernie giganti, tante tartarughe , , grossi vivaneau, carangidi , squali leopardo, raies chitarra, aragoste, barracuda , pesci scorpione-foglia, pesci coccodrillo \u2026[\/vc_column_text][\/vc_column][vc_column width=&#8221;1\/3&#8243; css=&#8221;.vc_custom_1498113056952{margin-top: 20px !important;}&#8221;][vc_single_image image=&#8221;2177&#8243; img_size=&#8221;full&#8221;][\/vc_column][\/vc_row][vc_row][vc_column][vc_empty_space height=&#8221;250px&#8221;][\/vc_column][\/vc_row][vc_row][vc_column][vc_column_text]<\/p>\n<h1 style=\"font: 0.5px Verdana; color: #000000;\">croisi\u00e8re plong\u00e9e Nosy Be<\/h1>\n<p>[\/vc_column_text][\/vc_column][\/vc_row]<\/p>","protected":false},"excerpt":{"rendered":"<p>[vc_row][vc_column][vc_custom_heading source=&#8221;post_title&#8221; font_container=&#8221;tag:h2|text_align:center|line_height:50px&#8221; use_theme_fonts=&#8221;yes&#8221;][\/vc_column][\/vc_row][vc_row][vc_column width=&#8221;2\/3&#8243;][vc_custom_heading text=&#8221;Bancs des lutjans&#8221;][vc_column_text]sito un po\u2019 lontano da Nosy Be, visibilit\u00e0 media, ma molto bello ! infinit\u00e0 de pesci ! superbi coralli di una variet\u00e0 e di una intensit\u00e0 incredibile, spugne marine , coralli morbidi enormi, sito coloratissimo , unico problema \u00e8 che spesso ci sono tanti di quei pesci che si fa fatica ad ammirare i coralli ( bellissimo imbuto rosso vivo !)[\/vc_column_text][vc_custom_heading text=&#8221;Riserva marina de Nosy Tanihely&#8221;][vc_column_text]1M -23M (entrata a pagamento 3-4 \u20ac) 3 siti molto belli , coralli molto belli, tantissimi pesci colorati, \u00e8 vietata alla pesca su ogni forma, delfini, cernie giganti, &hellip; <a href=\"https:\/\/scubanosybe.com\/it\/sites-de-plongee-nosy-komba\/\">Continued<\/a><\/p>\n","protected":false},"author":4,"featured_media":0,"parent":0,"menu_order":0,"comment_status":"closed","ping_status":"closed","template":"page-fullwidth.php","meta":[],"_links":{"self":[{"href":"https:\/\/scubanosybe.com\/it\/wp-json\/wp\/v2\/pages\/1764"}],"collection":[{"href":"https:\/\/scubanosybe.com\/it\/wp-json\/wp\/v2\/pages"}],"about":[{"href":"https:\/\/scubanosybe.com\/it\/wp-json\/wp\/v2\/types\/page"}],"author":[{"embeddable":true,"href":"https:\/\/scubanosybe.com\/it\/wp-json\/wp\/v2\/users\/4"}],"replies":[{"embeddable":true,"href":"https:\/\/scubanosybe.com\/it\/wp-json\/wp\/v2\/comments?post=1764"}],"version-history":[{"count":31,"href":"https:\/\/scubanosybe.com\/it\/wp-json\/wp\/v2\/pages\/1764\/revisions"}],"predecessor-version":[{"id":3324,"href":"https:\/\/scubanosybe.com\/it\/wp-json\/wp\/v2\/pages\/1764\/revisions\/3324"}],"wp:attachment":[{"href":"https:\/\/scubanosybe.com\/it\/wp-json\/wp\/v2\/media?parent=1764"}],"curies":[{"name":"wp","href":"https:\/\/api.w.org\/{rel}","templated":true}]}}