{"id":1766,"date":"2017-05-17T14:37:01","date_gmt":"2017-05-17T12:37:01","guid":{"rendered":"http:\/\/192.168.100.252\/scubanosybe.com\/?page_id=1766"},"modified":"2024-01-10T12:57:31","modified_gmt":"2024-01-10T09:57:31","slug":"sites-de-plongee-nosy-iranja","status":"publish","type":"page","link":"https:\/\/scubanosybe.com\/it\/sites-de-plongee-nosy-iranja\/","title":{"rendered":"Nosy Iranja"},"content":{"rendered":"<p>[vc_row][vc_column][vc_custom_heading source=&#8221;post_title&#8221; font_container=&#8221;tag:h2|text_align:center|line_height:50px&#8221; use_theme_fonts=&#8221;yes&#8221;][\/vc_column][\/vc_row][vc_row][vc_column width=&#8221;2\/3&#8243;][vc_custom_heading text=&#8221;Roches gaby&#8221;][vc_column_text](40-70 Mt) sito per sommozzatori esperti , possibilit\u00e0 di grosse p\u00e9lagique, i coralli sono distrutti , il sito \u00e8 frequentato regolarmente dagli squali pinna bianca leopardi e squali da barriera .[\/vc_column_text][vc_custom_heading text=&#8221;Altri siti&#8221;][vc_column_text]di caduta, da 20 a 80 milioni, spesso con una migliore visibilit\u00e0 Nosy Be, comunemente incontrati pelagiche! fortemente raccomandato durante i periodi di balene o squali balena. Altri interessi: per visitare l&#8217;isola di Nosy Iranja! Cartolina da Nosy Be![\/vc_column_text][\/vc_column][vc_column width=&#8221;1\/3&#8243; css=&#8221;.vc_custom_1498113281053{margin-top: 20px !important;}&#8221;][vc_single_image image=&#8221;2180&#8243; img_size=&#8221;full&#8221; alignment=&#8221;center&#8221; onclick=&#8221;link_image&#8221;][\/vc_column][\/vc_row][vc_row][vc_column][vc_empty_space height=&#8221;400px&#8221;][\/vc_column][\/vc_row][vc_row][vc_column][vc_column_text]<\/p>\n<h1 style=\"font: 0.5px Verdana; color: #000000;\">centre de plong\u00e9e Nosy be<\/h1>\n<p>[\/vc_column_text][\/vc_column][\/vc_row]<\/p>","protected":false},"excerpt":{"rendered":"<p>[vc_row][vc_column][vc_custom_heading source=&#8221;post_title&#8221; font_container=&#8221;tag:h2|text_align:center|line_height:50px&#8221; use_theme_fonts=&#8221;yes&#8221;][\/vc_column][\/vc_row][vc_row][vc_column width=&#8221;2\/3&#8243;][vc_custom_heading text=&#8221;Roches gaby&#8221;][vc_column_text](40-70 Mt) sito per sommozzatori esperti , possibilit\u00e0 di grosse p\u00e9lagique, i coralli sono distrutti , il sito \u00e8 frequentato regolarmente dagli squali pinna bianca leopardi e squali da barriera .[\/vc_column_text][vc_custom_heading text=&#8221;Altri siti&#8221;][vc_column_text]di caduta, da 20 a 80 milioni, spesso con una migliore visibilit\u00e0 Nosy Be, comunemente incontrati pelagiche! fortemente raccomandato durante i periodi di balene o squali balena. Altri interessi: per visitare l&#8217;isola di Nosy Iranja! Cartolina da Nosy Be![\/vc_column_text][\/vc_column][vc_column width=&#8221;1\/3&#8243; css=&#8221;.vc_custom_1498113281053{margin-top: 20px !important;}&#8221;][vc_single_image image=&#8221;2180&#8243; img_size=&#8221;full&#8221; alignment=&#8221;center&#8221; onclick=&#8221;link_image&#8221;][\/vc_column][\/vc_row][vc_row][vc_column][vc_empty_space height=&#8221;400px&#8221;][\/vc_column][\/vc_row][vc_row][vc_column][vc_column_text] centre de plong\u00e9e Nosy be [\/vc_column_text][\/vc_column][\/vc_row]<\/p>\n","protected":false},"author":4,"featured_media":0,"parent":0,"menu_order":0,"comment_status":"closed","ping_status":"closed","template":"page-fullwidth.php","meta":[],"_links":{"self":[{"href":"https:\/\/scubanosybe.com\/it\/wp-json\/wp\/v2\/pages\/1766"}],"collection":[{"href":"https:\/\/scubanosybe.com\/it\/wp-json\/wp\/v2\/pages"}],"about":[{"href":"https:\/\/scubanosybe.com\/it\/wp-json\/wp\/v2\/types\/page"}],"author":[{"embeddable":true,"href":"https:\/\/scubanosybe.com\/it\/wp-json\/wp\/v2\/users\/4"}],"replies":[{"embeddable":true,"href":"https:\/\/scubanosybe.com\/it\/wp-json\/wp\/v2\/comments?post=1766"}],"version-history":[{"count":30,"href":"https:\/\/scubanosybe.com\/it\/wp-json\/wp\/v2\/pages\/1766\/revisions"}],"predecessor-version":[{"id":5305,"href":"https:\/\/scubanosybe.com\/it\/wp-json\/wp\/v2\/pages\/1766\/revisions\/5305"}],"wp:attachment":[{"href":"https:\/\/scubanosybe.com\/it\/wp-json\/wp\/v2\/media?parent=1766"}],"curies":[{"name":"wp","href":"https:\/\/api.w.org\/{rel}","templated":true}]}}