{"id":2274,"date":"2017-12-19T15:35:27","date_gmt":"2017-12-19T14:35:27","guid":{"rendered":"http:\/\/scubanosybe.com\/?page_id=2274"},"modified":"2023-02-07T14:11:54","modified_gmt":"2023-02-07T11:11:54","slug":"plongee-ssi","status":"publish","type":"page","link":"https:\/\/scubanosybe.com\/it\/plongee-ssi\/","title":{"rendered":"Plong\u00e9e SSI"},"content":{"rendered":"<p>[vc_row css_animation=&#8221;fadeIn&#8221;][vc_column][vc_row_inner][vc_column_inner][vc_empty_space height=&#8221;15px&#8221;][vc_custom_heading text=&#8221;Formation SSI&#8221; font_container=&#8221;tag:h2|text_align:center&#8221; use_theme_fonts=&#8221;yes&#8221;][vc_empty_space height=&#8221;15px&#8221;][\/vc_column_inner][\/vc_row_inner][vc_row_inner][vc_column_inner width=&#8221;1\/3&#8243;][swimmingpool_icon_text_left textnoborder_left=&#8221;noborder&#8221; iconsmall_left=&#8221;small&#8221; icon_text_left=&#8221;fa-minus&#8221;]<strong>Battesimo subacqueo\u00a0 (Discover Scuba Diving)<\/strong><br \/>\n15 minuti di briefing sulla spiaggia del Parco Nazionale tanikely, poi una passeggiata con il monitor per 50-60 minuti.[\/swimmingpool_icon_text_left][\/vc_column_inner][vc_column_inner width=&#8221;1\/3&#8243;][swimmingpool_icon_text_left textnoborder_left=&#8221;noborder&#8221; iconsmall_left=&#8221;small&#8221; firstline_left=&#8221;Scuba diver : 200 euros&#8221; icon_text_left=&#8221;fa-minus&#8221;]Il subacqueo pu\u00f2 scendere fino a un massimo di 12 m sotto la diretta supervisione di un istruttore subacqueo.<br \/>\nFormazione per un minimo di 2 giorni (minimo 10 anni).[\/swimmingpool_icon_text_left][\/vc_column_inner][vc_column_inner width=&#8221;1\/3&#8243;][swimmingpool_icon_text_left textnoborder_left=&#8221;noborder&#8221; iconsmall_left=&#8221;small&#8221; firstline_left=&#8221;Open water diver :365 euros&#8221; icon_text_left=&#8221;fa-minus&#8221;]Primo livello di subacqueo, il subacqueo pu\u00f2 scendere a 18 m.<br \/>\nFormazione su un minimo di 3 giorni (minimo 10 anni).[\/swimmingpool_icon_text_left][\/vc_column_inner][\/vc_row_inner][vc_empty_space height=&#8221;15px&#8221;][vc_row_inner][vc_column_inner width=&#8221;1\/3&#8243;][swimmingpool_icon_text_left textnoborder_left=&#8221;noborder&#8221; iconsmall_left=&#8221;small&#8221; firstline_left=&#8221;specialit\u00e0 : &#8221; icon_text_left=&#8221;fa-minus&#8221;]Pi\u00f9 di 22 possibili specialit\u00e0 in Scuba nosy essere: relitto, profondo, stress e salvataggio, primo soccorso, galleggiamento, foto-video, navigazione, immersioni da una barca,nitrox, ricerca subacquea, ecologia marina, attrezzature, identificazione dei pesci, identificazione corallo, computer subacqueo, squalo, corrente-marea-onda, teoria delle immersioni.<br \/>\nDurata: vedi grafico delle tariffe.[\/swimmingpool_icon_text_left][\/vc_column_inner][vc_column_inner width=&#8221;1\/3&#8243;][swimmingpool_icon_text_left textnoborder_left=&#8221;noborder&#8221; iconsmall_left=&#8221;small&#8221; firstline_left=&#8221;Advanced Adventurer : 290 euro&#8221; icon_text_left=&#8221;fa-minus&#8221;]Per il subacqueo che non ha deciso quali specialit\u00e0 vuole prendere. 5 immersioni (introduzione alle immersioni speciali).[\/swimmingpool_icon_text_left][\/vc_column_inner][vc_column_inner width=&#8221;1\/3&#8243;][swimmingpool_icon_text_left textnoborder_left=&#8221;noborder&#8221; iconsmall_left=&#8221;small&#8221; firstline_left=&#8221;Advanced open water diver :&#8221; icon_text_left=&#8221;fa-minus&#8221;]4 Specialit\u00e0 &#8211; avere almeno 24 immersioni[\/swimmingpool_icon_text_left][\/vc_column_inner][\/vc_row_inner][vc_empty_space height=&#8221;15px&#8221;][vc_row_inner][vc_column_inner width=&#8221;1\/3&#8243;][swimmingpool_icon_text_left textnoborder_left=&#8221;noborder&#8221; iconsmall_left=&#8221;small&#8221; firstline_left=&#8221;Master diver :&#8221; icon_text_left=&#8221;fa-minus&#8221;]4 specialit\u00e0 &#8211; stress and rescue &#8211; hanno almeno 50 immersioni.[\/swimmingpool_icon_text_left][\/vc_column_inner][\/vc_row_inner][vc_empty_space height=&#8221;22px&#8221;][\/vc_column][\/vc_row][vc_row][vc_column][vc_column_text]<\/p>\n<table width=\"834\">\n<tbody>\n<tr>\n<td width=\"143\">advanced wreck diving<\/td>\n<td width=\"162\">gas blender nitrox \/trimix<\/td>\n<td width=\"170\">extended range nitrox diving<\/td>\n<td width=\"94\">sidemount<\/td>\n<td width=\"68\">turtle<\/td>\n<td width=\"197\">package deep, d\u00e9co, nitrox<\/td>\n<\/tr>\n<tr>\n<td>3 dives<\/td>\n<td>0 dives<\/td>\n<td>6 dives<\/td>\n<td>2 dives<\/td>\n<td>2 dives<\/td>\n<td>6 dive<\/td>\n<\/tr>\n<tr>\n<td>2 days<\/td>\n<td>3 days ( afternoon)<\/td>\n<td>3 days<\/td>\n<td>2 days<\/td>\n<td>1 days<\/td>\n<td>3 days<\/td>\n<\/tr>\n<tr>\n<td>205 \u20ac<\/td>\n<td>150 \u20ac<\/td>\n<td>400 \u20ac<\/td>\n<td>205 \u20ac<\/td>\n<td>150 \u20ac<\/td>\n<td>450 \u20ac<\/td>\n<\/tr>\n<\/tbody>\n<\/table>\n<p>[\/vc_column_text][\/vc_column][\/vc_row][vc_row][vc_column][vc_column_text][\/vc_column_text][\/vc_column][\/vc_row][vc_row css_animation=&#8221;fadeIn&#8221;][vc_column][vc_row_inner][vc_column_inner][vc_empty_space height=&#8221;15px&#8221;][vc_custom_heading text=&#8221;Formation SSI&#8221; font_container=&#8221;tag:h2|text_align:center&#8221; use_theme_fonts=&#8221;yes&#8221;][vc_empty_space height=&#8221;15px&#8221;][\/vc_column_inner][\/vc_row_inner][vc_row_inner][vc_column_inner width=&#8221;1\/3&#8243;][swimmingpool_icon_text_left textnoborder_left=&#8221;noborder&#8221; iconsmall_left=&#8221;small&#8221; icon_text_left=&#8221;fa-minus&#8221;]<strong>Battesimo subacqueo\u00a0 (Discover Scuba Diving)<\/strong><br \/>\n15 minuti di briefing sulla spiaggia del Parco Nazionale tanikely, poi una passeggiata con il monitor per 50-60 minuti.[\/swimmingpool_icon_text_left][\/vc_column_inner][vc_column_inner width=&#8221;1\/3&#8243;][swimmingpool_icon_text_left textnoborder_left=&#8221;noborder&#8221; iconsmall_left=&#8221;small&#8221; firstline_left=&#8221;Scuba diver : 200 euros&#8221; icon_text_left=&#8221;fa-minus&#8221;]Il subacqueo pu\u00f2 scendere fino a un massimo di 12 m sotto la diretta supervisione di un istruttore subacqueo.<br \/>\nFormazione per un minimo di 2 giorni (minimo 10 anni).[\/swimmingpool_icon_text_left][\/vc_column_inner][vc_column_inner width=&#8221;1\/3&#8243;][swimmingpool_icon_text_left textnoborder_left=&#8221;noborder&#8221; iconsmall_left=&#8221;small&#8221; firstline_left=&#8221;Open water diver :365 euros&#8221; icon_text_left=&#8221;fa-minus&#8221;]Primo livello di subacqueo, il subacqueo pu\u00f2 scendere a 18 m.<br \/>\nFormazione su un minimo di 3 giorni (minimo 10 anni).[\/swimmingpool_icon_text_left][\/vc_column_inner][\/vc_row_inner][vc_empty_space height=&#8221;15px&#8221;][vc_row_inner][vc_column_inner width=&#8221;1\/3&#8243;][swimmingpool_icon_text_left textnoborder_left=&#8221;noborder&#8221; iconsmall_left=&#8221;small&#8221; firstline_left=&#8221;specialit\u00e0 : &#8221; icon_text_left=&#8221;fa-minus&#8221;]Pi\u00f9 di 19 possibili specialit\u00e0 in Scuba nosy essere: relitto, profondo, stress e salvataggio, primo soccorso, galleggiamento, foto-video, navigazione, immersioni da una barca,nitrox, ricerca subacquea, ecologia marina, attrezzature, identificazione dei pesci, identificazione corallo, computer subacqueo, squalo, corrente-marea-onda, teoria delle immersioni.<br \/>\nDurata: vedi grafico delle tariffe.[\/swimmingpool_icon_text_left][\/vc_column_inner][vc_column_inner width=&#8221;1\/3&#8243;][swimmingpool_icon_text_left textnoborder_left=&#8221;noborder&#8221; iconsmall_left=&#8221;small&#8221; firstline_left=&#8221;Advanced Adventurer : 290 euro&#8221; icon_text_left=&#8221;fa-minus&#8221;]Per il subacqueo che non ha deciso quali specialit\u00e0 vuole prendere. 5 immersioni (introduzione alle immersioni speciali).[\/swimmingpool_icon_text_left][\/vc_column_inner][vc_column_inner width=&#8221;1\/3&#8243;][swimmingpool_icon_text_left textnoborder_left=&#8221;noborder&#8221; iconsmall_left=&#8221;small&#8221; firstline_left=&#8221;Advanced open water diver :&#8221; icon_text_left=&#8221;fa-minus&#8221;]4 Specialit\u00e0 &#8211; avere almeno 24 immersioni[\/swimmingpool_icon_text_left][\/vc_column_inner][\/vc_row_inner][vc_empty_space height=&#8221;15px&#8221;][vc_row_inner][vc_column_inner width=&#8221;1\/3&#8243;][swimmingpool_icon_text_left textnoborder_left=&#8221;noborder&#8221; iconsmall_left=&#8221;small&#8221; firstline_left=&#8221;Master diver :&#8221; icon_text_left=&#8221;fa-minus&#8221;]4 specialit\u00e0 &#8211; stress and rescue &#8211; hanno almeno 50 immersioni.[\/swimmingpool_icon_text_left][\/vc_column_inner][\/vc_row_inner][vc_empty_space height=&#8221;200px&#8221;][\/vc_column][\/vc_row][vc_row][vc_column][vc_column_text]<\/p>\n<h1 style=\"font: 0.5px Verdana; color: #000000;\">croisi\u00e8re plong\u00e9e Nosy Be<\/h1>\n<p>[\/vc_column_text][\/vc_column][\/vc_row]<\/p>","protected":false},"excerpt":{"rendered":"<p>[vc_row css_animation=&#8221;fadeIn&#8221;][vc_column][vc_row_inner][vc_column_inner][vc_empty_space height=&#8221;15px&#8221;][vc_custom_heading text=&#8221;Formation SSI&#8221; font_container=&#8221;tag:h2|text_align:center&#8221; use_theme_fonts=&#8221;yes&#8221;][vc_empty_space height=&#8221;15px&#8221;][\/vc_column_inner][\/vc_row_inner][vc_row_inner][vc_column_inner width=&#8221;1\/3&#8243;][swimmingpool_icon_text_left textnoborder_left=&#8221;noborder&#8221; iconsmall_left=&#8221;small&#8221; icon_text_left=&#8221;fa-minus&#8221;]Battesimo subacqueo\u00a0 (Discover Scuba Diving) 15 minuti di briefing sulla spiaggia del Parco Nazionale tanikely, poi una passeggiata con il monitor per 50-60 minuti.[\/swimmingpool_icon_text_left][\/vc_column_inner][vc_column_inner width=&#8221;1\/3&#8243;][swimmingpool_icon_text_left textnoborder_left=&#8221;noborder&#8221; iconsmall_left=&#8221;small&#8221; firstline_left=&#8221;Scuba diver : 200 euros&#8221; icon_text_left=&#8221;fa-minus&#8221;]Il subacqueo pu\u00f2 scendere fino a un massimo di 12 m sotto la diretta supervisione di un istruttore subacqueo. Formazione per un minimo di 2 giorni (minimo 10 anni).[\/swimmingpool_icon_text_left][\/vc_column_inner][vc_column_inner width=&#8221;1\/3&#8243;][swimmingpool_icon_text_left textnoborder_left=&#8221;noborder&#8221; iconsmall_left=&#8221;small&#8221; firstline_left=&#8221;Open water diver :365 euros&#8221; icon_text_left=&#8221;fa-minus&#8221;]Primo livello di subacqueo, il subacqueo pu\u00f2 scendere a 18 m. Formazione su un minimo di 3 giorni (minimo 10 &hellip; <a href=\"https:\/\/scubanosybe.com\/it\/plongee-ssi\/\">Continued<\/a><\/p>\n","protected":false},"author":4,"featured_media":0,"parent":0,"menu_order":0,"comment_status":"closed","ping_status":"closed","template":"","meta":[],"_links":{"self":[{"href":"https:\/\/scubanosybe.com\/it\/wp-json\/wp\/v2\/pages\/2274"}],"collection":[{"href":"https:\/\/scubanosybe.com\/it\/wp-json\/wp\/v2\/pages"}],"about":[{"href":"https:\/\/scubanosybe.com\/it\/wp-json\/wp\/v2\/types\/page"}],"author":[{"embeddable":true,"href":"https:\/\/scubanosybe.com\/it\/wp-json\/wp\/v2\/users\/4"}],"replies":[{"embeddable":true,"href":"https:\/\/scubanosybe.com\/it\/wp-json\/wp\/v2\/comments?post=2274"}],"version-history":[{"count":84,"href":"https:\/\/scubanosybe.com\/it\/wp-json\/wp\/v2\/pages\/2274\/revisions"}],"predecessor-version":[{"id":5104,"href":"https:\/\/scubanosybe.com\/it\/wp-json\/wp\/v2\/pages\/2274\/revisions\/5104"}],"wp:attachment":[{"href":"https:\/\/scubanosybe.com\/it\/wp-json\/wp\/v2\/media?parent=2274"}],"curies":[{"name":"wp","href":"https:\/\/api.w.org\/{rel}","templated":true}]}}