{"id":2870,"date":"2020-05-18T14:36:02","date_gmt":"2020-05-18T12:36:02","guid":{"rendered":"http:\/\/scubanosybe.com\/?page_id=2870"},"modified":"2024-07-18T08:30:46","modified_gmt":"2024-07-18T05:30:46","slug":"projet-social","status":"publish","type":"page","link":"https:\/\/scubanosybe.com\/it\/projet-social\/","title":{"rendered":"Sociale"},"content":{"rendered":"<p>[vc_row][vc_column][vc_empty_space][\/vc_column][\/vc_row][vc_row][vc_column][vc_custom_heading text=&#8221;&#8220;Partner con l&#8217;Isola dei Bambini&#8220;&#8221; font_container=&#8221;tag:h2|text_align:center&#8221;][vc_empty_space][vc_column_text]<\/p>\n<div class=\"flex flex-grow flex-col max-w-full\">\n<div class=\"min-h-[20px] text-message flex flex-col items-start gap-3 whitespace-pre-wrap break-words [.text-message+&amp;]:mt-5 overflow-x-auto\" data-message-author-role=\"assistant\" data-message-id=\"117c1a67-fc62-45fa-a275-604f7c2eadd5\">\n<div class=\"markdown prose w-full break-words dark:prose-invert light\">\n<p>Nosy Be \u00e8 spesso considerata &#8220;la Costa Azzurra del Madagascar&#8221;. Purtroppo, la situazione \u00e8 diversa altrove. Luoghi remoti e alcune zone delle grandi citt\u00e0 del paese sono soggetti a grande miseria.<\/p>\n<p>Presso Scuba Nosy Be (centro di immersioni subacquee), abbiamo preso l&#8217;iniziativa di sostenere lo sviluppo dell&#8217;istruzione a Madagascar costruendo e promuovendo una partnership con la scuola associativa L&#8217;\u00eele aux enfants (<a href=\"http:\/\/ecoleileauxenfants.org\/\" target=\"_new\" rel=\"noopener\">http:\/\/ecoleileauxenfants.org\/<\/a>).<\/p>\n<p>Circa dieci anni fa, Eric, giovane insegnante presso la scuola francese nella capitale, ha ripreso un progetto di costruzione di una scuola nel quartiere di Anosibe, precedentemente sospeso per mancanza di risorse.<\/p>\n<p>Anosibe, un quartiere molto povero di Tana, non \u00e8 una baraccopoli fatta di lamiere e altri materiali di recupero, ma piuttosto una &#8220;sac-citt\u00e0&#8221;. Le famiglie costruiscono abitazioni con teli e pezzi di plastica recuperati. La stagione delle piogge spesso danneggia gravemente queste case, causando inondazioni.<\/p>\n<p>Eric ha interrotto le sue attivit\u00e0 professionali per un anno per completare questa scuola. Nonostante il completamento dei lavori e una pubblicit\u00e0\/comunicazione tra gli abitanti del quartiere, nessun bambino si iscrive! In questi quartieri, un bambino, una volta imparato a camminare, deve lavorare o mendicare.<\/p>\n<p>Eric, in consultazione con il capo del quartiere, propone di offrire un pasto gratuito alle 6:30 e un altro pasto alle 13:00 al termine delle lezioni. Per non imporsi e non ostacolare un progetto di sostegno, non mette in discussione il lavoro dei bambini nel pomeriggio, che consente loro di continuare ad aiutare le loro famiglie a sopravvivere.<\/p>\n<p>Grazie a questa organizzazione, la scuola si riempie gradualmente fino a essere completa tutti i giorni. Senza pretendere di trasformare tutto, l&#8217;iniziativa di Eric ha permesso di migliorare un po&#8217; la salute e le condizioni di sviluppo di questi bambini.<\/p>\n<p>Per sostenere questo progetto, vi invitiamo a portare con voi prodotti che possono aiutare queste famiglie nella loro vita quotidiana (vestiti, medicinali, giocattoli, materiali scolastici).<\/p>\n<p>Ma stiamo anche cercando &#8220;padrini&#8221; per i bambini.<\/p>\n<p>Per farlo, \u00e8 sufficiente impegnarsi con un contributo di 30 euro al mese[1].<\/p>\n<p>&#8220;Sponsorizzando un bambino, gli darai la possibilit\u00e0 di non soffrire pi\u00f9 la fame, di essere seguito medicalmente e protetto da qualsiasi forma di abuso. Potrai vederlo crescere e gioire nel condividere i momenti importanti della sua vita attraverso lettere, foto e video. Puoi anche, se lo desideri, visitarlo a Madagascar! Un&#8217;esperienza indimenticabile e un modo unico per vedere quanto la sua vita sia migliorata grazie a te! (<a href=\"http:\/\/ecoleileauxenfants.org\/don\/\" target=\"_new\" rel=\"noopener\">http:\/\/ecoleileauxenfants.org\/don\/<\/a>)<\/p>\n<p>[1] Deducibili dalle tasse se ne fai richiesta.<\/p>\n<\/div>\n<\/div>\n<\/div>\n<p>[\/vc_column_text][vc_empty_space][vc_empty_space][vc_column_text][\/vc_column_text][vc_empty_space][\/vc_column][\/vc_row][vc_row equal_height=&#8221;yes&#8221; row_type=&#8221;full&#8221;][vc_column width=&#8221;1\/4&#8243;][vc_single_image image=&#8221;3030&#8243; img_size=&#8221;full&#8221; style=&#8221;vc_box_rounded&#8221; onclick=&#8221;link_image&#8221; css_animation=&#8221;fadeInUp&#8221;][\/vc_column][vc_column width=&#8221;1\/4&#8243;][vc_single_image image=&#8221;3029&#8243; img_size=&#8221;full&#8221; style=&#8221;vc_box_rounded&#8221; onclick=&#8221;link_image&#8221; css_animation=&#8221;fadeInUp&#8221;][\/vc_column][vc_column width=&#8221;1\/4&#8243;][vc_single_image image=&#8221;3028&#8243; img_size=&#8221;full&#8221; style=&#8221;vc_box_rounded&#8221; onclick=&#8221;link_image&#8221; css_animation=&#8221;slideInDown&#8221;][\/vc_column][vc_column width=&#8221;1\/4&#8243;][vc_single_image image=&#8221;3027&#8243; img_size=&#8221;full&#8221; style=&#8221;vc_box_rounded&#8221; onclick=&#8221;link_image&#8221; css_animation=&#8221;zoomInRight&#8221;][\/vc_column][\/vc_row][vc_row][vc_column][vc_empty_space][\/vc_column][\/vc_row][vc_row][vc_column][vc_empty_space][\/vc_column][\/vc_row][vc_row][vc_column][\/vc_column][\/vc_row]<\/p>","protected":false},"excerpt":{"rendered":"<p>[vc_row][vc_column][vc_empty_space][\/vc_column][\/vc_row][vc_row][vc_column][vc_custom_heading text=&#8221;&#8220;Partner con l&#8217;Isola dei Bambini&#8220;&#8221; font_container=&#8221;tag:h2|text_align:center&#8221;][vc_empty_space][vc_column_text] Nosy Be \u00e8 spesso considerata &#8220;la Costa Azzurra del Madagascar&#8221;. Purtroppo, la situazione \u00e8 diversa altrove. Luoghi remoti e alcune zone delle grandi citt\u00e0 del paese sono soggetti a grande miseria. Presso Scuba Nosy Be (centro di immersioni subacquee), abbiamo preso l&#8217;iniziativa di sostenere lo sviluppo dell&#8217;istruzione a Madagascar costruendo e promuovendo una partnership con la scuola associativa L&#8217;\u00eele aux enfants (http:\/\/ecoleileauxenfants.org\/). Circa dieci anni fa, Eric, giovane insegnante presso la scuola francese nella capitale, ha ripreso un progetto di costruzione di una scuola nel quartiere di Anosibe, precedentemente sospeso per mancanza di &hellip; <a href=\"https:\/\/scubanosybe.com\/it\/projet-social\/\">Continued<\/a><\/p>\n","protected":false},"author":4,"featured_media":0,"parent":0,"menu_order":0,"comment_status":"closed","ping_status":"closed","template":"","meta":[],"_links":{"self":[{"href":"https:\/\/scubanosybe.com\/it\/wp-json\/wp\/v2\/pages\/2870"}],"collection":[{"href":"https:\/\/scubanosybe.com\/it\/wp-json\/wp\/v2\/pages"}],"about":[{"href":"https:\/\/scubanosybe.com\/it\/wp-json\/wp\/v2\/types\/page"}],"author":[{"embeddable":true,"href":"https:\/\/scubanosybe.com\/it\/wp-json\/wp\/v2\/users\/4"}],"replies":[{"embeddable":true,"href":"https:\/\/scubanosybe.com\/it\/wp-json\/wp\/v2\/comments?post=2870"}],"version-history":[{"count":27,"href":"https:\/\/scubanosybe.com\/it\/wp-json\/wp\/v2\/pages\/2870\/revisions"}],"predecessor-version":[{"id":5502,"href":"https:\/\/scubanosybe.com\/it\/wp-json\/wp\/v2\/pages\/2870\/revisions\/5502"}],"wp:attachment":[{"href":"https:\/\/scubanosybe.com\/it\/wp-json\/wp\/v2\/media?parent=2870"}],"curies":[{"name":"wp","href":"https:\/\/api.w.org\/{rel}","templated":true}]}}