{"id":30,"date":"2016-01-20T11:00:22","date_gmt":"2016-01-20T10:00:22","guid":{"rendered":"http:\/\/sp.useful-pixels.com\/?page_id=10"},"modified":"2025-10-17T15:51:11","modified_gmt":"2025-10-17T12:51:11","slug":"home","status":"publish","type":"page","link":"https:\/\/scubanosybe.com\/it\/","title":{"rendered":"Il centro immersioni"},"content":{"rendered":"<p>[\/vc_column_text][\/vc_column][\/vc_row][vc_row][vc_column][vc_column_text][\/vc_column_text][\/vc_column][\/vc_row][vc_row row_type=&#8221;parallax&#8221;][vc_column][rev_slider_vc alias=&#8221;home-slider-it&#8221;][\/vc_column][\/vc_row][vc_row css=&#8221;.vc_custom_1495610156279{margin-top: 10px !important;padding-bottom: 60px !important;}&#8221;][vc_column width=&#8221;1\/4&#8243;][vc_single_image image=&#8221;2151&#8243; img_size=&#8221;large&#8221; style=&#8221;vc_box_border&#8221; onclick=&#8221;link_image&#8221;][\/vc_column][vc_column width=&#8221;1\/4&#8243;][vc_single_image image=&#8221;2155&#8243; img_size=&#8221;large&#8221; style=&#8221;vc_box_border&#8221; onclick=&#8221;link_image&#8221;][\/vc_column][vc_column width=&#8221;1\/4&#8243;][vc_single_image image=&#8221;2047&#8243; img_size=&#8221;large&#8221; style=&#8221;vc_box_border&#8221; onclick=&#8221;link_image&#8221;][\/vc_column][vc_column width=&#8221;1\/4&#8243;][vc_single_image image=&#8221;2157&#8243; img_size=&#8221;large&#8221; style=&#8221;vc_box_border&#8221; onclick=&#8221;link_image&#8221;][\/vc_column][\/vc_row][vc_row css=&#8221;.vc_custom_1495610427607{padding-bottom: 60px !important;}&#8221;][vc_column width=&#8221;2\/3&#8243;][vc_row_inner][vc_column_inner][vc_custom_heading text=&#8221;Il solo centro immersioni a Madagascar che :&#8221; use_theme_fonts=&#8221;yes&#8221;][swimmingpool_icon_text_left textnoborder_left=&#8221;noborder&#8221; iconsmall_left=&#8221;small&#8221; icon_text_left=&#8221;fa-minus&#8221;]Perch\u00e9 scegliere Scuba Nosy Be?<\/p>\n<p>&nbsp;<\/p>\n<p>&#8211; Molto importante: 4 piccole imbarcazioni, quindi potenzialmente 4 diverse destinazioni tra cui scegliere ogni giorno.<\/p>\n<p>&#8211; Con il nostro \u201cpacchetto isole\u201d potrete immergervi per 5 giorni e scoprire 4 o 5 isole diverse, con la possibilit\u00e0 di pranzare sul posto (minimo 6 subacquei), attenzione: Nosy Komba, spesso scarsa visibilit\u00e0.<br \/>\n&#8211; \u2018Crociera\u2019 a Radama, Iranja, Mitsio, Nosy Saba, Nosy Lava, consultate la pagina \u201ccrociera-bivacco\u201d<br \/>\n&#8211; \u201cOPERAZIONE\u201d: TUTTI AL NITROX:<br \/>\n\u2013 Nitrox a soli 3 \u20ac a bombola da 12 l e 4 \u20ac a bombola da 15 l.<br \/>\n\u2013 Formazione nitrox a 50 \u20ac invece di 170 \u20ac.<br \/>\n&#8211; 20 anni di esperienza a Nosy Be vi offrono: una conoscenza approfondita dei siti nella baia di Nosy Be e delle Radames.<br \/>\n&#8211; Il club subacqueo fa tutto il possibile per offrirvi una piacevole esperienza di immersione subacquea in un&#8217;atmosfera familiare: massimo 4 subacquei per guida (salvo richieste speciali).<br \/>\n&#8211; Attrezzature in ottimo stato per grandi e piccini! Gilet, erogatori e mute vengono sostituiti ogni 2 anni!! Attrezzatura completa per bambini.<br \/>\n&#8211; Sono disponibili diversi corsi di formazione, dal principiante all&#8217;istruttore, proposti in diverse formule: Formazione: SSI, PADI, FFESSM, CMAS, IANTD e per la formazione di istruttore: stage in internship.<br \/>\n&#8211; Per i corsi di formazione: piccoli gruppi garantiti (max 3 allievi), spesso un solo allievo in lezioni private.<br \/>\nL&#8217;unica cosa di cui dovrete preoccuparvi sar\u00e0 il piacere della vostra immersione. Appuntamento alle 8:00 al centro immersioni dove la vostra attrezzatura gi\u00e0 pronta vi aspetter\u00e0 sulla barca, ritorno verso le 13:30 dopo aver effettuato 2 immersioni.<br \/>\n&#8211; Ottimizziamo i gruppi in base alle caratteristiche e ai livelli di ciascuno (facile con pi\u00f9 barche).<\/p>\n<p>&#8211; Attenzione, molto importante: \u201cla sicurezza\u201d nelle immersioni in Madagascar, non esitate a consultare la nostra pagina \u201csicurezza\u201d cliccando sul link in fondo a questa pagina. Esempio: abbiamo la fortuna di avere una camera iperbarica sull&#8217;isola a meno di 3 chilometri.<\/p>\n<p>&#8211; L&#8217;alloggio \u00e8 gratuito in camera singola e pulita presso il centro, se disponibile, o anche in dormitorio, 2 immersioni al giorno = un pernottamento (se prenotato in anticipo via internet).<br \/>\n&#8211; Il Nosy Lodge, situato accanto al club subacqueo, offre uno sconto del 20% sulle camere, se prenotate via internet (si prega di specificare \u201cprezzo subacqueo di Scuba Nosy Be\u201d).<\/p>\n<p>[\/swimmingpool_icon_text_left][\/vc_column_inner][\/vc_row_inner][\/vc_column][vc_column width=&#8221;1\/3&#8243;][vc_empty_space][vc_single_image image=&#8221;3121&#8243; img_size=&#8221;full&#8221; onclick=&#8221;link_image&#8221;][\/vc_column][\/vc_row][vc_row row_type=&#8221;full&#8221;][vc_column][rev_slider_vc alias=&#8221;photo-home&#8221;][\/vc_column][\/vc_row][vc_row css=&#8221;.vc_custom_1495197099843{background-position: 0 0 !important;background-repeat: no-repeat !important;}&#8221;][vc_column width=&#8221;1\/2&#8243;][vc_empty_space height=&#8221;50px&#8221;][vc_custom_heading text=&#8221;Stagione:&#8221; use_theme_fonts=&#8221;yes&#8221;][vc_column_text]- Balena megattera: da agosto a fine ottobre (picco massimo a settembre).<br \/>\n&#8211; Manta e Mobula: non hanno una stagione specifica, ma sono pi\u00f9 numerose da agosto a dicembre.<br \/>\n&#8211; Squalo balena: da met\u00e0 settembre a met\u00e0 dicembre.<br \/>\n&#8211; Balena di Omura: da agosto a dicembre.<br \/>\n&#8211; Squalo martello: da met\u00e0 dicembre a inizio marzo, tranne che a Radama, dove \u00e8 presente tutto l&#8217;anno, ma in numero minore dal 2024, anno dell&#8217;El Ni\u00f1o!<\/p>\n<p>[\/vc_column_text][vc_empty_space height=&#8221;20px&#8221;][\/vc_column][vc_column width=&#8221;1\/2&#8243; el_class=&#8221;no padding&#8221;][vc_empty_space height=&#8221;50px&#8221;][vc_custom_heading text=&#8221;ATTENZIONE&#8221; use_theme_fonts=&#8221;yes&#8221;][vc_column_text]- \u201cCrociera-bivacco\u201d a Radama , Mitsio, Iranja , Nosy Saba e Nosy Lava.<\/p>\n<p>&#8211;\u00a0 Stagioni: gennaio, febbraio e marzo: stagione delle piogge, quindi in genere bel tempo durante il giorno e pioggia spesso di notte, ma attenzione, ogni anno ci sono 2 o 3 code di cicloni su Nosy Be, quindi tempo brutto, anche molto brutto per alcuni giorni, in breve: pochi subacquei, ma pi\u00f9 rischioso dal punto di vista meteorologico.<\/p>\n<p>-Temperatura<br \/>\nDa maggio a fine ottobre: 26 \u00b0C Muta da 5 mm + cappuccio per chi soffre il freddo .<br \/>\nDa novembre a fine aprile: 28-29 \u00b0C Muta da 3 mm o shorty.<\/p>\n<p>&#8211; Salute: nessun vaccino obbligatorio per Nosy Be, consiglio per il \u201cpiccolo\u201d rischio di malaria: lozione antizanzare e zanzariera.<\/p>\n<p>&#8211; Le carte di credito sono spesso rifiutate nei negozi, quindi munirsi di euro, banconote di grosso taglio (non da 5, 10 e 20 euro); a Nosy Be sono presenti anche diversi bancomat.<\/p>\n<p>&#8211; Visto: da richiedere all&#8217;aeroporto all&#8217;arrivo in Madagascar.<\/p>\n<p>&#8211; Immersioni: bombola in alluminio S80 (11,1 l) per una sola uscita, DIN e staffa, bombole (in acciaio) da 15 l da prenotare in anticipo, portare un paio di calzini nel caso in cui le pinne siano un po&#8217; grandi e prevedere 40.000 ar se si immerge nel parco di Tanikely.<\/p>\n<p>-Nitrox: fortemente raccomandato.[\/vc_column_text][vc_empty_space height=&#8221;20px&#8221;][vc_column_text][\/vc_column_text][\/vc_column][\/vc_row][vc_row][vc_column width=&#8221;1\/3&#8243;][vc_raw_html]JTNDYSUyMGhyZWYlM0QlMjJodHRwJTNBJTJGJTJGd3d3LmRhbmV1cm9wZS5vcmclMkZ3ZWIlMkZndWVzdCUyRnJlZ2lzdHJhdGlvbiUzRnBfcF9pZCUzRHJlZ2lzdHJhdGlvbiUyNnBfcF9saWZlY3ljbGUlM0QwJTI2cF9wX21vZGUlM0R2aWV3JTI2cF9wX3N0YXRlJTNEbm9ybWFsJTI2X3JlZ2lzdHJhdGlvbl9zdHJ1dHNfYWN0aW9uJTNEJTJGZXh0JTJGcmVnaXN0cmF0aW9uJTJGd2l6YXJkJTI2X3JlZ2lzdHJhdGlvbl9wcm9jZXNzVHlwZSUzRDIlMjZfcmVnaXN0cmF0aW9uX3BhcnRuZXJDb2RlJTNENjk0NDElMjIlMjB0YXJnZXQlM0QlMjJfYmxhbmslMjIlM0UlM0NpbWclMjBzcmMlM0QlMjJodHRwJTNBJTJGJTJGd3d3LmRhbmV1cm9wZS5vcmclMkZpbWFnZSUyRmltYWdlX2dhbGxlcnklM0Z1dWlkJTNEYjEzMjdlNTMtMjYyMC00ZjY1LWIwMDgtZDllYTRjZDk0YmYyJTI2Z3JvdXBJZCUzRDEwMTAzJTI2dCUzRDEyNzI2Mzk5NTIzMDUlMjIlMjAlMkYlM0UlM0MlMkZhJTNF[\/vc_raw_html][vc_column_text]<a href=\"https:\/\/www.daneurope.org\/en\/buy-dive-insurance#!\/partnerCode=69441\" target=\"_blank\" rel=\"noopener\"><img src=\"https:\/\/scubanosybe.com\/wp-content\/uploads\/2021\/06\/DAN-logo.png\" \/><\/a>[\/vc_column_text][\/vc_column][vc_column width=&#8221;1\/3&#8243;][\/vc_column][vc_column width=&#8221;1\/3&#8243;][\/vc_column][\/vc_row][vc_row][vc_column][vc_column_text][\/vc_column_text][\/vc_column][\/vc_row][vc_row][vc_column][vc_empty_space][\/vc_column][\/vc_row][vc_row][vc_column][vc_column_text][\/vc_column_text][\/vc_column][\/vc_row][vc_row][vc_column][vc_column_text][\/vc_column_text][\/vc_column][\/vc_row][vc_row row_type=&#8221;parallax&#8221;][vc_column][rev_slider_vc alias=&#8221;home-slider-it&#8221;][\/vc_column][\/vc_row][vc_row css=&#8221;.vc_custom_1495610156279{margin-top: 10px !important;padding-bottom: 60px !important;}&#8221;][vc_column width=&#8221;1\/4&#8243;][vc_single_image image=&#8221;2151&#8243; img_size=&#8221;large&#8221; style=&#8221;vc_box_border&#8221; onclick=&#8221;link_image&#8221;][\/vc_column][vc_column width=&#8221;1\/4&#8243;][vc_single_image image=&#8221;2155&#8243; img_size=&#8221;large&#8221; style=&#8221;vc_box_border&#8221; onclick=&#8221;link_image&#8221;][\/vc_column][vc_column width=&#8221;1\/4&#8243;][vc_single_image image=&#8221;2047&#8243; img_size=&#8221;large&#8221; style=&#8221;vc_box_border&#8221; onclick=&#8221;link_image&#8221;][\/vc_column][vc_column width=&#8221;1\/4&#8243;][vc_single_image image=&#8221;2157&#8243; img_size=&#8221;large&#8221; style=&#8221;vc_box_border&#8221; onclick=&#8221;link_image&#8221;][\/vc_column][\/vc_row][vc_row css=&#8221;.vc_custom_1495610427607{padding-bottom: 60px !important;}&#8221;][vc_column width=&#8221;2\/3&#8243;][vc_row_inner][vc_column_inner][vc_custom_heading text=&#8221;Il solo centro immersioni a Madagascar che :&#8221; use_theme_fonts=&#8221;yes&#8221;][swimmingpool_icon_text_left textnoborder_left=&#8221;noborder&#8221; iconsmall_left=&#8221;small&#8221; icon_text_left=&#8221;fa-minus&#8221;]Perch\u00e9 scegliere Scuba Nosy Be?<\/p>\n<p>&nbsp;<\/p>\n<p>&#8211; Molto importante: 4 piccole imbarcazioni, quindi potenzialmente 4 diverse destinazioni tra cui scegliere ogni giorno.<\/p>\n<p>&#8211; Con il nostro \u201cpacchetto isole\u201d potrete immergervi per 5 giorni e scoprire 4 o 5 isole diverse, con la possibilit\u00e0 di pranzare sul posto (minimo 6 subacquei), attenzione: Nosy Komba, spesso scarsa visibilit\u00e0.<br \/>\n&#8211; \u2018Crociera\u2019 a Radama, Iranja, Mitsio, Nosy Saba, Nosy Lava, consultate la pagina \u201ccrociera-bivacco\u201d<br \/>\n&#8211; \u201cOPERAZIONE\u201d: TUTTI AL NITROX:<br \/>\n\u2013 Nitrox a soli 3 \u20ac a bombola da 12 l e 4 \u20ac a bombola da 15 l.<br \/>\n\u2013 Formazione nitrox a 50 \u20ac invece di 170 \u20ac.<br \/>\n&#8211; 20 anni di esperienza a Nosy Be vi offrono: una conoscenza approfondita dei siti nella baia di Nosy Be e delle Radames.<br \/>\n&#8211; Il club subacqueo fa tutto il possibile per offrirvi una piacevole esperienza di immersione subacquea in un&#8217;atmosfera familiare: massimo 4 subacquei per guida (salvo richieste speciali).<br \/>\n&#8211; Attrezzature in ottimo stato per grandi e piccini! Gilet, erogatori e mute vengono sostituiti ogni 2 anni!! Attrezzatura completa per bambini.<br \/>\n&#8211; Sono disponibili diversi corsi di formazione, dal principiante all&#8217;istruttore, proposti in diverse formule: Formazione: SSI, PADI, FFESSM, CMAS, IANTD e per la formazione di istruttore: stage in internship.<br \/>\n&#8211; Per i corsi di formazione: piccoli gruppi garantiti (max 3 allievi), spesso un solo allievo in lezioni private.<br \/>\nL&#8217;unica cosa di cui dovrete preoccuparvi sar\u00e0 il piacere della vostra immersione. Appuntamento alle 8:00 al centro immersioni dove la vostra attrezzatura gi\u00e0 pronta vi aspetter\u00e0 sulla barca, ritorno verso le 13:30 dopo aver effettuato 2 immersioni.<br \/>\n&#8211; Ottimizziamo i gruppi in base alle caratteristiche e ai livelli di ciascuno (facile con pi\u00f9 barche).<\/p>\n<p>&#8211; Attenzione, molto importante: \u201cla sicurezza\u201d nelle immersioni in Madagascar, non esitate a consultare la nostra pagina \u201csicurezza\u201d cliccando sul link in fondo a questa pagina. Esempio: abbiamo la fortuna di avere una camera iperbarica sull&#8217;isola a meno di 3 chilometri.<\/p>\n<p>&#8211; L&#8217;alloggio \u00e8 gratuito in camera singola e pulita presso il centro, se disponibile, o anche in dormitorio, 2 immersioni al giorno = un pernottamento (se prenotato in anticipo via internet).<br \/>\n&#8211; Il Nosy Lodge, situato accanto al club subacqueo, offre uno sconto del 20% sulle camere, se prenotate via internet (si prega di specificare \u201cprezzo subacqueo di Scuba Nosy Be\u201d).<\/p>\n<p>[\/swimmingpool_icon_text_left][\/vc_column_inner][\/vc_row_inner][\/vc_column][vc_column width=&#8221;1\/3&#8243;][vc_empty_space][vc_single_image image=&#8221;3121&#8243; img_size=&#8221;full&#8221; onclick=&#8221;link_image&#8221;][\/vc_column][\/vc_row][vc_row row_type=&#8221;full&#8221;][vc_column][rev_slider_vc alias=&#8221;photo-home&#8221;][\/vc_column][\/vc_row][vc_row css=&#8221;.vc_custom_1495197099843{background-position: 0 0 !important;background-repeat: no-repeat !important;}&#8221;][vc_column width=&#8221;1\/2&#8243;][vc_empty_space height=&#8221;50px&#8221;][vc_custom_heading text=&#8221;Stagione:&#8221; use_theme_fonts=&#8221;yes&#8221;][vc_column_text]- Balena megattera: da agosto a fine ottobre (picco massimo a settembre).<br \/>\n&#8211; Manta e Mobula: non hanno una stagione specifica, ma sono pi\u00f9 numerose da agosto a dicembre.<br \/>\n&#8211; Squalo balena: da met\u00e0 settembre a met\u00e0 dicembre.<br \/>\n&#8211; Balena di Omura: da agosto a dicembre.<br \/>\n&#8211; Squalo martello: da met\u00e0 dicembre a inizio marzo, tranne che a Radama, dove \u00e8 presente tutto l&#8217;anno, ma in numero minore dal 2024, anno dell&#8217;El Ni\u00f1o!<\/p>\n<p>[\/vc_column_text][vc_empty_space height=&#8221;20px&#8221;][\/vc_column][vc_column width=&#8221;1\/2&#8243; el_class=&#8221;no padding&#8221;][vc_empty_space height=&#8221;50px&#8221;][vc_custom_heading text=&#8221;ATTENZIONE&#8221; use_theme_fonts=&#8221;yes&#8221;][vc_column_text]- \u201cCrociera-bivacco\u201d a Radama , Mitsio, Iranja , Nosy Saba e Nosy Lava.<\/p>\n<p>&#8211;\u00a0 Stagioni: gennaio, febbraio e marzo: stagione delle piogge, quindi in genere bel tempo durante il giorno e pioggia spesso di notte, ma attenzione, ogni anno ci sono 2 o 3 code di cicloni su Nosy Be, quindi tempo brutto, anche molto brutto per alcuni giorni, in breve: pochi subacquei, ma pi\u00f9 rischioso dal punto di vista meteorologico.<\/p>\n<p>-Temperatura<br \/>\nDa maggio a fine ottobre: 26 \u00b0C Muta da 5 mm + cappuccio per chi soffre il freddo .<br \/>\nDa novembre a fine aprile: 28-29 \u00b0C Muta da 3 mm o shorty.<\/p>\n<p>&#8211; Salute: nessun vaccino obbligatorio per Nosy Be, consiglio per il \u201cpiccolo\u201d rischio di malaria: lozione antizanzare e zanzariera.<\/p>\n<p>&#8211; Le carte di credito sono spesso rifiutate nei negozi, quindi munirsi di euro, banconote di grosso taglio (non da 5, 10 e 20 euro); a Nosy Be sono presenti anche diversi bancomat.<\/p>\n<p>&#8211; Visto: da richiedere all&#8217;aeroporto all&#8217;arrivo in Madagascar.<\/p>\n<p>&#8211; Immersioni: bombola in alluminio S80 (11,1 l) per una sola uscita, DIN e staffa, bombole (in acciaio) da 15 l da prenotare in anticipo, portare un paio di calzini nel caso in cui le pinne siano un po&#8217; grandi e prevedere 40.000 ar se si immerge nel parco di Tanikely.<\/p>\n<p>-Nitrox: fortemente raccomandato.[\/vc_column_text][vc_empty_space height=&#8221;20px&#8221;][vc_column_text][\/vc_column_text][\/vc_column][\/vc_row][vc_row][vc_column width=&#8221;1\/3&#8243;][vc_raw_html]JTNDYSUyMGhyZWYlM0QlMjJodHRwJTNBJTJGJTJGd3d3LmRhbmV1cm9wZS5vcmclMkZ3ZWIlMkZndWVzdCUyRnJlZ2lzdHJhdGlvbiUzRnBfcF9pZCUzRHJlZ2lzdHJhdGlvbiUyNnBfcF9saWZlY3ljbGUlM0QwJTI2cF9wX21vZGUlM0R2aWV3JTI2cF9wX3N0YXRlJTNEbm9ybWFsJTI2X3JlZ2lzdHJhdGlvbl9zdHJ1dHNfYWN0aW9uJTNEJTJGZXh0JTJGcmVnaXN0cmF0aW9uJTJGd2l6YXJkJTI2X3JlZ2lzdHJhdGlvbl9wcm9jZXNzVHlwZSUzRDIlMjZfcmVnaXN0cmF0aW9uX3BhcnRuZXJDb2RlJTNENjk0NDElMjIlMjB0YXJnZXQlM0QlMjJfYmxhbmslMjIlM0UlM0NpbWclMjBzcmMlM0QlMjJodHRwJTNBJTJGJTJGd3d3LmRhbmV1cm9wZS5vcmclMkZpbWFnZSUyRmltYWdlX2dhbGxlcnklM0Z1dWlkJTNEYjEzMjdlNTMtMjYyMC00ZjY1LWIwMDgtZDllYTRjZDk0YmYyJTI2Z3JvdXBJZCUzRDEwMTAzJTI2dCUzRDEyNzI2Mzk5NTIzMDUlMjIlMjAlMkYlM0UlM0MlMkZhJTNF[\/vc_raw_html][vc_column_text]<a href=\"https:\/\/www.daneurope.org\/en\/buy-dive-insurance#!\/partnerCode=69441\" target=\"_blank\" rel=\"noopener\"><img src=\"https:\/\/scubanosybe.com\/wp-content\/uploads\/2021\/06\/DAN-logo.png\" \/><\/a>[\/vc_column_text][\/vc_column][vc_column width=&#8221;1\/3&#8243;][\/vc_column][vc_column width=&#8221;1\/3&#8243;][\/vc_column][\/vc_row][vc_row][vc_column][vc_column_text][\/vc_column_text][\/vc_column][\/vc_row][vc_row][vc_column][vc_empty_space][\/vc_column][\/vc_row]<\/p>","protected":false},"excerpt":{"rendered":"<p>[\/vc_column_text][\/vc_column][\/vc_row][vc_row][vc_column][vc_column_text][\/vc_column_text][\/vc_column][\/vc_row][vc_row row_type=&#8221;parallax&#8221;][vc_column][rev_slider_vc alias=&#8221;home-slider-it&#8221;][\/vc_column][\/vc_row][vc_row css=&#8221;.vc_custom_1495610156279{margin-top: 10px !important;padding-bottom: 60px !important;}&#8221;][vc_column width=&#8221;1\/4&#8243;][vc_single_image image=&#8221;2151&#8243; img_size=&#8221;large&#8221; style=&#8221;vc_box_border&#8221; onclick=&#8221;link_image&#8221;][\/vc_column][vc_column width=&#8221;1\/4&#8243;][vc_single_image image=&#8221;2155&#8243; img_size=&#8221;large&#8221; style=&#8221;vc_box_border&#8221; onclick=&#8221;link_image&#8221;][\/vc_column][vc_column width=&#8221;1\/4&#8243;][vc_single_image image=&#8221;2047&#8243; img_size=&#8221;large&#8221; style=&#8221;vc_box_border&#8221; onclick=&#8221;link_image&#8221;][\/vc_column][vc_column width=&#8221;1\/4&#8243;][vc_single_image image=&#8221;2157&#8243; img_size=&#8221;large&#8221; style=&#8221;vc_box_border&#8221; onclick=&#8221;link_image&#8221;][\/vc_column][\/vc_row][vc_row css=&#8221;.vc_custom_1495610427607{padding-bottom: 60px !important;}&#8221;][vc_column width=&#8221;2\/3&#8243;][vc_row_inner][vc_column_inner][vc_custom_heading text=&#8221;Il solo centro immersioni a Madagascar che :&#8221; use_theme_fonts=&#8221;yes&#8221;][swimmingpool_icon_text_left textnoborder_left=&#8221;noborder&#8221; iconsmall_left=&#8221;small&#8221; icon_text_left=&#8221;fa-minus&#8221;]Perch\u00e9 scegliere Scuba Nosy Be? &nbsp; &#8211; Molto importante: 4 piccole imbarcazioni, quindi potenzialmente 4 diverse destinazioni tra cui scegliere ogni giorno. &#8211; Con il nostro \u201cpacchetto isole\u201d potrete immergervi per 5 giorni e scoprire 4 o 5 isole diverse, con la possibilit\u00e0 di pranzare sul posto (minimo 6 subacquei), attenzione: Nosy Komba, spesso scarsa visibilit\u00e0. &#8211; &hellip; <a href=\"https:\/\/scubanosybe.com\/it\/\">Continued<\/a><\/p>\n","protected":false},"author":4,"featured_media":0,"parent":0,"menu_order":0,"comment_status":"closed","ping_status":"closed","template":"page-fullwidth.php","meta":[],"_links":{"self":[{"href":"https:\/\/scubanosybe.com\/it\/wp-json\/wp\/v2\/pages\/30"}],"collection":[{"href":"https:\/\/scubanosybe.com\/it\/wp-json\/wp\/v2\/pages"}],"about":[{"href":"https:\/\/scubanosybe.com\/it\/wp-json\/wp\/v2\/types\/page"}],"author":[{"embeddable":true,"href":"https:\/\/scubanosybe.com\/it\/wp-json\/wp\/v2\/users\/4"}],"replies":[{"embeddable":true,"href":"https:\/\/scubanosybe.com\/it\/wp-json\/wp\/v2\/comments?post=30"}],"version-history":[{"count":324,"href":"https:\/\/scubanosybe.com\/it\/wp-json\/wp\/v2\/pages\/30\/revisions"}],"predecessor-version":[{"id":5671,"href":"https:\/\/scubanosybe.com\/it\/wp-json\/wp\/v2\/pages\/30\/revisions\/5671"}],"wp:attachment":[{"href":"https:\/\/scubanosybe.com\/it\/wp-json\/wp\/v2\/media?parent=30"}],"curies":[{"name":"wp","href":"https:\/\/api.w.org\/{rel}","templated":true}]}}