{"id":3826,"date":"2021-12-26T16:12:42","date_gmt":"2021-12-26T13:12:42","guid":{"rendered":"https:\/\/scubanosybe.com\/?page_id=3826"},"modified":"2025-01-04T12:28:15","modified_gmt":"2025-01-04T09:28:15","slug":"sejour-a-nosy-lava","status":"publish","type":"page","link":"https:\/\/scubanosybe.com\/it\/sejour-a-nosy-lava\/","title":{"rendered":"S\u00e9jour \u00e0 Nosy Lava"},"content":{"rendered":"<p>[vc_row][vc_column][vc_custom_heading text=&#8221;Immersione nell&#8217;isola di Nosy Lava (Madagascar), a 155 km da Nosy Be&#8221; font_container=&#8221;tag:h2|text_align:center&#8221;][vc_column_text][\/vc_column_text][\/vc_column][\/vc_row][vc_row][vc_column][vc_column_text]<\/p>\n<p style=\"text-align: center;\">In campeggio selvaggio esclusivamente.<\/p>\n<p>L&#8217;immersione a Nosy Lava \u00e8 il capo del mondo!! A 185 km da Nosy Be, lontano da tutto, poco pescato, molto poco frequentato, siti vari, stupendi precipizi nella parte sud-ovest, precipizi vertiginosi (da -20 a -400 m!), precipizi molto frastagliati (canyon, archi, cavit\u00e0&#8230;) con pelagici. L&#8217;altra parte, nord-ovest, ha precipizi meno vertiginosi ma molto ricchi di pesce. L&#8217;unico difetto \u00e8 che gli squali non hanno mai visto subacquei, quindi rimangono a distanza; con l&#8217;utilizzo di riciclatori \u00e8 un festival di squali (squalo grigio, squalo bulldog, squalo punta bianca), fauna varia: razze pastinaca, aquile, mobula, mante, tonni, tazar, barracuda, carangidi&#8230; e piccoli!!<\/p>\n<p>L&#8217;isola \u00e8 una ex colonia penale, ci sono ancora 3 ex deportati che, alla chiusura di questa, non hanno saputo dove andare!!<\/p>\n<p>Consiglio: A Nosy Lava, \u00e8 consigliabile immergersi durante l&#8217;alta marea, ci sono molti pi\u00f9 pesci, la differenza tra l&#8217;alta e bassa marea \u00e8 evidente.[\/vc_column_text][vc_empty_space][\/vc_column][\/vc_row][vc_row][vc_column width=&#8221;1\/3&#8243;][vc_single_image image=&#8221;3976&#8243; img_size=&#8221;full&#8221; style=&#8221;vc_box_border&#8221; onclick=&#8221;link_image&#8221; css_animation=&#8221;flipInY&#8221;][\/vc_column][vc_column width=&#8221;1\/3&#8243;][vc_single_image image=&#8221;4501&#8243; img_size=&#8221;full&#8221; style=&#8221;vc_box_border&#8221; onclick=&#8221;link_image&#8221; css_animation=&#8221;flipInY&#8221;][\/vc_column][vc_column width=&#8221;1\/3&#8243;][vc_single_image image=&#8221;4009&#8243; img_size=&#8221;full&#8221; style=&#8221;vc_box_border&#8221; onclick=&#8221;link_image&#8221; css_animation=&#8221;flipInY&#8221;][\/vc_column][\/vc_row][vc_row][vc_column][vc_empty_space][\/vc_column][\/vc_row][vc_row][vc_column width=&#8221;1\/4&#8243;][vc_single_image image=&#8221;2327&#8243; img_size=&#8221;full&#8221; style=&#8221;vc_box_border&#8221; onclick=&#8221;link_image&#8221; css_animation=&#8221;flipInY&#8221;][\/vc_column][vc_column width=&#8221;1\/4&#8243;][vc_single_image image=&#8221;4502&#8243; img_size=&#8221;full&#8221; style=&#8221;vc_box_border&#8221; onclick=&#8221;link_image&#8221; css_animation=&#8221;flipInY&#8221;][\/vc_column][vc_column width=&#8221;1\/4&#8243;][vc_single_image image=&#8221;4503&#8243; img_size=&#8221;full&#8221; style=&#8221;vc_box_border&#8221; onclick=&#8221;link_image&#8221; css_animation=&#8221;flipInY&#8221;][\/vc_column][vc_column width=&#8221;1\/4&#8243;][vc_single_image image=&#8221;4389&#8243; img_size=&#8221;full&#8221; style=&#8221;vc_box_border&#8221; onclick=&#8221;link_image&#8221; css_animation=&#8221;flipInY&#8221;][\/vc_column][\/vc_row][vc_row][vc_column][vc_empty_space][\/vc_column][\/vc_row][vc_row][vc_column][vc_column_text]Stagione: marzo-aprile-maggio-ottobre-novembre-dicembre.<\/p>\n<p>Vi proponiamo di immergervi nell&#8217;isola di Nosy Lava, abbiamo scelto di non farlo in crociera, per diverse ragioni:<\/p>\n<p>La velocit\u00e0 della barca, partenza da Nosy Be, 1 immersione lungo la rotta e arrivo la sera a Nosy Lava (partenza alle 6:00). Il secondo giorno (e non il quarto), sarete gi\u00e0 immersi nei luoghi intorno a Nosy Lava, sono gi\u00e0 2 giorni guadagnati! E lo stesso vale per il ritorno. \u00c8 possibile fare brevi soggiorni anche se \u00e8 lontano: 4 giorni 3 notti!! Possibile solo con una barca veloce come la nostra[\/vc_column_text][vc_empty_space][\/vc_column][\/vc_row][vc_row][vc_column][vc_custom_heading text=&#8221;Bivacco a Nosy Lava (unica opzione disponibile)&#8221;][\/vc_column][\/vc_row][vc_row][vc_column width=&#8221;2\/3&#8243;][vc_empty_space][vc_column_text]<strong>Rates :<\/strong><\/p>\n<table style=\"height: 59px;\" width=\"613\">\n<tbody>\n<tr>\n<td width=\"121\">Length of stay<\/td>\n<td width=\"121\">4 days 3 nuits<\/td>\n<td width=\"121\">5 days 4 nights<\/td>\n<td width=\"121\">6 days 5 nights<\/td>\n<td width=\"121\">7 days 6 nights<\/td>\n<\/tr>\n<tr>\n<td width=\"121\">Rates<\/td>\n<td width=\"121\">\u00a0\u00a0\u00a0\u00a0\u00a0\u00a0 830\u00a0 \u20ac<\/td>\n<td width=\"121\">\u00a0\u00a0\u00a0\u00a0\u00a0 980\u00a0 \u20ac<\/td>\n<td width=\"121\">\u00a0\u00a0\u00a0\u00a0\u00a0\u00a0\u00a0 1115\u00a0 \u20ac<\/td>\n<td width=\"121\">&nbsp;<\/p>\n<p>1265 \u20ac<\/p>\n<p>&nbsp;<\/td>\n<\/tr>\n<\/tbody>\n<\/table>\n<p>[\/vc_column_text][\/vc_column][vc_column width=&#8221;1\/3&#8243;][vc_single_image image=&#8221;3972&#8243; img_size=&#8221;full&#8221; style=&#8221;vc_box_border&#8221; onclick=&#8221;link_image&#8221; css_animation=&#8221;flipInY&#8221;][\/vc_column][\/vc_row][vc_row][vc_column][vc_empty_space][\/vc_column][\/vc_row][vc_row][vc_column width=&#8221;1\/3&#8243;][vc_single_image image=&#8221;4386&#8243; img_size=&#8221;full&#8221; style=&#8221;vc_box_border&#8221; onclick=&#8221;link_image&#8221; css_animation=&#8221;flipInY&#8221;][\/vc_column][vc_column width=&#8221;1\/3&#8243;][vc_single_image image=&#8221;4017&#8243; img_size=&#8221;full&#8221; style=&#8221;vc_box_border&#8221; onclick=&#8221;link_image&#8221; css_animation=&#8221;flipInY&#8221;][\/vc_column][vc_column width=&#8221;1\/3&#8243;][vc_single_image image=&#8221;4385&#8243; img_size=&#8221;full&#8221; style=&#8221;vc_box_border&#8221; onclick=&#8221;link_image&#8221; css_animation=&#8221;flipInY&#8221;][\/vc_column][\/vc_row][vc_row][vc_column][vc_column_text][\/vc_column_text][\/vc_column][\/vc_row][vc_row][vc_column][vc_column_text][\/vc_column_text][\/vc_column][\/vc_row]<\/p>","protected":false},"excerpt":{"rendered":"<p>[vc_row][vc_column][vc_custom_heading text=&#8221;Immersione nell&#8217;isola di Nosy Lava (Madagascar), a 155 km da Nosy Be&#8221; font_container=&#8221;tag:h2|text_align:center&#8221;][vc_column_text][\/vc_column_text][\/vc_column][\/vc_row][vc_row][vc_column][vc_column_text] In campeggio selvaggio esclusivamente. L&#8217;immersione a Nosy Lava \u00e8 il capo del mondo!! A 185 km da Nosy Be, lontano da tutto, poco pescato, molto poco frequentato, siti vari, stupendi precipizi nella parte sud-ovest, precipizi vertiginosi (da -20 a -400 m!), precipizi molto frastagliati (canyon, archi, cavit\u00e0&#8230;) con pelagici. L&#8217;altra parte, nord-ovest, ha precipizi meno vertiginosi ma molto ricchi di pesce. L&#8217;unico difetto \u00e8 che gli squali non hanno mai visto subacquei, quindi rimangono a distanza; con l&#8217;utilizzo di riciclatori \u00e8 un festival di squali (squalo &hellip; <a href=\"https:\/\/scubanosybe.com\/it\/sejour-a-nosy-lava\/\">Continued<\/a><\/p>\n","protected":false},"author":4,"featured_media":0,"parent":0,"menu_order":0,"comment_status":"closed","ping_status":"closed","template":"","meta":[],"_links":{"self":[{"href":"https:\/\/scubanosybe.com\/it\/wp-json\/wp\/v2\/pages\/3826"}],"collection":[{"href":"https:\/\/scubanosybe.com\/it\/wp-json\/wp\/v2\/pages"}],"about":[{"href":"https:\/\/scubanosybe.com\/it\/wp-json\/wp\/v2\/types\/page"}],"author":[{"embeddable":true,"href":"https:\/\/scubanosybe.com\/it\/wp-json\/wp\/v2\/users\/4"}],"replies":[{"embeddable":true,"href":"https:\/\/scubanosybe.com\/it\/wp-json\/wp\/v2\/comments?post=3826"}],"version-history":[{"count":54,"href":"https:\/\/scubanosybe.com\/it\/wp-json\/wp\/v2\/pages\/3826\/revisions"}],"predecessor-version":[{"id":5578,"href":"https:\/\/scubanosybe.com\/it\/wp-json\/wp\/v2\/pages\/3826\/revisions\/5578"}],"wp:attachment":[{"href":"https:\/\/scubanosybe.com\/it\/wp-json\/wp\/v2\/media?parent=3826"}],"curies":[{"name":"wp","href":"https:\/\/api.w.org\/{rel}","templated":true}]}}