{"id":3829,"date":"2021-12-26T16:26:11","date_gmt":"2021-12-26T13:26:11","guid":{"rendered":"https:\/\/scubanosybe.com\/?page_id=3829"},"modified":"2025-01-04T13:19:36","modified_gmt":"2025-01-04T10:19:36","slug":"sejour-aux-mitsio","status":"publish","type":"page","link":"https:\/\/scubanosybe.com\/it\/sejour-aux-mitsio\/","title":{"rendered":"S\u00e9jour aux Mitsio"},"content":{"rendered":"<p>[vc_row][vc_column][vc_column_text][\/vc_column_text][\/vc_column][\/vc_row][vc_row][vc_column][vc_custom_heading text=&#8221;Immersioni alle Mitsio (Madagascar), in un hotel di charme o in campeggio selvaggio.&#8221; font_container=&#8221;tag:h2|text_align:center&#8221;][\/vc_column][\/vc_row][vc_row][vc_column][vc_column_text]Le immersioni alle Mitsio: Radama e Mitsio sono le due destinazioni pi\u00f9 popolari per le crociere subacquee. Mitsio offre immersioni varie, come &#8220;i fratelli&#8221;: molto pescose, colorate e ricche di coralli, o il banco del piccolo castoro, un sito al largo con pi\u00f9 predatori e pelagici, e splendidi campi di gorgonie.<\/p>\n<p>Per riassumere, direi che le Mitsio sono pi\u00f9 colorate, pi\u00f9 coralline, ma con meno grandi pesci.<\/p>\n<p>Stagione: marzo-aprile-maggio-ottobre-novembre-dicembre.[\/vc_column_text][vc_empty_space][\/vc_column][\/vc_row][vc_row][vc_column][vc_empty_space][vc_custom_heading text=&#8221;Stay on the Mitsio islands at Mitsio paradise hotel&#8221; font_container=&#8221;tag:h2|text_align:center&#8221;][vc_column_text]<\/p>\n<h2 style=\"text-align: center;\"><\/h2>\n<p>[\/vc_column_text][\/vc_column][\/vc_row][vc_row][vc_column][vc_empty_space][\/vc_column][\/vc_row][vc_row][vc_column width=&#8221;1\/4&#8243;][vc_single_image image=&#8221;4228&#8243; img_size=&#8221;full&#8221; onclick=&#8221;link_image&#8221;][\/vc_column][vc_column width=&#8221;1\/4&#8243;][vc_single_image image=&#8221;4230&#8243; img_size=&#8221;full&#8221; onclick=&#8221;link_image&#8221;][\/vc_column][vc_column width=&#8221;1\/4&#8243;][vc_single_image image=&#8221;4229&#8243; img_size=&#8221;full&#8221; onclick=&#8221;link_image&#8221;][\/vc_column][vc_column width=&#8221;1\/4&#8243;][vc_single_image image=&#8221;4227&#8243; img_size=&#8221;full&#8221; onclick=&#8221;link_image&#8221;][\/vc_column][\/vc_row][vc_row][vc_column][vc_empty_space][\/vc_column][\/vc_row][vc_row][vc_column width=&#8221;1\/3&#8243;][vc_single_image image=&#8221;4224&#8243; img_size=&#8221;full&#8221; onclick=&#8221;link_image&#8221;][\/vc_column][vc_column width=&#8221;1\/3&#8243;][vc_single_image image=&#8221;4223&#8243; img_size=&#8221;full&#8221; onclick=&#8221;link_image&#8221;][\/vc_column][vc_column width=&#8221;1\/3&#8243;][vc_single_image image=&#8221;3837&#8243; img_size=&#8221;full&#8221; onclick=&#8221;link_image&#8221;][\/vc_column][\/vc_row][vc_row][vc_column][vc_empty_space][\/vc_column][\/vc_row][vc_row][vc_column width=&#8221;5\/6&#8243;][vc_column_text]<\/p>\n<div class=\"vc_row wpb_row vc_row-fluid\">\n<div class=\"vc_container\">\n<div class=\"wpb_column vc_column_container vc_col-sm-12\">\n<div class=\"vc_column-inner \">\n<div class=\"wpb_wrapper\">\n<div class=\"vc_empty_space\"><\/div>\n<\/div>\n<\/div>\n<\/div>\n<\/div>\n<\/div>\n<div class=\"vc_row wpb_row vc_row-fluid\">\n<div class=\"vc_container\">\n<div class=\"wpb_column vc_column_container vc_col-sm-2\">\n<div class=\"vc_column-inner \">\n<div class=\"wpb_wrapper\"><\/div>\n<\/div>\n<\/div>\n<div class=\"wpb_column vc_column_container vc_col-sm-8\">\n<div class=\"vc_column-inner \">\n<div class=\"wpb_wrapper\">\n<div class=\"wpb_text_column wpb_content_element \">\n<div class=\"wpb_wrapper\">\n<table width=\"0\">\n<tbody>\n<tr>\n<td width=\"120\">Length of stay<\/td>\n<td width=\"117\">3 days 4 nights<\/td>\n<td width=\"116\">4 days 5 nights<\/td>\n<td width=\"116\">5 days 6 nights<\/td>\n<td width=\"117\">6 days 7 nights<\/td>\n<\/tr>\n<tr>\n<td width=\"120\">Rates<\/td>\n<td width=\"117\">\u00a0865 \u20ac<\/td>\n<td width=\"116\">980 \u20ac<\/td>\n<td width=\"116\">1205 \u20ac<\/td>\n<td width=\"117\">1385 \u20ac<\/td>\n<\/tr>\n<\/tbody>\n<\/table>\n<\/div>\n<\/div>\n<\/div>\n<\/div>\n<\/div>\n<\/div>\n<\/div>\n<p>[\/vc_column_text][\/vc_column][vc_column width=&#8221;1\/6&#8243;][\/vc_column][\/vc_row][vc_row][vc_column width=&#8221;2\/3&#8243;][vc_empty_space][vc_custom_heading text=&#8221;Stay on the Mitsio islands, and camp out at the bivouac site&#8221; font_container=&#8221;tag:h2|text_align:center&#8221;][vc_column_text]Bivouac camping on the Mitsio islands: dives, meals on the boat, walks in the interior of the island, campfire on the beach[\/vc_column_text][vc_column_text]<\/p>\n<table style=\"height: 67px;\" width=\"611\">\n<tbody>\n<tr>\n<td width=\"112\">\n<p style=\"text-align: center;\">Length of stay<\/p>\n<\/td>\n<td style=\"text-align: center;\" width=\"112\">4 days 3 nights<\/td>\n<td style=\"text-align: center;\" width=\"112\">5 days 4 nights<\/td>\n<td style=\"text-align: center;\" width=\"112\">6 days 5 nights<\/td>\n<td style=\"text-align: center;\" width=\"112\">7 days 6 nights<\/td>\n<\/tr>\n<tr>\n<td style=\"text-align: center;\" width=\"112\">Rates<\/td>\n<td style=\"text-align: center;\" width=\"112\">735 \u20ac<\/td>\n<td style=\"text-align: center;\" width=\"112\">895 \u20ac<\/td>\n<td style=\"text-align: center;\" width=\"112\">1055\u00a0 \u20ac<\/td>\n<td width=\"112\">\n<p style=\"text-align: center;\">1210 \u20ac<\/p>\n<\/td>\n<\/tr>\n<\/tbody>\n<\/table>\n<p>[\/vc_column_text][vc_empty_space][\/vc_column][vc_column width=&#8221;1\/3&#8243;][vc_empty_space][vc_empty_space][vc_single_image image=&#8221;3819&#8243; img_size=&#8221;full&#8221; style=&#8221;vc_box_border&#8221; onclick=&#8221;link_image&#8221;][vc_empty_space][\/vc_column][\/vc_row][vc_row][vc_column][vc_empty_space][\/vc_column][\/vc_row][vc_row][vc_column width=&#8221;1\/3&#8243;][vc_single_image image=&#8221;4381&#8243; img_size=&#8221;full&#8221; style=&#8221;vc_box_border&#8221; border_color=&#8221;white&#8221; onclick=&#8221;link_image&#8221; css_animation=&#8221;fadeInLeft&#8221;][\/vc_column][vc_column width=&#8221;1\/3&#8243;][vc_single_image image=&#8221;4487&#8243; img_size=&#8221;full&#8221; style=&#8221;vc_box_border&#8221; border_color=&#8221;white&#8221; onclick=&#8221;link_image&#8221; css_animation=&#8221;fadeInLeft&#8221;][\/vc_column][vc_column width=&#8221;1\/3&#8243;][vc_single_image image=&#8221;4289&#8243; img_size=&#8221;full&#8221; style=&#8221;vc_box_border&#8221; border_color=&#8221;white&#8221; onclick=&#8221;link_image&#8221; css_animation=&#8221;fadeInLeft&#8221;][\/vc_column][\/vc_row][vc_row][vc_column][vc_empty_space][\/vc_column][\/vc_row][vc_row][vc_column width=&#8221;1\/4&#8243;][vc_single_image image=&#8221;4488&#8243; img_size=&#8221;full&#8221; style=&#8221;vc_box_border&#8221; border_color=&#8221;white&#8221; onclick=&#8221;link_image&#8221; css_animation=&#8221;fadeInLeft&#8221;][\/vc_column][vc_column width=&#8221;1\/4&#8243;][vc_single_image image=&#8221;4486&#8243; img_size=&#8221;full&#8221; style=&#8221;vc_box_border&#8221; border_color=&#8221;white&#8221; onclick=&#8221;link_image&#8221; css_animation=&#8221;fadeInLeft&#8221;][\/vc_column][vc_column width=&#8221;1\/4&#8243;][vc_single_image image=&#8221;4485&#8243; img_size=&#8221;full&#8221; style=&#8221;vc_box_border&#8221; border_color=&#8221;white&#8221; onclick=&#8221;link_image&#8221; css_animation=&#8221;fadeInLeft&#8221;][\/vc_column][vc_column width=&#8221;1\/4&#8243;][vc_single_image image=&#8221;4484&#8243; img_size=&#8221;full&#8221; style=&#8221;vc_box_border&#8221; border_color=&#8221;white&#8221; onclick=&#8221;link_image&#8221; css_animation=&#8221;fadeInLeft&#8221;][\/vc_column][\/vc_row][vc_row][vc_column][vc_empty_space][\/vc_column][\/vc_row][vc_row][vc_column width=&#8221;1\/2&#8243;][vc_single_image image=&#8221;4288&#8243; img_size=&#8221;full&#8221; style=&#8221;vc_box_border&#8221; border_color=&#8221;white&#8221; onclick=&#8221;link_image&#8221;][\/vc_column][vc_column width=&#8221;1\/2&#8243;][vc_single_image image=&#8221;4292&#8243; img_size=&#8221;full&#8221; style=&#8221;vc_box_border&#8221; border_color=&#8221;white&#8221; onclick=&#8221;link_image&#8221;][\/vc_column][\/vc_row][vc_row][vc_column][vc_empty_space][\/vc_column][\/vc_row][vc_row][vc_column][vc_empty_space][\/vc_column][\/vc_row][vc_row][vc_column][vc_column_text][\/vc_column_text][\/vc_column][\/vc_row]<\/p>","protected":false},"excerpt":{"rendered":"<p>[vc_row][vc_column][vc_column_text][\/vc_column_text][\/vc_column][\/vc_row][vc_row][vc_column][vc_custom_heading text=&#8221;Immersioni alle Mitsio (Madagascar), in un hotel di charme o in campeggio selvaggio.&#8221; font_container=&#8221;tag:h2|text_align:center&#8221;][\/vc_column][\/vc_row][vc_row][vc_column][vc_column_text]Le immersioni alle Mitsio: Radama e Mitsio sono le due destinazioni pi\u00f9 popolari per le crociere subacquee. Mitsio offre immersioni varie, come &#8220;i fratelli&#8221;: molto pescose, colorate e ricche di coralli, o il banco del piccolo castoro, un sito al largo con pi\u00f9 predatori e pelagici, e splendidi campi di gorgonie. Per riassumere, direi che le Mitsio sono pi\u00f9 colorate, pi\u00f9 coralline, ma con meno grandi pesci. Stagione: marzo-aprile-maggio-ottobre-novembre-dicembre.[\/vc_column_text][vc_empty_space][\/vc_column][\/vc_row][vc_row][vc_column][vc_empty_space][vc_custom_heading text=&#8221;Stay on the Mitsio islands at Mitsio paradise hotel&#8221; font_container=&#8221;tag:h2|text_align:center&#8221;][vc_column_text] [\/vc_column_text][\/vc_column][\/vc_row][vc_row][vc_column][vc_empty_space][\/vc_column][\/vc_row][vc_row][vc_column width=&#8221;1\/4&#8243;][vc_single_image image=&#8221;4228&#8243; img_size=&#8221;full&#8221; onclick=&#8221;link_image&#8221;][\/vc_column][vc_column width=&#8221;1\/4&#8243;][vc_single_image image=&#8221;4230&#8243; &hellip; <a href=\"https:\/\/scubanosybe.com\/it\/sejour-aux-mitsio\/\">Continued<\/a><\/p>\n","protected":false},"author":4,"featured_media":0,"parent":0,"menu_order":0,"comment_status":"closed","ping_status":"closed","template":"","meta":[],"_links":{"self":[{"href":"https:\/\/scubanosybe.com\/it\/wp-json\/wp\/v2\/pages\/3829"}],"collection":[{"href":"https:\/\/scubanosybe.com\/it\/wp-json\/wp\/v2\/pages"}],"about":[{"href":"https:\/\/scubanosybe.com\/it\/wp-json\/wp\/v2\/types\/page"}],"author":[{"embeddable":true,"href":"https:\/\/scubanosybe.com\/it\/wp-json\/wp\/v2\/users\/4"}],"replies":[{"embeddable":true,"href":"https:\/\/scubanosybe.com\/it\/wp-json\/wp\/v2\/comments?post=3829"}],"version-history":[{"count":116,"href":"https:\/\/scubanosybe.com\/it\/wp-json\/wp\/v2\/pages\/3829\/revisions"}],"predecessor-version":[{"id":5586,"href":"https:\/\/scubanosybe.com\/it\/wp-json\/wp\/v2\/pages\/3829\/revisions\/5586"}],"wp:attachment":[{"href":"https:\/\/scubanosybe.com\/it\/wp-json\/wp\/v2\/media?parent=3829"}],"curies":[{"name":"wp","href":"https:\/\/api.w.org\/{rel}","templated":true}]}}