{"id":3857,"date":"2021-12-26T16:52:08","date_gmt":"2021-12-26T13:52:08","guid":{"rendered":"https:\/\/scubanosybe.com\/?page_id=3857"},"modified":"2022-06-15T10:53:58","modified_gmt":"2022-06-15T07:53:58","slug":"bateau","status":"publish","type":"page","link":"https:\/\/scubanosybe.com\/it\/bateau\/","title":{"rendered":"Le bateau de plong\u00e9e"},"content":{"rendered":"<p>[vc_row][vc_column][vc_custom_heading text=&#8221;Le bateau de plong\u00e9e &#8221; font_container=&#8221;tag:h2|text_align:center&#8221;][\/vc_column][\/vc_row][vc_row][vc_column width=&#8221;1\/6&#8243;][\/vc_column][vc_column width=&#8221;2\/3&#8243;][vc_column_text]<\/p>\n<p>&nbsp;<\/p>\n<p>En bas de la page , une vid\u00e9o qui vous permettra de bien visualiser : le bateau , les conditions pour plonger , donc une grosse partie de votre s\u00e9jour.<\/p>\n<p style=\"text-align: justify;\">Bateau pouvant accueillir 40 plongeurs en sortie \u00e0 la journ\u00e9e ,nous limitons le nombre de plongeur \u00e0 16 si c &#8216;est un groupe ( pour que cela reste tr\u00e8s agr\u00e9able),\u00a0 et \u00e0 12 pour les plongeurs arrivant s\u00e9par\u00e9ment , le catamaran fait 15 m de long et 5 de large .<\/p>\n<p style=\"text-align: justify;\">Tr\u00e8s spacieux, beaucoup d&#8217;espace pour circuler, pour s&#8217;\u00e9quiper, et pour ce reposer (matelas)\u00a0 douche, WC, cuisine, sun deck, ascenseur manuel pour remonter le mat\u00e9riel \u2026.<\/p>\n<p style=\"text-align: justify;\">Bateau rapide, 12 n\u0153uds en\u00a0 vitesse de croisi\u00e8re.<\/p>\n<p style=\"text-align: justify;\">Bateau avec 2 compresseurs, nitrox.<\/p>\n<p style=\"text-align: justify;\">En s\u00e9curit\u00e9, 2 bouteilles oxyg\u00e8ne 50 l , le kit pour faire une RTI ( recompression th\u00e9rapeutique par immersion) m\u00e9thode Clipperton.<\/p>\n<p>[\/vc_column_text][vc_empty_space][\/vc_column][vc_column width=&#8221;1\/6&#8243;][\/vc_column][\/vc_row][vc_row][vc_column width=&#8221;1\/4&#8243;][vc_single_image image=&#8221;3637&#8243; img_size=&#8221;full&#8221; onclick=&#8221;link_image&#8221;][\/vc_column][vc_column width=&#8221;1\/4&#8243;][vc_single_image image=&#8221;3632&#8243; img_size=&#8221;full&#8221; onclick=&#8221;link_image&#8221;][\/vc_column][vc_column width=&#8221;1\/4&#8243;][vc_single_image image=&#8221;3634&#8243; img_size=&#8221;full&#8221; onclick=&#8221;link_image&#8221;][\/vc_column][vc_column width=&#8221;1\/4&#8243;][vc_single_image image=&#8221;3636&#8243; img_size=&#8221;full&#8221; onclick=&#8221;link_image&#8221;][\/vc_column][\/vc_row][vc_row][vc_column][vc_empty_space][\/vc_column][\/vc_row][vc_row][vc_column][vc_empty_space][\/vc_column][\/vc_row][vc_row][vc_column width=&#8221;1\/6&#8243;][\/vc_column][vc_column width=&#8221;2\/3&#8243;][vc_video link=&#8221;https:\/\/youtu.be\/NHBc36QdZB0&#8243;][\/vc_column][vc_column width=&#8221;1\/6&#8243;][\/vc_column][\/vc_row][vc_row][vc_column][vc_empty_space][\/vc_column][\/vc_row][vc_row][vc_column][vc_empty_space][\/vc_column][\/vc_row]<\/p>","protected":false},"excerpt":{"rendered":"<p>[vc_row][vc_column][vc_custom_heading text=&#8221;Le bateau de plong\u00e9e &#8221; font_container=&#8221;tag:h2|text_align:center&#8221;][\/vc_column][\/vc_row][vc_row][vc_column width=&#8221;1\/6&#8243;][\/vc_column][vc_column width=&#8221;2\/3&#8243;][vc_column_text] &nbsp; En bas de la page , une vid\u00e9o qui vous permettra de bien visualiser : le bateau , les conditions pour plonger , donc une grosse partie de votre s\u00e9jour. Bateau pouvant accueillir 40 plongeurs en sortie \u00e0 la journ\u00e9e ,nous limitons le nombre de plongeur \u00e0 16 si c &#8216;est un groupe ( pour que cela reste tr\u00e8s agr\u00e9able),\u00a0 et \u00e0 12 pour les plongeurs arrivant s\u00e9par\u00e9ment , le catamaran fait 15 m de long et 5 de large . Tr\u00e8s spacieux, beaucoup d&#8217;espace pour circuler, pour s&#8217;\u00e9quiper, et &hellip; <a href=\"https:\/\/scubanosybe.com\/it\/bateau\/\">Continued<\/a><\/p>\n","protected":false},"author":4,"featured_media":0,"parent":0,"menu_order":0,"comment_status":"closed","ping_status":"closed","template":"","meta":[],"_links":{"self":[{"href":"https:\/\/scubanosybe.com\/it\/wp-json\/wp\/v2\/pages\/3857"}],"collection":[{"href":"https:\/\/scubanosybe.com\/it\/wp-json\/wp\/v2\/pages"}],"about":[{"href":"https:\/\/scubanosybe.com\/it\/wp-json\/wp\/v2\/types\/page"}],"author":[{"embeddable":true,"href":"https:\/\/scubanosybe.com\/it\/wp-json\/wp\/v2\/users\/4"}],"replies":[{"embeddable":true,"href":"https:\/\/scubanosybe.com\/it\/wp-json\/wp\/v2\/comments?post=3857"}],"version-history":[{"count":19,"href":"https:\/\/scubanosybe.com\/it\/wp-json\/wp\/v2\/pages\/3857\/revisions"}],"predecessor-version":[{"id":4547,"href":"https:\/\/scubanosybe.com\/it\/wp-json\/wp\/v2\/pages\/3857\/revisions\/4547"}],"wp:attachment":[{"href":"https:\/\/scubanosybe.com\/it\/wp-json\/wp\/v2\/media?parent=3857"}],"curies":[{"name":"wp","href":"https:\/\/api.w.org\/{rel}","templated":true}]}}