{"id":1496,"date":"2017-05-15T15:34:03","date_gmt":"2017-05-15T13:34:03","guid":{"rendered":"http:\/\/192.168.100.252\/scubanosybe.com\/?page_id=1496"},"modified":"2022-01-16T11:28:31","modified_gmt":"2022-01-16T08:28:31","slug":"formations","status":"publish","type":"page","link":"https:\/\/scubanosybe.com\/pl\/formations\/","title":{"rendered":"Szkolenia CMAS"},"content":{"rendered":"<p>[vc_row css_animation=&#8221;fadeIn&#8221;][vc_column][vc_row_inner][vc_column_inner][vc_empty_space height=&#8221;15px&#8221;][vc_custom_heading text=&#8221;<strong>Szkolenia CMAS <\/strong>&#8221; font_container=&#8221;tag:h2|text_align:center&#8221; use_theme_fonts=&#8221;yes&#8221;][vc_empty_space height=&#8221;15px&#8221;][\/vc_column_inner][\/vc_row_inner][vc_row_inner][vc_column_inner width=&#8221;1\/3&#8243;][swimmingpool_icon_text_left textnoborder_left=&#8221;noborder&#8221; iconsmall_left=&#8221;small&#8221; firstline_left=&#8221;<strong>CMAS 1 : <\/strong> &#8221; icon_text_left=&#8221;fa-minus&#8221;]Pierwszy stopie\u0144 uprawniaj\u0105cy do nurkowania do 20 metr\u00f3w, licencja mi\u0119dzynarodowa wa\u017cna przez ca\u0142e \u017cycie.<\/p>\n<p style=\"text-align: justify;\">[\/swimmingpool_icon_text_left][\/vc_column_inner][vc_column_inner width=&#8221;1\/3&#8243;][swimmingpool_icon_text_left textnoborder_left=&#8221;noborder&#8221; iconsmall_left=&#8221;small&#8221; firstline_left=&#8221;<strong>CMAS 2 : <\/strong>&#8221; icon_text_left=&#8221;fa-minus&#8221;]Drugi stopie\u0144 uprawnie\u0144 umo\u017cliwiaj\u0105cy do zej\u015b\u0107 na 40 metr\u00f3w z instruktorem.<\/p>\n<p>[\/swimmingpool_icon_text_left][\/vc_column_inner][\/vc_row_inner][vc_empty_space height=&#8221;15px&#8221;][vc_row_inner][vc_column_inner width=&#8221;1\/3&#8243;][swimmingpool_icon_text_left textnoborder_left=&#8221;noborder&#8221; iconsmall_left=&#8221;small&#8221; firstline_left=&#8221;<strong>CMAS 3<\/strong> : &#8221; icon_text_left=&#8221;fa-minus&#8221;]Dive Master<br \/>\n[\/swimmingpool_icon_text_left][\/vc_column_inner][vc_column_inner width=&#8221;1\/3&#8243;][swimmingpool_icon_text_left textnoborder_left=&#8221;noborder&#8221; iconsmall_left=&#8221;small&#8221; firstline_left=&#8221; <strong>Nitrox Diver <\/strong>: &#8221; icon_text_left=&#8221;fa-minus&#8221;]Szkolenie pozwalaj\u0105ce na nurkowanie z powietrzem z wi\u0119ksz\u0105 zawarto\u015bci\u0105 tlenu ( do 40%)<br \/>\n[\/swimmingpool_icon_text_left][\/vc_column_inner][vc_column_inner width=&#8221;1\/3&#8243;][swimmingpool_icon_text_left textnoborder_left=&#8221;noborder&#8221; iconsmall_left=&#8221;small&#8221; firstline_left=&#8221; <strong>Specjalno\u015bci CMAS : <\/strong>&#8221; icon_text_left=&#8221;fa-minus&#8221;]Skontaktuj si\u0119 z nami w sprawie dost\u0119pnych specjalno\u015bci[\/swimmingpool_icon_text_left][\/vc_column_inner][\/vc_row_inner][vc_empty_space height=&#8221;200px&#8221;][\/vc_column][\/vc_row][vc_row][vc_column][vc_column_text]<\/p>\n<h1 style=\"font: 0.5px Verdana; color: #000000;\">croisi\u00e8re plong\u00e9e Nosy Be<strong>[\/vc_column_text][\/vc_column][\/vc_row][vc_row][vc_column][vc_column_text]<\/strong><\/h1>\n<p>[\/vc_column_text][\/vc_column][\/vc_row]<\/p>","protected":false},"excerpt":{"rendered":"<p>[vc_row css_animation=&#8221;fadeIn&#8221;][vc_column][vc_row_inner][vc_column_inner][vc_empty_space height=&#8221;15px&#8221;][vc_custom_heading text=&#8221;Szkolenia CMAS &#8221; font_container=&#8221;tag:h2|text_align:center&#8221; use_theme_fonts=&#8221;yes&#8221;][vc_empty_space height=&#8221;15px&#8221;][\/vc_column_inner][\/vc_row_inner][vc_row_inner][vc_column_inner width=&#8221;1\/3&#8243;][swimmingpool_icon_text_left textnoborder_left=&#8221;noborder&#8221; iconsmall_left=&#8221;small&#8221; firstline_left=&#8221;CMAS 1 : &#8221; icon_text_left=&#8221;fa-minus&#8221;]Pierwszy stopie\u0144 uprawniaj\u0105cy do nurkowania do 20 metr\u00f3w, licencja mi\u0119dzynarodowa wa\u017cna przez ca\u0142e \u017cycie. [\/swimmingpool_icon_text_left][\/vc_column_inner][vc_column_inner width=&#8221;1\/3&#8243;][swimmingpool_icon_text_left textnoborder_left=&#8221;noborder&#8221; iconsmall_left=&#8221;small&#8221; firstline_left=&#8221;CMAS 2 : &#8221; icon_text_left=&#8221;fa-minus&#8221;]Drugi stopie\u0144 uprawnie\u0144 umo\u017cliwiaj\u0105cy do zej\u015b\u0107 na 40 metr\u00f3w z instruktorem. [\/swimmingpool_icon_text_left][\/vc_column_inner][\/vc_row_inner][vc_empty_space height=&#8221;15px&#8221;][vc_row_inner][vc_column_inner width=&#8221;1\/3&#8243;][swimmingpool_icon_text_left textnoborder_left=&#8221;noborder&#8221; iconsmall_left=&#8221;small&#8221; firstline_left=&#8221;CMAS 3 : &#8221; icon_text_left=&#8221;fa-minus&#8221;]Dive Master [\/swimmingpool_icon_text_left][\/vc_column_inner][vc_column_inner width=&#8221;1\/3&#8243;][swimmingpool_icon_text_left textnoborder_left=&#8221;noborder&#8221; iconsmall_left=&#8221;small&#8221; firstline_left=&#8221; Nitrox Diver : &#8221; icon_text_left=&#8221;fa-minus&#8221;]Szkolenie pozwalaj\u0105ce na nurkowanie z powietrzem z wi\u0119ksz\u0105 zawarto\u015bci\u0105 tlenu ( do 40%) [\/swimmingpool_icon_text_left][\/vc_column_inner][vc_column_inner width=&#8221;1\/3&#8243;][swimmingpool_icon_text_left textnoborder_left=&#8221;noborder&#8221; iconsmall_left=&#8221;small&#8221; firstline_left=&#8221; Specjalno\u015bci CMAS : &#8221; icon_text_left=&#8221;fa-minus&#8221;]Skontaktuj si\u0119 z nami w sprawie dost\u0119pnych specjalno\u015bci[\/swimmingpool_icon_text_left][\/vc_column_inner][\/vc_row_inner][vc_empty_space height=&#8221;200px&#8221;][\/vc_column][\/vc_row][vc_row][vc_column][vc_column_text] &hellip; <a href=\"https:\/\/scubanosybe.com\/pl\/formations\/\">Continued<\/a><\/p>\n","protected":false},"author":4,"featured_media":0,"parent":0,"menu_order":0,"comment_status":"closed","ping_status":"closed","template":"page-fullwidth.php","meta":[],"_links":{"self":[{"href":"https:\/\/scubanosybe.com\/pl\/wp-json\/wp\/v2\/pages\/1496"}],"collection":[{"href":"https:\/\/scubanosybe.com\/pl\/wp-json\/wp\/v2\/pages"}],"about":[{"href":"https:\/\/scubanosybe.com\/pl\/wp-json\/wp\/v2\/types\/page"}],"author":[{"embeddable":true,"href":"https:\/\/scubanosybe.com\/pl\/wp-json\/wp\/v2\/users\/4"}],"replies":[{"embeddable":true,"href":"https:\/\/scubanosybe.com\/pl\/wp-json\/wp\/v2\/comments?post=1496"}],"version-history":[{"count":82,"href":"https:\/\/scubanosybe.com\/pl\/wp-json\/wp\/v2\/pages\/1496\/revisions"}],"predecessor-version":[{"id":4053,"href":"https:\/\/scubanosybe.com\/pl\/wp-json\/wp\/v2\/pages\/1496\/revisions\/4053"}],"wp:attachment":[{"href":"https:\/\/scubanosybe.com\/pl\/wp-json\/wp\/v2\/media?parent=1496"}],"curies":[{"name":"wp","href":"https:\/\/api.w.org\/{rel}","templated":true}]}}