{"id":1499,"date":"2017-05-15T15:34:57","date_gmt":"2017-05-15T13:34:57","guid":{"rendered":"http:\/\/192.168.100.252\/scubanosybe.com\/?page_id=1499"},"modified":"2025-10-14T11:39:28","modified_gmt":"2025-10-14T08:39:28","slug":"tarifs-plongee-scuba-nosybe","status":"publish","type":"page","link":"https:\/\/scubanosybe.com\/pl\/tarifs-plongee-scuba-nosybe\/","title":{"rendered":"TARIF PLONGEE EXPLORATION"},"content":{"rendered":"<p>[vc_row][vc_column][vc_empty_space height=&#8221;15px&#8221;][vc_custom_heading text=&#8221;TARIF PLONGEE EXPLORATION&#8221; font_container=&#8221;tag:h2|text_align:center&#8221;][vc_column_text]<\/p>\n<h5 style=\"text-align: center;\">OCENA NURKOWANIA<\/h5>\n<p>Darmowy transport z hotelu do naszego centrum, prosimy o wcze\u015bniejszy kontakt.<\/p>\n<p>Uwaga: Wszystkie ceny szkole\u0144 nie obejmuj\u0105 wypo\u017cyczenia sprz\u0119tu .<\/p>\n<p>Wypo\u017cyczenie sprz\u0119tu: kompletny: 5 \u20ac \/ nurkowanie lub (stab: 2 \u20ac \/ nurkowanie; pianka lub\/i PMT: 2 \u20ac \/ nurkowanie; regulator: 2 \u20ac \/ nurkowanie).[\/vc_column_text][vc_empty_space height=&#8221;15px&#8221;][vc_column_text css_animation=&#8221;fadeInUp&#8221;]<\/p>\n<table width=\"918\" cellspacing=\"1\" cellpadding=\"4\">\n<tbody>\n<tr>\n<td align=\"center\" valign=\"middle\" width=\"202\" height=\"27\"><\/td>\n<td align=\"center\" valign=\"middle\" width=\"89\">1 Nurkowanie<\/td>\n<td align=\"center\" valign=\"middle\" width=\"107\">2 Nurkowanie<\/td>\n<td align=\"center\" valign=\"middle\" width=\"77\">6 Nurkowanie<\/td>\n<td align=\"center\" valign=\"middle\" width=\"131\">10 Nurkowanie<\/td>\n<td align=\"center\" valign=\"middle\" width=\"118\">Discover Scuba<\/td>\n<td align=\"center\" valign=\"middle\" width=\"130\">Nitrox<\/td>\n<\/tr>\n<tr>\n<td align=\"center\" valign=\"middle\" height=\"27\">Cena bez ekwipunku<\/td>\n<td align=\"center\" valign=\"middle\">45 \u20ac<\/td>\n<td align=\"center\" valign=\"middle\">70 \u20ac<\/td>\n<td align=\"center\" valign=\"middle\">200 \u20ac<\/td>\n<td align=\"center\" valign=\"middle\">300 \u20ac<\/td>\n<td rowspan=\"2\" align=\"center\" valign=\"middle\">55 \u20ac<\/td>\n<td rowspan=\"2\" align=\"center\" valign=\"middle\">Dodatkowa op\u0142ata 3 euro.<\/p>\n<p>4 \u20ac = 15l<\/td>\n<\/tr>\n<tr>\n<td align=\"center\" valign=\"middle\" height=\"27\">Cena z ekwipunkiem<\/td>\n<td align=\"center\" valign=\"middle\">50 \u20ac<\/td>\n<td align=\"center\" valign=\"middle\">80 \u20ac<\/td>\n<td align=\"center\" valign=\"middle\">230 \u20ac<\/td>\n<td align=\"center\" valign=\"middle\">350 \u20ac<\/td>\n<\/tr>\n<tr>\n<td colspan=\"7\" align=\"center\" valign=\"middle\" height=\"27\">UWAGA!!!<\/td>\n<\/tr>\n<tr>\n<td colspan=\"4\" valign=\"middle\" height=\"131\">Wej\u015bcie na teren parku narodowego Nosy Tanikely kosztuje dodatkowo 40 000 AR (10 euro), nie jest to wliczone w cen\u0119 nurkowania.<\/p>\n<p>Mamy darmowe zakwaterowanie w sypialnidla os\u00f3b korzystaj\u0105cych z naszego centrum.<\/td>\n<td colspan=\"3\" align=\"center\" valign=\"middle\">\n<div align=\"left\">\n<p>&#8211; Dodatkowa op\u0142ata w wysoko\u015bci 40 \u20ac za nurka (2 nurkowania + posi\u0142ek + wst\u0119p do parku + nap\u00f3j) za Nosy Iranja (minimum 4-6 nurk\u00f3w w zale\u017cno\u015bci od sezonu). Nale\u017cy pami\u0119ta\u0107, \u017ce miejsce to znajduje si\u0119 1,5 godziny drogi \u0142odzi\u0105 od klubu nurkowego.<br \/>\n&#8211; Dodatkowa op\u0142ata w wysoko\u015bci 40 \u20ac za nurka (2 nurkowania + posi\u0142ek + park + nap\u00f3j) za Nosy Komba.<br \/>\n&#8211; Dodatkowa op\u0142ata w wysoko\u015bci 15 \u20ac za nurka (2 nurkowania + posi\u0142ek + nap\u00f3j) za Sakatia.<span class=\"Style11\"><br \/>\n<\/span><\/p>\n<\/div>\n<\/td>\n<\/tr>\n<\/tbody>\n<\/table>\n<p><i id=\"tarifpadi\">\u00a0<\/i>[\/vc_column_text][vc_empty_space height=&#8221;50px&#8221;][\/vc_column][\/vc_row][vc_row][vc_column][vc_column_text]<\/p>\n<p>[\/vc_column_text][\/vc_column][\/vc_row][vc_row][vc_column][vc_column_text][\/vc_column_text][vc_empty_space height=&#8221;15px&#8221;][vc_custom_heading text=&#8221;CENY ZA SZKOLENIA PADI&#8221; font_container=&#8221;tag:h2|text_align:center&#8221;][vc_empty_space height=&#8221;15px&#8221;][vc_column_text css_animation=&#8221;fadeInRight&#8221;]<\/p>\n<div align=\"center\"><\/div>\n<table width=\"923\" cellspacing=\"1\" cellpadding=\"0\">\n<colgroup>\n<col span=\"10\" width=\"80\" \/><\/colgroup>\n<tbody>\n<tr>\n<td align=\"center\" valign=\"middle\" width=\"74\" height=\"30\">Discover Scuba<\/td>\n<td align=\"center\" valign=\"middle\" width=\"93\">Scuba Diver<\/td>\n<td align=\"center\" valign=\"middle\" width=\"69\">Open Water Diver<\/td>\n<td align=\"center\" valign=\"middle\" width=\"84\">Adventure Diver<\/td>\n<td align=\"center\" valign=\"middle\" width=\"70\">Advanced Open water<\/td>\n<td align=\"center\" valign=\"middle\" width=\"63\">EFR<\/td>\n<td align=\"center\" valign=\"middle\" width=\"77\">Rescue<\/td>\n<td align=\"center\" valign=\"middle\" width=\"134\">15 \u00a0Specjalno\u015bci<\/td>\n<td align=\"center\" valign=\"middle\" width=\"88\">MSD<\/td>\n<\/tr>\n<tr>\n<td rowspan=\"2\" align=\"center\" valign=\"middle\" width=\"74\">55 \u20ac<\/td>\n<td align=\"center\" valign=\"middle\" width=\"93\" height=\"20\">180 \u20ac+ Certyfikat<\/td>\n<td align=\"center\" valign=\"middle\" width=\"69\">340 \u20ac + Certyfikat<\/td>\n<td align=\"center\" valign=\"middle\" width=\"84\">145\u20ac + Certyfikat<\/td>\n<td align=\"center\" valign=\"middle\" width=\"70\">280 \u20ac + Certyfikat<\/td>\n<td align=\"center\" valign=\"middle\" width=\"63\">80 \u20ac+ Certyfikat<\/td>\n<td align=\"center\" valign=\"middle\" width=\"77\">340 \u20ac + Certyfikat<\/td>\n<td align=\"center\" valign=\"middle\" width=\"134\">45 \u20ac \/dive<br \/>\n+ Certyfikat<\/td>\n<td align=\"center\" valign=\"middle\" width=\"88\">Rescue + 5 Specjalno\u015bci<\/td>\n<\/tr>\n<tr>\n<td align=\"center\" valign=\"middle\" height=\"38\">225 \u20ac<\/td>\n<td align=\"center\" valign=\"middle\">385 \u20ac<\/td>\n<td align=\"center\" valign=\"middle\">190 \u20ac<\/td>\n<td align=\"center\" valign=\"middle\">325 \u20ac<\/td>\n<td align=\"center\" valign=\"middle\">125 \u20ac<\/td>\n<td align=\"center\" valign=\"middle\">385 \u20ac<\/td>\n<td align=\"center\" valign=\"middle\"><\/td>\n<td align=\"center\" valign=\"middle\"><\/td>\n<\/tr>\n<tr>\n<td colspan=\"10\" align=\"center\" valign=\"middle\" height=\"20\"><span class=\"Style11\">Uwaga !! !!!<\/span><\/td>\n<\/tr>\n<tr>\n<td colspan=\"7\" valign=\"middle\" height=\"38\">Op\u0142ata za wej\u015bcie do Parku Narodowego 10 \u20ac (40 000 Ariary).<\/td>\n<td colspan=\"3\" align=\"center\" valign=\"middle\">\n<table>\n<tbody>\n<tr>\n<td>Darmowe zakwaterowanie w dormitorium dla os\u00f3b nurkuj\u0105cych z nami.<\/td>\n<\/tr>\n<\/tbody>\n<\/table>\n<\/td>\n<\/tr>\n<\/tbody>\n<\/table>\n<p>[\/vc_column_text][vc_empty_space height=&#8221;150px&#8221;][\/vc_column][\/vc_row][vc_row][vc_column][vc_column_text]<\/p>\n<h1 style=\"font: 0.5px Verdana; color: #000000;\">site de plong\u00e9e Nosy Be<\/h1>\n<p>[\/vc_column_text][\/vc_column][\/vc_row][vc_row][vc_column][vc_column_text][\/vc_column_text][\/vc_column][\/vc_row][vc_row][vc_column][vc_empty_space height=&#8221;15px&#8221;][vc_custom_heading text=&#8221;TARIF PLONGEE EXPLORATION&#8221; font_container=&#8221;tag:h2|text_align:center&#8221;][vc_column_text]<\/p>\n<h5 style=\"text-align: center;\">OCENA NURKOWANIA<\/h5>\n<p>Darmowy transport z hotelu do naszego centrum, prosimy o wcze\u015bniejszy kontakt.[\/vc_column_text][vc_empty_space height=&#8221;15px&#8221;][vc_column_text css_animation=&#8221;fadeInUp&#8221;]<\/p>\n<table width=\"918\" cellspacing=\"1\" cellpadding=\"4\">\n<tbody>\n<tr>\n<td align=\"center\" valign=\"middle\" width=\"202\" height=\"27\"><\/td>\n<td align=\"center\" valign=\"middle\" width=\"89\">1 Nurkowanie<\/td>\n<td align=\"center\" valign=\"middle\" width=\"107\">2 Nurkowanie<\/td>\n<td align=\"center\" valign=\"middle\" width=\"77\">6 Nurkowanie<\/td>\n<td align=\"center\" valign=\"middle\" width=\"131\">10 Nurkowanie<\/td>\n<td align=\"center\" valign=\"middle\" width=\"118\">Discover Scuba<\/td>\n<td align=\"center\" valign=\"middle\" width=\"130\">Nitrox<\/td>\n<\/tr>\n<tr>\n<td align=\"center\" valign=\"middle\" height=\"27\">Cena bez ekwipunku<\/td>\n<td align=\"center\" valign=\"middle\">45 \u20ac<\/td>\n<td align=\"center\" valign=\"middle\">70 \u20ac<\/td>\n<td align=\"center\" valign=\"middle\">200 \u20ac<\/td>\n<td align=\"center\" valign=\"middle\">300 \u20ac<\/td>\n<td rowspan=\"2\" align=\"center\" valign=\"middle\">55 \u20ac<\/td>\n<td rowspan=\"2\" align=\"center\" valign=\"middle\">Dodatkowa op\u0142ata 8 euro.<\/td>\n<\/tr>\n<tr>\n<td align=\"center\" valign=\"middle\" height=\"27\">Cena z ekwipunkiem<\/td>\n<td align=\"center\" valign=\"middle\">50 \u20ac<\/td>\n<td align=\"center\" valign=\"middle\">76 \u20ac<\/td>\n<td align=\"center\" valign=\"middle\">218 \u20ac<\/td>\n<td align=\"center\" valign=\"middle\">330 \u20ac<\/td>\n<\/tr>\n<tr>\n<td colspan=\"7\" align=\"center\" valign=\"middle\" height=\"27\">UWAGA!!!<\/td>\n<\/tr>\n<tr>\n<td colspan=\"4\" valign=\"middle\" height=\"131\">Wej\u015bcie na teren parku narodowego Nosy Tanikely kosztuje dodatkowo 40 000 AR (10 euro), nie jest to wliczone w cen\u0119 nurkowania.<\/p>\n<p>Mamy darmowe zakwaterowanie w sypialnidla os\u00f3b korzystaj\u0105cych z naszego centrum.<\/td>\n<td colspan=\"3\" align=\"center\" valign=\"middle\">\n<div align=\"left\">\n<p>\u00a0&#8211; P\u0142ywamy r\u00f3wnie\u017c na wysp\u0119 Nosy Iranja. Dodatkowa op\u0142ata 35 euro. Minimum 4 osoby.<\/p>\n<p><span class=\"Style11\">&#8211; Wyspa Nosy Komba dodatkowo 15 euro.<br \/>\n<\/span><\/p>\n<\/div>\n<\/td>\n<\/tr>\n<\/tbody>\n<\/table>\n<p><i id=\"tarifpadi\">\u00a0<\/i>[\/vc_column_text][vc_empty_space height=&#8221;50px&#8221;][\/vc_column][\/vc_row][vc_row][vc_column][vc_column_text]<\/p>\n<p>[\/vc_column_text][\/vc_column][\/vc_row][vc_row][vc_column][vc_column_text][\/vc_column_text][vc_empty_space height=&#8221;15px&#8221;][vc_custom_heading text=&#8221;CENY ZA SZKOLENIA PADI&#8221; font_container=&#8221;tag:h2|text_align:center&#8221;][vc_empty_space height=&#8221;15px&#8221;][vc_column_text css_animation=&#8221;fadeInRight&#8221;]<\/p>\n<div align=\"center\"><\/div>\n<table width=\"923\" cellspacing=\"1\" cellpadding=\"0\">\n<colgroup>\n<col span=\"10\" width=\"80\" \/><\/colgroup>\n<tbody>\n<tr>\n<td align=\"center\" valign=\"middle\" width=\"74\" height=\"30\">Discover Scuba<\/td>\n<td align=\"center\" valign=\"middle\" width=\"93\">Scuba Diver<\/td>\n<td align=\"center\" valign=\"middle\" width=\"69\">Open Water Diver<\/td>\n<td align=\"center\" valign=\"middle\" width=\"84\">Adventure Diver<\/td>\n<td align=\"center\" valign=\"middle\" width=\"70\">Advanced Open water<\/td>\n<td align=\"center\" valign=\"middle\" width=\"63\">EFR<\/td>\n<td align=\"center\" valign=\"middle\" width=\"77\">Rescue<\/td>\n<td align=\"center\" valign=\"middle\" width=\"134\">15 \u00a0Specjalno\u015bci<\/td>\n<td align=\"center\" valign=\"middle\" width=\"88\">MSD<\/td>\n<\/tr>\n<tr>\n<td rowspan=\"2\" align=\"center\" valign=\"middle\" width=\"74\">55 \u20ac<\/td>\n<td align=\"center\" valign=\"middle\" width=\"93\" height=\"20\">180 \u20ac+ Certyfikat<\/td>\n<td align=\"center\" valign=\"middle\" width=\"69\">340 \u20ac + Certyfikat<\/td>\n<td align=\"center\" valign=\"middle\" width=\"84\">145\u20ac + Certyfikat<\/td>\n<td align=\"center\" valign=\"middle\" width=\"70\">280 \u20ac + Certyfikat<\/td>\n<td align=\"center\" valign=\"middle\" width=\"63\">80 \u20ac+ Certyfikat<\/td>\n<td align=\"center\" valign=\"middle\" width=\"77\">340 \u20ac + Certyfikat<\/td>\n<td align=\"center\" valign=\"middle\" width=\"134\">45 \u20ac \/dive<br \/>\n+ Certyfikat<\/td>\n<td align=\"center\" valign=\"middle\" width=\"88\">Rescue + 5 Specjalno\u015bci<\/td>\n<\/tr>\n<tr>\n<td align=\"center\" valign=\"middle\" height=\"38\">225 \u20ac<\/td>\n<td align=\"center\" valign=\"middle\">385 \u20ac<\/td>\n<td align=\"center\" valign=\"middle\">190 \u20ac<\/td>\n<td align=\"center\" valign=\"middle\">325 \u20ac<\/td>\n<td align=\"center\" valign=\"middle\">125 \u20ac<\/td>\n<td align=\"center\" valign=\"middle\">385 \u20ac<\/td>\n<td align=\"center\" valign=\"middle\"><\/td>\n<td align=\"center\" valign=\"middle\"><\/td>\n<\/tr>\n<tr>\n<td colspan=\"10\" align=\"center\" valign=\"middle\" height=\"20\"><span class=\"Style11\">Uwaga !! !!!<\/span><\/td>\n<\/tr>\n<tr>\n<td colspan=\"7\" valign=\"middle\" height=\"38\">Op\u0142ata za wej\u015bcie do Parku Narodowego 10 \u20ac (40 000 Ariary).<\/td>\n<td colspan=\"3\" align=\"center\" valign=\"middle\">\n<table>\n<tbody>\n<tr>\n<td>Darmowe zakwaterowanie w dormitorium dla os\u00f3b nurkuj\u0105cych z nami.<\/td>\n<\/tr>\n<\/tbody>\n<\/table>\n<\/td>\n<\/tr>\n<\/tbody>\n<\/table>\n<p>[\/vc_column_text][vc_empty_space height=&#8221;150px&#8221;][\/vc_column][\/vc_row][vc_row][vc_column][vc_column_text]<\/p>\n<h1 style=\"font: 0.5px Verdana; color: #000000;\">site de plong\u00e9e Nosy Be<\/h1>\n<p>[\/vc_column_text][\/vc_column][\/vc_row][vc_row][vc_column][vc_column_text][\/vc_column_text][\/vc_column][\/vc_row][vc_row][vc_column][vc_column_text][\/vc_column_text][\/vc_column][\/vc_row][vc_row][vc_column][vc_empty_space height=&#8221;15px&#8221;][vc_custom_heading text=&#8221;TARIF PLONGEE EXPLORATION&#8221; font_container=&#8221;tag:h2|text_align:center&#8221;][vc_column_text]<\/p>\n<h5 style=\"text-align: center;\">OCENA NURKOWANIA<\/h5>\n<p>Darmowy transport z hotelu do naszego centrum, prosimy o wcze\u015bniejszy kontakt.<\/p>\n<p>Uwaga: Wszystkie ceny szkole\u0144 nie obejmuj\u0105 wypo\u017cyczenia sprz\u0119tu .<\/p>\n<p>Wypo\u017cyczenie sprz\u0119tu: kompletny: 5 \u20ac \/ nurkowanie lub (stab: 2 \u20ac \/ nurkowanie; pianka lub\/i PMT: 2 \u20ac \/ nurkowanie; regulator: 2 \u20ac \/ nurkowanie).[\/vc_column_text][vc_empty_space height=&#8221;15px&#8221;][vc_column_text css_animation=&#8221;fadeInUp&#8221;]<\/p>\n<table width=\"918\" cellspacing=\"1\" cellpadding=\"4\">\n<tbody>\n<tr>\n<td align=\"center\" valign=\"middle\" width=\"202\" height=\"27\"><\/td>\n<td align=\"center\" valign=\"middle\" width=\"89\">1 Nurkowanie<\/td>\n<td align=\"center\" valign=\"middle\" width=\"107\">2 Nurkowanie<\/td>\n<td align=\"center\" valign=\"middle\" width=\"77\">6 Nurkowanie<\/td>\n<td align=\"center\" valign=\"middle\" width=\"131\">10 Nurkowanie<\/td>\n<td align=\"center\" valign=\"middle\" width=\"118\">Discover Scuba<\/td>\n<td align=\"center\" valign=\"middle\" width=\"130\">Nitrox<\/td>\n<\/tr>\n<tr>\n<td align=\"center\" valign=\"middle\" height=\"27\">Cena bez ekwipunku<\/td>\n<td align=\"center\" valign=\"middle\">45 \u20ac<\/td>\n<td align=\"center\" valign=\"middle\">70 \u20ac<\/td>\n<td align=\"center\" valign=\"middle\">200 \u20ac<\/td>\n<td align=\"center\" valign=\"middle\">300 \u20ac<\/td>\n<td rowspan=\"2\" align=\"center\" valign=\"middle\">55 \u20ac<\/td>\n<td rowspan=\"2\" align=\"center\" valign=\"middle\">Dodatkowa op\u0142ata 8 euro.<\/td>\n<\/tr>\n<tr>\n<td align=\"center\" valign=\"middle\" height=\"27\">Cena z ekwipunkiem<\/td>\n<td align=\"center\" valign=\"middle\">50 \u20ac<\/td>\n<td align=\"center\" valign=\"middle\">80 \u20ac<\/td>\n<td align=\"center\" valign=\"middle\">230 \u20ac<\/td>\n<td align=\"center\" valign=\"middle\">350 \u20ac<\/td>\n<\/tr>\n<tr>\n<td colspan=\"7\" align=\"center\" valign=\"middle\" height=\"27\">UWAGA!!!<\/td>\n<\/tr>\n<tr>\n<td colspan=\"4\" valign=\"middle\" height=\"131\">Wej\u015bcie na teren parku narodowego Nosy Tanikely kosztuje dodatkowo 40 000 AR (10 euro), nie jest to wliczone w cen\u0119 nurkowania.<\/p>\n<p>Mamy darmowe zakwaterowanie w sypialnidla os\u00f3b korzystaj\u0105cych z naszego centrum.<\/td>\n<td colspan=\"3\" align=\"center\" valign=\"middle\">\n<div align=\"left\">\n<p>\u00a0&#8211; P\u0142ywamy r\u00f3wnie\u017c na wysp\u0119 Nosy Iranja. Dodatkowa op\u0142ata 40 euro. Minimum 4 osoby.<\/p>\n<p><span class=\"Style11\">&#8211; Wyspa Nosy Komba dodatkowo 35 euro.<br \/>\n<\/span><\/p>\n<\/div>\n<\/td>\n<\/tr>\n<\/tbody>\n<\/table>\n<p><i id=\"tarifpadi\">\u00a0<\/i>[\/vc_column_text][vc_empty_space height=&#8221;50px&#8221;][\/vc_column][\/vc_row][vc_row][vc_column][vc_column_text]<\/p>\n<p>[\/vc_column_text][\/vc_column][\/vc_row][vc_row][vc_column][vc_column_text][\/vc_column_text][vc_empty_space height=&#8221;15px&#8221;][vc_custom_heading text=&#8221;CENY ZA SZKOLENIA PADI&#8221; font_container=&#8221;tag:h2|text_align:center&#8221;][vc_empty_space height=&#8221;15px&#8221;][vc_column_text css_animation=&#8221;fadeInRight&#8221;]<\/p>\n<div align=\"center\"><\/div>\n<table width=\"923\" cellspacing=\"1\" cellpadding=\"0\">\n<colgroup>\n<col span=\"10\" width=\"80\" \/><\/colgroup>\n<tbody>\n<tr>\n<td align=\"center\" valign=\"middle\" width=\"74\" height=\"30\">Discover Scuba<\/td>\n<td align=\"center\" valign=\"middle\" width=\"93\">Scuba Diver<\/td>\n<td align=\"center\" valign=\"middle\" width=\"69\">Open Water Diver<\/td>\n<td align=\"center\" valign=\"middle\" width=\"84\">Adventure Diver<\/td>\n<td align=\"center\" valign=\"middle\" width=\"70\">Advanced Open water<\/td>\n<td align=\"center\" valign=\"middle\" width=\"63\">EFR<\/td>\n<td align=\"center\" valign=\"middle\" width=\"77\">Rescue<\/td>\n<td align=\"center\" valign=\"middle\" width=\"134\">15 \u00a0Specjalno\u015bci<\/td>\n<td align=\"center\" valign=\"middle\" width=\"88\">MSD<\/td>\n<\/tr>\n<tr>\n<td rowspan=\"2\" align=\"center\" valign=\"middle\" width=\"74\">55 \u20ac<\/td>\n<td align=\"center\" valign=\"middle\" width=\"93\" height=\"20\">180 \u20ac+ Certyfikat<\/td>\n<td align=\"center\" valign=\"middle\" width=\"69\">340 \u20ac + Certyfikat<\/td>\n<td align=\"center\" valign=\"middle\" width=\"84\">145\u20ac + Certyfikat<\/td>\n<td align=\"center\" valign=\"middle\" width=\"70\">280 \u20ac + Certyfikat<\/td>\n<td align=\"center\" valign=\"middle\" width=\"63\">80 \u20ac+ Certyfikat<\/td>\n<td align=\"center\" valign=\"middle\" width=\"77\">340 \u20ac + Certyfikat<\/td>\n<td align=\"center\" valign=\"middle\" width=\"134\">45 \u20ac \/dive<br \/>\n+ Certyfikat<\/td>\n<td align=\"center\" valign=\"middle\" width=\"88\">Rescue + 5 Specjalno\u015bci<\/td>\n<\/tr>\n<tr>\n<td align=\"center\" valign=\"middle\" height=\"38\">225 \u20ac<\/td>\n<td align=\"center\" valign=\"middle\">385 \u20ac<\/td>\n<td align=\"center\" valign=\"middle\">190 \u20ac<\/td>\n<td align=\"center\" valign=\"middle\">325 \u20ac<\/td>\n<td align=\"center\" valign=\"middle\">125 \u20ac<\/td>\n<td align=\"center\" valign=\"middle\">385 \u20ac<\/td>\n<td align=\"center\" valign=\"middle\"><\/td>\n<td align=\"center\" valign=\"middle\"><\/td>\n<\/tr>\n<tr>\n<td colspan=\"10\" align=\"center\" valign=\"middle\" height=\"20\"><span class=\"Style11\">Uwaga !! !!!<\/span><\/td>\n<\/tr>\n<tr>\n<td colspan=\"7\" valign=\"middle\" height=\"38\">Op\u0142ata za wej\u015bcie do Parku Narodowego 10 \u20ac (40 000 Ariary).<\/td>\n<td colspan=\"3\" align=\"center\" valign=\"middle\">\n<table>\n<tbody>\n<tr>\n<td>Darmowe zakwaterowanie w dormitorium dla os\u00f3b nurkuj\u0105cych z nami.<\/td>\n<\/tr>\n<\/tbody>\n<\/table>\n<\/td>\n<\/tr>\n<\/tbody>\n<\/table>\n<p>[\/vc_column_text][vc_empty_space height=&#8221;150px&#8221;][\/vc_column][\/vc_row][vc_row][vc_column][vc_column_text]<\/p>\n<h1 style=\"font: 0.5px Verdana; color: #000000;\">site de plong\u00e9e Nosy Be<\/h1>\n<p>[\/vc_column_text][\/vc_column][\/vc_row][vc_row][vc_column][vc_column_text][\/vc_column_text][\/vc_column][\/vc_row][vc_row][vc_column][vc_empty_space height=&#8221;15px&#8221;][vc_custom_heading text=&#8221;TARIF PLONGEE EXPLORATION&#8221; font_container=&#8221;tag:h2|text_align:center&#8221;][vc_column_text]<\/p>\n<h5 style=\"text-align: center;\">OCENA NURKOWANIA<\/h5>\n<p>Darmowy transport z hotelu do naszego centrum, prosimy o wcze\u015bniejszy kontakt.[\/vc_column_text][vc_empty_space height=&#8221;15px&#8221;][vc_column_text css_animation=&#8221;fadeInUp&#8221;]<\/p>\n<table width=\"918\" cellspacing=\"1\" cellpadding=\"4\">\n<tbody>\n<tr>\n<td align=\"center\" valign=\"middle\" width=\"202\" height=\"27\"><\/td>\n<td align=\"center\" valign=\"middle\" width=\"89\">1 Nurkowanie<\/td>\n<td align=\"center\" valign=\"middle\" width=\"107\">2 Nurkowanie<\/td>\n<td align=\"center\" valign=\"middle\" width=\"77\">6 Nurkowanie<\/td>\n<td align=\"center\" valign=\"middle\" width=\"131\">10 Nurkowanie<\/td>\n<td align=\"center\" valign=\"middle\" width=\"118\">Discover Scuba<\/td>\n<td align=\"center\" valign=\"middle\" width=\"130\">Nitrox<\/td>\n<\/tr>\n<tr>\n<td align=\"center\" valign=\"middle\" height=\"27\">Cena bez ekwipunku<\/td>\n<td align=\"center\" valign=\"middle\">45 \u20ac<\/td>\n<td align=\"center\" valign=\"middle\">70 \u20ac<\/td>\n<td align=\"center\" valign=\"middle\">200 \u20ac<\/td>\n<td align=\"center\" valign=\"middle\">300 \u20ac<\/td>\n<td rowspan=\"2\" align=\"center\" valign=\"middle\">55 \u20ac<\/td>\n<td rowspan=\"2\" align=\"center\" valign=\"middle\">Dodatkowa op\u0142ata 8 euro.<\/td>\n<\/tr>\n<tr>\n<td align=\"center\" valign=\"middle\" height=\"27\">Cena z ekwipunkiem<\/td>\n<td align=\"center\" valign=\"middle\">50 \u20ac<\/td>\n<td align=\"center\" valign=\"middle\">76 \u20ac<\/td>\n<td align=\"center\" valign=\"middle\">218 \u20ac<\/td>\n<td align=\"center\" valign=\"middle\">330 \u20ac<\/td>\n<\/tr>\n<tr>\n<td colspan=\"7\" align=\"center\" valign=\"middle\" height=\"27\">UWAGA!!!<\/td>\n<\/tr>\n<tr>\n<td colspan=\"4\" valign=\"middle\" height=\"131\">Wej\u015bcie na teren parku narodowego Nosy Tanikely kosztuje dodatkowo 40 000 AR (10 euro), nie jest to wliczone w cen\u0119 nurkowania.<\/p>\n<p>Mamy darmowe zakwaterowanie w sypialnidla os\u00f3b korzystaj\u0105cych z naszego centrum.<\/td>\n<td colspan=\"3\" align=\"center\" valign=\"middle\">\n<div align=\"left\">\n<p>\u00a0&#8211; P\u0142ywamy r\u00f3wnie\u017c na wysp\u0119 Nosy Iranja. Dodatkowa op\u0142ata 35 euro. Minimum 4 osoby.<\/p>\n<p><span class=\"Style11\">&#8211; Wyspa Nosy Komba dodatkowo 15 euro.<br \/>\n<\/span><\/p>\n<\/div>\n<\/td>\n<\/tr>\n<\/tbody>\n<\/table>\n<p><i id=\"tarifpadi\">\u00a0<\/i>[\/vc_column_text][vc_empty_space height=&#8221;50px&#8221;][\/vc_column][\/vc_row][vc_row][vc_column][vc_column_text]<\/p>\n<p>[\/vc_column_text][\/vc_column][\/vc_row][vc_row][vc_column][vc_column_text][\/vc_column_text][vc_empty_space height=&#8221;15px&#8221;][vc_custom_heading text=&#8221;CENY ZA SZKOLENIA PADI&#8221; font_container=&#8221;tag:h2|text_align:center&#8221;][vc_empty_space height=&#8221;15px&#8221;][vc_column_text css_animation=&#8221;fadeInRight&#8221;]<\/p>\n<div align=\"center\"><\/div>\n<table width=\"923\" cellspacing=\"1\" cellpadding=\"0\">\n<colgroup>\n<col span=\"10\" width=\"80\" \/><\/colgroup>\n<tbody>\n<tr>\n<td align=\"center\" valign=\"middle\" width=\"74\" height=\"30\">Discover Scuba<\/td>\n<td align=\"center\" valign=\"middle\" width=\"93\">Scuba Diver<\/td>\n<td align=\"center\" valign=\"middle\" width=\"69\">Open Water Diver<\/td>\n<td align=\"center\" valign=\"middle\" width=\"84\">Adventure Diver<\/td>\n<td align=\"center\" valign=\"middle\" width=\"70\">Advanced Open water<\/td>\n<td align=\"center\" valign=\"middle\" width=\"63\">EFR<\/td>\n<td align=\"center\" valign=\"middle\" width=\"77\">Rescue<\/td>\n<td align=\"center\" valign=\"middle\" width=\"134\">15 \u00a0Specjalno\u015bci<\/td>\n<td align=\"center\" valign=\"middle\" width=\"88\">MSD<\/td>\n<\/tr>\n<tr>\n<td rowspan=\"2\" align=\"center\" valign=\"middle\" width=\"74\">55 \u20ac<\/td>\n<td align=\"center\" valign=\"middle\" width=\"93\" height=\"20\">180 \u20ac+ Certyfikat<\/td>\n<td align=\"center\" valign=\"middle\" width=\"69\">340 \u20ac + Certyfikat<\/td>\n<td align=\"center\" valign=\"middle\" width=\"84\">145\u20ac + Certyfikat<\/td>\n<td align=\"center\" valign=\"middle\" width=\"70\">280 \u20ac + Certyfikat<\/td>\n<td align=\"center\" valign=\"middle\" width=\"63\">80 \u20ac+ Certyfikat<\/td>\n<td align=\"center\" valign=\"middle\" width=\"77\">340 \u20ac + Certyfikat<\/td>\n<td align=\"center\" valign=\"middle\" width=\"134\">45 \u20ac \/dive<br \/>\n+ Certyfikat<\/td>\n<td align=\"center\" valign=\"middle\" width=\"88\">Rescue + 5 Specjalno\u015bci<\/td>\n<\/tr>\n<tr>\n<td align=\"center\" valign=\"middle\" height=\"38\">225 \u20ac<\/td>\n<td align=\"center\" valign=\"middle\">385 \u20ac<\/td>\n<td align=\"center\" valign=\"middle\">190 \u20ac<\/td>\n<td align=\"center\" valign=\"middle\">325 \u20ac<\/td>\n<td align=\"center\" valign=\"middle\">125 \u20ac<\/td>\n<td align=\"center\" valign=\"middle\">385 \u20ac<\/td>\n<td align=\"center\" valign=\"middle\"><\/td>\n<td align=\"center\" valign=\"middle\"><\/td>\n<\/tr>\n<tr>\n<td colspan=\"10\" align=\"center\" valign=\"middle\" height=\"20\"><span class=\"Style11\">Uwaga !! !!!<\/span><\/td>\n<\/tr>\n<tr>\n<td colspan=\"7\" valign=\"middle\" height=\"38\">Op\u0142ata za wej\u015bcie do Parku Narodowego 10 \u20ac (40 000 Ariary).<\/td>\n<td colspan=\"3\" align=\"center\" valign=\"middle\">\n<table>\n<tbody>\n<tr>\n<td>Darmowe zakwaterowanie w dormitorium dla os\u00f3b nurkuj\u0105cych z nami.<\/td>\n<\/tr>\n<\/tbody>\n<\/table>\n<\/td>\n<\/tr>\n<\/tbody>\n<\/table>\n<p>[\/vc_column_text][vc_empty_space height=&#8221;150px&#8221;][\/vc_column][\/vc_row][vc_row][vc_column][vc_column_text]<\/p>\n<h1 style=\"font: 0.5px Verdana; color: #000000;\">site de plong\u00e9e Nosy Be<\/h1>\n<p>[\/vc_column_text][\/vc_column][\/vc_row][vc_row][vc_column][vc_column_text][\/vc_column_text][\/vc_column][\/vc_row][vc_row][vc_column][vc_column_text][\/vc_column_text][\/vc_column][\/vc_row]<\/p>","protected":false},"excerpt":{"rendered":"<p>[vc_row][vc_column][vc_empty_space height=&#8221;15px&#8221;][vc_custom_heading text=&#8221;TARIF PLONGEE EXPLORATION&#8221; font_container=&#8221;tag:h2|text_align:center&#8221;][vc_column_text] OCENA NURKOWANIA Darmowy transport z hotelu do naszego centrum, prosimy o wcze\u015bniejszy kontakt. Uwaga: Wszystkie ceny szkole\u0144 nie obejmuj\u0105 wypo\u017cyczenia sprz\u0119tu . Wypo\u017cyczenie sprz\u0119tu: kompletny: 5 \u20ac \/ nurkowanie lub (stab: 2 \u20ac \/ nurkowanie; pianka lub\/i PMT: 2 \u20ac \/ nurkowanie; regulator: 2 \u20ac \/ nurkowanie).[\/vc_column_text][vc_empty_space height=&#8221;15px&#8221;][vc_column_text css_animation=&#8221;fadeInUp&#8221;] 1 Nurkowanie 2 Nurkowanie 6 Nurkowanie 10 Nurkowanie Discover Scuba Nitrox Cena bez ekwipunku 45 \u20ac 70 \u20ac 200 \u20ac 300 \u20ac 55 \u20ac Dodatkowa op\u0142ata 3 euro. 4 \u20ac = 15l Cena z ekwipunkiem 50 \u20ac 80 \u20ac 230 \u20ac 350 \u20ac UWAGA!!! Wej\u015bcie &hellip; <a href=\"https:\/\/scubanosybe.com\/pl\/tarifs-plongee-scuba-nosybe\/\">Continued<\/a><\/p>\n","protected":false},"author":4,"featured_media":0,"parent":0,"menu_order":0,"comment_status":"closed","ping_status":"closed","template":"page-fullwidth.php","meta":[],"_links":{"self":[{"href":"https:\/\/scubanosybe.com\/pl\/wp-json\/wp\/v2\/pages\/1499"}],"collection":[{"href":"https:\/\/scubanosybe.com\/pl\/wp-json\/wp\/v2\/pages"}],"about":[{"href":"https:\/\/scubanosybe.com\/pl\/wp-json\/wp\/v2\/types\/page"}],"author":[{"embeddable":true,"href":"https:\/\/scubanosybe.com\/pl\/wp-json\/wp\/v2\/users\/4"}],"replies":[{"embeddable":true,"href":"https:\/\/scubanosybe.com\/pl\/wp-json\/wp\/v2\/comments?post=1499"}],"version-history":[{"count":78,"href":"https:\/\/scubanosybe.com\/pl\/wp-json\/wp\/v2\/pages\/1499\/revisions"}],"predecessor-version":[{"id":5670,"href":"https:\/\/scubanosybe.com\/pl\/wp-json\/wp\/v2\/pages\/1499\/revisions\/5670"}],"wp:attachment":[{"href":"https:\/\/scubanosybe.com\/pl\/wp-json\/wp\/v2\/media?parent=1499"}],"curies":[{"name":"wp","href":"https:\/\/api.w.org\/{rel}","templated":true}]}}