{"id":1603,"date":"2017-05-16T10:01:33","date_gmt":"2017-05-16T08:01:33","guid":{"rendered":"http:\/\/192.168.100.252\/scubanosybe.com\/?page_id=1603"},"modified":"2022-01-16T11:33:08","modified_gmt":"2022-01-16T08:33:08","slug":"formations-plongeur-padi","status":"publish","type":"page","link":"https:\/\/scubanosybe.com\/pl\/formations-plongeur-padi\/","title":{"rendered":"Szkolenia PADI"},"content":{"rendered":"<p>[vc_row][vc_column][vc_column_text][\/vc_column_text][\/vc_column][\/vc_row][vc_row css_animation=&#8221;fadeIn&#8221;][vc_column][vc_row_inner][vc_column_inner][vc_empty_space height=&#8221;15px&#8221;][vc_custom_heading text=&#8221;Szkolenia PADI &#8221; font_container=&#8221;tag:h2|text_align:center&#8221; use_theme_fonts=&#8221;yes&#8221; css_animation=&#8221;bottom-to-top&#8221;][vc_empty_space height=&#8221;15px&#8221;][\/vc_column_inner][\/vc_row_inner][vc_row_inner][vc_column_inner width=&#8221;1\/3&#8243;][swimmingpool_icon_text_left textnoborder_left=&#8221;noborder&#8221; iconsmall_left=&#8221;small&#8221; css_animation=&#8221;bottom-to-top&#8221; firstline_left=&#8221;<strong>SCUBA DIVER : <\/strong> &#8221; icon_text_left=&#8221;fa-minus&#8221;]Uko\u0144czenie kursu uprawnia do zej\u015b\u0107 do 18 metr\u00f3w z instruktorem. Mi\u0119dzynarodowa licencja, wa\u017cna przez ca\u0142e \u017cycie. Jest to stopie\u0144 pomi\u0119dzy pocz\u0105tkuj\u0105cym a nurkiem Open Water.[\/swimmingpool_icon_text_left][\/vc_column_inner][vc_column_inner width=&#8221;1\/3&#8243;][swimmingpool_icon_text_left textnoborder_left=&#8221;noborder&#8221; iconsmall_left=&#8221;small&#8221; css_animation=&#8221;bottom-to-top&#8221; firstline_left=&#8221;<strong>OPEN WATER DIVER : <\/strong>&#8221; icon_text_left=&#8221;fa-minus&#8221;]<\/p>\n<p style=\"text-align: justify;\">Pierwszy stopie\u0144 uprawnie\u0144, pozwala na zej\u015bcie do 18 metr\u00f3w, jest to licencja mi\u0119dzynarodowa i do\u017cywotnia. Od tego kursu zaczynamy nasz\u0105 przygod\u0119 z nurkowaniem.<\/p>\n<p>[\/swimmingpool_icon_text_left][\/vc_column_inner][vc_column_inner width=&#8221;1\/3&#8243;][swimmingpool_icon_text_left textnoborder_left=&#8221;noborder&#8221; iconsmall_left=&#8221;small&#8221; css_animation=&#8221;bottom-to-top&#8221; firstline_left=&#8221;<strong>ADVANCED OPEN WATER : <\/strong>&#8221; icon_text_left=&#8221;fa-minus&#8221;]<\/p>\n<p style=\"text-align: justify;\">Jest to kolejny stopie\u0144 po Open Water, w trakcie szkolenia poznajemy r\u00f3\u017cne specjalno\u015b\u0107i (5). Mo\u017ce to by\u0107 nurkowanie na wraku, nocne, g\u0142\u0119binowe\u00a0 itp. Od kursanta zale\u017cy czego chce spr\u00f3bowa\u0107. Po zako\u0144czeniu szkolenia jeste\u015bmy uprawnieni do schodzenia na 30 metr\u00f3w.<\/p>\n<p>[\/swimmingpool_icon_text_left][\/vc_column_inner][\/vc_row_inner][vc_empty_space height=&#8221;15px&#8221;][vc_row_inner][vc_column_inner width=&#8221;1\/3&#8243;][swimmingpool_icon_text_left textnoborder_left=&#8221;noborder&#8221; iconsmall_left=&#8221;small&#8221; css_animation=&#8221;bottom-to-top&#8221; firstline_left=&#8221;<strong>EFR :<\/strong> : &#8221; icon_text_left=&#8221;fa-minus&#8221;]<\/p>\n<p style=\"text-align: justify;\">Szkolenie z pierwszej pomocy, wymagane je\u017celi chcemy dalej rozwija\u0107 si\u0119 jako nurek i uko\u0144czy\u0107 kurs Rescue. W trakcie kursu dowiadujemy si\u0119 jak reagowa\u0107 w r\u00f3\u017cnych sytuacjach, jak przeprowadzi\u0107 czynno\u015bci ratuj\u0105ce \u017cycie. Przydatne nie tylko w trakcie nurkowania.<\/p>\n<p>[\/swimmingpool_icon_text_left][\/vc_column_inner][vc_column_inner width=&#8221;1\/3&#8243;][swimmingpool_icon_text_left textnoborder_left=&#8221;noborder&#8221; iconsmall_left=&#8221;small&#8221; css_animation=&#8221;bottom-to-top&#8221; firstline_left=&#8221; <strong>RESCUE DIVER : <\/strong>&#8221; icon_text_left=&#8221;fa-minus&#8221;]<\/p>\n<p style=\"text-align: justify;\">Kurs ten jest kolejnym etapem na drodz\u0119 do profesjonalnego nurkowania. Kurs uczy jak ratowa\u0107 nurk\u00f3w, z jakimi zagro\u017ceniami mo\u017cemy spotka\u0107 si\u0119 pod wod\u0105, jak przeprowadza\u0107 akcje ratunkowe lub jak rozpozna\u0107 stres u r\u00f3\u017cnych os\u00f3b. Bardzo ciekawy i przydatny kurs.<\/p>\n<p>[\/swimmingpool_icon_text_left][\/vc_column_inner][vc_column_inner width=&#8221;1\/3&#8243;][swimmingpool_icon_text_left textnoborder_left=&#8221;noborder&#8221; iconsmall_left=&#8221;small&#8221; css_animation=&#8221;bottom-to-top&#8221; firstline_left=&#8221; <strong>Specjalno\u015bci :<\/strong>&#8221; icon_text_left=&#8221;fa-minus&#8221;]<\/p>\n<p style=\"text-align: justify;\">Do wybory mamy 12 r\u00f3\u017cnych specjalno\u015bci: wraki, nurkowanie nocne, nurkowanie w dryfcie itp. W razie pyta\u0144 prosimy o kontakt.<\/p>\n<p>[\/swimmingpool_icon_text_left][\/vc_column_inner][\/vc_row_inner][swimmingpool_icon_text_left textnoborder_left=&#8221;noborder&#8221; iconsmall_left=&#8221;small&#8221; css_animation=&#8221;bottom-to-top&#8221; firstline_left=&#8221;Dive Master : &#8221; icon_text_left=&#8221;fa-minus&#8221;]Jest to pierwszy stopie\u0144 profesjonalny uprawniajacy do pracy jako przewodnik grup lub osoba prowadz\u0105ca programy dsd.[\/swimmingpool_icon_text_left][vc_empty_space height=&#8221;200px&#8221;][\/vc_column][\/vc_row][vc_row][vc_column][vc_column_text]<\/p>\n<h1 style=\"font: 0.5px Verdana; color: #000000;\">croisi\u00e8re plong\u00e9e Nosy Be<strong>[\/vc_column_text][\/vc_column][\/vc_row][vc_row][vc_column][vc_column_text]<\/strong><\/h1>\n<p>[\/vc_column_text][\/vc_column][\/vc_row][vc_row][vc_column][vc_column_text][\/vc_column_text][\/vc_column][\/vc_row]<\/p>","protected":false},"excerpt":{"rendered":"<p>[vc_row][vc_column][vc_column_text][\/vc_column_text][\/vc_column][\/vc_row][vc_row css_animation=&#8221;fadeIn&#8221;][vc_column][vc_row_inner][vc_column_inner][vc_empty_space height=&#8221;15px&#8221;][vc_custom_heading text=&#8221;Szkolenia PADI &#8221; font_container=&#8221;tag:h2|text_align:center&#8221; use_theme_fonts=&#8221;yes&#8221; css_animation=&#8221;bottom-to-top&#8221;][vc_empty_space height=&#8221;15px&#8221;][\/vc_column_inner][\/vc_row_inner][vc_row_inner][vc_column_inner width=&#8221;1\/3&#8243;][swimmingpool_icon_text_left textnoborder_left=&#8221;noborder&#8221; iconsmall_left=&#8221;small&#8221; css_animation=&#8221;bottom-to-top&#8221; firstline_left=&#8221;SCUBA DIVER : &#8221; icon_text_left=&#8221;fa-minus&#8221;]Uko\u0144czenie kursu uprawnia do zej\u015b\u0107 do 18 metr\u00f3w z instruktorem. Mi\u0119dzynarodowa licencja, wa\u017cna przez ca\u0142e \u017cycie. Jest to stopie\u0144 pomi\u0119dzy pocz\u0105tkuj\u0105cym a nurkiem Open Water.[\/swimmingpool_icon_text_left][\/vc_column_inner][vc_column_inner width=&#8221;1\/3&#8243;][swimmingpool_icon_text_left textnoborder_left=&#8221;noborder&#8221; iconsmall_left=&#8221;small&#8221; css_animation=&#8221;bottom-to-top&#8221; firstline_left=&#8221;OPEN WATER DIVER : &#8221; icon_text_left=&#8221;fa-minus&#8221;] Pierwszy stopie\u0144 uprawnie\u0144, pozwala na zej\u015bcie do 18 metr\u00f3w, jest to licencja mi\u0119dzynarodowa i do\u017cywotnia. Od tego kursu zaczynamy nasz\u0105 przygod\u0119 z nurkowaniem. [\/swimmingpool_icon_text_left][\/vc_column_inner][vc_column_inner width=&#8221;1\/3&#8243;][swimmingpool_icon_text_left textnoborder_left=&#8221;noborder&#8221; iconsmall_left=&#8221;small&#8221; css_animation=&#8221;bottom-to-top&#8221; firstline_left=&#8221;ADVANCED OPEN WATER : &#8221; icon_text_left=&#8221;fa-minus&#8221;] Jest to kolejny stopie\u0144 po Open Water, w trakcie szkolenia poznajemy r\u00f3\u017cne specjalno\u015b\u0107i &hellip; <a href=\"https:\/\/scubanosybe.com\/pl\/formations-plongeur-padi\/\">Continued<\/a><\/p>\n","protected":false},"author":4,"featured_media":0,"parent":0,"menu_order":0,"comment_status":"closed","ping_status":"closed","template":"page-fullwidth.php","meta":[],"_links":{"self":[{"href":"https:\/\/scubanosybe.com\/pl\/wp-json\/wp\/v2\/pages\/1603"}],"collection":[{"href":"https:\/\/scubanosybe.com\/pl\/wp-json\/wp\/v2\/pages"}],"about":[{"href":"https:\/\/scubanosybe.com\/pl\/wp-json\/wp\/v2\/types\/page"}],"author":[{"embeddable":true,"href":"https:\/\/scubanosybe.com\/pl\/wp-json\/wp\/v2\/users\/4"}],"replies":[{"embeddable":true,"href":"https:\/\/scubanosybe.com\/pl\/wp-json\/wp\/v2\/comments?post=1603"}],"version-history":[{"count":64,"href":"https:\/\/scubanosybe.com\/pl\/wp-json\/wp\/v2\/pages\/1603\/revisions"}],"predecessor-version":[{"id":4056,"href":"https:\/\/scubanosybe.com\/pl\/wp-json\/wp\/v2\/pages\/1603\/revisions\/4056"}],"wp:attachment":[{"href":"https:\/\/scubanosybe.com\/pl\/wp-json\/wp\/v2\/media?parent=1603"}],"curies":[{"name":"wp","href":"https:\/\/api.w.org\/{rel}","templated":true}]}}