{"id":1616,"date":"2017-05-16T10:14:21","date_gmt":"2017-05-16T08:14:21","guid":{"rendered":"http:\/\/192.168.100.252\/scubanosybe.com\/?page_id=1616"},"modified":"2022-01-16T10:44:39","modified_gmt":"2022-01-16T07:44:39","slug":"formations-moniteur","status":"publish","type":"page","link":"https:\/\/scubanosybe.com\/pl\/formations-moniteur\/","title":{"rendered":"Szkolenie Instruktorskie SSI"},"content":{"rendered":"<p>[vc_row css_animation=&#8221;fadeIn&#8221;][vc_column][vc_row_inner][vc_column_inner][vc_empty_space height=&#8221;15px&#8221;][vc_custom_heading text=&#8221;Szkolenie Instruktorskie SSI &#8221; font_container=&#8221;tag:h2|text_align:center&#8221; use_theme_fonts=&#8221;yes&#8221; css_animation=&#8221;bottom-to-top&#8221;][vc_empty_space height=&#8221;15px&#8221;][vc_empty_space height=&#8221;15px&#8221;][vc_column_text]<\/p>\n<p style=\"text-align: justify;\">Przeprowadzamy szkolenia ITC w 2 formu\u0142ach. Pierwsza opcja to 11 dniowy trening po kt\u00f3rym otrzymujemy licencje instruktora. Kolejna opcj\u0105\u00a0 s\u0105 minimum 3 miesi\u0119czne praktyki dzi\u0119ki kt\u00f3rym mo\u017cna zrobi\u0107 kurs za darmo (+op\u0142aty do SSI). W trakcie praktyk zakwaterowanie ze \u015bniadaniem i lunchem jest za darmo.<\/p>\n<p>[\/vc_column_text][vc_empty_space height=&#8221;15px&#8221;][\/vc_column_inner][\/vc_row_inner][vc_row_inner][vc_column_inner width=&#8221;1\/3&#8243;][swimmingpool_icon_text_left textnoborder_left=&#8221;noborder&#8221; iconsmall_left=&#8221;small&#8221; css_animation=&#8221;bottom-to-top&#8221; firstline_left=&#8221;<strong>ITC 11 dni : <\/strong>&#8221; icon_text_left=&#8221;fa-minus&#8221;]Trzeba by\u0107 Divemasterem SSI, minimum 11 dni kursu, najlepiej ok 14 dni.[\/swimmingpool_icon_text_left][\/vc_column_inner][vc_column_inner width=&#8221;1\/3&#8243;][swimmingpool_icon_text_left textnoborder_left=&#8221;noborder&#8221; iconsmall_left=&#8221;small&#8221; css_animation=&#8221;bottom-to-top&#8221; firstline_left=&#8221;<strong>Praktyki Instruktorskie : <\/strong>&#8221; icon_text_left=&#8221;fa-minus&#8221;]<\/p>\n<p style=\"text-align: justify;\">Darmowe szkolenie, do zap\u0142aty tylko p\u0142atno\u015bci id\u0105ce do organizacji SSI. Zakwaterowanie i wy\u017cywienie darmowe. Pobyt minimum 3 miesi\u0105ce. \u015awietna opcja na zdobycie do\u015bwiadczenia pod okien trenera instruktor\u00f3w.<\/p>\n<p>[\/swimmingpool_icon_text_left][\/vc_column_inner][vc_column_inner width=&#8221;1\/3&#8243;][swimmingpool_icon_text_left textnoborder_left=&#8221;noborder&#8221; iconsmall_left=&#8221;small&#8221; css_animation=&#8221;bottom-to-top&#8221; firstline_left=&#8221;<strong>Cross-over : <\/strong>&#8221; icon_text_left=&#8221;fa-minus&#8221;]Crossovery trwaj\u0105 ok. 4 dni. Mo\u017cliwo\u015b\u0107 przej\u015bcia z wi\u0119kszo\u015bci organizacji CMAS, PADI, NAUI itp.[\/swimmingpool_icon_text_left][\/vc_column_inner][\/vc_row_inner][vc_empty_space height=&#8221;15px&#8221;][vc_empty_space height=&#8221;200px&#8221;][\/vc_column][\/vc_row][vc_row][vc_column][vc_column_text]<\/p>\n<h1 style=\"font: 0.5px Verdana; color: #000000;\">croisi\u00e8re plong\u00e9e Nosy Be<strong>[\/vc_column_text][\/vc_column][\/vc_row][vc_row][vc_column][vc_column_text]<\/strong><\/h1>\n<p>[\/vc_column_text][\/vc_column][\/vc_row][\/vc_column_text][\/vc_column][\/vc_row][vc_row css_animation=&#8221;fadeIn&#8221;][vc_column][vc_row_inner][vc_column_inner][vc_empty_space height=&#8221;15px&#8221;][vc_custom_heading text=&#8221;Szkolenie Instruktorskie SSI &#8221; font_container=&#8221;tag:h2|text_align:center&#8221; use_theme_fonts=&#8221;yes&#8221; css_animation=&#8221;bottom-to-top&#8221;][vc_empty_space height=&#8221;15px&#8221;][vc_empty_space height=&#8221;15px&#8221;][vc_column_text]<\/p>\n<p style=\"text-align: justify;\">Przeprowadzamy szkolenia ITC w 2 formu\u0142ach. Pierwsza opcja to 11 dniowy trening po kt\u00f3rym otrzymujemy licencje instruktora. Kolejna opcj\u0105\u00a0 s\u0105 minimum 3 miesi\u0119czne praktyki dzi\u0119ki kt\u00f3rym mo\u017cna zrobi\u0107 kurs za darmo (+op\u0142aty do SSI). W trakcie praktyk zakwaterowanie ze \u015bniadaniem i lunchem jest za darmo.<\/p>\n<p>[\/vc_column_text][vc_empty_space height=&#8221;15px&#8221;][\/vc_column_inner][\/vc_row_inner][vc_row_inner][vc_column_inner width=&#8221;1\/3&#8243;][swimmingpool_icon_text_left textnoborder_left=&#8221;noborder&#8221; iconsmall_left=&#8221;small&#8221; css_animation=&#8221;bottom-to-top&#8221; firstline_left=&#8221;<strong>ITC 11 dni : <\/strong>&#8221; icon_text_left=&#8221;fa-minus&#8221;]Trzeba by\u0107 Divemasterem SSI, minimum 11 dni kursu, najlepiej ok 14 dni.[\/swimmingpool_icon_text_left][\/vc_column_inner][vc_column_inner width=&#8221;1\/3&#8243;][swimmingpool_icon_text_left textnoborder_left=&#8221;noborder&#8221; iconsmall_left=&#8221;small&#8221; css_animation=&#8221;bottom-to-top&#8221; firstline_left=&#8221;<strong>Praktyki Instruktorskie : <\/strong>&#8221; icon_text_left=&#8221;fa-minus&#8221;]<\/p>\n<p style=\"text-align: justify;\">Darmowe szkolenie, do zap\u0142aty tylko p\u0142atno\u015bci id\u0105ce do organizacji SSI. Zakwaterowanie i wy\u017cywienie darmowe. Pobyt minimum 3 miesi\u0105ce. \u015awietna opcja na zdobycie do\u015bwiadczenia pod okien trenera instruktor\u00f3w.<\/p>\n<p>[\/swimmingpool_icon_text_left][\/vc_column_inner][vc_column_inner width=&#8221;1\/3&#8243;][swimmingpool_icon_text_left textnoborder_left=&#8221;noborder&#8221; iconsmall_left=&#8221;small&#8221; css_animation=&#8221;bottom-to-top&#8221; firstline_left=&#8221;<strong>Cross-over : <\/strong>&#8221; icon_text_left=&#8221;fa-minus&#8221;]Crossovery trwaj\u0105 ok. 4 dni. Mo\u017cliwo\u015b\u0107 przej\u015bcia z wi\u0119kszo\u015bci organizacji CMAS, PADI, NAUI itp.[\/swimmingpool_icon_text_left][\/vc_column_inner][\/vc_row_inner][vc_empty_space height=&#8221;15px&#8221;][vc_empty_space height=&#8221;200px&#8221;][\/vc_column][\/vc_row][vc_row][vc_column][vc_column_text]<\/p>\n<h1 style=\"font: 0.5px Verdana; color: #000000;\">croisi\u00e8re plong\u00e9e Nosy Be<strong>[\/vc_column_text][\/vc_column][\/vc_row][vc_row][vc_column][vc_column_text]<\/strong><\/h1>\n<p>[\/vc_column_text][\/vc_column][\/vc_row][vc_row][vc_column][vc_column_text][\/vc_column_text][\/vc_column][\/vc_row]<\/p>","protected":false},"excerpt":{"rendered":"<p>[vc_row css_animation=&#8221;fadeIn&#8221;][vc_column][vc_row_inner][vc_column_inner][vc_empty_space height=&#8221;15px&#8221;][vc_custom_heading text=&#8221;Szkolenie Instruktorskie SSI &#8221; font_container=&#8221;tag:h2|text_align:center&#8221; use_theme_fonts=&#8221;yes&#8221; css_animation=&#8221;bottom-to-top&#8221;][vc_empty_space height=&#8221;15px&#8221;][vc_empty_space height=&#8221;15px&#8221;][vc_column_text] Przeprowadzamy szkolenia ITC w 2 formu\u0142ach. Pierwsza opcja to 11 dniowy trening po kt\u00f3rym otrzymujemy licencje instruktora. Kolejna opcj\u0105\u00a0 s\u0105 minimum 3 miesi\u0119czne praktyki dzi\u0119ki kt\u00f3rym mo\u017cna zrobi\u0107 kurs za darmo (+op\u0142aty do SSI). W trakcie praktyk zakwaterowanie ze \u015bniadaniem i lunchem jest za darmo. [\/vc_column_text][vc_empty_space height=&#8221;15px&#8221;][\/vc_column_inner][\/vc_row_inner][vc_row_inner][vc_column_inner width=&#8221;1\/3&#8243;][swimmingpool_icon_text_left textnoborder_left=&#8221;noborder&#8221; iconsmall_left=&#8221;small&#8221; css_animation=&#8221;bottom-to-top&#8221; firstline_left=&#8221;ITC 11 dni : &#8221; icon_text_left=&#8221;fa-minus&#8221;]Trzeba by\u0107 Divemasterem SSI, minimum 11 dni kursu, najlepiej ok 14 dni.[\/swimmingpool_icon_text_left][\/vc_column_inner][vc_column_inner width=&#8221;1\/3&#8243;][swimmingpool_icon_text_left textnoborder_left=&#8221;noborder&#8221; iconsmall_left=&#8221;small&#8221; css_animation=&#8221;bottom-to-top&#8221; firstline_left=&#8221;Praktyki Instruktorskie : &#8221; icon_text_left=&#8221;fa-minus&#8221;] Darmowe szkolenie, do zap\u0142aty tylko p\u0142atno\u015bci id\u0105ce do organizacji SSI. Zakwaterowanie &hellip; <a href=\"https:\/\/scubanosybe.com\/pl\/formations-moniteur\/\">Continued<\/a><\/p>\n","protected":false},"author":4,"featured_media":0,"parent":0,"menu_order":0,"comment_status":"closed","ping_status":"closed","template":"page-fullwidth.php","meta":[],"_links":{"self":[{"href":"https:\/\/scubanosybe.com\/pl\/wp-json\/wp\/v2\/pages\/1616"}],"collection":[{"href":"https:\/\/scubanosybe.com\/pl\/wp-json\/wp\/v2\/pages"}],"about":[{"href":"https:\/\/scubanosybe.com\/pl\/wp-json\/wp\/v2\/types\/page"}],"author":[{"embeddable":true,"href":"https:\/\/scubanosybe.com\/pl\/wp-json\/wp\/v2\/users\/4"}],"replies":[{"embeddable":true,"href":"https:\/\/scubanosybe.com\/pl\/wp-json\/wp\/v2\/comments?post=1616"}],"version-history":[{"count":87,"href":"https:\/\/scubanosybe.com\/pl\/wp-json\/wp\/v2\/pages\/1616\/revisions"}],"predecessor-version":[{"id":4045,"href":"https:\/\/scubanosybe.com\/pl\/wp-json\/wp\/v2\/pages\/1616\/revisions\/4045"}],"wp:attachment":[{"href":"https:\/\/scubanosybe.com\/pl\/wp-json\/wp\/v2\/media?parent=1616"}],"curies":[{"name":"wp","href":"https:\/\/api.w.org\/{rel}","templated":true}]}}