{"id":1757,"date":"2017-05-17T14:24:36","date_gmt":"2017-05-17T12:24:36","guid":{"rendered":"http:\/\/192.168.100.252\/scubanosybe.com\/?page_id=1757"},"modified":"2022-01-16T11:14:45","modified_gmt":"2022-01-16T08:14:45","slug":"sites-de-plongee","status":"publish","type":"page","link":"https:\/\/scubanosybe.com\/pl\/sites-de-plongee\/","title":{"rendered":"Nurkowiska"},"content":{"rendered":"<p>[vc_row][vc_column][vc_custom_heading source=&#8221;post_title&#8221; font_container=&#8221;tag:h2|text_align:center|line_height:50px&#8221; use_theme_fonts=&#8221;yes&#8221;][\/vc_column][vc_column][\/vc_column][\/vc_row][vc_row][vc_column width=&#8221;2\/3&#8243;][vc_custom_heading text=&#8221;Wraki&#8221;][vc_column_text]W okolicy znajduj\u0105 sie 4 r\u00f3\u017cne wraki (na g\u0142\u0119boko\u015bci 26-29m) ka\u017cdy innej wielko\u015bci, od kilkumetrowej rybackiej \u0142odzi po duzy stalowy statek u\u017cywany kiedy\u015b do transportu. Pi\u0119kne t\u0119tni\u0105ce \u017cyciem nurkowiska, wraki poro\u015bni\u0119te koralami, zamieszka\u0142e przez ogromn\u0105 ilo\u015b\u0107 ryb. Odwiedzane przez duze \u0142awice\u00a0 Barakud.[\/vc_column_text][\/vc_column][vc_column width=&#8221;1\/3&#8243;][vc_single_image image=&#8221;2325&#8243; img_size=&#8221;full&#8221;][\/vc_column][\/vc_row][vc_row][vc_column][vc_custom_heading text=&#8221;Gorgonie&#8221;][\/vc_column][\/vc_row][vc_row][vc_column width=&#8221;2\/3&#8243;][vc_column_text](13-20m) Przepi\u0119kne miejsce, jedne z ciekawszych w okolicy, cz\u0119sto przeci\u0119tna widoczno\u015b\u0107 kt\u00f3r\u0105 rekompensuje r\u00f3\u017cnorodno\u015b\u0107 tego nurkowiska. Pi\u0119kne formacje skalne pokryte koralowcami, ca\u0142e ogrody wielkich gorgoni i mi\u0119kkich korali. W trakcie nurkowania mo\u017cna spotka\u0107 \u017c\u00f3\u0142wie, o\u015bmiornice, p\u0142aszczki, mureny, homary oraz mn\u00f3stwo nagoskrzelnych \u015blimak\u00f3w. B\u0119d\u0105c na Nosy Be musicie zanurkowa\u0107 w tym miejscu![\/vc_column_text][\/vc_column][vc_column width=&#8221;1\/3&#8243;][vc_single_image image=&#8221;1902&#8243; img_size=&#8221;full&#8221; alignment=&#8221;right&#8221; onclick=&#8221;link_image&#8221;][\/vc_column][\/vc_row][vc_row][vc_column width=&#8221;5\/6&#8243;][vc_custom_heading text=&#8221;Shark point &#8220;][vc_column_text](18-50m) Jedno z najlepszych nurkowisk w okolicy, oddalone ok 30 min od wyspy. Jest to p\u0142askowy\u017c pokryty piekn\u0105 raf\u0105 koralow\u0105 kt\u00f3ra t\u0119tni \u017cyciem jednak to co najlepsze mo\u017cna zobaczy\u0107 na jego obrze\u017cach gdzie \u015bciana schodzi do ok 50m. W tym miejscu kr\u0119c\u0105 si\u0119 r\u00f3\u017cne gatunki rekin\u00f3w, przewa\u017cnie podczas jednego nurkowania mo\u017cemy zobaczy\u0107: \u00a0\u00a0\u017bar\u0142acze Grube, \u017bar\u0142acz Rafowy Czarnop\u0142etwy,\u00a0 Rekin Szary Rafowy. Znajdziecie si\u0119 otoczeni przez \u0142awice r\u00f3\u017cnych gatunk\u00f3w ryb z przemykaj\u0105cymi co jaki\u015b czas rekinami. Niesamowite miejsce.[\/vc_column_text][\/vc_column][vc_column width=&#8221;1\/6&#8243;][\/vc_column][\/vc_row][vc_row][vc_column width=&#8221;2\/3&#8243;][vc_custom_heading text=&#8221;Abyss&#8221;][vc_column_text]<\/p>\n<p style=\"text-align: justify;\">Przepi\u0119kne pole koralowc\u00f3w drzewiastych, mo\u017cemy poczu\u0107 si\u0119 jak w magicznym lesie. Nurkowisko znajduje si\u0119 ok 40 minut motor\u00f3wk\u0105 od naszego centrum. Jest to jedne z 10 najlepszych miejsc na Nosy Be. Najlepiej nurkowa\u0107 w trakcie przyp\u0142ywu mamy wtedy okazj\u0119 zobaczy\u0107 wi\u0119ksze ryby: Tu\u0144czyki, Manty, Olbrzymie Papugoryby. Nurkowisko to lekko opadaj\u0105cy stok z mn\u00f3stwem mi\u0119kkich koralowc\u00f3w schodz\u0105cy do ok 28 metr\u00f3w. Na p\u0142askowy\u017cu ko\u0144cz\u0105cym nurkowanie cz\u0119sto spotykamy te bardziej nieuchwytne gatunki np. Mureny Lamparcie.<\/p>\n<p>[\/vc_column_text][\/vc_column][vc_column width=&#8221;1\/3&#8243;][vc_single_image image=&#8221;2327&#8243;][\/vc_column][\/vc_row][vc_row][vc_column][vc_custom_heading text=&#8221;Madr\u00e9pore&#8221;][vc_column_text]2 nurkowiska w jednym, pierwsza cz\u0119\u015b\u0107 to spory p\u0142askowy\u017c pokryty mi\u0119kkimi koralami, druga cz\u0119\u015b\u0107 p\u0142askowy\u017cu to niesamowite koralowce sto\u0142owe niekt\u00f3re po 3-5 metr\u00f3w \u015brednicy.[\/vc_column_text][\/vc_column][\/vc_row][vc_row][vc_column width=&#8221;2\/3&#8243;][vc_custom_heading text=&#8221;Banc de l&#8217;entr\u00e9e ext\u00e9rieur&#8221;][vc_column_text]Jedno z najpi\u0119kniejszych miejsc dooko\u0142a Nosy Be. Jest to p\u0142askowy\u017c kt\u00f3ry z jednej strony opada nawet do 50 metr\u00f3w, przy przyp\u0142ywie gromadza si\u0119 tam du\u017ce drapie\u017cniki unosz\u0105se si\u0119 na pr\u0105dach kt\u00f3re tam wyst\u0119puj\u0105. S\u0105 dni kiedy mo\u017cemy tam spotka\u0107 10-15 rekin\u00f3w, 3 r\u00f3\u017cnych gatunk\u00f3w ! Bez obaw wszystkie z nich s\u0105 niegro\u017ane \ud83d\ude09 Miejsce pokryte pi\u0119knymi poralowcami, najcz\u0119sciej nie ma czasu na nie patrze\u0107 bo tyle dziej\u0119 si\u0119 dooko\u0142a ![\/vc_column_text][vc_custom_heading text=&#8221;Manta point&#8221;][vc_column_text]<\/p>\n<p style=\"text-align: justify;\">Miejsce znajduj\u0119 si\u0119 16 km od naszego centrum (35 minut motor\u00f3wk\u0105) g\u0142\u00f3wn\u0105 atrakcj\u0105 s\u0105 Manty niestety ci\u0119\u017cko zagwarantowa\u0107, \u017ce si\u0119 pojawi\u0105. Przyp\u0142ywaj\u0105 na 2-3 tygodnie w roku i to w r\u00f3znych miesi\u0105cach. Recept\u0105 na ich zobaczenie jest odwiedzanie tego miejsca regularnie. Nurkowisko ma ok 18-21 metr\u00f3w z formacjami koralowymi porozrzucanymi po dnie. Dobre miejse \u017ceby zobaczy\u0107 mniejsz\u0105 kuzynk\u0119 manty Mobul\u0119.<\/p>\n<p>[\/vc_column_text][\/vc_column][vc_column width=&#8221;1\/3&#8243;][vc_single_image image=&#8221;2331&#8243; img_size=&#8221;full&#8221; css_animation=&#8221;flipInY&#8221;][\/vc_column][\/vc_row][vc_row][vc_column width=&#8221;2\/3&#8243;][vc_custom_heading text=&#8221;Rosario :&#8221;][vc_column_text]<\/p>\n<p style=\"text-align: justify;\">(14-20m) \u0141atwe nurkowisko z pi\u0119kn\u0105 raf\u0105 koralow\u0105 i du\u017c\u0105 r\u00f3\u017cnorodno\u015bci\u0105 podwodnego \u017cycia. Pi\u0119kne mi\u0119kkie korale w kt\u00f3rych ukrywaj\u0105 si\u0119 r\u00f3\u017cne gatunki ryb. Mo\u017cliwo\u015b\u0107 zanurkowania w dryfie ( przy odpowiednim przyp\u0142ywie\/odp\u0142ywie). Mo\u017cna zobaczy\u0107 \u0142awice ryb, leaf scorpion fish, crocodile fish, \u015blimaki nagoskrzelne itp.<\/p>\n<p>[\/vc_column_text][vc_custom_heading text=&#8221;BANC 06 &#8220;][vc_column_text]<\/p>\n<p style=\"text-align: justify;\">nurkowiske a\u017c buzuj\u0105ce od ryb, niesamowita liczba \u0142awic\u00a0 bardzo cz\u0119sto odwiedza ten p\u0142ytki p\u0142askowy\u017c, usytuowany na 14-19 metrach. Niestety czasami ryby odp\u0142ywaj\u0105 ale wtedy mo\u017cemy obserwowa\u0107 mureny, ryby krokodylowe i wiele ukwia\u0142\u00f3w. Czasami szcz\u0119\u015bliwcy mog\u0105 zobaczy\u0107 mant\u0119, mobul\u0119 lu beagle ray\u00a0\u2018a.<\/p>\n<p>[\/vc_column_text][vc_custom_heading text=&#8221;FUSILIERS BANK&#8221;][vc_column_text]<\/p>\n<p style=\"text-align: justify;\">P\u0142ytki p\u0142askowy\u017c usytuowany na 15-18 metrach. Pi\u0119kne nurkowisko odwiedzane przez ogromne ilo\u015bci ryb. Jest to miejsce gdzie mo\u017cemy spotka\u0107 gatunki pelagiczne przep\u0142ywaj\u0105ce obok. \u0141awice fusilier\u00f3w, snapper\u00f3w, emperor fish, surgeon fish itd. \u015awietne miejsce \u017ceby zboaczy\u0107 \u017cabnic\u0119, scorpionfish\u2019a, \u015blimaki nagoskrzelne itp \u015awietne interesuj\u0105ce i r\u00f3\u017cnorodne nurkowisko.<\/p>\n<p>[\/vc_column_text][\/vc_column][vc_column width=&#8221;1\/3&#8243;][vc_single_image image=&#8221;2163&#8243; img_size=&#8221;full&#8221; css_animation=&#8221;zoomInUp&#8221;][\/vc_column][\/vc_row][vc_row][vc_column width=&#8221;2\/3&#8243;][vc_custom_heading text=&#8221;UNICORNS&#8221;][vc_column_text]<\/p>\n<p style=\"text-align: justify;\">P\u0142askowy\u017c le\u017cacy na 13-19 metrach z pi\u0119kn\u0105 raf\u0105 koralow\u0105, jedn\u0105 z pi\u0119kniejszych w okolicy. Zazwyczaj odwiedzane przez bardzo du\u017co ryb.<\/p>\n<p>[\/vc_column_text][vc_custom_heading text=&#8221;ROCHINIE :&#8221;][vc_column_text]<\/p>\n<p style=\"text-align: justify;\">Drop zaczynaj\u0105cy si\u0119 na 18-22 metrach. Mn\u00f3stwo ryb, cudowne koralowce i mo\u017cliwo\u015b\u0107 spotkania rekin\u00f3w rafowych, \u017c\u00f3\u0142wi i kilku innych niespodzianek. \u015awietne nurkowisko na ka\u017cd\u0105 okazj\u0119, najlepiej podczas przyp\u0142ywu.<\/p>\n<p>[\/vc_column_text][vc_custom_heading text=&#8221;THE SAKATIA ARCHES : &#8220;][vc_column_text]<\/p>\n<p style=\"text-align: justify;\">Formacje skalne le\u017c\u0105ce na 23-24 metrach\u00a0 przy podstawie i ok 19-20 metrach w najwy\u017cszym punkcie. \u015awietne miejsce dla fotograf\u00f3w. 3 ska\u0142y tworzace \u0142uki przez kt\u00f3re mo\u017cna przep\u0142ywa\u0107, na koniec nurkowania przenosimy si\u0119 na p\u0142askowy\u017c na ok 15 metrach.<\/p>\n<p>[\/vc_column_text][\/vc_column][vc_column width=&#8221;1\/3&#8243;][vc_single_image image=&#8221;2153&#8243; img_size=&#8221;full&#8221; css_animation=&#8221;zoomInDown&#8221;][\/vc_column][\/vc_row][vc_row][vc_column width=&#8221;2\/3&#8243;][vc_custom_heading text=&#8221;TAGADA :&#8221;][vc_column_text]<\/p>\n<p style=\"text-align: justify;\">Drop opadaj\u0105cy do 40-65 metr\u00f3w zaczynaj\u0105cy si\u0119 na p\u0142askowy\u017cu na g\u0142\u0119boko\u015bci 18-22 metrach. Pi\u0119kny drop pokryty koralami drzewiastymi. Miejsce do\u015bc ubogie w ryby ale istniej\u0105 szanse na spotkanie du\u017cych gatunk\u00f3w\u00a0: rekiny lub \u0142awice humphead parrotfish\u00f3w.<\/p>\n<p>[\/vc_column_text][vc_custom_heading text=&#8221;Louann :&#8221;][vc_column_text]<\/p>\n<p style=\"text-align: justify;\">\u015aciana usiana koralowcami drzewiastymi, pi\u0119kny g\u0119sty las. Niesamowite miejsce. P\u0142askowy\u017c znajduje si\u0119 na 13-15 metrach, \u015bciana z gorgoniami schodzi do 30-40 metr\u00f3w. Cz\u0119sto mo\u017cna spotka\u0107 o\u015bmiornic\u0119 i najpi\u0119kniejsze mureny wst\u0119gowe.<\/p>\n<p>[\/vc_column_text][vc_custom_heading text=&#8221;Le Dome&#8221;][vc_column_text]<\/p>\n<p style=\"text-align: justify;\">Niedawno odkryte miejsce, pi\u0119kne, pe\u0142ne \u017cycia. Rafa na g\u0142eboko\u015bci 25 metr\u00f3w, jest to najlepsze miejsce \u017ceby zobaczy\u0107 Rekiny Lamparcie. Jeste\u015bmy jedynym cetrum kt\u00f3re p\u0142ywa w to miejsce.<\/p>\n<p>[\/vc_column_text][vc_empty_space][\/vc_column][vc_column width=&#8221;1\/3&#8243;][vc_single_image image=&#8221;1722&#8243; img_size=&#8221;full&#8221; css_animation=&#8221;bounceInRight&#8221;][\/vc_column][\/vc_row][vc_row][vc_column][vc_empty_space][\/vc_column][\/vc_row]<\/p>","protected":false},"excerpt":{"rendered":"<p>[vc_row][vc_column][vc_custom_heading source=&#8221;post_title&#8221; font_container=&#8221;tag:h2|text_align:center|line_height:50px&#8221; use_theme_fonts=&#8221;yes&#8221;][\/vc_column][vc_column][\/vc_column][\/vc_row][vc_row][vc_column width=&#8221;2\/3&#8243;][vc_custom_heading text=&#8221;Wraki&#8221;][vc_column_text]W okolicy znajduj\u0105 sie 4 r\u00f3\u017cne wraki (na g\u0142\u0119boko\u015bci 26-29m) ka\u017cdy innej wielko\u015bci, od kilkumetrowej rybackiej \u0142odzi po duzy stalowy statek u\u017cywany kiedy\u015b do transportu. Pi\u0119kne t\u0119tni\u0105ce \u017cyciem nurkowiska, wraki poro\u015bni\u0119te koralami, zamieszka\u0142e przez ogromn\u0105 ilo\u015b\u0107 ryb. Odwiedzane przez duze \u0142awice\u00a0 Barakud.[\/vc_column_text][\/vc_column][vc_column width=&#8221;1\/3&#8243;][vc_single_image image=&#8221;2325&#8243; img_size=&#8221;full&#8221;][\/vc_column][\/vc_row][vc_row][vc_column][vc_custom_heading text=&#8221;Gorgonie&#8221;][\/vc_column][\/vc_row][vc_row][vc_column width=&#8221;2\/3&#8243;][vc_column_text](13-20m) Przepi\u0119kne miejsce, jedne z ciekawszych w okolicy, cz\u0119sto przeci\u0119tna widoczno\u015b\u0107 kt\u00f3r\u0105 rekompensuje r\u00f3\u017cnorodno\u015b\u0107 tego nurkowiska. Pi\u0119kne formacje skalne pokryte koralowcami, ca\u0142e ogrody wielkich gorgoni i mi\u0119kkich korali. W trakcie nurkowania mo\u017cna spotka\u0107 \u017c\u00f3\u0142wie, o\u015bmiornice, p\u0142aszczki, mureny, homary oraz mn\u00f3stwo nagoskrzelnych \u015blimak\u00f3w. B\u0119d\u0105c na Nosy Be musicie zanurkowa\u0107 w &hellip; <a href=\"https:\/\/scubanosybe.com\/pl\/sites-de-plongee\/\">Continued<\/a><\/p>\n","protected":false},"author":4,"featured_media":0,"parent":0,"menu_order":0,"comment_status":"closed","ping_status":"closed","template":"page-fullwidth.php","meta":[],"_links":{"self":[{"href":"https:\/\/scubanosybe.com\/pl\/wp-json\/wp\/v2\/pages\/1757"}],"collection":[{"href":"https:\/\/scubanosybe.com\/pl\/wp-json\/wp\/v2\/pages"}],"about":[{"href":"https:\/\/scubanosybe.com\/pl\/wp-json\/wp\/v2\/types\/page"}],"author":[{"embeddable":true,"href":"https:\/\/scubanosybe.com\/pl\/wp-json\/wp\/v2\/users\/4"}],"replies":[{"embeddable":true,"href":"https:\/\/scubanosybe.com\/pl\/wp-json\/wp\/v2\/comments?post=1757"}],"version-history":[{"count":170,"href":"https:\/\/scubanosybe.com\/pl\/wp-json\/wp\/v2\/pages\/1757\/revisions"}],"predecessor-version":[{"id":4050,"href":"https:\/\/scubanosybe.com\/pl\/wp-json\/wp\/v2\/pages\/1757\/revisions\/4050"}],"wp:attachment":[{"href":"https:\/\/scubanosybe.com\/pl\/wp-json\/wp\/v2\/media?parent=1757"}],"curies":[{"name":"wp","href":"https:\/\/api.w.org\/{rel}","templated":true}]}}