{"id":1764,"date":"2017-05-17T14:35:44","date_gmt":"2017-05-17T12:35:44","guid":{"rendered":"http:\/\/192.168.100.252\/scubanosybe.com\/?page_id=1764"},"modified":"2020-09-04T08:36:31","modified_gmt":"2020-09-04T06:36:31","slug":"sites-de-plongee-nosy-komba","status":"publish","type":"page","link":"https:\/\/scubanosybe.com\/pl\/sites-de-plongee-nosy-komba\/","title":{"rendered":"Nosy Komba et Tanikely"},"content":{"rendered":"<p>[vc_row][vc_column][swimmingpool_icon_text_left textnoborder_left=&#8221;noborder&#8221; iconsmall_left=&#8221;small&#8221; css_animation=&#8221;bottom-to-top&#8221; firstline_left=&#8221;<strong>Banc of lutjans<\/strong>&#8221; icon_text_left=&#8221;fa-minus&#8221;]<\/p>\n<p style=\"text-align: justify;\">\u00a0Miejsce do\u015b\u0107 mocno oddalone od Nosy Be, widoczno\u015b\u0107 mo\u017ce by\u0107 przeci\u0119tna ale jest to fantastyczne nurkowisko z ogromn\u0105 ilo\u015bci\u0105 ryb i niesamowit\u0105 raf\u0105. \u017badne inne miejsce nie ma takiej r\u00f3\u017cnorodno\u015bci twardych i mi\u0119kkich korali, g\u0105bek itp. Jedyny problem polega na tym, \u017ce jest tam tyle ryb, \u017ce ci\u0119zko skupi\u0107 si\u0119 na rafie !<\/p>\n<p>[\/swimmingpool_icon_text_left][vc_empty_space][\/vc_column][\/vc_row][vc_row][vc_column][swimmingpool_icon_text_left textnoborder_left=&#8221;noborder&#8221; iconsmall_left=&#8221;small&#8221; css_animation=&#8221;bottom-to-top&#8221; firstline_left=&#8221;<strong>Submarine Park of Tanikely<\/strong>&#8221; icon_text_left=&#8221;fa-minus&#8221;]<\/p>\n<p style=\"text-align: justify;\">Park narodowy wok\u00f3\u0142 ma\u0142ej wysepki Tanikely jest poprostu niesamowity! Przed nurkowaniem musimy zap\u0142aci\u0107 5 euro za wst\u0119p ale wody w ok\u00f3\u0142 wyspy a\u017c kipi\u0105 \u017cyciem. Znajdziemy tam 3 r\u00f3\u017cne nurkowiska zar\u00f3wno dla pocz\u0105tkuj\u0105cych jak i zaawansowanych nurk\u00f3w. W trakcie nurkowania zobaczymy \u017c\u00f3\u0142wie, mureny, o\u015bmiornice, \u017cabnice, rekiny, ogromne \u0142awice ryb. Przy pla\u017cy kr\u0119c\u0105 si\u0119 Karangi poluj\u0105ce na mniejsze ryby. Jest to pere\u0142ka dla fotograf\u00f3w podwodnych tych pocz\u0105tkujacych jak i zaawansowanych. W przerwie mi\u0119dzy nurkowaniami schodzimy na wysepk\u0119 na kt\u00f3rej mo\u017cna obserwowa\u0107 lemury, kameleony i mn\u00f3stwo jaszczurek, krab\u00f3w itp. Jedno z najbardziej popularnych miejsc dooko\u0142a Nosy Be.<\/p>\n<p>[\/swimmingpool_icon_text_left][vc_empty_space][\/vc_column][\/vc_row][vc_row][vc_column][vc_column_text]<strong>VATATIM (18-24m)\u00a0:<\/strong> nurkowisko zlokalizowane w zatoce\u00a0: widoczno\u015b\u0107 nie zawsze jest dobra ale to miejsce a\u017c buzuje r\u00f3znymi gatunkami ryb, w szczeg\u00f3lno\u015b\u0107i wargaczy. Czasami jest ich tyle, \u017ce trudno dostrzec raf\u0119\u00a0! Miejsce to jest r\u00f3wnie\u017c interesuj\u0105ce ze wzgl\u0119du na mnogo\u015b\u0107 ma\u0142ych \u017cyj\u0105tek, mikroorganizm\u00f3w.<\/p>\n<p><strong>Miravava (14-20m)\u00a0:<\/strong> nurkowisko znajduj\u0105ce si\u0119 w zatoce : widoczno\u015b\u0107 nie zawsze jest dobra ale to miejsce a\u017c buzuje r\u00f3znymi gatunkami ryb, w szczeg\u00f3lno\u015b\u0107i wargaczy.Znajdziemy tutaj atrakcyjne korale i pi\u0119kne gorgonie. Miejsce to jest r\u00f3wnie\u017c interesuj\u0105ce ze wzgl\u0119du na mnogo\u015b\u0107 ma\u0142ych \u017cyj\u0105tek, mikroorganizm\u00f3w.[\/vc_column_text][\/vc_column][\/vc_row][vc_row][vc_column][vc_empty_space][\/vc_column][\/vc_row][vc_row][vc_column][vc_empty_space][\/vc_column][\/vc_row][vc_row][vc_column][\/vc_column][\/vc_row][vc_row][vc_column][\/vc_column][\/vc_row][vc_row][vc_column][vc_empty_space][\/vc_column][\/vc_row]<\/p>","protected":false},"excerpt":{"rendered":"<p>[vc_row][vc_column][swimmingpool_icon_text_left textnoborder_left=&#8221;noborder&#8221; iconsmall_left=&#8221;small&#8221; css_animation=&#8221;bottom-to-top&#8221; firstline_left=&#8221;Banc of lutjans&#8221; icon_text_left=&#8221;fa-minus&#8221;] \u00a0Miejsce do\u015b\u0107 mocno oddalone od Nosy Be, widoczno\u015b\u0107 mo\u017ce by\u0107 przeci\u0119tna ale jest to fantastyczne nurkowisko z ogromn\u0105 ilo\u015bci\u0105 ryb i niesamowit\u0105 raf\u0105. \u017badne inne miejsce nie ma takiej r\u00f3\u017cnorodno\u015bci twardych i mi\u0119kkich korali, g\u0105bek itp. Jedyny problem polega na tym, \u017ce jest tam tyle ryb, \u017ce ci\u0119zko skupi\u0107 si\u0119 na rafie ! [\/swimmingpool_icon_text_left][vc_empty_space][\/vc_column][\/vc_row][vc_row][vc_column][swimmingpool_icon_text_left textnoborder_left=&#8221;noborder&#8221; iconsmall_left=&#8221;small&#8221; css_animation=&#8221;bottom-to-top&#8221; firstline_left=&#8221;Submarine Park of Tanikely&#8221; icon_text_left=&#8221;fa-minus&#8221;] Park narodowy wok\u00f3\u0142 ma\u0142ej wysepki Tanikely jest poprostu niesamowity! Przed nurkowaniem musimy zap\u0142aci\u0107 5 euro za wst\u0119p ale wody w ok\u00f3\u0142 wyspy a\u017c kipi\u0105 \u017cyciem. Znajdziemy tam 3 r\u00f3\u017cne nurkowiska &hellip; <a href=\"https:\/\/scubanosybe.com\/pl\/sites-de-plongee-nosy-komba\/\">Continued<\/a><\/p>\n","protected":false},"author":4,"featured_media":0,"parent":0,"menu_order":0,"comment_status":"closed","ping_status":"closed","template":"page-fullwidth.php","meta":[],"_links":{"self":[{"href":"https:\/\/scubanosybe.com\/pl\/wp-json\/wp\/v2\/pages\/1764"}],"collection":[{"href":"https:\/\/scubanosybe.com\/pl\/wp-json\/wp\/v2\/pages"}],"about":[{"href":"https:\/\/scubanosybe.com\/pl\/wp-json\/wp\/v2\/types\/page"}],"author":[{"embeddable":true,"href":"https:\/\/scubanosybe.com\/pl\/wp-json\/wp\/v2\/users\/4"}],"replies":[{"embeddable":true,"href":"https:\/\/scubanosybe.com\/pl\/wp-json\/wp\/v2\/comments?post=1764"}],"version-history":[{"count":31,"href":"https:\/\/scubanosybe.com\/pl\/wp-json\/wp\/v2\/pages\/1764\/revisions"}],"predecessor-version":[{"id":3324,"href":"https:\/\/scubanosybe.com\/pl\/wp-json\/wp\/v2\/pages\/1764\/revisions\/3324"}],"wp:attachment":[{"href":"https:\/\/scubanosybe.com\/pl\/wp-json\/wp\/v2\/media?parent=1764"}],"curies":[{"name":"wp","href":"https:\/\/api.w.org\/{rel}","templated":true}]}}