{"id":1766,"date":"2017-05-17T14:37:01","date_gmt":"2017-05-17T12:37:01","guid":{"rendered":"http:\/\/192.168.100.252\/scubanosybe.com\/?page_id=1766"},"modified":"2024-01-10T12:57:31","modified_gmt":"2024-01-10T09:57:31","slug":"sites-de-plongee-nosy-iranja","status":"publish","type":"page","link":"https:\/\/scubanosybe.com\/pl\/sites-de-plongee-nosy-iranja\/","title":{"rendered":"(Italiano) Nosy Iranja"},"content":{"rendered":"<p>[vc_row][vc_column][vc_empty_space][\/vc_column][\/vc_row][vc_row][vc_column][vc_empty_space][\/vc_column][\/vc_row][vc_row][vc_column width=&#8221;1\/2&#8243;][vc_column_text css_animation=&#8221;fadeInLeftBig&#8221;]<\/p>\n<h1 style=\"text-align: center;\"><strong>ATNAM<\/strong><\/h1>\n<p style=\"text-align: center;\">20-43m\u00a0: Je\u017celi chodzi o podwodny krajobraz jest to najbardziej niesamowite nurkowisko na Nosy Be. Nie ma tutaj zatrz\u0119sienia ryb ale krajobraz- kanion wype\u0142niony ogromnymi gorgoniami jest niesamowity\u00a0! Magiczne prze\u017cycie\u00a0!<\/p>\n<p>[\/vc_column_text][\/vc_column][vc_column width=&#8221;1\/2&#8243;][vc_column_text css_animation=&#8221;rotateInUpLeft&#8221;]<\/p>\n<h1 style=\"text-align: center;\">ROCHE GAVY<\/h1>\n<p style=\"text-align: center;\">wysadzi\u0107 (40-70 m) tylko dla do\u015bwiadczonych nurk\u00f3w, dobra szansa na zobaczenie \u201edu\u017cej ryby\u201d, mo\u017cliwo\u015b\u0107 wykonania p\u0142ytszego miejsca zamiast rekinami. niestety rafa koralowa zosta\u0142a zniszczona, jednak regularnie wyst\u0119puj\u0105 tam rekiny.<\/p>\n<p>[\/vc_column_text][\/vc_column][\/vc_row][vc_row][vc_column width=&#8221;1\/2&#8243;][vc_column_text css_animation=&#8221;bounceInDown&#8221;]<\/p>\n<h1 style=\"text-align: center;\"><strong>SUGAR LOAF\u00a0<\/strong><\/h1>\n<p style=\"text-align: center;\">Ogromna ska\u0142a koralowa, do tej pory jest to najbardziej kolorowe nurkowisko w tej okolicy. Mo\u017cna odnie\u015b\u0107 wra\u017cenie, ze jaki\u015b malarz pomalowa\u0142 scian\u0119 kt\u00f3ra stworzy\u0142a ten piekny naturalny obraz. Ogromno ilo\u015b\u0107 mniejszych ryb sprawia, \u017ce to niesamowite nurkowisko.<\/p>\n<p>[\/vc_column_text][\/vc_column][vc_column width=&#8221;1\/2&#8243;][vc_column_text css_animation=&#8221;bounceInUp&#8221;]<\/p>\n<h1 style=\"text-align: center;\"><strong>TAGADA\u00a0<\/strong><\/h1>\n<p style=\"text-align: center;\">Drop opadaj\u0105cy do 40-65 metr\u00f3w zaczynaj\u0105cy si\u0119 na p\u0142askowy\u017cu na g\u0142\u0119boko\u015bci 18-22 metrach. Pi\u0119kny drop pokryty koralami drzewiastymi. Miejsce do\u015bc ubogie w ryby ale istniej\u0105 szanse na spotkanie du\u017cych gatunk\u00f3w\u00a0: rekiny lub \u0142awice humphead parrotfish\u00f3w.<\/p>\n<p>[\/vc_column_text][\/vc_column][\/vc_row][vc_row][vc_column][vc_column_text css_animation=&#8221;zoomIn&#8221;]<\/p>\n<h1 style=\"text-align: center;\">INNE MIEJSCA<\/h1>\n<p style=\"text-align: center;\">Kilka uskok\u00f3w mi\u0119dzy 20 a 80 metrami, cz\u0119sto widoczno\u015b\u0107 w tych miejscach jest lepsza ni\u017c dooko\u0142a Nosy Be, mo\u017cemy tu spotka\u0107 r\u00f3\u017cne ryby pelagiczne. Szczeg\u00f3lnie polecamy w trakcie sezonu na wieloryby i rekiny wielorybie. Kolejnym plusem jest mo\u017cliwo\u015b\u0107 odwiedzenia Nosy Iranja w drodze powrotnej- przepi\u0119kne miejsce jak z poczt\u00f3wki, prawdziwie rajska wyspa.<\/p>\n<p>[\/vc_column_text][\/vc_column][\/vc_row][vc_row][vc_column][\/vc_column][\/vc_row][vc_row][vc_column][\/vc_column][\/vc_row][vc_row][vc_column][vc_empty_space][\/vc_column][\/vc_row][vc_row][vc_column][vc_empty_space][\/vc_column][\/vc_row]<\/p>","protected":false},"excerpt":{"rendered":"<p>[vc_row][vc_column][vc_empty_space][\/vc_column][\/vc_row][vc_row][vc_column][vc_empty_space][\/vc_column][\/vc_row][vc_row][vc_column width=&#8221;1\/2&#8243;][vc_column_text css_animation=&#8221;fadeInLeftBig&#8221;] ATNAM 20-43m\u00a0: Je\u017celi chodzi o podwodny krajobraz jest to najbardziej niesamowite nurkowisko na Nosy Be. Nie ma tutaj zatrz\u0119sienia ryb ale krajobraz- kanion wype\u0142niony ogromnymi gorgoniami jest niesamowity\u00a0! Magiczne prze\u017cycie\u00a0! [\/vc_column_text][\/vc_column][vc_column width=&#8221;1\/2&#8243;][vc_column_text css_animation=&#8221;rotateInUpLeft&#8221;] ROCHE GAVY wysadzi\u0107 (40-70 m) tylko dla do\u015bwiadczonych nurk\u00f3w, dobra szansa na zobaczenie \u201edu\u017cej ryby\u201d, mo\u017cliwo\u015b\u0107 wykonania p\u0142ytszego miejsca zamiast rekinami. niestety rafa koralowa zosta\u0142a zniszczona, jednak regularnie wyst\u0119puj\u0105 tam rekiny. [\/vc_column_text][\/vc_column][\/vc_row][vc_row][vc_column width=&#8221;1\/2&#8243;][vc_column_text css_animation=&#8221;bounceInDown&#8221;] SUGAR LOAF\u00a0 Ogromna ska\u0142a koralowa, do tej pory jest to najbardziej kolorowe nurkowisko w tej okolicy. Mo\u017cna odnie\u015b\u0107 wra\u017cenie, ze jaki\u015b malarz pomalowa\u0142 scian\u0119 kt\u00f3ra stworzy\u0142a ten piekny naturalny obraz. &hellip; <a href=\"https:\/\/scubanosybe.com\/pl\/sites-de-plongee-nosy-iranja\/\">Continued<\/a><\/p>\n","protected":false},"author":4,"featured_media":0,"parent":0,"menu_order":0,"comment_status":"closed","ping_status":"closed","template":"page-fullwidth.php","meta":[],"_links":{"self":[{"href":"https:\/\/scubanosybe.com\/pl\/wp-json\/wp\/v2\/pages\/1766"}],"collection":[{"href":"https:\/\/scubanosybe.com\/pl\/wp-json\/wp\/v2\/pages"}],"about":[{"href":"https:\/\/scubanosybe.com\/pl\/wp-json\/wp\/v2\/types\/page"}],"author":[{"embeddable":true,"href":"https:\/\/scubanosybe.com\/pl\/wp-json\/wp\/v2\/users\/4"}],"replies":[{"embeddable":true,"href":"https:\/\/scubanosybe.com\/pl\/wp-json\/wp\/v2\/comments?post=1766"}],"version-history":[{"count":30,"href":"https:\/\/scubanosybe.com\/pl\/wp-json\/wp\/v2\/pages\/1766\/revisions"}],"predecessor-version":[{"id":5305,"href":"https:\/\/scubanosybe.com\/pl\/wp-json\/wp\/v2\/pages\/1766\/revisions\/5305"}],"wp:attachment":[{"href":"https:\/\/scubanosybe.com\/pl\/wp-json\/wp\/v2\/media?parent=1766"}],"curies":[{"name":"wp","href":"https:\/\/api.w.org\/{rel}","templated":true}]}}