{"id":1882,"date":"2017-05-19T13:57:06","date_gmt":"2017-05-19T11:57:06","guid":{"rendered":"http:\/\/192.168.100.252\/scubanosybe.com\/?page_id=1882"},"modified":"2022-04-24T11:22:28","modified_gmt":"2022-04-24T08:22:28","slug":"centre-materiel-plongee","status":"publish","type":"page","link":"https:\/\/scubanosybe.com\/pl\/centre-materiel-plongee\/","title":{"rendered":"LOKALIZACJA"},"content":{"rendered":"<p>[vc_row][vc_column][vc_empty_space][\/vc_column][\/vc_row][vc_row][vc_column][vc_single_image image=&#8221;1887&#8243; img_size=&#8221;full&#8221; alignment=&#8221;center&#8221; css_animation=&#8221;zoomIn&#8221;][vc_empty_space][\/vc_column][\/vc_row][vc_row][vc_column width=&#8221;2\/3&#8243;][vc_custom_heading text=&#8221;LOKALIZACJA :&#8221;][vc_column_text]Centrum s\u0105siaduje zhotelem Nosy Lodge na pla\u017cy Ambodrona kawa\u0142ek dalej jest tak\u017ce du\u017cy resort Palm Beach. W pobli\u017cu znajduje si\u0119 sporo bar\u00f3w i restauracji.[\/vc_column_text][\/vc_column][vc_column width=&#8221;1\/3&#8243;][vc_single_image image=&#8221;2185&#8243; img_size=&#8221;full&#8221; alignment=&#8221;center&#8221; onclick=&#8221;link_image&#8221; css_animation=&#8221;bottom-to-top&#8221;][vc_empty_space][\/vc_column][\/vc_row][vc_row][vc_column width=&#8221;1\/3&#8243;][vc_single_image image=&#8221;1641&#8243; img_size=&#8221;full&#8221; alignment=&#8221;center&#8221; onclick=&#8221;link_image&#8221; css_animation=&#8221;bottom-to-top&#8221;][\/vc_column][vc_column width=&#8221;2\/3&#8243;][vc_custom_heading text=&#8221;NASZ SPRZ\u0118T NURKOWY :&#8221; css_animation=&#8221;bottom-to-top&#8221;][vc_column_text]W naszym centrum mamy 5 \u0142odzi dzi\u0119ki czemu jeste\u015bmy w stanie stworzy\u0107 dogodne i niedu\u017ce grupy, maksymalnie 6-8 os\u00f3b. Mamy butle r\u00f3\u017cnej wielko\u015bci \u00a012-18 litr\u00f3w, na \u017cyczenie klienta bez dop\u0142aty. Sprz\u0119t wymieniany jest na nowy co rok lub dwa wi\u0119c macie pewno\u015b\u0107, \u017ce nurkujecie na bezpiecznym i komfortowym sprz\u0119cie. Pianki r\u00f3\u017cnej grubo\u015bci, d\u0142ugie oraz kr\u00f3tkie do wyboru przez klienta. Mamy tak\u017ce sprz\u0119t potrzebny do nurkowa\u0144 nocnych, oraz z nitroxem. Na ka\u017cdej \u0142odzi jest tlen, w pobli\u017cu mamy tak\u017ce komor\u0119 dekompresyjn\u0105 20 min od centrum.[\/vc_column_text][\/vc_column][\/vc_row][vc_row][vc_column][vc_empty_space][vc_gmaps link=&#8221;#E-8_JTNDaWZyYW1lJTIwc3JjJTNEJTIyaHR0cHMlM0ElMkYlMkZ3d3cuZ29vZ2xlLmNvbSUyRm1hcHMlMkZlbWJlZCUzRnBiJTNEJTIxMW0xOCUyMTFtMTIlMjExbTMlMjExZDEwMTQ4Mi41MDczNTQ1MDE2MiUyMTJkNDguMjAxMjc0OTIzNzQwNSUyMTNkLTEzLjM1ODAwMDMxOTc5MzAzMiUyMTJtMyUyMTFmMCUyMTJmMCUyMTNmMCUyMTNtMiUyMTFpMTAyNCUyMTJpNzY4JTIxNGYxMy4xJTIxM20zJTIxMW0yJTIxMXMweDIyMTNjODUzZTI0ZjY3NWQlMjUzQTB4OTRhOTA5MTJiODMyY2U5ZCUyMTJzU2N1YmElMjUyME5vc3klMjUyMEJlJTIxNWUwJTIxM20yJTIxMXNmciUyMTJzbWclMjE0djE1ODk5MDA0NTY5ODglMjE1bTIlMjExc2ZyJTIxMnNtZyUyMiUyMHdpZHRoJTNEJTIyNjAwJTIyJTIwaGVpZ2h0JTNEJTIyNDUwJTIyJTIwZnJhbWVib3JkZXIlM0QlMjIwJTIyJTIwc3R5bGUlM0QlMjJib3JkZXIlM0EwJTNCJTIyJTIwYWxsb3dmdWxsc2NyZWVuJTNEJTIyJTIyJTIwYXJpYS1oaWRkZW4lM0QlMjJmYWxzZSUyMiUyMHRhYmluZGV4JTNEJTIyMCUyMiUzRSUzQyUyRmlmcmFtZSUzRQ==&#8221; css_animation=&#8221;bottom-to-top&#8221;][\/vc_column][\/vc_row][vc_row][vc_column][vc_empty_space][\/vc_column][\/vc_row]<\/p>","protected":false},"excerpt":{"rendered":"<p>[vc_row][vc_column][vc_empty_space][\/vc_column][\/vc_row][vc_row][vc_column][vc_single_image image=&#8221;1887&#8243; img_size=&#8221;full&#8221; alignment=&#8221;center&#8221; css_animation=&#8221;zoomIn&#8221;][vc_empty_space][\/vc_column][\/vc_row][vc_row][vc_column width=&#8221;2\/3&#8243;][vc_custom_heading text=&#8221;LOKALIZACJA :&#8221;][vc_column_text]Centrum s\u0105siaduje zhotelem Nosy Lodge na pla\u017cy Ambodrona kawa\u0142ek dalej jest tak\u017ce du\u017cy resort Palm Beach. W pobli\u017cu znajduje si\u0119 sporo bar\u00f3w i restauracji.[\/vc_column_text][\/vc_column][vc_column width=&#8221;1\/3&#8243;][vc_single_image image=&#8221;2185&#8243; img_size=&#8221;full&#8221; alignment=&#8221;center&#8221; onclick=&#8221;link_image&#8221; css_animation=&#8221;bottom-to-top&#8221;][vc_empty_space][\/vc_column][\/vc_row][vc_row][vc_column width=&#8221;1\/3&#8243;][vc_single_image image=&#8221;1641&#8243; img_size=&#8221;full&#8221; alignment=&#8221;center&#8221; onclick=&#8221;link_image&#8221; css_animation=&#8221;bottom-to-top&#8221;][\/vc_column][vc_column width=&#8221;2\/3&#8243;][vc_custom_heading text=&#8221;NASZ SPRZ\u0118T NURKOWY :&#8221; css_animation=&#8221;bottom-to-top&#8221;][vc_column_text]W naszym centrum mamy 5 \u0142odzi dzi\u0119ki czemu jeste\u015bmy w stanie stworzy\u0107 dogodne i niedu\u017ce grupy, maksymalnie 6-8 os\u00f3b. Mamy butle r\u00f3\u017cnej wielko\u015bci \u00a012-18 litr\u00f3w, na \u017cyczenie klienta bez dop\u0142aty. Sprz\u0119t wymieniany jest na nowy co rok lub dwa wi\u0119c macie pewno\u015b\u0107, \u017ce nurkujecie na bezpiecznym i komfortowym sprz\u0119cie. Pianki r\u00f3\u017cnej grubo\u015bci, &hellip; <a href=\"https:\/\/scubanosybe.com\/pl\/centre-materiel-plongee\/\">Continued<\/a><\/p>\n","protected":false},"author":4,"featured_media":0,"parent":0,"menu_order":0,"comment_status":"closed","ping_status":"closed","template":"page-fullwidth.php","meta":[],"_links":{"self":[{"href":"https:\/\/scubanosybe.com\/pl\/wp-json\/wp\/v2\/pages\/1882"}],"collection":[{"href":"https:\/\/scubanosybe.com\/pl\/wp-json\/wp\/v2\/pages"}],"about":[{"href":"https:\/\/scubanosybe.com\/pl\/wp-json\/wp\/v2\/types\/page"}],"author":[{"embeddable":true,"href":"https:\/\/scubanosybe.com\/pl\/wp-json\/wp\/v2\/users\/4"}],"replies":[{"embeddable":true,"href":"https:\/\/scubanosybe.com\/pl\/wp-json\/wp\/v2\/comments?post=1882"}],"version-history":[{"count":62,"href":"https:\/\/scubanosybe.com\/pl\/wp-json\/wp\/v2\/pages\/1882\/revisions"}],"predecessor-version":[{"id":4170,"href":"https:\/\/scubanosybe.com\/pl\/wp-json\/wp\/v2\/pages\/1882\/revisions\/4170"}],"wp:attachment":[{"href":"https:\/\/scubanosybe.com\/pl\/wp-json\/wp\/v2\/media?parent=1882"}],"curies":[{"name":"wp","href":"https:\/\/api.w.org\/{rel}","templated":true}]}}