{"id":2274,"date":"2017-12-19T15:35:27","date_gmt":"2017-12-19T14:35:27","guid":{"rendered":"http:\/\/scubanosybe.com\/?page_id=2274"},"modified":"2023-02-07T14:11:54","modified_gmt":"2023-02-07T11:11:54","slug":"plongee-ssi","status":"publish","type":"page","link":"https:\/\/scubanosybe.com\/pl\/plongee-ssi\/","title":{"rendered":"Szkolenie SSI"},"content":{"rendered":"<p>[vc_row css_animation=&#8221;fadeIn&#8221;][vc_column][vc_row_inner][vc_column_inner][vc_empty_space height=&#8221;15px&#8221;][vc_custom_heading text=&#8221;Szkolenie SSI&#8221; font_container=&#8221;tag:h2|text_align:center&#8221; use_theme_fonts=&#8221;yes&#8221;][vc_empty_space height=&#8221;15px&#8221;][\/vc_column_inner][\/vc_row_inner][vc_row_inner][vc_column_inner width=&#8221;1\/2&#8243;][swimmingpool_icon_text_left textnoborder_left=&#8221;noborder&#8221; iconsmall_left=&#8221;small&#8221; firstline_left=&#8221;Discover Scuba Dive : &#8221; icon_text_left=&#8221;fa-minus&#8221;]<\/p>\n<ul>\n<li>Pierwsze nurkowania przeprowadzamy na Nosy Tanikely, przepi\u0119kna rajska wysepka, z racji, \u017ce jest to Park Narodowy r\u00f3wnie\u017c rafa dooko\u0142a wyspy zapiera dech w piersiach. Zaczynamy od 15 minutowego wprowadzenia, om\u00f3wienie podstawowych zagadnie\u0144 zwi\u0105zanych z nurkowaniem, nast\u0119pnie wykonane zostan\u0105 3 podstawowe \u0107wiczenia z instruktorem po ich zako\u0144czeniu instruktor zabierze was na raf\u0119 do g\u0142\u0119boko\u015bci 12m. Ca\u0142y czas b\u0119dzie was asekurowa\u0142, trzyma\u0142 i kontrolowa\u0142 czy wszystko jest ok.<\/li>\n<\/ul>\n<p>[\/swimmingpool_icon_text_left][\/vc_column_inner][vc_column_inner width=&#8221;1\/2&#8243;][swimmingpool_icon_text_left textnoborder_left=&#8221;noborder&#8221; iconsmall_left=&#8221;small&#8221; firstline_left=&#8221;Open Water Diver : 365 euro&#8221; icon_text_left=&#8221;fa-minus&#8221;]Jest to pierwszy stopie\u0144 uprawniaj\u0105cy do samodzielnego nurkowania do 18 m. Pierwszy krok aby zacz\u0105\u0107 przygod\u0119 z nurkowaniem. Szkolenie trwa +\/- 3 dni.<\/p>\n<p>[\/swimmingpool_icon_text_left][\/vc_column_inner][\/vc_row_inner][vc_empty_space height=&#8221;15px&#8221;][vc_row_inner][vc_column_inner width=&#8221;1\/3&#8243;][swimmingpool_icon_text_left textnoborder_left=&#8221;noborder&#8221; iconsmall_left=&#8221;small&#8221; firstline_left=&#8221;Specjalno\u015bci : &#8221; icon_text_left=&#8221;fa-minus&#8221;]<\/p>\n<ul>\n<li>Mamy szkolenia w 22 r\u00f3\u017cnych specjalno\u015bciach:\u00a0 nurkowanie wrakowe, nurkowanie g\u0142\u0119bokie, stress i rescue, p\u0142ywalno\u015b\u0107, fotografia podwodna, nawigacja, nurkowanie z\u00a0 \u0142odzi, nitrox, ekologia morska, sprz\u0119t nurkowy, identyfikacja ryb, identyfikacja korali, nurkowanie z komputerem, ochrona rekin\u00f3w, pr\u0105dy i p\u0142ywy, naukowe podej\u015bcie do nurkowania. Czas trwania poszczeg\u00f3lnych specjalno\u015bci znajdziecie w zak\u0142adce cennik.<\/li>\n<\/ul>\n<p>[\/swimmingpool_icon_text_left][\/vc_column_inner][vc_column_inner width=&#8221;1\/3&#8243;][swimmingpool_icon_text_left textnoborder_left=&#8221;noborder&#8221; iconsmall_left=&#8221;small&#8221; firstline_left=&#8221;Advanced Adventurer (290 euro) : &#8221; icon_text_left=&#8221;fa-minus&#8221;]Kolejny krok w poszerzaniu swoich horyzont\u00f3w jako nurkowych. W trakcie tego szkolenia wykonujemy 5 r\u00f3\u017cnych specjalno\u015bci (do wyboru przez klienta) mo\u017ce by\u0107 to nurkowanie na wraku, g\u0142ebinowe, nocne itp.<\/p>\n<p>Kolejny krok w poszerzaniu swoich horyzont\u00f3w jako nurkowych. W trakcie tego szkolenia wykonujemy 5 r\u00f3\u017cnych specjalno\u015bci (do wyboru przez klienta) mo\u017ce by\u0107 to nurkowanie na wraku, g\u0142\u0119binowe, nocne itp.[\/swimmingpool_icon_text_left][\/vc_column_inner][vc_column_inner width=&#8221;1\/3&#8243;][swimmingpool_icon_text_left textnoborder_left=&#8221;noborder&#8221; iconsmall_left=&#8221;small&#8221; firstline_left=&#8221;Advance Open Water Diver: &#8221; icon_text_left=&#8221;fa-minus&#8221;]Po wykonaniu 4 specjalno\u015bci i zalogowaniu 24 nurkowa\u0144.[\/swimmingpool_icon_text_left][\/vc_column_inner][\/vc_row_inner][vc_empty_space height=&#8221;15px&#8221;][vc_row_inner][vc_column_inner width=&#8221;1\/3&#8243;][swimmingpool_icon_text_left textnoborder_left=&#8221;noborder&#8221; iconsmall_left=&#8221;small&#8221; firstline_left=&#8221;Master Diver : &#8221; icon_text_left=&#8221;fa-minus&#8221;]4 specjalno\u015bci+ stress i recovery+ minimum 50 zalogowanych nurkowa\u0144.[\/swimmingpool_icon_text_left][\/vc_column_inner][\/vc_row_inner][vc_empty_space height=&#8221;22px&#8221;][\/vc_column][\/vc_row][vc_row][vc_column][vc_column_text]<\/p>\n<table width=\"834\">\n<tbody>\n<tr>\n<td width=\"143\">advanced wreck diving<\/td>\n<td width=\"162\">gas blender nitrox \/trimix<\/td>\n<td width=\"170\">extended range nitrox diving<\/td>\n<td width=\"94\">sidemount<\/td>\n<td width=\"68\">turtle<\/td>\n<td width=\"197\">package deep, d\u00e9co, nitrox<\/td>\n<\/tr>\n<tr>\n<td>3 dives<\/td>\n<td>0 dives<\/td>\n<td>6 dives<\/td>\n<td>2 dives<\/td>\n<td>2 dives<\/td>\n<td>6 dive<\/td>\n<\/tr>\n<tr>\n<td>2 days<\/td>\n<td>3 days ( afternoon)<\/td>\n<td>3 days<\/td>\n<td>2 days<\/td>\n<td>1 days<\/td>\n<td>3 days<\/td>\n<\/tr>\n<tr>\n<td>205 \u20ac<\/td>\n<td>150 \u20ac<\/td>\n<td>400 \u20ac<\/td>\n<td>205 \u20ac<\/td>\n<td>150 \u20ac<\/td>\n<td>450 \u20ac<\/td>\n<\/tr>\n<\/tbody>\n<\/table>\n<p>[\/vc_column_text][\/vc_column][\/vc_row][vc_row][vc_column][vc_column_text][\/vc_column_text][\/vc_column][\/vc_row]<\/p>","protected":false},"excerpt":{"rendered":"<p>[vc_row css_animation=&#8221;fadeIn&#8221;][vc_column][vc_row_inner][vc_column_inner][vc_empty_space height=&#8221;15px&#8221;][vc_custom_heading text=&#8221;Szkolenie SSI&#8221; font_container=&#8221;tag:h2|text_align:center&#8221; use_theme_fonts=&#8221;yes&#8221;][vc_empty_space height=&#8221;15px&#8221;][\/vc_column_inner][\/vc_row_inner][vc_row_inner][vc_column_inner width=&#8221;1\/2&#8243;][swimmingpool_icon_text_left textnoborder_left=&#8221;noborder&#8221; iconsmall_left=&#8221;small&#8221; firstline_left=&#8221;Discover Scuba Dive : &#8221; icon_text_left=&#8221;fa-minus&#8221;] Pierwsze nurkowania przeprowadzamy na Nosy Tanikely, przepi\u0119kna rajska wysepka, z racji, \u017ce jest to Park Narodowy r\u00f3wnie\u017c rafa dooko\u0142a wyspy zapiera dech w piersiach. Zaczynamy od 15 minutowego wprowadzenia, om\u00f3wienie podstawowych zagadnie\u0144 zwi\u0105zanych z nurkowaniem, nast\u0119pnie wykonane zostan\u0105 3 podstawowe \u0107wiczenia z instruktorem po ich zako\u0144czeniu instruktor zabierze was na raf\u0119 do g\u0142\u0119boko\u015bci 12m. Ca\u0142y czas b\u0119dzie was asekurowa\u0142, trzyma\u0142 i kontrolowa\u0142 czy wszystko jest ok. [\/swimmingpool_icon_text_left][\/vc_column_inner][vc_column_inner width=&#8221;1\/2&#8243;][swimmingpool_icon_text_left textnoborder_left=&#8221;noborder&#8221; iconsmall_left=&#8221;small&#8221; firstline_left=&#8221;Open Water Diver : 365 euro&#8221; icon_text_left=&#8221;fa-minus&#8221;]Jest to pierwszy stopie\u0144 uprawniaj\u0105cy do samodzielnego &hellip; <a href=\"https:\/\/scubanosybe.com\/pl\/plongee-ssi\/\">Continued<\/a><\/p>\n","protected":false},"author":4,"featured_media":0,"parent":0,"menu_order":0,"comment_status":"closed","ping_status":"closed","template":"","meta":[],"_links":{"self":[{"href":"https:\/\/scubanosybe.com\/pl\/wp-json\/wp\/v2\/pages\/2274"}],"collection":[{"href":"https:\/\/scubanosybe.com\/pl\/wp-json\/wp\/v2\/pages"}],"about":[{"href":"https:\/\/scubanosybe.com\/pl\/wp-json\/wp\/v2\/types\/page"}],"author":[{"embeddable":true,"href":"https:\/\/scubanosybe.com\/pl\/wp-json\/wp\/v2\/users\/4"}],"replies":[{"embeddable":true,"href":"https:\/\/scubanosybe.com\/pl\/wp-json\/wp\/v2\/comments?post=2274"}],"version-history":[{"count":84,"href":"https:\/\/scubanosybe.com\/pl\/wp-json\/wp\/v2\/pages\/2274\/revisions"}],"predecessor-version":[{"id":5104,"href":"https:\/\/scubanosybe.com\/pl\/wp-json\/wp\/v2\/pages\/2274\/revisions\/5104"}],"wp:attachment":[{"href":"https:\/\/scubanosybe.com\/pl\/wp-json\/wp\/v2\/media?parent=2274"}],"curies":[{"name":"wp","href":"https:\/\/api.w.org\/{rel}","templated":true}]}}