{"id":2280,"date":"2017-12-19T16:13:32","date_gmt":"2017-12-19T15:13:32","guid":{"rendered":"http:\/\/scubanosybe.com\/?page_id=2280"},"modified":"2026-01-18T13:19:51","modified_gmt":"2026-01-18T10:19:51","slug":"formation-plongeur-ssi","status":"publish","type":"page","link":"https:\/\/scubanosybe.com\/pl\/formation-plongeur-ssi\/","title":{"rendered":"CENY ZA SZKOLENIA SSI"},"content":{"rendered":"<p>[vc_row][vc_column][vc_column_text][\/vc_column_text][\/vc_column][\/vc_row][vc_row][vc_column][vc_column_text][\/vc_column_text][\/vc_column][\/vc_row][vc_row][vc_column][vc_empty_space height=&#8221;15px&#8221;][vc_custom_heading text=&#8221;CENY ZA SZKOLENIA SSI<br \/>\nUwaga: Wszystkie ceny szkole\u0144 nie obejmuj\u0105 wypo\u017cyczenia sprz\u0119tu (z wyj\u0105tkiem poziomu pocz\u0105tkuj\u0105cego: open water diver).<br \/>\nWypo\u017cyczenie sprz\u0119tu: kompletny: 5 \u20ac \/ nurkowanie lub (stab: 2 \u20ac \/ nurkowanie; pianka lub\/i PMT: 2 \u20ac \/ nurkowanie; regulator: 2 \u20ac \/ nurkowanie).<br \/>\n&#8221; font_container=&#8221;tag:h2|text_align:center&#8221;][vc_column_text]<\/p>\n<h1 style=\"text-align: center;\"><strong>Discover scuba diving : 55 \u20ac<\/strong><\/h1>\n<p>Wej\u015bcie na teren parku narodowego Nosy Tanikely kosztuje dodatkowo 40 000 AR (10 euro), nie jest to wliczone w cene nurkowania.[\/vc_column_text][vc_empty_space height=&#8221;15px&#8221;][vc_column_text css_animation=&#8221;fadeInUp&#8221;]<\/p>\n<div align=\"center\"><\/div>\n<table style=\"height: 79px;\" width=\"647\" cellspacing=\"1\" cellpadding=\"0\">\n<colgroup>\n<col span=\"10\" width=\"40\" \/><\/colgroup>\n<tbody>\n<tr>\n<td align=\"center\" valign=\"middle\" width=\"7\" height=\"3\">\u00a0discover scuba diving<\/td>\n<td align=\"center\" valign=\"middle\" width=\"8\">Scuba diver<\/td>\n<td align=\"center\" valign=\"middle\" width=\"10\">Open water diver<\/td>\n<td align=\"center\" valign=\"middle\" width=\"7\">Advanced open water<\/td>\n<\/tr>\n<tr>\n<td align=\"center\" valign=\"middle\" height=\"2\">55 \u20ac + parku<\/td>\n<td align=\"center\" valign=\"middle\">235,00 \u20ac<\/td>\n<td align=\"center\" valign=\"middle\">400,00 \u20ac<\/td>\n<td align=\"center\" valign=\"middle\">375 \u20ac<\/td>\n<\/tr>\n<\/tbody>\n<\/table>\n<p>[\/vc_column_text][vc_empty_space height=&#8221;50px&#8221;][\/vc_column][\/vc_row][vc_row][vc_column][vc_column_text]<\/p>\n<p>[\/vc_column_text][\/vc_column][\/vc_row][vc_row][vc_column][vc_column_text][\/vc_column_text][vc_empty_space height=&#8221;15px&#8221;][vc_custom_heading text=&#8221;Specjalno\u015bci SSI&#8221; font_container=&#8221;tag:h2|text_align:center&#8221;][vc_empty_space height=&#8221;15px&#8221;][vc_column_text css_animation=&#8221;fadeInRight&#8221;]<\/p>\n<div align=\"center\"><\/div>\n<table width=\"923\" cellspacing=\"1\" cellpadding=\"0\">\n<colgroup>\n<col span=\"10\" width=\"80\" \/><\/colgroup>\n<tbody>\n<tr>\n<td align=\"center\" valign=\"middle\" width=\"74\" height=\"30\">Navigation<\/td>\n<td align=\"center\" valign=\"middle\" width=\"93\">Boat diving<\/td>\n<td align=\"center\" valign=\"middle\" width=\"69\">Nitrox<\/td>\n<td align=\"center\" valign=\"middle\" width=\"84\">Search &amp; recovery<\/td>\n<td align=\"center\" valign=\"middle\" width=\"70\">Equipment techniques<\/td>\n<td align=\"center\" valign=\"middle\" width=\"63\">Fish identification<\/td>\n<td align=\"center\" valign=\"middle\" width=\"77\">Marine \u00e9cologie<\/td>\n<\/tr>\n<tr>\n<td align=\"center\" valign=\"middle\" width=\"93\" height=\"20\">2 nurkowania<\/td>\n<td align=\"center\" valign=\"middle\" width=\"93\" height=\"20\">2 nurkowania<\/td>\n<td align=\"center\" valign=\"middle\" width=\"69\">2 nurkowania<\/td>\n<td align=\"center\" valign=\"middle\" width=\"84\">2 nurkowania<\/td>\n<td align=\"center\" valign=\"middle\" width=\"70\">&#8211;<\/td>\n<td align=\"center\" valign=\"middle\" width=\"63\">2 nurkowania<\/td>\n<td align=\"center\" valign=\"middle\" width=\"77\">2 nurkowania<\/td>\n<\/tr>\n<tr>\n<td align=\"center\" valign=\"middle\" width=\"93\" height=\"20\">1 dzie\u0144<\/td>\n<td align=\"center\" valign=\"middle\" width=\"93\" height=\"20\">1 dzie\u0144<\/td>\n<td align=\"center\" valign=\"middle\" width=\"69\">1 dzie\u0144<\/td>\n<td align=\"center\" valign=\"middle\" width=\"84\">1 dzie\u0144<\/td>\n<td align=\"center\" valign=\"middle\" width=\"70\">1 dzie\u0144<\/td>\n<td align=\"center\" valign=\"middle\" width=\"63\">1 dzie\u0144<\/td>\n<td align=\"center\" valign=\"middle\" width=\"77\">1 dzie\u0144<\/td>\n<\/tr>\n<tr>\n<td align=\"center\" valign=\"middle\" width=\"93\" height=\"20\">160 euros<\/td>\n<td align=\"center\" valign=\"middle\" width=\"93\" height=\"20\">160 euros<\/td>\n<td align=\"center\" valign=\"middle\" width=\"69\">175 euros<\/td>\n<td align=\"center\" valign=\"middle\" width=\"84\">160 euros<\/td>\n<td align=\"center\" valign=\"middle\" width=\"70\">75 euros<\/td>\n<td align=\"center\" valign=\"middle\" width=\"63\">160 euros<\/td>\n<td align=\"center\" valign=\"middle\" width=\"77\">150 euros<\/td>\n<\/tr>\n<tr>\n<td align=\"center\" valign=\"middle\" width=\"93\" height=\"20\">Deep diving<\/td>\n<td align=\"center\" valign=\"middle\" width=\"93\" height=\"20\">Diver Stress and rescue<\/td>\n<td align=\"center\" valign=\"middle\" width=\"69\">Wreck diving<\/td>\n<td align=\"center\" valign=\"middle\" width=\"84\">React right<br \/>\n( Fist aid)<\/td>\n<td align=\"center\" valign=\"middle\" width=\"70\">Night &amp; limited visibility<\/td>\n<td align=\"center\" valign=\"middle\" width=\"63\">Perfect buoyancy<\/td>\n<td align=\"center\" valign=\"middle\" width=\"77\">Photo &amp; vid\u00e9o<\/td>\n<\/tr>\n<tr>\n<td align=\"center\" valign=\"middle\" width=\"93\" height=\"20\">3 nurkowania<\/td>\n<td align=\"center\" valign=\"middle\" width=\"93\" height=\"20\">3 nurkowania<\/td>\n<td align=\"center\" valign=\"middle\" width=\"69\">2 nurkowania<\/td>\n<td align=\"center\" valign=\"middle\" width=\"84\">&#8211;<\/td>\n<td align=\"center\" valign=\"middle\" width=\"70\">2 nurkowania<\/td>\n<td align=\"center\" valign=\"middle\" width=\"63\">2 nurkowania<\/td>\n<td align=\"center\" valign=\"middle\" width=\"77\">2 nurkowania<\/td>\n<\/tr>\n<tr>\n<td align=\"center\" valign=\"middle\" width=\"93\" height=\"20\">2 dni<\/td>\n<td align=\"center\" valign=\"middle\" width=\"93\" height=\"20\">2-3 dni<\/td>\n<td align=\"center\" valign=\"middle\" width=\"69\">1 dzie\u0144<\/td>\n<td align=\"center\" valign=\"middle\" width=\"84\">1 dzie\u0144<\/td>\n<td align=\"center\" valign=\"middle\" width=\"70\">1 dzie\u0144<\/td>\n<td align=\"center\" valign=\"middle\" width=\"63\">1 dzie\u0144<\/td>\n<td align=\"center\" valign=\"middle\" width=\"77\">1 dzie\u0144<\/td>\n<\/tr>\n<tr>\n<td align=\"center\" valign=\"middle\" width=\"93\" height=\"20\">215 euros<\/td>\n<td align=\"center\" valign=\"middle\" width=\"93\" height=\"20\">350 euros<\/td>\n<td align=\"center\" valign=\"middle\" width=\"69\">160 euros<\/td>\n<td align=\"center\" valign=\"middle\" width=\"84\">120 euros<\/td>\n<td align=\"center\" valign=\"middle\" width=\"70\">190 euros<\/td>\n<td align=\"center\" valign=\"middle\" width=\"63\">160 euros<\/td>\n<td align=\"center\" valign=\"middle\" width=\"77\">150 euros<\/td>\n<\/tr>\n<\/tbody>\n<\/table>\n<p>[\/vc_column_text][vc_empty_space height=&#8221;15px&#8221;][vc_empty_space height=&#8221;15px&#8221;][vc_empty_space height=&#8221;15px&#8221;][vc_column_text css_animation=&#8221;fadeInRight&#8221;]<\/p>\n<div align=\"center\"><\/div>\n<table width=\"923\" cellspacing=\"1\" cellpadding=\"0\">\n<colgroup>\n<col span=\"10\" width=\"80\" \/><\/colgroup>\n<tbody>\n<tr>\n<td align=\"center\" valign=\"middle\" width=\"74\" height=\"30\">Coral identification<\/td>\n<td align=\"center\" valign=\"middle\" width=\"93\">Computer diving<\/td>\n<td align=\"center\" valign=\"middle\" width=\"69\">Shark diving<\/td>\n<td align=\"center\" valign=\"middle\" width=\"84\">Waves,tides and currents<\/td>\n<td align=\"center\" valign=\"middle\" width=\"70\">Science of diving<\/td>\n<\/tr>\n<tr>\n<td align=\"center\" valign=\"middle\" width=\"93\" height=\"20\">2 nurkowania<\/td>\n<td align=\"center\" valign=\"middle\" width=\"93\" height=\"20\">2 nurkowania<\/td>\n<td align=\"center\" valign=\"middle\" width=\"69\">2 nurkowania<\/td>\n<td align=\"center\" valign=\"middle\" width=\"84\">2 nurkowania<\/td>\n<td align=\"center\" valign=\"middle\" width=\"70\">&#8211;<\/td>\n<\/tr>\n<tr>\n<td align=\"center\" valign=\"middle\" width=\"93\" height=\"20\">1 dzie\u0144<\/td>\n<td align=\"center\" valign=\"middle\" width=\"93\" height=\"20\">1 dzie\u0144<\/td>\n<td align=\"center\" valign=\"middle\" width=\"69\">1 dzie\u0144<\/td>\n<td align=\"center\" valign=\"middle\" width=\"84\">1 dzie\u0144<\/td>\n<td align=\"center\" valign=\"middle\" width=\"70\">1 dzie\u0144<\/td>\n<\/tr>\n<tr>\n<td align=\"center\" valign=\"middle\" width=\"93\" height=\"20\">160 euros<\/td>\n<td align=\"center\" valign=\"middle\" width=\"93\" height=\"20\">160 euros<\/td>\n<td align=\"center\" valign=\"middle\" width=\"69\">160 euros<\/td>\n<td align=\"center\" valign=\"middle\" width=\"84\">160 euros<\/td>\n<td align=\"center\" valign=\"middle\" width=\"70\">75 euros<\/td>\n<\/tr>\n<\/tbody>\n<\/table>\n<p>[\/vc_column_text][vc_empty_space height=&#8221;150px&#8221;][\/vc_column][\/vc_row][vc_row][vc_column][vc_column_text]<\/p>\n<h1 style=\"font: 0.5px Verdana; color: #000000;\">site de plong\u00e9e Nosy Be<\/h1>\n<p>[\/vc_column_text][\/vc_column][\/vc_row][vc_row][vc_column][vc_column_text][\/vc_column_text][\/vc_column][\/vc_row][vc_row][vc_column][vc_empty_space height=&#8221;15px&#8221;][vc_empty_space height=&#8221;15px&#8221;][vc_empty_space height=&#8221;50px&#8221;][\/vc_column][\/vc_row][vc_row][vc_column][vc_column_text]<\/p>\n<p>[\/vc_column_text][\/vc_column][\/vc_row][vc_row][vc_column][vc_column_text][\/vc_column_text][vc_empty_space height=&#8221;15px&#8221;][vc_custom_heading text=&#8221;Specjalno\u015bci SSI&#8221; font_container=&#8221;tag:h2|text_align:center&#8221;][vc_empty_space height=&#8221;15px&#8221;][vc_empty_space height=&#8221;15px&#8221;][vc_empty_space height=&#8221;15px&#8221;][vc_empty_space height=&#8221;15px&#8221;][vc_empty_space height=&#8221;50px&#8221;][\/vc_column][\/vc_row][vc_row][vc_column][vc_column_text]<\/p>\n<h1 style=\"font: 0.5px Verdana; color: #000000;\">site de plong\u00e9e Nosy Be<\/h1>\n<p>[\/vc_column_text][\/vc_column][\/vc_row][vc_row][vc_column][vc_column_text][\/vc_column_text][\/vc_column][\/vc_row][vc_row][vc_column][vc_column_text][\/vc_column_text][\/vc_column][\/vc_row][vc_row][vc_column][vc_column_text][\/vc_column_text][\/vc_column][\/vc_row][vc_row][vc_column][vc_column_text][\/vc_column_text][\/vc_column][\/vc_row][vc_row][vc_column][vc_empty_space height=&#8221;15px&#8221;][vc_empty_space height=&#8221;15px&#8221;][vc_empty_space height=&#8221;50px&#8221;][\/vc_column][\/vc_row][vc_row][vc_column][vc_column_text]<\/p>\n<p>[\/vc_column_text][\/vc_column][\/vc_row][vc_row][vc_column][vc_column_text][\/vc_column_text][vc_empty_space height=&#8221;15px&#8221;][vc_custom_heading text=&#8221;Specjalno\u015bci SSI&#8221; font_container=&#8221;tag:h2|text_align:center&#8221;][vc_empty_space height=&#8221;15px&#8221;][vc_empty_space height=&#8221;15px&#8221;][vc_empty_space height=&#8221;15px&#8221;][vc_empty_space height=&#8221;15px&#8221;][vc_empty_space height=&#8221;150px&#8221;][\/vc_column][\/vc_row][vc_row][vc_column][vc_column_text]<\/p>\n<h1 style=\"font: 0.5px Verdana; color: #000000;\">site de plong\u00e9e Nosy Be<\/h1>\n<p>[\/vc_column_text][\/vc_column][\/vc_row][vc_row][vc_column][vc_column_text][\/vc_column_text][\/vc_column][\/vc_row][vc_row][vc_column][vc_empty_space height=&#8221;15px&#8221;][vc_custom_heading text=&#8221;CENY ZA SZKOLENIA SSI&#8221; font_container=&#8221;tag:h2|text_align:center&#8221;][vc_empty_space height=&#8221;15px&#8221;][vc_empty_space height=&#8221;50px&#8221;][\/vc_column][\/vc_row][vc_row][vc_column][vc_column_text]<\/p>\n<p>[\/vc_column_text][\/vc_column][\/vc_row][vc_row][vc_column][vc_column_text][\/vc_column_text][vc_empty_space height=&#8221;15px&#8221;][vc_empty_space height=&#8221;15px&#8221;][vc_empty_space height=&#8221;15px&#8221;][vc_empty_space height=&#8221;15px&#8221;][vc_empty_space height=&#8221;15px&#8221;][vc_empty_space height=&#8221;50px&#8221;][\/vc_column][\/vc_row][vc_row][vc_column][vc_column_text]<\/p>\n<h1 style=\"font: 0.5px Verdana; color: #000000;\">site de plong\u00e9e Nosy Be<\/h1>\n<p>[\/vc_column_text][\/vc_column][\/vc_row][vc_row][vc_column][vc_column_text][\/vc_column_text][\/vc_column][\/vc_row][vc_row][vc_column][vc_column_text][\/vc_column_text][\/vc_column][\/vc_row]<\/p>","protected":false},"excerpt":{"rendered":"<p>[vc_row][vc_column][vc_column_text][\/vc_column_text][\/vc_column][\/vc_row][vc_row][vc_column][vc_column_text][\/vc_column_text][\/vc_column][\/vc_row][vc_row][vc_column][vc_empty_space height=&#8221;15px&#8221;][vc_custom_heading text=&#8221;CENY ZA SZKOLENIA SSI Uwaga: Wszystkie ceny szkole\u0144 nie obejmuj\u0105 wypo\u017cyczenia sprz\u0119tu (z wyj\u0105tkiem poziomu pocz\u0105tkuj\u0105cego: open water diver). Wypo\u017cyczenie sprz\u0119tu: kompletny: 5 \u20ac \/ nurkowanie lub (stab: 2 \u20ac \/ nurkowanie; pianka lub\/i PMT: 2 \u20ac \/ nurkowanie; regulator: 2 \u20ac \/ nurkowanie). &#8221; font_container=&#8221;tag:h2|text_align:center&#8221;][vc_column_text] Discover scuba diving : 55 \u20ac Wej\u015bcie na teren parku narodowego Nosy Tanikely kosztuje dodatkowo 40 000 AR (10 euro), nie jest to wliczone w cene nurkowania.[\/vc_column_text][vc_empty_space height=&#8221;15px&#8221;][vc_column_text css_animation=&#8221;fadeInUp&#8221;] \u00a0discover scuba diving Scuba diver Open water diver Advanced open water 55 \u20ac + parku 235,00 \u20ac 400,00 \u20ac 375 \u20ac [\/vc_column_text][vc_empty_space height=&#8221;50px&#8221;][\/vc_column][\/vc_row][vc_row][vc_column][vc_column_text] &hellip; <a href=\"https:\/\/scubanosybe.com\/pl\/formation-plongeur-ssi\/\">Continued<\/a><\/p>\n","protected":false},"author":4,"featured_media":0,"parent":0,"menu_order":0,"comment_status":"closed","ping_status":"closed","template":"","meta":[],"_links":{"self":[{"href":"https:\/\/scubanosybe.com\/pl\/wp-json\/wp\/v2\/pages\/2280"}],"collection":[{"href":"https:\/\/scubanosybe.com\/pl\/wp-json\/wp\/v2\/pages"}],"about":[{"href":"https:\/\/scubanosybe.com\/pl\/wp-json\/wp\/v2\/types\/page"}],"author":[{"embeddable":true,"href":"https:\/\/scubanosybe.com\/pl\/wp-json\/wp\/v2\/users\/4"}],"replies":[{"embeddable":true,"href":"https:\/\/scubanosybe.com\/pl\/wp-json\/wp\/v2\/comments?post=2280"}],"version-history":[{"count":97,"href":"https:\/\/scubanosybe.com\/pl\/wp-json\/wp\/v2\/pages\/2280\/revisions"}],"predecessor-version":[{"id":5719,"href":"https:\/\/scubanosybe.com\/pl\/wp-json\/wp\/v2\/pages\/2280\/revisions\/5719"}],"wp:attachment":[{"href":"https:\/\/scubanosybe.com\/pl\/wp-json\/wp\/v2\/media?parent=2280"}],"curies":[{"name":"wp","href":"https:\/\/api.w.org\/{rel}","templated":true}]}}