{"id":2701,"date":"2020-01-06T10:22:04","date_gmt":"2020-01-06T09:22:04","guid":{"rendered":"http:\/\/scubanosybe.com\/?page_id=2701"},"modified":"2023-01-21T13:59:31","modified_gmt":"2023-01-21T10:59:31","slug":"excursions","status":"publish","type":"page","link":"https:\/\/scubanosybe.com\/pl\/excursions\/","title":{"rendered":"Excursio"},"content":{"rendered":"<p>[vc_row][vc_column][vc_custom_heading text=&#8221;wycieczki&#8221; font_container=&#8221;tag:h2|text_align:center&#8221; use_theme_fonts=&#8221;yes&#8221;][\/vc_column][\/vc_row][vc_row equal_height=&#8221;yes&#8221; css_animation=&#8221;none&#8221;][vc_column width=&#8221;1\/3&#8243;][vc_single_image image=&#8221;2724&#8243; img_size=&#8221;full&#8221;][vc_column_text css_animation=&#8221;bottom-to-top&#8221;]<\/p>\n<h1 style=\"text-align: center;\"><strong>NOSY SAKATIA<\/strong><\/h1>\n<h2><strong>Wyspa \u017b\u00f3\u0142wi\u00a0:<\/strong><\/h2>\n<p style=\"text-align: justify;\">Odkryj interior wyspy w towarzystwie lokalnego przewodnika, podczas godzinnej pieszej wycieczki wg\u0142\u0105b Nosy Sakatia w poszukiwaniu wielu ciekawych gatunk\u00f3w drzew\u00a0: drzewa kawowe, pieprz, vanilia, ananas, nerkowce, mango, chlebowce, guava, eukaliptus, raffia, orchidee, ro\u015bliny lecznicze\u2026<\/p>\n<p>Po kr\u00f3tkim spacerze wybierzemy si\u0119 na snoorkeling aby zobaczy\u0107 odwiedzaj\u0105ce wysp\u0119 \u017c\u00f3\u0142wie morskie.<\/p>\n<p>Lunch na pla\u017cy, mo\u017cliwo\u015b\u0107 skorzystania z kajak\u00f3w i sprz\u0119tu pla\u017cowego.[\/vc_column_text][\/vc_column][vc_column width=&#8221;1\/3&#8243;][vc_single_image image=&#8221;2736&#8243; img_size=&#8221;full&#8221; css_animation=&#8221;bottom-to-top&#8221;][vc_column_text]<\/p>\n<h1 style=\"text-align: center;\">NOSY KOMBA I TANIKELY<\/h1>\n<p style=\"text-align: justify;\">Nosy Komba jest drug\u0105 co do wielko\u015bci wysp\u0105 archipelagu po Nosy Be. Odwied\u017a Park Lemur\u00f3w oraz wioske ryback\u0105 u\u017cywaj\u0105c ich tradycyjnej \u0142odzi.<\/p>\n<p>[\/vc_column_text][\/vc_column][vc_column width=&#8221;1\/3&#8243;][vc_single_image image=&#8221;2713&#8243; img_size=&#8221;full&#8221; css_animation=&#8221;bottom-to-top&#8221;][vc_column_text css_animation=&#8221;bottom-to-top&#8221;]<\/p>\n<h1 style=\"text-align: center;\">NOSY IRANJA<\/h1>\n<p style=\"text-align: justify;\">Nosy Iranja znajduj\u0119 si\u0119 ok p\u00f3\u0142torej godziny drogi motor\u00f3wk\u0105 od Nosy Be. Sk\u0142ada si\u0119 z dw\u00f3ch wysp po\u0142\u0105czonych ze sob\u0105 pasmem piasku kt\u00f3ry w trakcie odp\u0142ywu tworzy niesamowicie fotogeniczn\u0105 rajsk\u0105 sceneri\u0119. Wyspa mo\u017ce smia\u0142o by\u0107 uznawana za rajsk\u0105 z jej turkusow\u0105 wod\u0105, bia\u0142ym piaskiem i zielonymi wzg\u00f3rzami poro\u015bnietymi egzotycznymi ro\u015blinami. Do dzi\u015b \u017c\u00f3\u0142wie przyp\u0142ywaj\u0105 tu sk\u0142ada\u0107 jaja st\u0105d nazwa \u017c\u00f3\u0142wia wyspa.<\/p>\n<p>[\/vc_column_text][\/vc_column][\/vc_row][vc_row][vc_column][vc_empty_space][\/vc_column][\/vc_row][vc_row equal_height=&#8221;yes&#8221;][vc_column width=&#8221;1\/3&#8243;][vc_single_image image=&#8221;2739&#8243; img_size=&#8221;full&#8221;][vc_column_text]<\/p>\n<h1 style=\"text-align: center;\"><strong>ISLAND TOUR<\/strong><\/h1>\n<p style=\"text-align: justify;\">Wycieczka do stolicy wyspy Hell Ville w kt\u00f3rej mo\u017cecie zobaczy\u0107 prawdziwy loklany market na kt\u00f3rym Malgesze sprzedaj\u0105 kraby, przyprawy, tropikalne owoce. Miasto ze swoj\u0105 postkolonialn\u0105 architektur\u0105 i wieloma ryneczkami stanowi centralny punkt wyspy, to trzeba zobaczy\u0107.<\/p>\n<p style=\"text-align: justify;\">Plan wycieczki zaczyna si\u0119 w porcie, szybkie zwiedzanie i czas wolny na zakupy. Nast\u0119pnie udamy si\u0119 do Banyan millennium czyli \u015bwi\u0119te drzewo kt\u00f3re ma ponad\u00a0 500m \u015brednicy\u00a0! Po drodze b\u0119dziemy mogli poczu\u0107 wo\u0144 spotykanych tutaj drzew i krzew\u00f3w. Kwiaty kawy, pieprzy drzew owocowych i ponad wszystko Ylang Ylang czyli skarb wyspiarzy u\u017cywany do produkcji perfum znanych marek. Lunch zjemy w jednej ze s\u0142ynnych restauracji na wyspie. Po po\u0142udniu udamy si\u0119 na k\u0105piel na pla\u017cy Andilana uznawanej za najpi\u0119kniejsz\u0105 pla\u017c\u0119 na wyspie. Dzie\u0144 zako\u0144czymy koktajlem na g\u00f3rze Mont Passot, jest to najwy\u017cszy punkt na wyspie z kt\u00f3rego mo\u017cna podziwia\u0107 pi\u0119kny\u00a0 360 stopniowy zach\u00f3d s\u0142o\u0144ca.<\/p>\n<p>[\/vc_column_text][\/vc_column][vc_column width=&#8221;1\/3&#8243;][vc_single_image image=&#8221;2747&#8243; img_size=&#8221;full&#8221;][vc_column_text]<\/p>\n<h1 style=\"text-align: center;\"><strong>LEMURIA LAND<\/strong><\/h1>\n<p style=\"text-align: justify;\">Wycieczka do prywatnego ogrodu botaniczno-zoologicznego gdzie mo\u017cna zobaczy\u0107 du\u017c\u0105 kolekcj\u0119 endemicznych lemur\u00f3w, gad\u00f3w wliczaj\u0105c w to niesamowite kameleony , krokodyle, kilka gatunk\u00f3w \u017c\u00f3\u0142wi i jaszczurek.<\/p>\n<p style=\"text-align: left;\">Podczas wycieczki udamy si\u0119 tak\u017ce do tradycyjnej destylarni gdzie wytwarzany jest olejek eteryczny oraz lokalny rum z kt\u00f3rego s\u0142ynie wyspa.<\/p>\n<p>[\/vc_column_text][\/vc_column][vc_column width=&#8221;1\/3&#8243;][vc_single_image image=&#8221;2752&#8243; img_size=&#8221;full&#8221;][vc_column_text]<\/p>\n<h1 style=\"text-align: center;\"><strong>LOKOBE<\/strong><\/h1>\n<p style=\"text-align: justify;\">Park narodowy Lokobe to najwi\u0119kszy pierwotny las tropikalny na Nosy Be w kt\u00f3rym mo\u017cna znale\u017a\u0107 wiele ro\u015blin leczniczych oraz endemiczne dla Madagaskaru tysi\u0105cletnie drzewa. Las kt\u00f3ry cieszy wielu naukowc\u00f3w pozwoli wam na odkrycie z\u0142o\u017cono\u015bci prawdziwego lasu tropikalnego. Pozw\u00f3l si\u0119 wprowadzi\u0107 w niesamowity \u015bwiat obcy \u015bwiat nocnych lemur\u00f3w, gekon\u00f3w li\u015bcioogonowych, kameleon\u00f3w oraz wielu zadziwiaj\u0105cych owad\u00f3w i ptak\u00f3w.<\/p>\n<p>[\/vc_column_text][\/vc_column][\/vc_row][vc_row][vc_column][vc_empty_space][\/vc_column][\/vc_row][vc_row equal_height=&#8221;yes&#8221; css_animation=&#8221;bottom-to-top&#8221;][vc_column width=&#8221;1\/3&#8243;][vc_single_image image=&#8221;2953&#8243; img_size=&#8221;full&#8221;][vc_column_text]<\/p>\n<h1 style=\"text-align: center;\"><strong>NOSY<\/strong><strong> VORONA<\/strong><\/h1>\n<p style=\"text-align: justify;\">Wyobra\u017a sobie rajsk\u0105 wysp\u0119 tylko dla Ciebie\u00a0! Nie czekaj, zr\u00f3b to\u00a0! Z minimum 5 osobami zacznij dzie\u0144 na morzu zatrzymuj\u0105c si\u0119 na bia\u0142ych \u0142achach piasku k\u0105pi\u0105c si\u0119 w krystalicznej wodzie otoczonym trapikalnymi rybami.<\/p>\n<p style=\"text-align: justify;\">Nast\u0119pnym przystankiem b\u0119dzie wyspa lemur\u00f3w Nosy Komba na kt\u00f3rej b\u0119dziecie mogli odkry\u0107 jej lokaln\u0105 flor\u0119 i faun\u0119. P\u00f3\u017anym rankiem wyl\u0105dujecie na swojej prywatnej wyspie w trakcie kiedy b\u0119dziecie snorklowa\u0107 nasz kucharz przygotuje dla was lunch. Stopy zanurzone w piasku, st\u00f3\u0142 ustawiony na przeciwko turkusowej wody, ciesz\u0105c si\u0119 swoim posi\u0142kiem i p\u0142awi\u0105c si\u0119 w luksusowym poczuciu bycia jedynym cz\u0142owiekiem na \u015bwiecie. To trzeba prze\u017cy\u0107\u00a0!<\/p>\n<p style=\"text-align: center;\">Powr\u00f3t do portu w Hell Vill ok. Godziny 15\u00a0:30<\/p>\n<p>[\/vc_column_text][\/vc_column][vc_column width=&#8221;1\/3&#8243;][vc_single_image image=&#8221;2954&#8243; img_size=&#8221;full&#8221;][vc_column_text]<\/p>\n<h1 style=\"text-align: center;\"><strong>QUADY<\/strong><\/h1>\n<p style=\"text-align: justify;\">Odkryj interior Nosy Be z jego wulkanicznymi jeziorami na quadzie\u00a0podczas wycieczki ca\u0142odniowej lub kilkugodzinnej. Dzi\u0119ki temu mo\u017cna dotrze\u0107 do miejsc do kt\u00f3rych nie doje\u017cd\u017caj\u0105 samochody, przez pola trzciny cukrowej w towarzystwie do\u015bwiadczonego przewodnika. Przygodowy dzie\u0144 na rodzin, par lub fan\u00f3w wy\u015bcig\u00f3w.<\/p>\n<p style=\"text-align: justify;\">Nie trzeba mie\u0107 specjalnych umiej\u0119tno\u015bci, quady s\u0105 2 osobowe i s\u0105 dost\u0119pne w r\u00f3\u017cnych kategoriach.<\/p>\n<p>[\/vc_column_text][\/vc_column][vc_column width=&#8221;1\/3&#8243;][vc_single_image image=&#8221;2955&#8243; img_size=&#8221;full&#8221;][vc_empty_space][vc_column_text]<\/p>\n<h1 style=\"text-align: center;\"><strong>JAZDA KONNA<\/strong><\/h1>\n<p style=\"text-align: justify;\">Odkryj najbardziej niedost\u0119pne zak\u0105tki Nosy Be na grzbiecie konia. Wycieczka dost\u0119pna dla uczestnik\u00f3w w ka\u017cdym wieku, prowadzona pod okiem do\u015bwiadczonego i wykwalifikowanego instruktora. Po drodze b\u0119dzie mo\u017cna zobaczy\u0107 drzewa z k\u00f3tych wytwarzane s\u0105 perfumy, zapu\u015bcimy si\u0119 do \u015bwietych jezior w g\u0142ebi wyspy. Zobaczymy pi\u0119kne piaszczyste pla\u017ce, konie na pewno b\u0119d\u0105 chcia\u0142y wskoczy\u0107 do ch\u0142odnej wody, idealny dzie\u0144 z rodzin\u0105 lub przyjaci\u00f3\u0142mi.<\/p>\n<p>[\/vc_column_text][\/vc_column][\/vc_row][vc_row][vc_column][vc_empty_space][\/vc_column][\/vc_row][vc_row equal_height=&#8221;yes&#8221; css_animation=&#8221;bounceInLeft&#8221;][vc_column width=&#8221;1\/2&#8243;][vc_single_image image=&#8221;1562&#8243; img_size=&#8221;full&#8221;][vc_column_text]<\/p>\n<h1 style=\"text-align: center;\">TREKING<\/h1>\n<p style=\"text-align: center;\">Drog\u0105 i w sercu krater\u00f3w, odkryj nowe \u015bwiete jeziora g\u00f3ry Mont Passot.<\/p>\n<p><strong>Proponujemy r\u00f3\u017cne szlaki\u00a0:<\/strong><\/p>\n<p>1-\u00a0 Szlak le\u015bny do Antsahamanavaka\u00a0: 4km p\u0119tla trwaj\u0105ca ok 2 godziny i 30 minut. W trakcie pobytu w wiosce dowiemy si\u0119 czego\u015b o lokalnych zwyczajach, poznamy ro\u015bliny lecznicze, krajobraz, bior\u00f3\u017cnorodno\u015b\u0107 i histori\u0119. Odkryjemy codzienne \u017cycie ludzi Sakalava, udamy si\u0119 nad \u015bwi\u0119ty wodospad i zobaczymy ekologiczne projekty lokalne ( rekultywacje lasu)<\/p>\n<p>2-\u00a0 Odkrywanie Antsidihy\u00a0: 5km p\u0119tla ok 3-4 godziny. Obserwacja ptak\u00f3w, wodospady, ma\u0142pi most, krokodyle wyleguj\u0105ce si\u0119 na s\u0142o\u0144cu, spotkanie z lokalnymi mieszka\u0144cami kt\u00f3rzy opowiedz\u0105 o uprawie i destylacji Ylang Ylang.<\/p>\n<p>3-\u00a0 Historyczno-kulturowy treking ekstremalny do miejscowo\u015bci Ampharibe\u00a0: 6km p\u0119tla ok 4-5 godzin. Panorana na zach\u00f3d archipelagu, poszukiwanie orchidei, ro\u015bliny u\u017cywane do produkcji perfum, przep\u0142yni\u0119cie przez jezioro i wspinaczka na Mont Passot.[\/vc_column_text][\/vc_column][vc_column width=&#8221;1\/2&#8243;][vc_single_image image=&#8221;2151&#8243; img_size=&#8221;full&#8221;][vc_column_text]<\/p>\n<h1 style=\"text-align: center;\"><strong>WIELORYBY I REKINY WIELORYBIE (Whale watching)<\/strong><\/h1>\n<p style=\"text-align: justify;\">Ciesz si\u0119 spotkaniem z wieloma Humbakami (wieloryby) kt\u00f3re odwiedzaj\u0105 ciep\u0142e wody oblewaj\u0105ce Nosy Be aby si\u0119 rozmna\u017ca\u0107 i urodzi\u0107 swoje m\u0142ode. Ich migracja to okazja aby zobaczy\u0107 ich niesamowite zachowania, przekaza\u0107 turystom wiedz\u0119 na temat tych niesamowitych morskich ssak\u00f3w. Badacze zbieraj\u0105 r\u00f3wnie\u017c wa\u017cne informacj\u0119 o tych zwierz\u0119tach aby lepiej zrozumie\u0107 ich migracje w wodach dooko\u0142a Madagaskaru. Opr\u00f3cz Humbak\u00f3w cz\u0119sto mo\u017cemy natkn\u0105\u0107 si\u0119 na delfiny kt\u00f3re kr\u0105\u017c\u0105 i bawi\u0105 si\u0119 w ok\u00f3\u0142 \u0142odzi. W trakcie sezonu zobaczycie te\u017c najwi\u0119ksze ryby \u015bwiata Rekiny Wielorybie z kt\u00f3rymi mo\u017cna wej\u015b\u0107 do wody i p\u0142ywa\u0107 obok \u017ceruj\u0105cych zwierz\u0105t, w trakcie naszej wyprawy mo\u017cemy spotka\u0107 r\u00f3\u017cne gatunki morskich \u017c\u00f3\u0142wi.<\/p>\n<p style=\"text-align: center;\">Mo\u017cliwo\u015b\u0107 pop\u0142yni\u0119cia na Nosy Fanihy, w\u0119dkarstwo morskie, biwak na Nosy Iranja lub Nosy Mitsio\u2026.<\/p>\n<p>[\/vc_column_text][\/vc_column][\/vc_row][vc_row][vc_column][vc_empty_space][\/vc_column][\/vc_row][vc_row][vc_column][\/vc_column][\/vc_row]<\/p>","protected":false},"excerpt":{"rendered":"<p>[vc_row][vc_column][vc_custom_heading text=&#8221;wycieczki&#8221; font_container=&#8221;tag:h2|text_align:center&#8221; use_theme_fonts=&#8221;yes&#8221;][\/vc_column][\/vc_row][vc_row equal_height=&#8221;yes&#8221; css_animation=&#8221;none&#8221;][vc_column width=&#8221;1\/3&#8243;][vc_single_image image=&#8221;2724&#8243; img_size=&#8221;full&#8221;][vc_column_text css_animation=&#8221;bottom-to-top&#8221;] NOSY SAKATIA Wyspa \u017b\u00f3\u0142wi\u00a0: Odkryj interior wyspy w towarzystwie lokalnego przewodnika, podczas godzinnej pieszej wycieczki wg\u0142\u0105b Nosy Sakatia w poszukiwaniu wielu ciekawych gatunk\u00f3w drzew\u00a0: drzewa kawowe, pieprz, vanilia, ananas, nerkowce, mango, chlebowce, guava, eukaliptus, raffia, orchidee, ro\u015bliny lecznicze\u2026 Po kr\u00f3tkim spacerze wybierzemy si\u0119 na snoorkeling aby zobaczy\u0107 odwiedzaj\u0105ce wysp\u0119 \u017c\u00f3\u0142wie morskie. Lunch na pla\u017cy, mo\u017cliwo\u015b\u0107 skorzystania z kajak\u00f3w i sprz\u0119tu pla\u017cowego.[\/vc_column_text][\/vc_column][vc_column width=&#8221;1\/3&#8243;][vc_single_image image=&#8221;2736&#8243; img_size=&#8221;full&#8221; css_animation=&#8221;bottom-to-top&#8221;][vc_column_text] NOSY KOMBA I TANIKELY Nosy Komba jest drug\u0105 co do wielko\u015bci wysp\u0105 archipelagu po Nosy Be. Odwied\u017a Park Lemur\u00f3w oraz wioske ryback\u0105 u\u017cywaj\u0105c ich tradycyjnej &hellip; <a href=\"https:\/\/scubanosybe.com\/pl\/excursions\/\">Continued<\/a><\/p>\n","protected":false},"author":4,"featured_media":0,"parent":0,"menu_order":0,"comment_status":"closed","ping_status":"closed","template":"","meta":[],"_links":{"self":[{"href":"https:\/\/scubanosybe.com\/pl\/wp-json\/wp\/v2\/pages\/2701"}],"collection":[{"href":"https:\/\/scubanosybe.com\/pl\/wp-json\/wp\/v2\/pages"}],"about":[{"href":"https:\/\/scubanosybe.com\/pl\/wp-json\/wp\/v2\/types\/page"}],"author":[{"embeddable":true,"href":"https:\/\/scubanosybe.com\/pl\/wp-json\/wp\/v2\/users\/4"}],"replies":[{"embeddable":true,"href":"https:\/\/scubanosybe.com\/pl\/wp-json\/wp\/v2\/comments?post=2701"}],"version-history":[{"count":51,"href":"https:\/\/scubanosybe.com\/pl\/wp-json\/wp\/v2\/pages\/2701\/revisions"}],"predecessor-version":[{"id":5064,"href":"https:\/\/scubanosybe.com\/pl\/wp-json\/wp\/v2\/pages\/2701\/revisions\/5064"}],"wp:attachment":[{"href":"https:\/\/scubanosybe.com\/pl\/wp-json\/wp\/v2\/media?parent=2701"}],"curies":[{"name":"wp","href":"https:\/\/api.w.org\/{rel}","templated":true}]}}