{"id":2870,"date":"2020-05-18T14:36:02","date_gmt":"2020-05-18T12:36:02","guid":{"rendered":"http:\/\/scubanosybe.com\/?page_id=2870"},"modified":"2024-07-18T08:30:46","modified_gmt":"2024-07-18T05:30:46","slug":"projet-social","status":"publish","type":"page","link":"https:\/\/scubanosybe.com\/pl\/projet-social\/","title":{"rendered":"copie Plong\u00e9e TEC"},"content":{"rendered":"<p>[vc_row][vc_column][vc_custom_heading text=&#8221;SOCIALE&#8221;][vc_empty_space][\/vc_column][\/vc_row][vc_row][vc_column][vc_column_text css_animation=&#8221;bounceInUp&#8221;]<\/p>\n<h1 style=\"text-align: center;\"><strong>Wsp\u00f3\u0142praca z organizacj\u0105 non-profit\u201d Ile aux Enfants\u201d ( Wyspa dzieci)<\/strong><\/h1>\n<p style=\"text-align: justify;\">Nosy be jest cz\u0119sto uznawane za Madagaskarsk\u0105 \u201erivieri\u0119\u201d. Niestety w innych cz\u0119\u015bciach Madagaskaru sytuacja nie wygl\u0105da tak r\u00f3\u017cowo. Miejsca bardziej odleg\u0142e i niekt\u00f3re obszary na tych zurbanizowanych terenach cierpi\u0105 ekstremaln\u0105 bied\u0119.<\/p>\n<p style=\"text-align: justify;\">W Scuba Nosy be postanowili\u015bmy pom\u00f3c w rozwoju edukacji na Madagaskarze poprzez promowanie partnerstwa kt\u00f3re stworzyli\u015bmy z organizacj\u0105 &#8220;L&#8217;\u00eele aux Enfants&#8221;\u00a0\u00a0<a href=\"http:\/\/ecoleileauxenfants.org\/\">http:\/\/ecoleileauxenfants.org\/<\/a>.<\/p>\n<p style=\"text-align: justify;\">Oko\u0142o 10 lat temu, Eric m\u0142ody nauczyciel pracuj\u0105cy we Francuskiej szkole podstawowej w stolicy kraju Antananarywie, stworzy\u0142 projekt wybudowania szko\u0142y w ekstremalnie ubogim rejonie Anosibe. Projekt zosta\u0142 zawieszony z powodu braku funduszy.<\/p>\n<p style=\"text-align: justify;\">Anosibe nie jest miastem ruder\u0105 zbudowan\u0105 z materia\u0142\u00f3w kt\u00f3re s\u0105 pod r\u0119k\u0105, nazywane raczej \u201ebag town\u201d gdzie rodziny buduj\u0105 swoje prowizoryczne schronienia z plastiku i plandek, czegokolwiek co uda im si\u0119 znale\u017a\u0107. Podczas pory deszczowej kiedy cz\u0119sto powodzie wy\u017c\u0105dzaj\u0105 du\u017ce szkody, te proste sklecone z byle czego chatki s\u0105 zmywane przez fale powodzi.<\/p>\n<p style=\"text-align: justify;\">Eric wzi\u0105\u0142 roczny urlop aby wybudowa\u0107 w tym miejscu szko\u0142\u0119. Mimo kampani aby poinformowa\u0107 mieszka\u0144c\u00f3w, \u017ce szko\u0142a ju\u017c funkcjonuje nie pojawi\u0142o si\u0119 w niej nawet jedno dziecko ! W tak biednych rejonach jak Anosibe dzieci od najm\u0142odszych lat zmuszone s\u0105 i\u015b\u0107 do pracy, czasami zaraz po tym jak naucz\u0105 si\u0119 chodzi\u0107&#8230;<\/p>\n<p style=\"text-align: justify;\">Eric w pozozumieniu z lokalnymi w\u0142adzami postanowi\u0142 podawa\u0107 \u015bniadania dla dzieci od godziny 6:30 oraz kolejny posi\u0142ek o godzinie 13 po zako\u0144czeniu zaj\u0119\u0107 w szkole. Aby nie nara\u017ca\u0107 isnienia projektu i dost\u0119pu dzieci do edukacji,aakceptowa\u0142 on to, \u017ce po zaj\u0119ciach dzieci udadz\u0105 si\u0119 do pracy. To pozwala tym rodzin\u0105 przetrwa\u0107.<\/p>\n<p style=\"text-align: justify;\">Wraz z nowym nastawieniem do szko\u0142y przychodzi\u0142o wi\u0119cej dzieci I na dzie\u0144 dzisiejszy jest codziennie wype\u0142niona bo brzegi. Inicjatywa Eryka by\u0107 mo\u017ce nie zrewolucjonizowa\u0142a bytowania tych dzieci ale pomog\u0142a im poprawi\u0107 ich stan zdrowia oraz wspom\u00f3c rozw\u00f3j<\/p>\n<p style=\"text-align: justify;\">Aby wesprze\u0107 ten projekt zach\u0119camy was do przywiezienia podstawowych produkt\u00f3w kt\u00f3re mog\u0105 pom\u00f3c sytuacji tych rodzin. Kiedy wybieracie si\u0119 na wakacje na Nosy Be mo\u017cecie zabra\u0107 ze sob\u0105 najpotrzebniejsze rzeczy: leki, ubrania, zabawki, artyku\u0142y szkolne ( przedmioty do pisania, ksi\u0105\u017cki itp). My upewnimy si\u0119, \u017ce przekazane przez was rzeczy trafi\u0105 do Erika i jego funfacji &#8220;L&#8217;ile aux Enfants&#8221;.<\/p>\n<p style=\"text-align: left;\">Szukamy tak\u017ce sponsor\u00f3w dla dzieciak\u00f3w. Aby nim zosta\u0107 wystarczy zapewni\u0107 30 euro miesi\u0119cznie na utrzymanie tych dzieciak\u00f3w.<\/p>\n<p style=\"text-align: justify;\">Sponosuj\u0105c takie dziecko dajesz mu szanse na pozbycie si\u0119 g\u0142odu, regularn\u0105 opieke medyczn\u0105 oraz ochrone przed wszystkimi innymi nieszcz\u0119\u015bciami. Bedziesz mia\u0142 mo\u017cliwo\u015b\u0107 prze\u017cywania z nim\/ni\u0105 dzieci\u0144stwa i dzieli\u0142 z nimi ich wa\u017cne momenty wymieniaj\u0105c zdj\u0119cia, filmy i maile. B\u0119dziecie te\u017c mieli mo\u017cliwo\u015b\u0107 odwiedzeznia dzieciak\u00f3w tutaj na Madagaskarze, to niezapomniane prze\u017cycie i mo\u017cliwo\u015b\u0107 obserwowania jak poprawia si\u0119 czyja\u015b sytuacja \u017cyciowa- Dzi\u0119kujemy !<\/p>\n<p style=\"text-align: left;\">( <a href=\"http:\/\/ecoleileauxenfants.org\/don\/\">http:\/\/ecoleileauxenfants.org\/don\/<\/a> )<\/p>\n<p>[\/vc_column_text][vc_empty_space][vc_empty_space][\/vc_column][\/vc_row]<\/p>","protected":false},"excerpt":{"rendered":"<p>[vc_row][vc_column][vc_custom_heading text=&#8221;SOCIALE&#8221;][vc_empty_space][\/vc_column][\/vc_row][vc_row][vc_column][vc_column_text css_animation=&#8221;bounceInUp&#8221;] Wsp\u00f3\u0142praca z organizacj\u0105 non-profit\u201d Ile aux Enfants\u201d ( Wyspa dzieci) Nosy be jest cz\u0119sto uznawane za Madagaskarsk\u0105 \u201erivieri\u0119\u201d. Niestety w innych cz\u0119\u015bciach Madagaskaru sytuacja nie wygl\u0105da tak r\u00f3\u017cowo. Miejsca bardziej odleg\u0142e i niekt\u00f3re obszary na tych zurbanizowanych terenach cierpi\u0105 ekstremaln\u0105 bied\u0119. W Scuba Nosy be postanowili\u015bmy pom\u00f3c w rozwoju edukacji na Madagaskarze poprzez promowanie partnerstwa kt\u00f3re stworzyli\u015bmy z organizacj\u0105 &#8220;L&#8217;\u00eele aux Enfants&#8221;\u00a0\u00a0http:\/\/ecoleileauxenfants.org\/. Oko\u0142o 10 lat temu, Eric m\u0142ody nauczyciel pracuj\u0105cy we Francuskiej szkole podstawowej w stolicy kraju Antananarywie, stworzy\u0142 projekt wybudowania szko\u0142y w ekstremalnie ubogim rejonie Anosibe. Projekt zosta\u0142 zawieszony z powodu braku funduszy. Anosibe nie jest &hellip; <a href=\"https:\/\/scubanosybe.com\/pl\/projet-social\/\">Continued<\/a><\/p>\n","protected":false},"author":4,"featured_media":0,"parent":0,"menu_order":0,"comment_status":"closed","ping_status":"closed","template":"","meta":[],"_links":{"self":[{"href":"https:\/\/scubanosybe.com\/pl\/wp-json\/wp\/v2\/pages\/2870"}],"collection":[{"href":"https:\/\/scubanosybe.com\/pl\/wp-json\/wp\/v2\/pages"}],"about":[{"href":"https:\/\/scubanosybe.com\/pl\/wp-json\/wp\/v2\/types\/page"}],"author":[{"embeddable":true,"href":"https:\/\/scubanosybe.com\/pl\/wp-json\/wp\/v2\/users\/4"}],"replies":[{"embeddable":true,"href":"https:\/\/scubanosybe.com\/pl\/wp-json\/wp\/v2\/comments?post=2870"}],"version-history":[{"count":27,"href":"https:\/\/scubanosybe.com\/pl\/wp-json\/wp\/v2\/pages\/2870\/revisions"}],"predecessor-version":[{"id":5502,"href":"https:\/\/scubanosybe.com\/pl\/wp-json\/wp\/v2\/pages\/2870\/revisions\/5502"}],"wp:attachment":[{"href":"https:\/\/scubanosybe.com\/pl\/wp-json\/wp\/v2\/media?parent=2870"}],"curies":[{"name":"wp","href":"https:\/\/api.w.org\/{rel}","templated":true}]}}