{"id":30,"date":"2016-01-20T11:00:22","date_gmt":"2016-01-20T10:00:22","guid":{"rendered":"http:\/\/sp.useful-pixels.com\/?page_id=10"},"modified":"2025-10-17T15:51:11","modified_gmt":"2025-10-17T12:51:11","slug":"home","status":"publish","type":"page","link":"https:\/\/scubanosybe.com\/pl\/","title":{"rendered":"Strona g\u0142\u00f3wna"},"content":{"rendered":"<p>[vc_row][vc_column][vc_column_text][\/vc_column_text][\/vc_column][\/vc_row][vc_row row_type=&#8221;parallax&#8221;][vc_column]<link href=\"https:\/\/fonts.googleapis.com\/css?family=Open+Sans:400%2C700\" rel=\"stylesheet\" property=\"stylesheet\" type=\"text\/css\" media=\"all\">\n<div id=\"rev_slider_8_1_wrapper\" class=\"rev_slider_wrapper fullwidthbanner-container\" data-source=\"gallery\" style=\"margin:0px auto;background-color:transparent;padding:0px;margin-top:0px;margin-bottom:0px;\">\n<!-- START REVOLUTION SLIDER 5.3.1.5 fullwidth mode -->\n\t<div id=\"rev_slider_8_1\" class=\"rev_slider fullwidthabanner\" style=\"display:none;\" data-version=\"5.3.1.5\">\n<ul>\t<!-- SLIDE  -->\n\t<li data-index=\"rs-9\" data-transition=\"fade\" data-slotamount=\"7\" data-hideafterloop=\"0\" data-hideslideonmobile=\"off\"  data-easein=\"default\" data-easeout=\"default\" data-masterspeed=\"300\"  data-thumb=\"https:\/\/scubanosybe.com\/wp-content\/uploads\/2017\/06\/scubanosybe.com_-100x50.jpg\"  data-rotate=\"0\"  data-fstransition=\"fade\" data-fsmasterspeed=\"1500\" data-fsslotamount=\"7\" data-saveperformance=\"off\"  data-title=\"Slide\" data-param1=\"\" data-param2=\"\" data-param3=\"\" data-param4=\"\" data-param5=\"\" data-param6=\"\" data-param7=\"\" data-param8=\"\" data-param9=\"\" data-param10=\"\" data-description=\"\">\n\t\t<!-- MAIN IMAGE -->\n\t\t<img src=\"https:\/\/scubanosybe.com\/wp-content\/uploads\/2017\/06\/scubanosybe.com_.jpg\"  alt=\"\" title=\"scubanosybe.com\"  width=\"1024\" height=\"684\" data-bgposition=\"center center\" data-bgfit=\"cover\" data-bgrepeat=\"no-repeat\" data-bgparallax=\"5\" class=\"rev-slidebg\" data-no-retina>\n\t\t<!-- LAYERS -->\n\n\t\t<!-- LAYER NR. 1 -->\n\t\t<div class=\"tp-caption tp-shape tp-shapewrapper  tp-resizeme\" \n\t\t\t id=\"slide-9-layer-14\" \n\t\t\t data-x=\"['right','right','right','center']\" data-hoffset=\"['0','19','19','0']\" \n\t\t\t data-y=\"['top','top','top','top']\" data-voffset=\"['111','111','111','111']\" \n\t\t\t\t\t\tdata-width=\"450\"\n\t\t\tdata-height=\"51\"\n\t\t\tdata-whitespace=\"nowrap\"\n \n\t\t\tdata-type=\"shape\" \n\t\t\tdata-responsive_offset=\"on\" \n\n\t\t\tdata-frames='[{\"delay\":500,\"speed\":300,\"frame\":\"0\",\"from\":\"y:bottom;\",\"to\":\"o:1;\",\"ease\":\"Power3.easeInOut\"},{\"delay\":\"wait\",\"speed\":500,\"frame\":\"999\",\"to\":\"rZ:0deg;sX:0.7;sY:0.7;opacity:0;\",\"mask\":\"x:0;y:0;s:inherit;e:inherit;\",\"ease\":\"Back.easeIn\"}]'\n\t\t\tdata-textAlign=\"['inherit','inherit','inherit','inherit']\"\n\t\t\tdata-paddingtop=\"[0,0,0,0]\"\n\t\t\tdata-paddingright=\"[0,0,0,0]\"\n\t\t\tdata-paddingbottom=\"[0,0,0,0]\"\n\t\t\tdata-paddingleft=\"[0,0,0,0]\"\n\n\t\t\tstyle=\"z-index: 5;background-color:rgba(0, 46, 91, 1.00);\"> <\/div>\n\n\t\t<!-- LAYER NR. 2 -->\n\t\t<div class=\"tp-caption   tp-resizeme\" \n\t\t\t id=\"slide-9-layer-9\" \n\t\t\t data-x=\"['right','right','right','right']\" data-hoffset=\"['0','0','0','16']\" \n\t\t\t data-y=\"['top','top','top','top']\" data-voffset=\"['581','537','538','524']\" \n\t\t\t\t\t\tdata-width=\"['711','711','711','451']\"\n\t\t\tdata-height=\"none\"\n\t\t\tdata-whitespace=\"normal\"\n \n\t\t\tdata-type=\"text\" \n\t\t\tdata-responsive_offset=\"on\" \n\n\t\t\tdata-frames='[{\"delay\":500,\"speed\":1540,\"frame\":\"0\",\"from\":\"y:50px;opacity:0;\",\"to\":\"o:1;\",\"ease\":\"Power3.easeInOut\"},{\"delay\":\"wait\",\"speed\":1000,\"frame\":\"999\",\"to\":\"x:[-100%];\",\"mask\":\"x:inherit;y:inherit;s:inherit;e:inherit;\",\"ease\":\"Power3.easeInOut\"}]'\n\t\t\tdata-textAlign=\"['inherit','inherit','inherit','inherit']\"\n\t\t\tdata-paddingtop=\"[0,0,0,0]\"\n\t\t\tdata-paddingright=\"[0,0,0,0]\"\n\t\t\tdata-paddingbottom=\"[0,0,0,0]\"\n\t\t\tdata-paddingleft=\"[0,0,0,0]\"\n\n\t\t\tstyle=\"z-index: 6; min-width: 711px; max-width: 711px; white-space: normal; font-size: 15px; line-height: 22px; font-weight: 400; color: rgba(255, 255, 255, 1.00);font-family:Open Sans;\">Scuba Nosy be to : Centrum szkoleniowe dla instruktor\u00f3w w federacji  SSI. W naszym centrum szkolimy od podstawowego poziomu Open water a\u017c po <\/div>\n\n\t\t<!-- LAYER NR. 3 -->\n\t\t<div class=\"tp-caption   tp-resizeme\" \n\t\t\t id=\"slide-9-layer-11\" \n\t\t\t data-x=\"['right','right','right','center']\" data-hoffset=\"['5','5','5','0']\" \n\t\t\t data-y=\"['top','top','top','top']\" data-voffset=\"['61','61','61','61']\" \n\t\t\t\t\t\tdata-width=\"['445','445','445','414']\"\n\t\t\tdata-height=\"['48','48','48','49']\"\n\t\t\tdata-whitespace=\"nowrap\"\n \n\t\t\tdata-type=\"text\" \n\t\t\tdata-responsive_offset=\"on\" \n\n\t\t\tdata-frames='[{\"delay\":500,\"speed\":1980,\"frame\":\"0\",\"from\":\"x:left;\",\"to\":\"o:1;\",\"ease\":\"Power3.easeInOut\"},{\"delay\":\"wait\",\"speed\":500,\"frame\":\"999\",\"to\":\"rZ:0deg;sX:0.7;sY:0.7;opacity:0;\",\"mask\":\"x:0;y:0;s:inherit;e:inherit;\",\"ease\":\"Back.easeIn\"}]'\n\t\t\tdata-textAlign=\"['inherit','inherit','inherit','inherit']\"\n\t\t\tdata-paddingtop=\"[0,0,0,0]\"\n\t\t\tdata-paddingright=\"[0,0,0,0]\"\n\t\t\tdata-paddingbottom=\"[0,0,0,0]\"\n\t\t\tdata-paddingleft=\"[0,0,0,0]\"\n\n\t\t\tstyle=\"z-index: 7; min-width: 445px; max-width: 445px; max-width: 48px; max-width: 48px; white-space: nowrap; font-size: 80px; line-height: 22px; font-weight: 700; color: rgba(255, 255, 255, 1.00);font-family:Open Sans;\">WITAMY <\/div>\n\n\t\t<!-- LAYER NR. 4 -->\n\t\t<div class=\"tp-caption   tp-resizeme\" \n\t\t\t id=\"slide-9-layer-12\" \n\t\t\t data-x=\"['right','right','right','right']\" data-hoffset=\"['23','65','65','33']\" \n\t\t\t data-y=\"['top','top','top','top']\" data-voffset=\"['478','452','463','396']\" \n\t\t\t\t\t\tdata-width=\"['689','646','646','431']\"\n\t\t\tdata-height=\"['76','77','77','111']\"\n\t\t\tdata-whitespace=\"normal\"\n \n\t\t\tdata-type=\"text\" \n\t\t\tdata-responsive_offset=\"on\" \n\n\t\t\tdata-frames='[{\"delay\":500,\"speed\":2050,\"frame\":\"0\",\"from\":\"y:50px;opacity:0;\",\"to\":\"o:1;\",\"ease\":\"Power3.easeInOut\"},{\"delay\":\"wait\",\"speed\":300,\"frame\":\"999\",\"to\":\"x:-50px;opacity:0;\",\"ease\":\"Power3.easeInOut\"}]'\n\t\t\tdata-textAlign=\"['inherit','inherit','inherit','inherit']\"\n\t\t\tdata-paddingtop=\"[0,0,0,0]\"\n\t\t\tdata-paddingright=\"[0,0,0,0]\"\n\t\t\tdata-paddingbottom=\"[0,0,0,0]\"\n\t\t\tdata-paddingleft=\"[0,0,0,0]\"\n\n\t\t\tstyle=\"z-index: 8; min-width: 689px; max-width: 689px; max-width: 76px; max-width: 76px; white-space: normal; font-size: 15px; line-height: 22px; font-weight: 400; color: rgba(255, 255, 255, 1.00);font-family:Open Sans;\">    \u2022 Centrum szkoleniowe dla instruktor\u00f3w i nurk\u00f3w.<br>\n    \u2022 Codzienne wyprawy na nurkowiska dla licencjonowanych nurk\u00f3w lub program discover scuba dive ( pierwsze nurkowanie) dla poczatkujacych.<br>\n    \u2022 Centrum zarz\u0105dzane z zachowaniem Europejskich standard\u00f3w<br> <\/div>\n\n\t\t<!-- LAYER NR. 5 -->\n\t\t<div class=\"tp-caption   tp-resizeme\" \n\t\t\t id=\"slide-9-layer-13\" \n\t\t\t data-x=\"['right','right','right','center']\" data-hoffset=\"['12','34','34','0']\" \n\t\t\t data-y=\"['top','top','top','top']\" data-voffset=\"['127','128','128','128']\" \n\t\t\t\t\t\tdata-width=\"none\"\n\t\t\tdata-height=\"none\"\n\t\t\tdata-whitespace=\"nowrap\"\n \n\t\t\tdata-type=\"text\" \n\t\t\tdata-responsive_offset=\"on\" \n\n\t\t\tdata-frames='[{\"delay\":500,\"speed\":300,\"frame\":\"0\",\"from\":\"x:left;\",\"to\":\"o:1;\",\"ease\":\"Power3.easeInOut\"},{\"delay\":\"wait\",\"speed\":500,\"frame\":\"999\",\"to\":\"rZ:0deg;sX:0.7;sY:0.7;opacity:0;\",\"mask\":\"x:0;y:0;s:inherit;e:inherit;\",\"ease\":\"Back.easeIn\"}]'\n\t\t\tdata-textAlign=\"['inherit','inherit','inherit','inherit']\"\n\t\t\tdata-paddingtop=\"[0,0,0,0]\"\n\t\t\tdata-paddingright=\"[0,0,0,0]\"\n\t\t\tdata-paddingbottom=\"[0,0,0,0]\"\n\t\t\tdata-paddingleft=\"[0,0,0,0]\"\n\n\t\t\tstyle=\"z-index: 9; white-space: nowrap; font-size: 30px; line-height: 22px; font-weight: 400; color: rgba(255, 255, 255, 1.00);font-family:Open Sans;\">SCUBA NOSY BE (Madagascar) <\/div>\n\t<\/li>\n<\/ul>\n<script>var htmlDiv = document.getElementById(\"rs-plugin-settings-inline-css\"); var htmlDivCss=\"\";\r\n\t\t\t\t\t\tif(htmlDiv) {\r\n\t\t\t\t\t\t\thtmlDiv.innerHTML = htmlDiv.innerHTML + htmlDivCss;\r\n\t\t\t\t\t\t}else{\r\n\t\t\t\t\t\t\tvar htmlDiv = document.createElement(\"div\");\r\n\t\t\t\t\t\t\thtmlDiv.innerHTML = \"<style>\" + htmlDivCss + \"<\/style>\";\r\n\t\t\t\t\t\t\tdocument.getElementsByTagName(\"head\")[0].appendChild(htmlDiv.childNodes[0]);\r\n\t\t\t\t\t\t}\r\n\t\t\t\t\t<\/script>\n<div class=\"tp-bannertimer tp-bottom\" style=\"visibility: hidden !important;\"><\/div>\t<\/div>\n<script>var htmlDiv = document.getElementById(\"rs-plugin-settings-inline-css\"); var htmlDivCss=\"\";\r\n\t\t\t\tif(htmlDiv) {\r\n\t\t\t\t\thtmlDiv.innerHTML = htmlDiv.innerHTML + htmlDivCss;\r\n\t\t\t\t}else{\r\n\t\t\t\t\tvar htmlDiv = document.createElement(\"div\");\r\n\t\t\t\t\thtmlDiv.innerHTML = \"<style>\" + htmlDivCss + \"<\/style>\";\r\n\t\t\t\t\tdocument.getElementsByTagName(\"head\")[0].appendChild(htmlDiv.childNodes[0]);\r\n\t\t\t\t}\r\n\t\t\t<\/script>\n\t\t<script type=\"text\/javascript\">\r\n\t\t\t\t\t\t\/******************************************\r\n\t\t\t\t-\tPREPARE PLACEHOLDER FOR SLIDER\t-\r\n\t\t\t******************************************\/\r\n\r\n\t\t\tvar setREVStartSize=function(){\r\n\t\t\t\ttry{var e=new Object,i=jQuery(window).width(),t=9999,r=0,n=0,l=0,f=0,s=0,h=0;\r\n\t\t\t\t\te.c = jQuery('#rev_slider_8_1');\r\n\t\t\t\t\te.responsiveLevels = [1240,1024,778,480];\r\n\t\t\t\t\te.gridwidth = [1240,1024,778,480];\r\n\t\t\t\t\te.gridheight = [720,640,640,640];\r\n\t\t\t\t\t\t\t\r\n\t\t\t\t\te.sliderLayout = \"fullwidth\";\r\n\t\t\t\t\tif(e.responsiveLevels&&(jQuery.each(e.responsiveLevels,function(e,f){f>i&&(t=r=f,l=e),i>f&&f>r&&(r=f,n=e)}),t>r&&(l=n)),f=e.gridheight[l]||e.gridheight[0]||e.gridheight,s=e.gridwidth[l]||e.gridwidth[0]||e.gridwidth,h=i\/s,h=h>1?1:h,f=Math.round(h*f),\"fullscreen\"==e.sliderLayout){var u=(e.c.width(),jQuery(window).height());if(void 0!=e.fullScreenOffsetContainer){var c=e.fullScreenOffsetContainer.split(\",\");if (c) jQuery.each(c,function(e,i){u=jQuery(i).length>0?u-jQuery(i).outerHeight(!0):u}),e.fullScreenOffset.split(\"%\").length>1&&void 0!=e.fullScreenOffset&&e.fullScreenOffset.length>0?u-=jQuery(window).height()*parseInt(e.fullScreenOffset,0)\/100:void 0!=e.fullScreenOffset&&e.fullScreenOffset.length>0&&(u-=parseInt(e.fullScreenOffset,0))}f=u}else void 0!=e.minHeight&&f<e.minHeight&&(f=e.minHeight);e.c.closest(\".rev_slider_wrapper\").css({height:f})\r\n\t\t\t\t\t\r\n\t\t\t\t}catch(d){console.log(\"Failure at Presize of Slider:\"+d)}\r\n\t\t\t};\r\n\t\t\t\r\n\t\t\tsetREVStartSize();\r\n\t\t\t\r\n\t\t\t\t\t\tvar tpj=jQuery;\r\n\t\t\t\r\n\t\t\tvar revapi8;\r\n\t\t\ttpj(document).ready(function() {\n\t\t\t\tif(tpj(\"#rev_slider_8_1\").revolution == undefined){\n\t\t\t\t\trevslider_showDoubleJqueryError(\"#rev_slider_8_1\");\n\t\t\t\t}else{\n\t\t\t\t\trevapi8 = tpj(\"#rev_slider_8_1\").show().revolution({\n\t\t\t\t\t\tsliderType:\"standard\",\njsFileLocation:\"\/\/scubanosybe.com\/wp-content\/plugins\/revslider\/public\/assets\/js\/\",\n\t\t\t\t\t\tsliderLayout:\"fullwidth\",\n\t\t\t\t\t\tdottedOverlay:\"none\",\n\t\t\t\t\t\tdelay:9000,\n\t\t\t\t\t\tnavigation: {\n\t\t\t\t\t\t\tkeyboardNavigation:\"off\",\n\t\t\t\t\t\t\tkeyboard_direction: \"horizontal\",\n\t\t\t\t\t\t\tmouseScrollNavigation:\"off\",\n \t\t\t\t\t\t\tmouseScrollReverse:\"default\",\n\t\t\t\t\t\t\tonHoverStop:\"off\",\n\t\t\t\t\t\t\tarrows: {\n\t\t\t\t\t\t\t\tstyle:\"persephone\",\n\t\t\t\t\t\t\t\tenable:true,\n\t\t\t\t\t\t\t\thide_onmobile:false,\n\t\t\t\t\t\t\t\thide_onleave:false,\n\t\t\t\t\t\t\t\ttmp:'',\n\t\t\t\t\t\t\t\tleft: {\n\t\t\t\t\t\t\t\t\th_align:\"left\",\n\t\t\t\t\t\t\t\t\tv_align:\"center\",\n\t\t\t\t\t\t\t\t\th_offset:20,\n\t\t\t\t\t\t\t\t\tv_offset:0\n\t\t\t\t\t\t\t\t},\n\t\t\t\t\t\t\t\tright: {\n\t\t\t\t\t\t\t\t\th_align:\"right\",\n\t\t\t\t\t\t\t\t\tv_align:\"center\",\n\t\t\t\t\t\t\t\t\th_offset:20,\n\t\t\t\t\t\t\t\t\tv_offset:0\n\t\t\t\t\t\t\t\t}\n\t\t\t\t\t\t\t}\n\t\t\t\t\t\t},\n\t\t\t\t\t\tresponsiveLevels:[1240,1024,778,480],\n\t\t\t\t\t\tvisibilityLevels:[1240,1024,778,480],\n\t\t\t\t\t\tgridwidth:[1240,1024,778,480],\n\t\t\t\t\t\tgridheight:[720,640,640,640],\n\t\t\t\t\t\tlazyType:\"none\",\n\t\t\t\t\t\tparallax: {\n\t\t\t\t\t\t\ttype:\"scroll\",\n\t\t\t\t\t\t\torigo:\"enterpoint\",\n\t\t\t\t\t\t\tspeed:400,\n\t\t\t\t\t\t\tlevels:[5,10,15,20,25,30,35,40,45,50,47,48,49,50,51,55],\n\t\t\t\t\t\t},\n\t\t\t\t\t\tshadow:0,\n\t\t\t\t\t\tspinner:\"off\",\n\t\t\t\t\t\tstopLoop:\"on\",\n\t\t\t\t\t\tstopAfterLoops:0,\n\t\t\t\t\t\tstopAtSlide:1,\n\t\t\t\t\t\tshuffle:\"off\",\n\t\t\t\t\t\tautoHeight:\"off\",\n\t\t\t\t\t\tdisableProgressBar:\"on\",\n\t\t\t\t\t\thideThumbsOnMobile:\"off\",\n\t\t\t\t\t\thideSliderAtLimit:0,\n\t\t\t\t\t\thideCaptionAtLimit:0,\n\t\t\t\t\t\thideAllCaptionAtLilmit:0,\n\t\t\t\t\t\tdebugMode:false,\n\t\t\t\t\t\tfallbacks: {\n\t\t\t\t\t\t\tsimplifyAll:\"off\",\n\t\t\t\t\t\t\tnextSlideOnWindowFocus:\"off\",\n\t\t\t\t\t\t\tdisableFocusListener:false,\n\t\t\t\t\t\t}\n\t\t\t\t\t});\n\t\t\t\t}\n\t\t\t});\t\/*ready*\/\n\t\t<\/script>\r\n\t\t<script>\r\n\t\t\t\t\tvar htmlDivCss = unescape(\".persephone.tparrows%20%7B%0A%09cursor%3Apointer%3B%0A%09background%3Argba%28201%2C201%2C201%2C0.75%29%3B%0A%09width%3A40px%3B%0A%09height%3A40px%3B%0A%09position%3Aabsolute%3B%0A%09display%3Ablock%3B%0A%09z-index%3A100%3B%0A%20%20%20%20border%3A1px%20solid%20rgba%28255%2C%20255%2C%20255%2C%201%29%3B%0A%7D%0A.persephone.tparrows%3Ahover%20%7B%0A%09background%3Argba%280%2C%200%2C%200%2C%201%29%3B%0A%7D%0A.persephone.tparrows%3Abefore%20%7B%0A%09font-family%3A%20%22revicons%22%3B%0A%09font-size%3A15px%3B%0A%09color%3A%20rgb%28255%2C%20255%2C%20255%29%3B%0A%09display%3Ablock%3B%0A%09line-height%3A%2040px%3B%0A%09text-align%3A%20center%3B%0A%7D%0A.persephone.tparrows.tp-leftarrow%3Abefore%20%7B%0A%09content%3A%20%22%5Ce824%22%3B%0A%7D%0A.persephone.tparrows.tp-rightarrow%3Abefore%20%7B%0A%09content%3A%20%22%5Ce825%0A%22%3B%0A%7D%0A%0A%0A\");\r\n\t\t\t\t\tvar htmlDiv = document.getElementById('rs-plugin-settings-inline-css');\r\n\t\t\t\t\tif(htmlDiv) {\r\n\t\t\t\t\t\thtmlDiv.innerHTML = htmlDiv.innerHTML + htmlDivCss;\r\n\t\t\t\t\t}\r\n\t\t\t\t\telse{\r\n\t\t\t\t\t\tvar htmlDiv = document.createElement('div');\r\n\t\t\t\t\t\thtmlDiv.innerHTML = '<style>' + htmlDivCss + '<\/style>';\r\n\t\t\t\t\t\tdocument.getElementsByTagName('head')[0].appendChild(htmlDiv.childNodes[0]);\r\n\t\t\t\t\t}\r\n\t\t\t\t  <\/script>\r\n\t\t\t\t<\/div><!-- END REVOLUTION SLIDER -->[\/vc_column][\/vc_row][vc_row css=&#8221;.vc_custom_1495610156279{margin-top: 10px !important;padding-bottom: 60px !important;}&#8221;][vc_column width=&#8221;1\/4&#8243;][vc_single_image image=&#8221;2151&#8243; img_size=&#8221;large&#8221; style=&#8221;vc_box_border&#8221; onclick=&#8221;link_image&#8221;][\/vc_column][vc_column width=&#8221;1\/4&#8243;][vc_single_image image=&#8221;2155&#8243; img_size=&#8221;large&#8221; style=&#8221;vc_box_border&#8221; onclick=&#8221;link_image&#8221;][\/vc_column][vc_column width=&#8221;1\/4&#8243;][vc_single_image image=&#8221;2047&#8243; img_size=&#8221;large&#8221; style=&#8221;vc_box_border&#8221; onclick=&#8221;link_image&#8221;][\/vc_column][vc_column width=&#8221;1\/4&#8243;][vc_single_image image=&#8221;2157&#8243; img_size=&#8221;large&#8221; style=&#8221;vc_box_border&#8221; onclick=&#8221;link_image&#8221;][\/vc_column][\/vc_row][vc_row][vc_column][vc_column_text][\/vc_column_text][\/vc_column][\/vc_row][vc_row css=&#8221;.vc_custom_1495610427607{padding-bottom: 60px !important;}&#8221;][vc_column width=&#8221;2\/3&#8243;][vc_row_inner][vc_column_inner][vc_custom_heading text=&#8221;Dlaczego warto wybra\u0107 Scuba Nosy Be?&#8221; use_theme_fonts=&#8221;yes&#8221;][swimmingpool_icon_text_left textnoborder_left=&#8221;noborder&#8221; iconsmall_left=&#8221;small&#8221;]- Bardzo wa\u017cne: 4 ma\u0142e \u0142odzie, a wi\u0119c potencjalnie 4 r\u00f3\u017cne miejsca docelowe dziennie.<\/p>\n<p>&#8211; Dzi\u0119ki naszej \u201epakietowej ofercie wyspowej\u201d mo\u017cna nurkowa\u0107 przez 5 dni i odkrywa\u0107 4 lub 5 r\u00f3\u017cnych wysp, z mo\u017cliwo\u015bci\u0105 zjedzenia lunchu na miejscu (minimum 6 nurk\u00f3w), uwaga: Nosy Komba, cz\u0119sto s\u0142aba widoczno\u015b\u0107.<\/p>\n<p>&#8211; Rejs\u201d do Radama, Iranja, Mitsio, Nosy Saba, Nosy Lava \u2013 zobacz stron\u0119 \u201erejs-biwak\u201d.\u00a0 \u00a0 &#8211; OPERACJA\u201d: WSZYSCY NA NITROXIE:<br \/>\n\u2013 Nitrox tylko za 3 \u20ac za butl\u0119 12 l i 4 \u20ac za butl\u0119 15 l.<br \/>\n\u2013 Szkolenie nitrox za 50 \u20ac zamiast 170 \u20ac<br \/>\n&#8211; 20 lat do\u015bwiadczenia w Nosy Be zapewnia: dog\u0142\u0119bn\u0105 znajomo\u015b\u0107 miejsc w zatoce Nosy Be i Radames.<br \/>\n&#8211; Klub nurkowy dok\u0142ada wszelkich stara\u0144, aby zapewni\u0107 Pa\u0144stwu przyjemne wra\u017cenia z nurkowania w rodzinnej atmosferze: maksymalnie 4 nurk\u00f3w na przewodnika (z wyj\u0105tkiem specjalnych zam\u00f3wie\u0144).<br \/>\n&#8211; Sprz\u0119t w doskona\u0142ym stanie dla ma\u0142ych i du\u017cych! Kamizelki, automaty oddechowe i kombinezony s\u0105 wymieniane co 2 lata! Kompletny sprz\u0119t dla dzieci.<\/p>\n<p>&#8211; Dost\u0119pnych jest wiele szkole\u0144, od poziomu pocz\u0105tkuj\u0105cego do instruktora, oferowanych w r\u00f3\u017cnych formu\u0142ach: Szkolenia: SSI, PADI, CMAS, IANTD oraz szkolenia dla instruktor\u00f3w: sta\u017c.<br \/>\n&#8211; W przypadku szkole\u0144: gwarantowane ma\u0142e grupy (maksymalnie 3 osoby), cz\u0119sto tylko jedna osoba na lekcji indywidualnej.<br \/>\n&#8211; Jedyne, o co b\u0119dziesz si\u0119 martwi\u0107, to przyjemno\u015b\u0107 z nurkowania. Spotkanie o godz. 8:00 w centrum nurkowym, gdzie na \u0142odzi b\u0119dzie czeka\u0142 ju\u017c przygotowany sprz\u0119t, powr\u00f3t oko\u0142o godz. 13:30 po wykonaniu 2 nurkowa\u0144.<br \/>\n&#8211; Optymalizujemy grupy nurkowe w zale\u017cno\u015bci od cech i poziomu ka\u017cdego z uczestnik\u00f3w (\u0142atwe dzi\u0119ki kilku \u0142odziom).<\/p>\n<p>&#8211; Uwaga, bardzo wa\u017cne: \u201ebezpiecze\u0144stwo\u201d podczas nurkowania na Madagaskarze, nie wahaj si\u0119 zajrze\u0107 na nasz\u0105 stron\u0119 \u201ebezpiecze\u0144stwo\u201d, kliknij link na dole tej strony. Przyk\u0142ad: mamy szcz\u0119\u015bcie, \u017ce na wyspie, nieca\u0142e 3 km od nas, znajduje si\u0119 komora hiperbaryczna.<\/p>\n<p>&#8211; Zakwaterowanie jest bezp\u0142atne w czystym pokoju jednoosobowym w centrum, je\u015bli jest dost\u0119pne, lub w dormitorium, 2 nurkowania dziennie = jedna noc (je\u015bli rezerwacja zosta\u0142a dokonana wcze\u015bniej przez Internet).<br \/>\n&#8211; Hotel Nosy Lodge, po\u0142o\u017cony obok klubu nurkowego, oferuje 20% zni\u017cki na pokoje przy rezerwacji przez Internet (prosz\u0119 poda\u0107 \u201ecen\u0119 dla nurk\u00f3w Scuba Nosy Be\u201d).[\/swimmingpool_icon_text_left][\/vc_column_inner][\/vc_row_inner][\/vc_column][vc_column width=&#8221;1\/3&#8243;][vc_empty_space][vc_empty_space][vc_empty_space][vc_single_image image=&#8221;3111&#8243; img_size=&#8221;full&#8221; onclick=&#8221;link_image&#8221;][vc_empty_space][vc_empty_space][vc_single_image image=&#8221;3112&#8243; img_size=&#8221;full&#8221; onclick=&#8221;link_image&#8221;][vc_empty_space][vc_empty_space][vc_empty_space][vc_single_image image=&#8221;3110&#8243; img_size=&#8221;full&#8221; onclick=&#8221;link_image&#8221;][\/vc_column][\/vc_row][vc_row][vc_column][vc_column_text][\/vc_column_text][\/vc_column][\/vc_row][vc_row row_type=&#8221;full&#8221;][vc_column][rev_slider_vc alias=&#8221;photo-home&#8221;][\/vc_column][\/vc_row][vc_row css=&#8221;.vc_custom_1495197099843{background-position: 0 0 !important;background-repeat: no-repeat !important;}&#8221;][vc_column width=&#8221;1\/2&#8243;][vc_empty_space height=&#8221;50px&#8221;][vc_custom_heading text=&#8221;R\u00f3\u017cne pory roku \/ migracje w Nosy be .&#8221; use_theme_fonts=&#8221;yes&#8221;][vc_column_text]- R\u00f3\u017cne pory roku \/ migracje w Nosy Be.<\/p>\n<p>&#8211; Humbak: od sierpnia do ko\u0144ca pa\u017adziernika (szczyt we wrze\u015bniu).<br \/>\n&#8211; Manta i Mobula: nie ma konkretnej pory roku, najwi\u0119cej od sierpnia do grudnia.<br \/>\n&#8211; Rekin wielorybi: od po\u0142owy wrze\u015bnia do po\u0142owy grudnia.<br \/>\n&#8211; Wieloryb omura: od sierpnia do grudnia.<br \/>\n&#8211; Rekin m\u0142ot: od po\u0142owy grudnia do pocz\u0105tku marca, z wyj\u0105tkiem Radama, gdzie wyst\u0119puje przez ca\u0142y rok, ale od czasu \u201eEl Ni\u00f1o\u201d w 2024 r. jest ich mniej![\/vc_column_text][vc_empty_space height=&#8221;20px&#8221;][\/vc_column][vc_column width=&#8221;1\/2&#8243; el_class=&#8221;no padding&#8221;][vc_empty_space height=&#8221;50px&#8221;][vc_custom_heading text=&#8221;A savoir &#8221; use_theme_fonts=&#8221;yes&#8221;][vc_column_text]Warto wiedzie\u0107<\/p>\n<p>\u201e\u00a0 \u00a0&#8211; Rejs z biwakowaniem\u201d na Radama , Mitsio, Iranja , Nosy Saba i Nosy Lava.<\/p>\n<p>&#8211;\u00a0 Pory roku: stycze\u0144, luty i marzec: pora deszczowa, wi\u0119c zazwyczaj \u0142adna pogoda w ci\u0105gu dnia i cz\u0119sto deszcz w nocy, ale uwaga, co roku nad Nosy Be przechodz\u0105 2 lub 3 ogony cyklon\u00f3w, wi\u0119c pogoda jest z\u0142a, a nawet bardzo z\u0142a przez kilka dni, kr\u00f3tko m\u00f3wi\u0105c: ma\u0142o nurk\u00f3w, ale wi\u0119ksze ryzyko zwi\u0105zane z pogod\u0105.<br \/>\n&#8211;\u00a0 Temperatura<br \/>\n&#8211; Od maja do ko\u0144ca pa\u017adziernika: 26\u00b0C Kombinezon 5 mm + kominiarka dla os\u00f3b wra\u017cliwych na zimno.<br \/>\n&#8211; Od listopada do ko\u0144ca kwietnia: 28-29\u00b0C Kombinezon 3 mm lub shorty.<\/p>\n<p>&#8211;\u00a0 Zdrowie: nie ma obowi\u0105zkowych szczepie\u0144 dla Nosy Be, zalecenia dotycz\u0105ce \u201eniewielkiego\u201d ryzyka malarii: p\u0142yn przeciw komarom i moskitiera.<\/p>\n<p>&#8211;\u00a0 Karty kredytowe s\u0105 cz\u0119sto odrzucane w sklepach, dlatego nale\u017cy zabra\u0107 ze sob\u0105 euro w du\u017cych nomina\u0142ach (nie 5, 10 i 20 euro). W Nosy Be znajduje si\u0119 r\u00f3wnie\u017c kilka bankomat\u00f3w.<\/p>\n<p>&#8211; Wiza: nale\u017cy j\u0105 odebra\u0107 na lotnisku po przybyciu na Madagaskar.<\/p>\n<p>&#8211;\u00a0 Nurkowanie: butla aluminiowa S80 (11,1 l) na jedno wyj\u015bcie, DIN i uchwyt, butle (stalowe) 15 l nale\u017cy rezerwowa\u0107 z wyprzedzeniem, nale\u017cy zabra\u0107 ze sob\u0105 par\u0119 skarpetek na wypadek, gdyby p\u0142etwy by\u0142y nieco za du\u017ce, oraz 40 000 ar, je\u015bli nurkujesz w parku Tanikely.<\/p>\n<p>&#8211; Nitrox: zdecydowanie zalecany.[\/vc_column_text][vc_empty_space height=&#8221;20pkm de Nosy be.x&#8221;][\/vc_column][\/vc_row][vc_row css=&#8221;.vc_custom_1495610156279{margin-top: 10px !important;padding-bottom: 60px !important;}&#8221;][vc_column width=&#8221;1\/4&#8243;][vc_single_image image=&#8221;2151&#8243; img_size=&#8221;large&#8221; style=&#8221;vc_box_border&#8221; onclick=&#8221;link_image&#8221;][\/vc_column][vc_column width=&#8221;1\/4&#8243;][vc_single_image image=&#8221;2155&#8243; img_size=&#8221;large&#8221; style=&#8221;vc_box_border&#8221; onclick=&#8221;link_image&#8221;][\/vc_column][vc_column width=&#8221;1\/4&#8243;][vc_single_image image=&#8221;2047&#8243; img_size=&#8221;large&#8221; style=&#8221;vc_box_border&#8221; onclick=&#8221;link_image&#8221;][\/vc_column][vc_column width=&#8221;1\/4&#8243;][vc_single_image image=&#8221;2157&#8243; img_size=&#8221;large&#8221; style=&#8221;vc_box_border&#8221; onclick=&#8221;link_image&#8221;][\/vc_column][\/vc_row][vc_row][vc_column width=&#8221;1\/3&#8243;][vc_column_text]<a href=\"https:\/\/www.daneurope.org\/en\/buy-dive-insurance#!\/partnerCode=69441\" target=\"_blank\" rel=\"noopener\"><img src=\"https:\/\/scubanosybe.com\/wp-content\/uploads\/2021\/06\/DAN-logo.png\" \/><\/a>[\/vc_column_text][\/vc_column][vc_column width=&#8221;1\/3&#8243;][\/vc_column][vc_column width=&#8221;1\/3&#8243;][\/vc_column][\/vc_row][vc_row][vc_column][vc_empty_space][\/vc_column][\/vc_row][vc_row][vc_column][vc_column_text][\/vc_column_text][\/vc_column][\/vc_row]<\/p>","protected":false},"excerpt":{"rendered":"<p>[vc_row][vc_column][vc_column_text][\/vc_column_text][\/vc_column][\/vc_row][vc_row row_type=&#8221;parallax&#8221;][vc_column][\/vc_column][\/vc_row][vc_row css=&#8221;.vc_custom_1495610156279{margin-top: 10px !important;padding-bottom: 60px !important;}&#8221;][vc_column width=&#8221;1\/4&#8243;][vc_single_image image=&#8221;2151&#8243; img_size=&#8221;large&#8221; style=&#8221;vc_box_border&#8221; onclick=&#8221;link_image&#8221;][\/vc_column][vc_column width=&#8221;1\/4&#8243;][vc_single_image image=&#8221;2155&#8243; img_size=&#8221;large&#8221; style=&#8221;vc_box_border&#8221; onclick=&#8221;link_image&#8221;][\/vc_column][vc_column width=&#8221;1\/4&#8243;][vc_single_image image=&#8221;2047&#8243; img_size=&#8221;large&#8221; style=&#8221;vc_box_border&#8221; onclick=&#8221;link_image&#8221;][\/vc_column][vc_column width=&#8221;1\/4&#8243;][vc_single_image image=&#8221;2157&#8243; img_size=&#8221;large&#8221; style=&#8221;vc_box_border&#8221; onclick=&#8221;link_image&#8221;][\/vc_column][\/vc_row][vc_row][vc_column][vc_column_text][\/vc_column_text][\/vc_column][\/vc_row][vc_row css=&#8221;.vc_custom_1495610427607{padding-bottom: 60px !important;}&#8221;][vc_column width=&#8221;2\/3&#8243;][vc_row_inner][vc_column_inner][vc_custom_heading text=&#8221;Dlaczego warto wybra\u0107 Scuba Nosy Be?&#8221; use_theme_fonts=&#8221;yes&#8221;][swimmingpool_icon_text_left textnoborder_left=&#8221;noborder&#8221; iconsmall_left=&#8221;small&#8221;]- Bardzo wa\u017cne: 4 ma\u0142e \u0142odzie, a wi\u0119c potencjalnie 4 r\u00f3\u017cne miejsca docelowe dziennie. &#8211; Dzi\u0119ki naszej \u201epakietowej ofercie wyspowej\u201d mo\u017cna nurkowa\u0107 przez 5 dni i odkrywa\u0107 4 lub 5 r\u00f3\u017cnych wysp, z mo\u017cliwo\u015bci\u0105 zjedzenia lunchu na miejscu (minimum 6 nurk\u00f3w), uwaga: Nosy Komba, cz\u0119sto s\u0142aba widoczno\u015b\u0107. &#8211; Rejs\u201d do Radama, Iranja, Mitsio, Nosy Saba, Nosy Lava \u2013 zobacz stron\u0119 \u201erejs-biwak\u201d.\u00a0 &hellip; <a href=\"https:\/\/scubanosybe.com\/pl\/\">Continued<\/a><\/p>\n","protected":false},"author":4,"featured_media":0,"parent":0,"menu_order":0,"comment_status":"closed","ping_status":"closed","template":"page-fullwidth.php","meta":[],"_links":{"self":[{"href":"https:\/\/scubanosybe.com\/pl\/wp-json\/wp\/v2\/pages\/30"}],"collection":[{"href":"https:\/\/scubanosybe.com\/pl\/wp-json\/wp\/v2\/pages"}],"about":[{"href":"https:\/\/scubanosybe.com\/pl\/wp-json\/wp\/v2\/types\/page"}],"author":[{"embeddable":true,"href":"https:\/\/scubanosybe.com\/pl\/wp-json\/wp\/v2\/users\/4"}],"replies":[{"embeddable":true,"href":"https:\/\/scubanosybe.com\/pl\/wp-json\/wp\/v2\/comments?post=30"}],"version-history":[{"count":324,"href":"https:\/\/scubanosybe.com\/pl\/wp-json\/wp\/v2\/pages\/30\/revisions"}],"predecessor-version":[{"id":5671,"href":"https:\/\/scubanosybe.com\/pl\/wp-json\/wp\/v2\/pages\/30\/revisions\/5671"}],"wp:attachment":[{"href":"https:\/\/scubanosybe.com\/pl\/wp-json\/wp\/v2\/media?parent=30"}],"curies":[{"name":"wp","href":"https:\/\/api.w.org\/{rel}","templated":true}]}}