{"id":3003,"date":"2020-05-22T13:15:47","date_gmt":"2020-05-22T11:15:47","guid":{"rendered":"http:\/\/scubanosybe.com\/?page_id=3003"},"modified":"2026-02-03T06:12:45","modified_gmt":"2026-02-03T03:12:45","slug":"copie-tarif-plongee-exploration","status":"publish","type":"page","link":"https:\/\/scubanosybe.com\/pl\/copie-tarif-plongee-exploration\/","title":{"rendered":"Cena za instruktora SSI"},"content":{"rendered":"<p>[vc_row][vc_column][vc_column_text][\/vc_column_text][\/vc_column][\/vc_row][vc_row][vc_column][vc_empty_space height=&#8221;15px&#8221;][vc_custom_heading text=&#8221;Cena za instruktora SSI&#8221; font_container=&#8221;tag:h2|text_align:center&#8221;][vc_empty_space height=&#8221;15px&#8221;][vc_empty_space height=&#8221;15px&#8221;][vc_column_text css_animation=&#8221;fadeInUp&#8221;]<\/p>\n<table style=\"height: 132px;\" width=\"654\" cellspacing=\"1\" cellpadding=\"4\">\n<tbody>\n<tr>\n<td align=\"center\" valign=\"middle\" width=\"202\" height=\"27\"><strong><strong>Szkolenie instruktorskie SSI :<\/strong><\/strong><\/td>\n<td align=\"center\" valign=\"middle\" width=\"89\"><strong>tylko sta\u017c<\/strong><\/td>\n<td align=\"center\" valign=\"middle\" width=\"107\"><strong>Trening za darmo, tylko op\u0142ata SSI<\/strong><\/td>\n<\/tr>\n<tr>\n<td align=\"center\" valign=\"middle\" height=\"27\"><strong><em>Crossover : by\u0107 instruktorem SSI<\/em><\/strong><\/td>\n<td align=\"center\" valign=\"middle\">Dla PADI, CMAS\u2026<\/td>\n<\/tr>\n<\/tbody>\n<\/table>\n<p><i id=\"tarifpadi\">\u00a0<\/i>[\/vc_column_text][\/vc_column][\/vc_row][vc_row][vc_column][vc_column_text css_animation=&#8221;fadeInLeftBig&#8221;]<\/p>\n<h2 style=\"text-align: center;\"><em>SSI PROFESSIONAL <\/em><\/h2>\n<p>Przewodnik- kurs w formie praktyk<\/p>\n<ul>\n<li>Cross-over instruktorski z PADI lub CMAS na SSI: 695 euro<\/li>\n<li>Instruktor 5 specjalno\u015bci: 499 euro<\/li>\n<li>Kurs instruktorski: 900 Euro lub w formie praktyk<\/li>\n<li>Instruktor programu Assistant instructor: 900 euro<\/li>\n<li>Divemaster: w formie praktyk<\/li>\n<li>Instruktor specjalno\u015bci : 140 euro<\/li>\n<li>Instruktor \u201ereact right\u201d: 220 euro<\/li>\n<li>Egzamin instruktorski: 400 euro<\/li>\n<\/ul>\n<p>[\/vc_column_text][\/vc_column][\/vc_row][vc_row][vc_column][vc_column_text][\/vc_column_text][vc_empty_space height=&#8221;15px&#8221;][vc_empty_space height=&#8221;15px&#8221;][vc_empty_space height=&#8221;150px&#8221;][\/vc_column][\/vc_row][vc_row][vc_column][vc_column_text]<\/p>\n<h1 style=\"font: 0.5px Verdana; color: #000000;\">site de plong\u00e9e Nosy Be<\/h1>\n<p>[\/vc_column_text][\/vc_column][\/vc_row][vc_row][vc_column][vc_column_text][\/vc_column_text][\/vc_column][\/vc_row][vc_row][vc_column][vc_empty_space height=&#8221;15px&#8221;][vc_custom_heading text=&#8221;Cena za instruktora SSI&#8221; font_container=&#8221;tag:h2|text_align:center&#8221;][vc_empty_space height=&#8221;15px&#8221;][vc_empty_space height=&#8221;15px&#8221;][vc_column_text css_animation=&#8221;fadeInUp&#8221;]<\/p>\n<table style=\"height: 132px;\" width=\"654\" cellspacing=\"1\" cellpadding=\"4\">\n<tbody>\n<tr>\n<td align=\"center\" valign=\"middle\" width=\"202\" height=\"27\"><strong><strong>Szkolenie instruktorskie SSI :<\/strong><\/strong><\/td>\n<td align=\"center\" valign=\"middle\" width=\"89\"><strong>tylko sta\u017c<\/strong><\/td>\n<td align=\"center\" valign=\"middle\" width=\"107\"><strong>Trening za darmo, tylko op\u0142ata SSI<\/strong><\/td>\n<\/tr>\n<tr>\n<td align=\"center\" valign=\"middle\" height=\"27\"><strong><em>Crossover : by\u0107 instruktorem SSI<\/em><\/strong><\/td>\n<td align=\"center\" valign=\"middle\">Dla PADI, CMAS\u2026<\/td>\n<\/tr>\n<\/tbody>\n<\/table>\n<p><i id=\"tarifpadi\">\u00a0<\/i>[\/vc_column_text][\/vc_column][\/vc_row][vc_row][vc_column][vc_column_text css_animation=&#8221;fadeInLeftBig&#8221;]<\/p>\n<h2 style=\"text-align: center;\"><em>SSI PROFESSIONAL <\/em><\/h2>\n<p>Przewodnik- kurs w formie praktyk<\/p>\n<ul>\n<li>Cross-over instruktorski z PADI lub CMAS na SSI: 695 euro<\/li>\n<li>Instruktor 5 specjalno\u015bci: 499 euro<\/li>\n<li>Kurs instruktorski: 900 Euro lub w formie praktyk<\/li>\n<li>Instruktor programu Assistant instructor: 900 euro<\/li>\n<li>Divemaster: w formie praktyk<\/li>\n<li>Instruktor specjalno\u015bci : 140 euro<\/li>\n<li>Instruktor \u201ereact right\u201d: 220 euro<\/li>\n<li>Egzamin instruktorski: 400 euro<\/li>\n<\/ul>\n<p>[\/vc_column_text][\/vc_column][\/vc_row][vc_row][vc_column][vc_column_text][\/vc_column_text][vc_empty_space height=&#8221;15px&#8221;][vc_empty_space height=&#8221;15px&#8221;][vc_empty_space height=&#8221;150px&#8221;][\/vc_column][\/vc_row][vc_row][vc_column][vc_column_text]<\/p>\n<h1 style=\"font: 0.5px Verdana; color: #000000;\">site de plong\u00e9e Nosy Be<\/h1>\n<p>[\/vc_column_text][\/vc_column][\/vc_row][vc_row][vc_column][vc_column_text][\/vc_column_text][\/vc_column][\/vc_row][vc_row][vc_column][vc_column_text][\/vc_column_text][\/vc_column][\/vc_row][vc_row][vc_column][vc_empty_space height=&#8221;15px&#8221;][vc_custom_heading text=&#8221;Cena za instruktora SSI&#8221; font_container=&#8221;tag:h2|text_align:center&#8221;][vc_empty_space height=&#8221;15px&#8221;][vc_empty_space height=&#8221;15px&#8221;][vc_column_text css_animation=&#8221;fadeInUp&#8221;]<\/p>\n<table style=\"height: 132px;\" width=\"654\" cellspacing=\"1\" cellpadding=\"4\">\n<tbody>\n<tr>\n<td align=\"center\" valign=\"middle\" width=\"202\" height=\"27\"><strong><strong>Szkolenie instruktorskie SSI :<\/strong><\/strong><\/td>\n<td align=\"center\" valign=\"middle\" width=\"89\"><strong>tylko sta\u017c<\/strong><\/td>\n<td align=\"center\" valign=\"middle\" width=\"107\"><strong>Trening za darmo, tylko op\u0142ata SSI<\/strong><\/td>\n<\/tr>\n<tr>\n<td align=\"center\" valign=\"middle\" height=\"27\"><strong><em>Crossover : by\u0107 instruktorem SSI<\/em><\/strong><\/td>\n<td align=\"center\" valign=\"middle\">Dla PADI, CMAS\u2026<\/td>\n<\/tr>\n<\/tbody>\n<\/table>\n<p><i id=\"tarifpadi\">\u00a0<\/i>[\/vc_column_text][\/vc_column][\/vc_row][vc_row][vc_column][vc_column_text css_animation=&#8221;fadeInLeftBig&#8221;]<\/p>\n<h2 style=\"text-align: center;\"><em>SSI PROFESSIONAL <\/em><\/h2>\n<p>Przewodnik- kurs w formie praktyk<\/p>\n<ul>\n<li>Cross-over instruktorski z PADI lub CMAS na SSI: 695 euro<\/li>\n<li>Instruktor 5 specjalno\u015bci: 499 euro<\/li>\n<li>Kurs instruktorski: 900 Euro lub w formie praktyk<\/li>\n<li>Instruktor programu Assistant instructor: 900 euro<\/li>\n<li>Divemaster: w formie praktyk<\/li>\n<li>Instruktor specjalno\u015bci : 140 euro<\/li>\n<li>Instruktor \u201ereact right\u201d: 220 euro<\/li>\n<li>Egzamin instruktorski: 400 euro<\/li>\n<\/ul>\n<p>[\/vc_column_text][\/vc_column][\/vc_row][vc_row][vc_column][vc_column_text][\/vc_column_text][vc_empty_space height=&#8221;15px&#8221;][vc_empty_space height=&#8221;15px&#8221;][vc_empty_space height=&#8221;150px&#8221;][\/vc_column][\/vc_row][vc_row][vc_column][vc_column_text]<\/p>\n<h1 style=\"font: 0.5px Verdana; color: #000000;\">site de plong\u00e9e Nosy Be<\/h1>\n<p>[\/vc_column_text][\/vc_column][\/vc_row][\/vc_column_text][\/vc_column][\/vc_row][vc_row][vc_column][vc_empty_space height=&#8221;15px&#8221;][vc_custom_heading text=&#8221;Cena za instruktora SSI&#8221; font_container=&#8221;tag:h2|text_align:center&#8221;][vc_empty_space height=&#8221;15px&#8221;][vc_empty_space height=&#8221;15px&#8221;][vc_column_text css_animation=&#8221;fadeInUp&#8221;]<\/p>\n<table style=\"height: 132px;\" width=\"654\" cellspacing=\"1\" cellpadding=\"4\">\n<tbody>\n<tr>\n<td align=\"center\" valign=\"middle\" width=\"202\" height=\"27\"><strong><strong>Szkolenie instruktorskie SSI :<\/strong><\/strong><\/td>\n<td align=\"center\" valign=\"middle\" width=\"89\"><strong>tylko sta\u017c<\/strong><\/td>\n<td align=\"center\" valign=\"middle\" width=\"107\"><strong>Trening za darmo, tylko op\u0142ata SSI<\/strong><\/td>\n<\/tr>\n<tr>\n<td align=\"center\" valign=\"middle\" height=\"27\"><strong><em>Crossover : by\u0107 instruktorem SSI<\/em><\/strong><\/td>\n<td align=\"center\" valign=\"middle\">Dla PADI, CMAS\u2026<\/td>\n<\/tr>\n<\/tbody>\n<\/table>\n<p><i id=\"tarifpadi\">\u00a0<\/i>[\/vc_column_text][\/vc_column][\/vc_row][vc_row][vc_column][vc_column_text css_animation=&#8221;fadeInLeftBig&#8221;]<\/p>\n<h2 style=\"text-align: center;\"><em>SSI PROFESSIONAL <\/em><\/h2>\n<p>Przewodnik- kurs w formie praktyk<\/p>\n<ul>\n<li>Cross-over instruktorski z PADI lub CMAS na SSI: 695 euro<\/li>\n<li>Instruktor 5 specjalno\u015bci: 499 euro<\/li>\n<li>Kurs instruktorski: 900 Euro lub w formie praktyk<\/li>\n<li>Instruktor programu Assistant instructor: 900 euro<\/li>\n<li>Divemaster: w formie praktyk<\/li>\n<li>Instruktor specjalno\u015bci : 140 euro<\/li>\n<li>Instruktor \u201ereact right\u201d: 220 euro<\/li>\n<li>Egzamin instruktorski: 400 euro<\/li>\n<\/ul>\n<p>[\/vc_column_text][\/vc_column][\/vc_row][vc_row][vc_column][vc_column_text][\/vc_column_text][vc_empty_space height=&#8221;15px&#8221;][vc_empty_space height=&#8221;15px&#8221;][vc_empty_space height=&#8221;150px&#8221;][\/vc_column][\/vc_row][vc_row][vc_column][vc_column_text]<\/p>\n<h1 style=\"font: 0.5px Verdana; color: #000000;\">site de plong\u00e9e Nosy Be<\/h1>\n<p>[\/vc_column_text][\/vc_column][\/vc_row][vc_row][vc_column][vc_column_text][\/vc_column_text][\/vc_column][\/vc_row]<\/p>","protected":false},"excerpt":{"rendered":"<p>[vc_row][vc_column][vc_column_text][\/vc_column_text][\/vc_column][\/vc_row][vc_row][vc_column][vc_empty_space height=&#8221;15px&#8221;][vc_custom_heading text=&#8221;Cena za instruktora SSI&#8221; font_container=&#8221;tag:h2|text_align:center&#8221;][vc_empty_space height=&#8221;15px&#8221;][vc_empty_space height=&#8221;15px&#8221;][vc_column_text css_animation=&#8221;fadeInUp&#8221;] Szkolenie instruktorskie SSI : tylko sta\u017c Trening za darmo, tylko op\u0142ata SSI Crossover : by\u0107 instruktorem SSI Dla PADI, CMAS\u2026 \u00a0[\/vc_column_text][\/vc_column][\/vc_row][vc_row][vc_column][vc_column_text css_animation=&#8221;fadeInLeftBig&#8221;] SSI PROFESSIONAL Przewodnik- kurs w formie praktyk Cross-over instruktorski z PADI lub CMAS na SSI: 695 euro Instruktor 5 specjalno\u015bci: 499 euro Kurs instruktorski: 900 Euro lub w formie praktyk Instruktor programu Assistant instructor: 900 euro Divemaster: w formie praktyk Instruktor specjalno\u015bci : 140 euro Instruktor \u201ereact right\u201d: 220 euro Egzamin instruktorski: 400 euro [\/vc_column_text][\/vc_column][\/vc_row][vc_row][vc_column][vc_column_text][\/vc_column_text][vc_empty_space height=&#8221;15px&#8221;][vc_empty_space height=&#8221;15px&#8221;][vc_empty_space height=&#8221;150px&#8221;][\/vc_column][\/vc_row][vc_row][vc_column][vc_column_text] site de plong\u00e9e Nosy Be [\/vc_column_text][\/vc_column][\/vc_row][vc_row][vc_column][vc_column_text][\/vc_column_text][\/vc_column][\/vc_row][vc_row][vc_column][vc_empty_space height=&#8221;15px&#8221;][vc_custom_heading text=&#8221;Cena za instruktora &hellip; <a href=\"https:\/\/scubanosybe.com\/pl\/copie-tarif-plongee-exploration\/\">Continued<\/a><\/p>\n","protected":false},"author":4,"featured_media":0,"parent":0,"menu_order":0,"comment_status":"closed","ping_status":"closed","template":"page-fullwidth.php","meta":[],"_links":{"self":[{"href":"https:\/\/scubanosybe.com\/pl\/wp-json\/wp\/v2\/pages\/3003"}],"collection":[{"href":"https:\/\/scubanosybe.com\/pl\/wp-json\/wp\/v2\/pages"}],"about":[{"href":"https:\/\/scubanosybe.com\/pl\/wp-json\/wp\/v2\/types\/page"}],"author":[{"embeddable":true,"href":"https:\/\/scubanosybe.com\/pl\/wp-json\/wp\/v2\/users\/4"}],"replies":[{"embeddable":true,"href":"https:\/\/scubanosybe.com\/pl\/wp-json\/wp\/v2\/comments?post=3003"}],"version-history":[{"count":35,"href":"https:\/\/scubanosybe.com\/pl\/wp-json\/wp\/v2\/pages\/3003\/revisions"}],"predecessor-version":[{"id":5722,"href":"https:\/\/scubanosybe.com\/pl\/wp-json\/wp\/v2\/pages\/3003\/revisions\/5722"}],"wp:attachment":[{"href":"https:\/\/scubanosybe.com\/pl\/wp-json\/wp\/v2\/media?parent=3003"}],"curies":[{"name":"wp","href":"https:\/\/api.w.org\/{rel}","templated":true}]}}