{"id":3826,"date":"2021-12-26T16:12:42","date_gmt":"2021-12-26T13:12:42","guid":{"rendered":"https:\/\/scubanosybe.com\/?page_id=3826"},"modified":"2025-01-04T12:28:15","modified_gmt":"2025-01-04T09:28:15","slug":"sejour-a-nosy-lava","status":"publish","type":"page","link":"https:\/\/scubanosybe.com\/pl\/sejour-a-nosy-lava\/","title":{"rendered":"Dive on Nosy Lava island"},"content":{"rendered":"<p>[vc_row][vc_column][vc_custom_heading text=&#8221;&#8222;Nurkowanie na wyspie Nosy Lava (Madagaskar), 155 km od Nosy Be.&#8222;&#8221; font_container=&#8221;tag:h2|text_align:center&#8221;][vc_column_text][\/vc_column_text][vc_column_text]<\/p>\n<div class=\"flex flex-grow flex-col max-w-full\">\n<div class=\"min-h-[20px] text-message flex flex-col items-start gap-3 whitespace-pre-wrap break-words [.text-message+&amp;]:mt-5 overflow-x-auto\" data-message-author-role=\"assistant\" data-message-id=\"7bcc52d6-9a15-457a-9292-40994d1207ec\">\n<div class=\"markdown prose w-full break-words dark:prose-invert light\">\n<p>Nurkowanie w Nosy Lava to koniec \u015bwiata!! 185 km od Nosy Be, daleko od wszystkiego, ma\u0142o od\u0142awiane, bardzo rzadko nurkowane, zr\u00f3\u017cnicowane miejsca, wspania\u0142e \u015bciany w po\u0142udniowo-zachodniej cz\u0119\u015bci, strome (od -20 do -400 m!), bardzo urozmaicone (kaniony, \u0142uki, jaskinie&#8230;) z pelagicznymi gatunkami. Druga cz\u0119\u015b\u0107, p\u00f3\u0142nocno-zachodnia, to mniej strome \u015bciany, ale bardzo rybne. Jedyn\u0105 wad\u0105 jest to, \u017ce rekiny nigdy nie widzia\u0142y nurk\u00f3w, wi\u0119c pozostaj\u0105 z dala. W sprz\u0119cie zamkni\u0119tym to prawdziwe \u015bwi\u0119to rekiny (szary, buldog, rekiny bia\u0142op\u0142etwe), r\u00f3\u017cnorodna fauna: p\u0142aszczki, or\u0142y, mobuly, manty, tu\u0144czyk, tazar, barrakuda, karangy&#8230; i wiele wi\u0119cej!<\/p>\n<p>Wyspa to dawne wi\u0119zienie, gdzie pozosta\u0142o trzech by\u0142ych wi\u0119\u017ani\u00f3w, kt\u00f3rzy po zamkni\u0119ciu nie wiedzieli, dok\u0105d si\u0119 uda\u0107!<\/p>\n<p>Porada: W Nosy Lava warto nurkowa\u0107 podczas przyp\u0142ywu, gdy jest znacznie wi\u0119cej ryb. R\u00f3\u017cnica mi\u0119dzy przyp\u0142ywem a odp\u0142ywem jest wyra\u017ana.&#8221;<\/p>\n<\/div>\n<\/div>\n<\/div>\n<div class=\"mt-1 flex justify-start gap-3 empty:hidden\">\n<div class=\"text-gray-400 flex self-end lg:self-center justify-center lg:justify-start mt-0 -ml-1 visible\"><\/div>\n<\/div>\n<div class=\"flex\"><\/div>\n<p>[\/vc_column_text][\/vc_column][\/vc_row][vc_row][vc_column][vc_empty_space][\/vc_column][\/vc_row][vc_row][vc_column width=&#8221;1\/3&#8243;][vc_single_image image=&#8221;3976&#8243; img_size=&#8221;full&#8221; style=&#8221;vc_box_border&#8221; onclick=&#8221;link_image&#8221; css_animation=&#8221;flipInY&#8221;][\/vc_column][vc_column width=&#8221;1\/3&#8243;][vc_single_image image=&#8221;4501&#8243; img_size=&#8221;full&#8221; style=&#8221;vc_box_border&#8221; onclick=&#8221;link_image&#8221; css_animation=&#8221;flipInY&#8221;][\/vc_column][vc_column width=&#8221;1\/3&#8243;][vc_single_image image=&#8221;4009&#8243; img_size=&#8221;full&#8221; style=&#8221;vc_box_border&#8221; onclick=&#8221;link_image&#8221; css_animation=&#8221;flipInY&#8221;][\/vc_column][\/vc_row][vc_row][vc_column][vc_empty_space][\/vc_column][\/vc_row][vc_row][vc_column width=&#8221;1\/4&#8243;][vc_single_image image=&#8221;2327&#8243; img_size=&#8221;full&#8221; style=&#8221;vc_box_border&#8221; onclick=&#8221;link_image&#8221; css_animation=&#8221;flipInY&#8221;][\/vc_column][vc_column width=&#8221;1\/4&#8243;][vc_single_image image=&#8221;4502&#8243; img_size=&#8221;full&#8221; style=&#8221;vc_box_border&#8221; onclick=&#8221;link_image&#8221; css_animation=&#8221;flipInY&#8221;][\/vc_column][vc_column width=&#8221;1\/4&#8243;][vc_single_image image=&#8221;4503&#8243; img_size=&#8221;full&#8221; style=&#8221;vc_box_border&#8221; onclick=&#8221;link_image&#8221; css_animation=&#8221;flipInY&#8221;][\/vc_column][vc_column width=&#8221;1\/4&#8243;][vc_single_image image=&#8221;4389&#8243; img_size=&#8221;full&#8221; style=&#8221;vc_box_border&#8221; onclick=&#8221;link_image&#8221; css_animation=&#8221;flipInY&#8221;][\/vc_column][\/vc_row][vc_row][vc_column][vc_empty_space][\/vc_column][\/vc_row][vc_row][vc_column][vc_column_text]Szczep: marzec-kwiecie\u0144-maj-pa\u017adziernik-listopad-grudzie\u0144.<\/p>\n<p>Oferujemy nurkowanie na wyspie Nosy Lava, zdecydowali\u015bmy si\u0119 na to nie w ramach rejsu nurkowego, z kilku powod\u00f3w:<\/p>\n<p>Szybko\u015b\u0107 \u0142odzi, wyjazd z Nosy Be, 1 nurkowanie w drodze i przybycie wieczorem na Nosy Lava (wyjazd o 6:00). Drugiego dnia (a nie czwartego) ju\u017c nurkujesz na miejscach wok\u00f3\u0142 Nosy Lava, to 2 dni zysku! I to samo dotyczy powrotu. Mo\u017cliwo\u015b\u0107 kr\u00f3tkich pobyt\u00f3w nawet je\u015bli jest daleko: 4 dni 3 noce!! To mo\u017cliwe tylko z szybk\u0105 \u0142odzi\u0105, tak\u0105 jak nasza.[\/vc_column_text][vc_empty_space][\/vc_column][\/vc_row][vc_row][vc_column][vc_custom_heading text=&#8221;Camping (Biwak) na Nosy Lava (jedyna dost\u0119pna opcja)&#8221;][\/vc_column][\/vc_row][vc_row][vc_column width=&#8221;2\/3&#8243;][vc_empty_space][vc_column_text]<strong>Rates :<\/strong><\/p>\n<table style=\"height: 59px;\" width=\"613\">\n<tbody>\n<tr>\n<td width=\"121\">Length of stay<\/td>\n<td width=\"121\">4 days 3 nuits<\/td>\n<td width=\"121\">5 days 4 nights<\/td>\n<td width=\"121\">6 days 5 nights<\/td>\n<td width=\"121\">7 days 6 nights<\/td>\n<\/tr>\n<tr>\n<td width=\"121\">Rates<\/td>\n<td width=\"121\">\u00a0\u00a0\u00a0\u00a0 830\u00a0 \u20ac<\/td>\n<td width=\"121\">\u00a0\u00a0\u00a0\u00a0\u00a0\u00a0 980\u00a0 \u20ac<\/td>\n<td width=\"121\">\u00a0\u00a0\u00a0\u00a0\u00a0\u00a0\u00a0 1115\u00a0 \u20ac<\/td>\n<td width=\"121\">\u00a0\u00a0\u00a0\u00a0\u00a0\u00a0 1265 \u20ac<\/td>\n<\/tr>\n<\/tbody>\n<\/table>\n<p>[\/vc_column_text][\/vc_column][vc_column width=&#8221;1\/3&#8243;][vc_single_image image=&#8221;3972&#8243; img_size=&#8221;full&#8221; style=&#8221;vc_box_border&#8221; onclick=&#8221;link_image&#8221; css_animation=&#8221;flipInY&#8221;][\/vc_column][\/vc_row][vc_row][vc_column][vc_empty_space][\/vc_column][\/vc_row][vc_row][vc_column width=&#8221;1\/3&#8243;][vc_single_image image=&#8221;4386&#8243; img_size=&#8221;full&#8221; style=&#8221;vc_box_border&#8221; onclick=&#8221;link_image&#8221; css_animation=&#8221;flipInY&#8221;][\/vc_column][vc_column width=&#8221;1\/3&#8243;][vc_single_image image=&#8221;4017&#8243; img_size=&#8221;full&#8221; style=&#8221;vc_box_border&#8221; onclick=&#8221;link_image&#8221; css_animation=&#8221;flipInY&#8221;][\/vc_column][vc_column width=&#8221;1\/3&#8243;][vc_single_image image=&#8221;4385&#8243; img_size=&#8221;full&#8221; style=&#8221;vc_box_border&#8221; onclick=&#8221;link_image&#8221; css_animation=&#8221;flipInY&#8221;][\/vc_column][\/vc_row][vc_row][vc_column][vc_column_text][\/vc_column_text][\/vc_column][\/vc_row][vc_row][vc_column][vc_column_text][\/vc_column_text][\/vc_column][\/vc_row]<\/p>","protected":false},"excerpt":{"rendered":"<p>[vc_row][vc_column][vc_custom_heading text=&#8221;&#8222;Nurkowanie na wyspie Nosy Lava (Madagaskar), 155 km od Nosy Be.&#8222;&#8221; font_container=&#8221;tag:h2|text_align:center&#8221;][vc_column_text][\/vc_column_text][vc_column_text] Nurkowanie w Nosy Lava to koniec \u015bwiata!! 185 km od Nosy Be, daleko od wszystkiego, ma\u0142o od\u0142awiane, bardzo rzadko nurkowane, zr\u00f3\u017cnicowane miejsca, wspania\u0142e \u015bciany w po\u0142udniowo-zachodniej cz\u0119\u015bci, strome (od -20 do -400 m!), bardzo urozmaicone (kaniony, \u0142uki, jaskinie&#8230;) z pelagicznymi gatunkami. Druga cz\u0119\u015b\u0107, p\u00f3\u0142nocno-zachodnia, to mniej strome \u015bciany, ale bardzo rybne. Jedyn\u0105 wad\u0105 jest to, \u017ce rekiny nigdy nie widzia\u0142y nurk\u00f3w, wi\u0119c pozostaj\u0105 z dala. W sprz\u0119cie zamkni\u0119tym to prawdziwe \u015bwi\u0119to rekiny (szary, buldog, rekiny bia\u0142op\u0142etwe), r\u00f3\u017cnorodna fauna: p\u0142aszczki, or\u0142y, mobuly, manty, tu\u0144czyk, tazar, barrakuda, karangy&#8230; i &hellip; <a href=\"https:\/\/scubanosybe.com\/pl\/sejour-a-nosy-lava\/\">Continued<\/a><\/p>\n","protected":false},"author":4,"featured_media":0,"parent":0,"menu_order":0,"comment_status":"closed","ping_status":"closed","template":"","meta":[],"_links":{"self":[{"href":"https:\/\/scubanosybe.com\/pl\/wp-json\/wp\/v2\/pages\/3826"}],"collection":[{"href":"https:\/\/scubanosybe.com\/pl\/wp-json\/wp\/v2\/pages"}],"about":[{"href":"https:\/\/scubanosybe.com\/pl\/wp-json\/wp\/v2\/types\/page"}],"author":[{"embeddable":true,"href":"https:\/\/scubanosybe.com\/pl\/wp-json\/wp\/v2\/users\/4"}],"replies":[{"embeddable":true,"href":"https:\/\/scubanosybe.com\/pl\/wp-json\/wp\/v2\/comments?post=3826"}],"version-history":[{"count":54,"href":"https:\/\/scubanosybe.com\/pl\/wp-json\/wp\/v2\/pages\/3826\/revisions"}],"predecessor-version":[{"id":5578,"href":"https:\/\/scubanosybe.com\/pl\/wp-json\/wp\/v2\/pages\/3826\/revisions\/5578"}],"wp:attachment":[{"href":"https:\/\/scubanosybe.com\/pl\/wp-json\/wp\/v2\/media?parent=3826"}],"curies":[{"name":"wp","href":"https:\/\/api.w.org\/{rel}","templated":true}]}}