{"id":3829,"date":"2021-12-26T16:26:11","date_gmt":"2021-12-26T13:26:11","guid":{"rendered":"https:\/\/scubanosybe.com\/?page_id=3829"},"modified":"2025-01-04T13:19:36","modified_gmt":"2025-01-04T10:19:36","slug":"sejour-aux-mitsio","status":"publish","type":"page","link":"https:\/\/scubanosybe.com\/pl\/sejour-aux-mitsio\/","title":{"rendered":"Dive in Mitsio"},"content":{"rendered":"<p>[vc_row][vc_column][vc_custom_heading text=&#8221;Nurkowanie na Mitsio (Madagaskar), w urokliwym hotelu lub na dziko w obozie.&#8221; font_container=&#8221;tag:h2|text_align:center&#8221;][\/vc_column][\/vc_row][vc_row][vc_column][vc_column_text]<\/p>\n<div class=\"flex flex-grow flex-col max-w-full\">\n<div class=\"min-h-[20px] text-message flex flex-col items-start gap-3 whitespace-pre-wrap break-words [.text-message+&amp;]:mt-5 overflow-x-auto\" data-message-author-role=\"assistant\" data-message-id=\"fabead43-73d0-45fa-97da-4f3942cd262c\">\n<div class=\"markdown prose w-full break-words dark:prose-invert light\">\n<p>Nurkowanie na Mitsio: Radama i Mitsio to dwie najcz\u0119\u015bciej proponowane destynacje w rejsach nurkowych. Mitsio oferuje zr\u00f3\u017cnicowane nurkowania, takie jak &#8220;Bracia&#8221;: bardzo rybne, kolorowe i bogate w koralowce, czy te\u017c &#8220;Banc du Petit Castor&#8221;, miejsce na otwartym morzu z wi\u0119ksz\u0105 ilo\u015bci\u0105 drapie\u017cnik\u00f3w i pelagicznych gatunk\u00f3w, oraz pi\u0119kne pola gorgonii.<\/p>\n<p>Podsumowuj\u0105c, mog\u0119 powiedzie\u0107, \u017ce Mitsio s\u0105 bardziej kolorowe, bogate w koralowce, ale mniej obfituj\u0105ce w du\u017ce gatunki.<\/p>\n<p>Sezon: Marzec-kwiecie\u0144-maj-pa\u017adziernik-listopad-grudzie\u0144.<\/p>\n<\/div>\n<\/div>\n<\/div>\n<p>[\/vc_column_text][vc_empty_space][\/vc_column][\/vc_row][vc_row][vc_column][vc_empty_space][vc_custom_heading text=&#8221;Pobyt na Mitsio, zakwaterowanie w Mitsio Paradise.&#8221; font_container=&#8221;tag:h2|text_align:center&#8221;][vc_column_text]<\/p>\n<h2 style=\"text-align: center;\"><\/h2>\n<p>[\/vc_column_text][\/vc_column][\/vc_row][vc_row][vc_column][vc_empty_space][\/vc_column][\/vc_row][vc_row][vc_column width=&#8221;1\/4&#8243;][vc_single_image image=&#8221;4228&#8243; img_size=&#8221;full&#8221; onclick=&#8221;link_image&#8221;][\/vc_column][vc_column width=&#8221;1\/4&#8243;][vc_single_image image=&#8221;4230&#8243; img_size=&#8221;full&#8221; onclick=&#8221;link_image&#8221;][\/vc_column][vc_column width=&#8221;1\/4&#8243;][vc_single_image image=&#8221;4229&#8243; img_size=&#8221;full&#8221; onclick=&#8221;link_image&#8221;][\/vc_column][vc_column width=&#8221;1\/4&#8243;][vc_single_image image=&#8221;4227&#8243; img_size=&#8221;full&#8221; onclick=&#8221;link_image&#8221;][\/vc_column][\/vc_row][vc_row][vc_column][vc_empty_space][\/vc_column][\/vc_row][vc_row][vc_column width=&#8221;1\/3&#8243;][vc_single_image image=&#8221;4224&#8243; img_size=&#8221;full&#8221; onclick=&#8221;link_image&#8221;][\/vc_column][vc_column width=&#8221;1\/3&#8243;][vc_single_image image=&#8221;4223&#8243; img_size=&#8221;full&#8221; onclick=&#8221;link_image&#8221;][\/vc_column][vc_column width=&#8221;1\/3&#8243;][vc_single_image image=&#8221;3837&#8243; img_size=&#8221;full&#8221; onclick=&#8221;link_image&#8221;][\/vc_column][\/vc_row][vc_row][vc_column][vc_empty_space][\/vc_column][\/vc_row][vc_row][vc_column width=&#8221;5\/6&#8243;][vc_column_text]<\/p>\n<div class=\"vc_row wpb_row vc_row-fluid\">\n<div class=\"vc_container\">\n<div class=\"wpb_column vc_column_container vc_col-sm-12\">\n<div class=\"vc_column-inner \">\n<div class=\"wpb_wrapper\">\n<div class=\"vc_empty_space\"><\/div>\n<\/div>\n<\/div>\n<\/div>\n<\/div>\n<\/div>\n<div class=\"vc_row wpb_row vc_row-fluid\">\n<div class=\"vc_container\">\n<div class=\"wpb_column vc_column_container vc_col-sm-2\">\n<div class=\"vc_column-inner \">\n<div class=\"wpb_wrapper\"><\/div>\n<\/div>\n<\/div>\n<div class=\"wpb_column vc_column_container vc_col-sm-8\">\n<div class=\"vc_column-inner \">\n<div class=\"wpb_wrapper\">\n<div class=\"wpb_text_column wpb_content_element \">\n<div class=\"wpb_wrapper\">\n<table width=\"0\">\n<tbody>\n<tr>\n<td width=\"120\">Length of stay<\/td>\n<td width=\"117\">3 days 4 nights<\/td>\n<td width=\"116\">4 days 5 nights<\/td>\n<td width=\"116\">5 days 6 nights<\/td>\n<td width=\"117\">6 days 7 nights<\/td>\n<\/tr>\n<tr>\n<td width=\"120\">Rates<\/td>\n<td width=\"117\">865 \u20ac<\/td>\n<td width=\"116\">980 \u20ac<\/td>\n<td width=\"116\">1205 \u20ac<\/td>\n<td width=\"117\">1385 \u20ac<\/td>\n<\/tr>\n<\/tbody>\n<\/table>\n<\/div>\n<\/div>\n<\/div>\n<\/div>\n<\/div>\n<\/div>\n<\/div>\n<p>[\/vc_column_text][\/vc_column][vc_column width=&#8221;1\/6&#8243;][\/vc_column][\/vc_row][vc_row][vc_column width=&#8221;2\/3&#8243;][vc_empty_space][vc_custom_heading text=&#8221;Pobyt na Mitsio, biwakowanie na dziko.&#8221; font_container=&#8221;tag:h2|text_align:center&#8221;][vc_column_text]Biwakowanie na dziko na Mitsio, nurkowanie, posi\u0142ki na \u0142odzi, spacer po wyspie, ognisko na pla\u017cy.[\/vc_column_text][vc_column_text]<\/p>\n<table style=\"height: 67px;\" width=\"611\">\n<tbody>\n<tr>\n<td width=\"112\">\n<p style=\"text-align: center;\">Length of stay<\/p>\n<\/td>\n<td style=\"text-align: center;\" width=\"112\">4 days 3 nights<\/td>\n<td style=\"text-align: center;\" width=\"112\">5 days 4 nights<\/td>\n<td style=\"text-align: center;\" width=\"112\">6 days 5 nights<\/td>\n<td style=\"text-align: center;\" width=\"112\">7 days 6 nights<\/td>\n<\/tr>\n<tr>\n<td style=\"text-align: center;\" width=\"112\">Rates<\/td>\n<td style=\"text-align: center;\" width=\"112\">735\u00a0 \u20ac<\/td>\n<td style=\"text-align: center;\" width=\"112\">895 \u20ac<\/td>\n<td style=\"text-align: center;\" width=\"112\">1055\u00a0 \u20ac<\/td>\n<td width=\"112\">\n<p style=\"text-align: center;\">1210 \u20ac<\/p>\n<\/td>\n<\/tr>\n<\/tbody>\n<\/table>\n<p>[\/vc_column_text][vc_empty_space][\/vc_column][vc_column width=&#8221;1\/3&#8243;][vc_empty_space][vc_empty_space][vc_single_image image=&#8221;3819&#8243; img_size=&#8221;full&#8221; style=&#8221;vc_box_border&#8221; onclick=&#8221;link_image&#8221;][vc_empty_space][\/vc_column][\/vc_row][vc_row][vc_column][vc_empty_space][\/vc_column][\/vc_row][vc_row][vc_column width=&#8221;1\/3&#8243;][vc_single_image image=&#8221;4381&#8243; img_size=&#8221;full&#8221; style=&#8221;vc_box_border&#8221; border_color=&#8221;white&#8221; onclick=&#8221;link_image&#8221; css_animation=&#8221;fadeInLeft&#8221;][\/vc_column][vc_column width=&#8221;1\/3&#8243;][vc_single_image image=&#8221;4487&#8243; img_size=&#8221;full&#8221; style=&#8221;vc_box_border&#8221; border_color=&#8221;white&#8221; onclick=&#8221;link_image&#8221; css_animation=&#8221;fadeInLeft&#8221;][\/vc_column][vc_column width=&#8221;1\/3&#8243;][vc_single_image image=&#8221;4289&#8243; img_size=&#8221;full&#8221; style=&#8221;vc_box_border&#8221; border_color=&#8221;white&#8221; onclick=&#8221;link_image&#8221; css_animation=&#8221;fadeInLeft&#8221;][\/vc_column][\/vc_row][vc_row][vc_column][vc_empty_space][\/vc_column][\/vc_row][vc_row][vc_column width=&#8221;1\/4&#8243;][vc_single_image image=&#8221;4488&#8243; img_size=&#8221;full&#8221; style=&#8221;vc_box_border&#8221; border_color=&#8221;white&#8221; onclick=&#8221;link_image&#8221; css_animation=&#8221;fadeInLeft&#8221;][\/vc_column][vc_column width=&#8221;1\/4&#8243;][vc_single_image image=&#8221;4486&#8243; img_size=&#8221;full&#8221; style=&#8221;vc_box_border&#8221; border_color=&#8221;white&#8221; onclick=&#8221;link_image&#8221; css_animation=&#8221;fadeInLeft&#8221;][\/vc_column][vc_column width=&#8221;1\/4&#8243;][vc_single_image image=&#8221;4485&#8243; img_size=&#8221;full&#8221; style=&#8221;vc_box_border&#8221; border_color=&#8221;white&#8221; onclick=&#8221;link_image&#8221; css_animation=&#8221;fadeInLeft&#8221;][\/vc_column][vc_column width=&#8221;1\/4&#8243;][vc_single_image image=&#8221;4484&#8243; img_size=&#8221;full&#8221; style=&#8221;vc_box_border&#8221; border_color=&#8221;white&#8221; onclick=&#8221;link_image&#8221; css_animation=&#8221;fadeInLeft&#8221;][\/vc_column][\/vc_row][vc_row][vc_column][vc_empty_space][\/vc_column][\/vc_row][vc_row][vc_column width=&#8221;1\/2&#8243;][vc_single_image image=&#8221;4288&#8243; img_size=&#8221;full&#8221; style=&#8221;vc_box_border&#8221; border_color=&#8221;white&#8221; onclick=&#8221;link_image&#8221;][\/vc_column][vc_column width=&#8221;1\/2&#8243;][vc_single_image image=&#8221;4292&#8243; img_size=&#8221;full&#8221; style=&#8221;vc_box_border&#8221; border_color=&#8221;white&#8221; onclick=&#8221;link_image&#8221;][\/vc_column][\/vc_row][vc_row][vc_column][vc_empty_space][\/vc_column][\/vc_row][vc_row][vc_column][vc_empty_space][\/vc_column][\/vc_row][vc_row][vc_column][vc_column_text][\/vc_column_text][\/vc_column][\/vc_row][vc_row][vc_column][vc_custom_heading text=&#8221;Nurkowanie na Mitsio (Madagaskar), w urokliwym hotelu lub na dziko w obozie.&#8221; font_container=&#8221;tag:h2|text_align:center&#8221;][\/vc_column][\/vc_row][vc_row][vc_column][vc_column_text]<\/p>\n<div class=\"flex flex-grow flex-col max-w-full\">\n<div class=\"min-h-[20px] text-message flex flex-col items-start gap-3 whitespace-pre-wrap break-words [.text-message+&amp;]:mt-5 overflow-x-auto\" data-message-author-role=\"assistant\" data-message-id=\"fabead43-73d0-45fa-97da-4f3942cd262c\">\n<div class=\"markdown prose w-full break-words dark:prose-invert light\">\n<p>Nurkowanie na Mitsio: Radama i Mitsio to dwie najcz\u0119\u015bciej proponowane destynacje w rejsach nurkowych. Mitsio oferuje zr\u00f3\u017cnicowane nurkowania, takie jak &#8220;Bracia&#8221;: bardzo rybne, kolorowe i bogate w koralowce, czy te\u017c &#8220;Banc du Petit Castor&#8221;, miejsce na otwartym morzu z wi\u0119ksz\u0105 ilo\u015bci\u0105 drapie\u017cnik\u00f3w i pelagicznych gatunk\u00f3w, oraz pi\u0119kne pola gorgonii.<\/p>\n<p>Podsumowuj\u0105c, mog\u0119 powiedzie\u0107, \u017ce Mitsio s\u0105 bardziej kolorowe, bogate w koralowce, ale mniej obfituj\u0105ce w du\u017ce gatunki.<\/p>\n<p>Sezon: Marzec-kwiecie\u0144-maj-pa\u017adziernik-listopad-grudzie\u0144.<\/p>\n<\/div>\n<\/div>\n<\/div>\n<p>[\/vc_column_text][vc_empty_space][\/vc_column][\/vc_row][vc_row][vc_column][vc_empty_space][vc_custom_heading text=&#8221;Pobyt na Mitsio, zakwaterowanie w Mitsio Paradise.&#8221; font_container=&#8221;tag:h2|text_align:center&#8221;][vc_column_text]<\/p>\n<h2 style=\"text-align: center;\"><\/h2>\n<p>[\/vc_column_text][\/vc_column][\/vc_row][vc_row][vc_column][vc_empty_space][\/vc_column][\/vc_row][vc_row][vc_column width=&#8221;1\/4&#8243;][vc_single_image image=&#8221;4228&#8243; img_size=&#8221;full&#8221; onclick=&#8221;link_image&#8221;][\/vc_column][vc_column width=&#8221;1\/4&#8243;][vc_single_image image=&#8221;4230&#8243; img_size=&#8221;full&#8221; onclick=&#8221;link_image&#8221;][\/vc_column][vc_column width=&#8221;1\/4&#8243;][vc_single_image image=&#8221;4229&#8243; img_size=&#8221;full&#8221; onclick=&#8221;link_image&#8221;][\/vc_column][vc_column width=&#8221;1\/4&#8243;][vc_single_image image=&#8221;4227&#8243; img_size=&#8221;full&#8221; onclick=&#8221;link_image&#8221;][\/vc_column][\/vc_row][vc_row][vc_column][vc_empty_space][\/vc_column][\/vc_row][vc_row][vc_column width=&#8221;1\/3&#8243;][vc_single_image image=&#8221;4224&#8243; img_size=&#8221;full&#8221; onclick=&#8221;link_image&#8221;][\/vc_column][vc_column width=&#8221;1\/3&#8243;][vc_single_image image=&#8221;4223&#8243; img_size=&#8221;full&#8221; onclick=&#8221;link_image&#8221;][\/vc_column][vc_column width=&#8221;1\/3&#8243;][vc_single_image image=&#8221;3837&#8243; img_size=&#8221;full&#8221; onclick=&#8221;link_image&#8221;][\/vc_column][\/vc_row][vc_row][vc_column][vc_empty_space][\/vc_column][\/vc_row][vc_row][vc_column width=&#8221;5\/6&#8243;][vc_column_text]<\/p>\n<div class=\"vc_row wpb_row vc_row-fluid\">\n<div class=\"vc_container\">\n<div class=\"wpb_column vc_column_container vc_col-sm-12\">\n<div class=\"vc_column-inner \">\n<div class=\"wpb_wrapper\">\n<div class=\"vc_empty_space\"><\/div>\n<\/div>\n<\/div>\n<\/div>\n<\/div>\n<\/div>\n<div class=\"vc_row wpb_row vc_row-fluid\">\n<div class=\"vc_container\">\n<div class=\"wpb_column vc_column_container vc_col-sm-2\">\n<div class=\"vc_column-inner \">\n<div class=\"wpb_wrapper\"><\/div>\n<\/div>\n<\/div>\n<div class=\"wpb_column vc_column_container vc_col-sm-8\">\n<div class=\"vc_column-inner \">\n<div class=\"wpb_wrapper\">\n<div class=\"wpb_text_column wpb_content_element \">\n<div class=\"wpb_wrapper\">\n<table width=\"0\">\n<tbody>\n<tr>\n<td width=\"120\">Length of stay<\/td>\n<td width=\"117\">3 days 4 nights<\/td>\n<td width=\"116\">4 days 5 nights<\/td>\n<td width=\"116\">5 days 6 nights<\/td>\n<td width=\"117\">6 days 7 nights<\/td>\n<\/tr>\n<tr>\n<td width=\"120\">Rates<\/td>\n<td width=\"117\">765 \u20ac<\/td>\n<td width=\"116\">880 \u20ac<\/td>\n<td width=\"116\">1095 \u20ac<\/td>\n<td width=\"117\">1260 \u20ac<\/td>\n<\/tr>\n<\/tbody>\n<\/table>\n<\/div>\n<\/div>\n<\/div>\n<\/div>\n<\/div>\n<\/div>\n<\/div>\n<p>[\/vc_column_text][\/vc_column][vc_column width=&#8221;1\/6&#8243;][\/vc_column][\/vc_row][vc_row][vc_column width=&#8221;2\/3&#8243;][vc_empty_space][vc_custom_heading text=&#8221;Pobyt na Mitsio, biwakowanie na dziko.&#8221; font_container=&#8221;tag:h2|text_align:center&#8221;][vc_column_text]Biwakowanie na dziko na Mitsio, nurkowanie, posi\u0142ki na \u0142odzi, spacer po wyspie, ognisko na pla\u017cy.[\/vc_column_text][vc_column_text]<\/p>\n<table style=\"height: 67px;\" width=\"611\">\n<tbody>\n<tr>\n<td width=\"112\">\n<p style=\"text-align: center;\">Length of stay<\/p>\n<\/td>\n<td style=\"text-align: center;\" width=\"112\">4 days 3 nights<\/td>\n<td style=\"text-align: center;\" width=\"112\">5 days 4 nights<\/td>\n<td style=\"text-align: center;\" width=\"112\">6 days 5 nights<\/td>\n<td style=\"text-align: center;\" width=\"112\">7 days 6 nights<\/td>\n<\/tr>\n<tr>\n<td style=\"text-align: center;\" width=\"112\">Rates<\/td>\n<td style=\"text-align: center;\" width=\"112\">560 \u20ac<\/td>\n<td style=\"text-align: center;\" width=\"112\">700 \u20ac<\/td>\n<td style=\"text-align: center;\" width=\"112\">840 \u00a0\u20ac<\/td>\n<td width=\"112\">\n<p style=\"text-align: center;\">980 \u20ac<\/p>\n<\/td>\n<\/tr>\n<\/tbody>\n<\/table>\n<p>[\/vc_column_text][vc_empty_space][\/vc_column][vc_column width=&#8221;1\/3&#8243;][vc_empty_space][vc_empty_space][vc_single_image image=&#8221;3819&#8243; img_size=&#8221;full&#8221; style=&#8221;vc_box_border&#8221; onclick=&#8221;link_image&#8221;][vc_empty_space][\/vc_column][\/vc_row][vc_row][vc_column][vc_empty_space][\/vc_column][\/vc_row][vc_row][vc_column width=&#8221;1\/3&#8243;][vc_single_image image=&#8221;4381&#8243; img_size=&#8221;full&#8221; style=&#8221;vc_box_border&#8221; border_color=&#8221;white&#8221; onclick=&#8221;link_image&#8221; css_animation=&#8221;fadeInLeft&#8221;][\/vc_column][vc_column width=&#8221;1\/3&#8243;][vc_single_image image=&#8221;4487&#8243; img_size=&#8221;full&#8221; style=&#8221;vc_box_border&#8221; border_color=&#8221;white&#8221; onclick=&#8221;link_image&#8221; css_animation=&#8221;fadeInLeft&#8221;][\/vc_column][vc_column width=&#8221;1\/3&#8243;][vc_single_image image=&#8221;4289&#8243; img_size=&#8221;full&#8221; style=&#8221;vc_box_border&#8221; border_color=&#8221;white&#8221; onclick=&#8221;link_image&#8221; css_animation=&#8221;fadeInLeft&#8221;][\/vc_column][\/vc_row][vc_row][vc_column][vc_empty_space][\/vc_column][\/vc_row][vc_row][vc_column width=&#8221;1\/4&#8243;][vc_single_image image=&#8221;4488&#8243; img_size=&#8221;full&#8221; style=&#8221;vc_box_border&#8221; border_color=&#8221;white&#8221; onclick=&#8221;link_image&#8221; css_animation=&#8221;fadeInLeft&#8221;][\/vc_column][vc_column width=&#8221;1\/4&#8243;][vc_single_image image=&#8221;4486&#8243; img_size=&#8221;full&#8221; style=&#8221;vc_box_border&#8221; border_color=&#8221;white&#8221; onclick=&#8221;link_image&#8221; css_animation=&#8221;fadeInLeft&#8221;][\/vc_column][vc_column width=&#8221;1\/4&#8243;][vc_single_image image=&#8221;4485&#8243; img_size=&#8221;full&#8221; style=&#8221;vc_box_border&#8221; border_color=&#8221;white&#8221; onclick=&#8221;link_image&#8221; css_animation=&#8221;fadeInLeft&#8221;][\/vc_column][vc_column width=&#8221;1\/4&#8243;][vc_single_image image=&#8221;4484&#8243; img_size=&#8221;full&#8221; style=&#8221;vc_box_border&#8221; border_color=&#8221;white&#8221; onclick=&#8221;link_image&#8221; css_animation=&#8221;fadeInLeft&#8221;][\/vc_column][\/vc_row][vc_row][vc_column][vc_empty_space][\/vc_column][\/vc_row][vc_row][vc_column width=&#8221;1\/2&#8243;][vc_single_image image=&#8221;4288&#8243; img_size=&#8221;full&#8221; style=&#8221;vc_box_border&#8221; border_color=&#8221;white&#8221; onclick=&#8221;link_image&#8221;][\/vc_column][vc_column width=&#8221;1\/2&#8243;][vc_single_image image=&#8221;4292&#8243; img_size=&#8221;full&#8221; style=&#8221;vc_box_border&#8221; border_color=&#8221;white&#8221; onclick=&#8221;link_image&#8221;][\/vc_column][\/vc_row][vc_row][vc_column][vc_empty_space][\/vc_column][\/vc_row][vc_row][vc_column][vc_empty_space][\/vc_column][\/vc_row][vc_row][vc_column][vc_column_text][\/vc_column_text][\/vc_column][\/vc_row]<\/p>","protected":false},"excerpt":{"rendered":"<p>[vc_row][vc_column][vc_custom_heading text=&#8221;Nurkowanie na Mitsio (Madagaskar), w urokliwym hotelu lub na dziko w obozie.&#8221; font_container=&#8221;tag:h2|text_align:center&#8221;][\/vc_column][\/vc_row][vc_row][vc_column][vc_column_text] Nurkowanie na Mitsio: Radama i Mitsio to dwie najcz\u0119\u015bciej proponowane destynacje w rejsach nurkowych. Mitsio oferuje zr\u00f3\u017cnicowane nurkowania, takie jak &#8220;Bracia&#8221;: bardzo rybne, kolorowe i bogate w koralowce, czy te\u017c &#8220;Banc du Petit Castor&#8221;, miejsce na otwartym morzu z wi\u0119ksz\u0105 ilo\u015bci\u0105 drapie\u017cnik\u00f3w i pelagicznych gatunk\u00f3w, oraz pi\u0119kne pola gorgonii. Podsumowuj\u0105c, mog\u0119 powiedzie\u0107, \u017ce Mitsio s\u0105 bardziej kolorowe, bogate w koralowce, ale mniej obfituj\u0105ce w du\u017ce gatunki. Sezon: Marzec-kwiecie\u0144-maj-pa\u017adziernik-listopad-grudzie\u0144. [\/vc_column_text][vc_empty_space][\/vc_column][\/vc_row][vc_row][vc_column][vc_empty_space][vc_custom_heading text=&#8221;Pobyt na Mitsio, zakwaterowanie w Mitsio Paradise.&#8221; font_container=&#8221;tag:h2|text_align:center&#8221;][vc_column_text] [\/vc_column_text][\/vc_column][\/vc_row][vc_row][vc_column][vc_empty_space][\/vc_column][\/vc_row][vc_row][vc_column width=&#8221;1\/4&#8243;][vc_single_image image=&#8221;4228&#8243; img_size=&#8221;full&#8221; onclick=&#8221;link_image&#8221;][\/vc_column][vc_column width=&#8221;1\/4&#8243;][vc_single_image image=&#8221;4230&#8243; img_size=&#8221;full&#8221; onclick=&#8221;link_image&#8221;][\/vc_column][vc_column &hellip; <a href=\"https:\/\/scubanosybe.com\/pl\/sejour-aux-mitsio\/\">Continued<\/a><\/p>\n","protected":false},"author":4,"featured_media":0,"parent":0,"menu_order":0,"comment_status":"closed","ping_status":"closed","template":"","meta":[],"_links":{"self":[{"href":"https:\/\/scubanosybe.com\/pl\/wp-json\/wp\/v2\/pages\/3829"}],"collection":[{"href":"https:\/\/scubanosybe.com\/pl\/wp-json\/wp\/v2\/pages"}],"about":[{"href":"https:\/\/scubanosybe.com\/pl\/wp-json\/wp\/v2\/types\/page"}],"author":[{"embeddable":true,"href":"https:\/\/scubanosybe.com\/pl\/wp-json\/wp\/v2\/users\/4"}],"replies":[{"embeddable":true,"href":"https:\/\/scubanosybe.com\/pl\/wp-json\/wp\/v2\/comments?post=3829"}],"version-history":[{"count":116,"href":"https:\/\/scubanosybe.com\/pl\/wp-json\/wp\/v2\/pages\/3829\/revisions"}],"predecessor-version":[{"id":5586,"href":"https:\/\/scubanosybe.com\/pl\/wp-json\/wp\/v2\/pages\/3829\/revisions\/5586"}],"wp:attachment":[{"href":"https:\/\/scubanosybe.com\/pl\/wp-json\/wp\/v2\/media?parent=3829"}],"curies":[{"name":"wp","href":"https:\/\/api.w.org\/{rel}","templated":true}]}}