{"id":3849,"date":"2021-12-26T16:46:54","date_gmt":"2021-12-26T13:46:54","guid":{"rendered":"https:\/\/scubanosybe.com\/?page_id=3849"},"modified":"2025-01-01T21:04:29","modified_gmt":"2025-01-01T18:04:29","slug":"bivouac-iranja-radama-saba-lava","status":"publish","type":"page","link":"https:\/\/scubanosybe.com\/pl\/bivouac-iranja-radama-saba-lava\/","title":{"rendered":"Bivouac : Iranja &#8211; Radama &#8211; Saba &#8211; Lava"},"content":{"rendered":"<p>[vc_row][vc_column][vc_custom_heading text=&#8221;Nurkowanie wok\u00f3\u0142 Nosy Iranja, Radama, Nosy Saba i Nosy Lava w trakcie tego samego pobytu, w obozie pod namiotem i\/lub w tradycyjnej chatce.&#8221; font_container=&#8221;tag:h2|text_align:center&#8221;][\/vc_column][\/vc_row][vc_row][vc_column][vc_empty_space][\/vc_column][\/vc_row][vc_row][vc_column][vc_column_text]<\/p>\n<div class=\"flex flex-grow flex-col max-w-full\">\n<div class=\"min-h-[20px] text-message flex flex-col items-start gap-3 whitespace-pre-wrap break-words [.text-message+&amp;]:mt-5 overflow-x-auto\" data-message-author-role=\"assistant\" data-message-id=\"ef3d630b-3ffd-4839-922c-67bb25e8b20b\">\n<div class=\"markdown prose w-full break-words dark:prose-invert light\">\n<p>Biwak jest bardzo elastyczny; mo\u017cna spa\u0107 w namiocie codziennie lub naprzemiennie mi\u0119dzy namiotem a tradycyjn\u0105 chat\u0105. Na przyk\u0142ad, pierwsza noc w Radama (tradycyjna chata), druga i trzecia noc w Nosy Lava (dziki camping), a ostatnia noc w Radama (tradycyjna chata). Dla d\u0142u\u017cszych pobyt\u00f3w istnieje wiele mo\u017cliwo\u015bci (Nosy Iranja, Zatoka Rosjan, Rzeka Baramai, itp.).<\/p>\n<p>Informacje praktyczne: Bardzo przyjemne i zr\u00f3\u017cnicowane, ale przeznaczone dla \u015bwiadomej publiczno\u015bci; komfort nocny to komfort namiotu. W pewnym okresie mo\u017ce by\u0107 ciep\u0142o pod namiotem! Brak klimatyzacji, brak wentylatora.<\/p>\n<p>Sezon: Marzec-kwiecie\u0144-maj-pa\u017adziernik-listopad-grudzie\u0144; do\u015b\u0107 wietrzny w czerwcu, lipcu, sierpniu i wrze\u015bniu.<\/p>\n<\/div>\n<\/div>\n<\/div>\n<p>[\/vc_column_text][vc_empty_space][\/vc_column][\/vc_row][vc_row][vc_column width=&#8221;1\/6&#8243;][\/vc_column][vc_column width=&#8221;2\/3&#8243;][vc_column_text]<\/p>\n<table style=\"height: 87px;\" width=\"501\">\n<tbody>\n<tr>\n<td style=\"text-align: center;\" width=\"121\">Duration of stay<\/td>\n<td style=\"text-align: center;\" width=\"121\">5 days \/4 nights<\/td>\n<td style=\"text-align: center;\" width=\"121\">6 days \/5 nights<\/td>\n<td style=\"text-align: center;\" width=\"121\">7 days \/6 nights<\/td>\n<\/tr>\n<tr>\n<td style=\"text-align: center;\" width=\"121\">Tarif<\/td>\n<td style=\"text-align: center;\" width=\"121\">965 \u20ac<\/td>\n<td style=\"text-align: center;\" width=\"121\">1130 \u20ac<\/td>\n<td style=\"text-align: center;\" width=\"121\">1325 \u20ac<\/td>\n<\/tr>\n<\/tbody>\n<\/table>\n<p>[\/vc_column_text][\/vc_column][vc_column width=&#8221;1\/6&#8243;][\/vc_column][\/vc_row][vc_row][vc_column][vc_empty_space][\/vc_column][\/vc_row][vc_row][vc_column width=&#8221;1\/4&#8243;][vc_single_image image=&#8221;4473&#8243; img_size=&#8221;full&#8221; style=&#8221;vc_box_border&#8221; onclick=&#8221;link_image&#8221;][\/vc_column][vc_column width=&#8221;1\/4&#8243;][vc_single_image image=&#8221;4018&#8243; img_size=&#8221;full&#8221; style=&#8221;vc_box_border&#8221; onclick=&#8221;link_image&#8221;][\/vc_column][vc_column width=&#8221;1\/4&#8243;][vc_single_image image=&#8221;4023&#8243; img_size=&#8221;full&#8221; style=&#8221;vc_box_border&#8221; onclick=&#8221;link_image&#8221;][\/vc_column][vc_column width=&#8221;1\/4&#8243;][vc_single_image image=&#8221;4021&#8243; img_size=&#8221;full&#8221; style=&#8221;vc_box_border&#8221; onclick=&#8221;link_image&#8221;][\/vc_column][\/vc_row][vc_row][vc_column][vc_empty_space][\/vc_column][\/vc_row][vc_row][vc_column width=&#8221;1\/3&#8243;][vc_single_image image=&#8221;4193&#8243; img_size=&#8221;full&#8221; style=&#8221;vc_box_border&#8221; onclick=&#8221;link_image&#8221;][\/vc_column][vc_column width=&#8221;1\/3&#8243;][vc_single_image image=&#8221;4192&#8243; img_size=&#8221;full&#8221; style=&#8221;vc_box_border&#8221; onclick=&#8221;link_image&#8221;][\/vc_column][vc_column width=&#8221;1\/3&#8243;][vc_single_image image=&#8221;4293&#8243; img_size=&#8221;full&#8221; style=&#8221;vc_box_border&#8221; onclick=&#8221;link_image&#8221;][\/vc_column][\/vc_row][vc_row][vc_column][vc_empty_space][\/vc_column][\/vc_row][vc_row][vc_column width=&#8221;1\/4&#8243;][vc_single_image image=&#8221;4296&#8243; img_size=&#8221;full&#8221; style=&#8221;vc_box_border&#8221; onclick=&#8221;link_image&#8221;][\/vc_column][vc_column width=&#8221;1\/4&#8243;][vc_single_image image=&#8221;3819&#8243; img_size=&#8221;full&#8221; style=&#8221;vc_box_border&#8221; onclick=&#8221;link_image&#8221;][\/vc_column][vc_column width=&#8221;1\/4&#8243;][vc_single_image image=&#8221;4474&#8243; img_size=&#8221;full&#8221; style=&#8221;vc_box_border&#8221; onclick=&#8221;link_image&#8221;][\/vc_column][vc_column width=&#8221;1\/4&#8243;][vc_single_image image=&#8221;3842&#8243; img_size=&#8221;full&#8221; style=&#8221;vc_box_border&#8221; onclick=&#8221;link_image&#8221;][\/vc_column][\/vc_row][vc_row][vc_column][vc_empty_space][\/vc_column][\/vc_row][vc_row][vc_column width=&#8221;1\/4&#8243;][vc_single_image image=&#8221;4477&#8243; img_size=&#8221;full&#8221; style=&#8221;vc_box_border&#8221; onclick=&#8221;link_image&#8221; css_animation=&#8221;fadeInRightBig&#8221;][\/vc_column][vc_column width=&#8221;1\/4&#8243;][vc_single_image image=&#8221;4476&#8243; img_size=&#8221;full&#8221; style=&#8221;vc_box_border&#8221; onclick=&#8221;link_image&#8221; css_animation=&#8221;bounceInRight&#8221;][\/vc_column][vc_column width=&#8221;1\/4&#8243;][vc_single_image image=&#8221;4475&#8243; img_size=&#8221;full&#8221; style=&#8221;vc_box_border&#8221; onclick=&#8221;link_image&#8221; css_animation=&#8221;slideInRight&#8221;][\/vc_column][vc_column width=&#8221;1\/4&#8243;][vc_single_image image=&#8221;4478&#8243; img_size=&#8221;full&#8221; style=&#8221;vc_box_border&#8221; onclick=&#8221;link_image&#8221; css_animation=&#8221;zoomInRight&#8221;][\/vc_column][\/vc_row][vc_row][vc_column][vc_empty_space][\/vc_column][\/vc_row]<\/p>","protected":false},"excerpt":{"rendered":"<p>[vc_row][vc_column][vc_custom_heading text=&#8221;Nurkowanie wok\u00f3\u0142 Nosy Iranja, Radama, Nosy Saba i Nosy Lava w trakcie tego samego pobytu, w obozie pod namiotem i\/lub w tradycyjnej chatce.&#8221; font_container=&#8221;tag:h2|text_align:center&#8221;][\/vc_column][\/vc_row][vc_row][vc_column][vc_empty_space][\/vc_column][\/vc_row][vc_row][vc_column][vc_column_text] Biwak jest bardzo elastyczny; mo\u017cna spa\u0107 w namiocie codziennie lub naprzemiennie mi\u0119dzy namiotem a tradycyjn\u0105 chat\u0105. Na przyk\u0142ad, pierwsza noc w Radama (tradycyjna chata), druga i trzecia noc w Nosy Lava (dziki camping), a ostatnia noc w Radama (tradycyjna chata). Dla d\u0142u\u017cszych pobyt\u00f3w istnieje wiele mo\u017cliwo\u015bci (Nosy Iranja, Zatoka Rosjan, Rzeka Baramai, itp.). Informacje praktyczne: Bardzo przyjemne i zr\u00f3\u017cnicowane, ale przeznaczone dla \u015bwiadomej publiczno\u015bci; komfort nocny to komfort namiotu. W pewnym okresie mo\u017ce by\u0107 ciep\u0142o &hellip; <a href=\"https:\/\/scubanosybe.com\/pl\/bivouac-iranja-radama-saba-lava\/\">Continued<\/a><\/p>\n","protected":false},"author":4,"featured_media":0,"parent":0,"menu_order":0,"comment_status":"closed","ping_status":"closed","template":"","meta":[],"_links":{"self":[{"href":"https:\/\/scubanosybe.com\/pl\/wp-json\/wp\/v2\/pages\/3849"}],"collection":[{"href":"https:\/\/scubanosybe.com\/pl\/wp-json\/wp\/v2\/pages"}],"about":[{"href":"https:\/\/scubanosybe.com\/pl\/wp-json\/wp\/v2\/types\/page"}],"author":[{"embeddable":true,"href":"https:\/\/scubanosybe.com\/pl\/wp-json\/wp\/v2\/users\/4"}],"replies":[{"embeddable":true,"href":"https:\/\/scubanosybe.com\/pl\/wp-json\/wp\/v2\/comments?post=3849"}],"version-history":[{"count":54,"href":"https:\/\/scubanosybe.com\/pl\/wp-json\/wp\/v2\/pages\/3849\/revisions"}],"predecessor-version":[{"id":5560,"href":"https:\/\/scubanosybe.com\/pl\/wp-json\/wp\/v2\/pages\/3849\/revisions\/5560"}],"wp:attachment":[{"href":"https:\/\/scubanosybe.com\/pl\/wp-json\/wp\/v2\/media?parent=3849"}],"curies":[{"name":"wp","href":"https:\/\/api.w.org\/{rel}","templated":true}]}}